{"id":7660,"date":"2024-02-07T23:52:02","date_gmt":"2024-02-07T23:52:02","guid":{"rendered":"https:\/\/suzisantiagoctw.com\/?post_type=product&#038;p=7660"},"modified":"2024-02-08T21:11:18","modified_gmt":"2024-02-08T21:11:18","slug":"carpa-1-4-premium","status":"publish","type":"product","link":"https:\/\/suzisantiagoctw.com\/en\/product\/carpa-1-4-premium\/","title":{"rendered":"Carpa 1.4 Premium"},"content":{"rendered":"","protected":false},"excerpt":{"rendered":"<p>Carpa de techo con capacidad para 2 personas. Para ser instalada en jeeps, camionetas, campers, 4\u00d74 y en todo tipo de veh\u00edculo que cuente con barras porta equipaje, armado en s\u00f3lo 3 minutos, resistente a la lluvia y al viento.<\/p>\n<ul>\n<li>Dimensiones 1,4 x 2,4mt (cama), 1,4 x 3,2mt(carpa total), altura 1,3mt.<\/li>\n<li>Composite base material, lighter, resistant to moisture.<\/li>\n<li>Doble SkyView ( Techo Panoramico con apertura interior )<\/li>\n<li>Aluminum terminals.<\/li>\n<li>RipstopCanvas fabric (50% cotton, 50% polyester) 320Gr\/m2.<\/li>\n<li>Integrated mattress 6 cm high density foam.<\/li>\n<li>3D Anti-condensation Mattress<\/li>\n<li>High quality YKK zippers.<\/li>\n<li>Thermo-sealed seams.<\/li>\n<li>Telescopic scale with 6 regulations.<\/li>\n<li>Led light<\/li>\n<li>Aluminum structure 25mm.<\/li>\n<li>Ultra resistant travel case.<\/li>\n<li>Includes installation kit brackets, hardware and tools.<\/li>\n<\/ul>","protected":false},"featured_media":7663,"template":"","meta":{"_joinchat":[]},"product_brand":[],"product_cat":[44,20,47,48],"product_tag":[51,52],"class_list":{"0":"post-7660","1":"product","2":"type-product","3":"status-publish","4":"has-post-thumbnail","6":"product_cat-carpas","7":"product_cat-destacados","8":"product_cat-equipo-de-camping","9":"product_cat-todos","10":"product_tag-camping","11":"product_tag-todos","13":"first","14":"instock","15":"taxable","16":"shipping-taxable","17":"purchasable","18":"product-type-simple"},"_links":{"self":[{"href":"https:\/\/suzisantiagoctw.com\/en\/wp-json\/wp\/v2\/product\/7660","targetHints":{"allow":["GET"]}}],"collection":[{"href":"https:\/\/suzisantiagoctw.com\/en\/wp-json\/wp\/v2\/product"}],"about":[{"href":"https:\/\/suzisantiagoctw.com\/en\/wp-json\/wp\/v2\/types\/product"}],"wp:featuredmedia":[{"embeddable":true,"href":"https:\/\/suzisantiagoctw.com\/en\/wp-json\/wp\/v2\/media\/7663"}],"wp:attachment":[{"href":"https:\/\/suzisantiagoctw.com\/en\/wp-json\/wp\/v2\/media?parent=7660"}],"wp:term":[{"taxonomy":"product_brand","embeddable":true,"href":"https:\/\/suzisantiagoctw.com\/en\/wp-json\/wp\/v2\/product_brand?post=7660"},{"taxonomy":"product_cat","embeddable":true,"href":"https:\/\/suzisantiagoctw.com\/en\/wp-json\/wp\/v2\/product_cat?post=7660"},{"taxonomy":"product_tag","embeddable":true,"href":"https:\/\/suzisantiagoctw.com\/en\/wp-json\/wp\/v2\/product_tag?post=7660"}],"curies":[{"name":"wp","href":"https:\/\/api.w.org\/{rel}","templated":true}]}}