{"id":11980,"date":"2024-08-31T05:51:26","date_gmt":"2024-08-31T05:51:26","guid":{"rendered":"https:\/\/suzisantiagoctw.com\/?post_type=product&#038;p=11980"},"modified":"2024-08-31T06:00:02","modified_gmt":"2024-08-31T06:00:02","slug":"estufa-a-lena-para-camping-woodsteel","status":"publish","type":"product","link":"https:\/\/suzisantiagoctw.com\/en\/product\/estufa-a-lena-para-camping-woodsteel\/","title":{"rendered":"Estufa a le\u00f1a para camping Woodsteel"},"content":{"rendered":"","protected":false},"excerpt":{"rendered":"<p><strong>DESCRIPCI\u00d3N:<\/strong><\/p>\n<p>La Woodsteel es la estufa de camping que estabas buscando. Fabricada en acero inoxidable 304, esta estufa es duradera y resistente. Su dise\u00f1o vers\u00e1til y f\u00e1cil de usar te permitir\u00e1 disfrutar de un calor agradable y constante. Adem\u00e1s, su sistema de ventilaci\u00f3n y los accesorios incluidos garantizan una experiencia de camping segura y c\u00f3moda.<\/p>\n<p><strong>ESPECIFICACIONES:<\/strong><\/p>\n<p>*Material: Stainless Steel 304<br \/>\n*Di\u00e1metro de ca\u00f1\u00f3n: 60 mm<br \/>\n*Altura del ca\u00f1\u00f3n: 2,16 metros<br \/>\n*Medida del cuerpo: 2010 x 380 x 210<br \/>\n*Peso: 11,5 kg<\/p>\n<p><strong>INCLUDES:<\/strong><\/p>\n<p>*Estufa.<br \/>\n*Ca\u00f1\u00f3n de estufa.<br \/>\n*Adaptador de techo para salida del ca\u00f1\u00f3n (Exit).<br \/>\n*Alfombra resistente al calor para proteger el piso\u00a0de\u00a0la\u00a0carpa.<\/p>","protected":false},"featured_media":11981,"template":"","meta":{"_joinchat":[]},"product_brand":[],"product_cat":[20,47,48],"product_tag":[51,50,52],"class_list":{"0":"post-11980","1":"product","2":"type-product","3":"status-publish","4":"has-post-thumbnail","6":"product_cat-destacados","7":"product_cat-equipo-de-camping","8":"product_cat-todos","9":"product_tag-camping","10":"product_tag-nevera","11":"product_tag-todos","13":"first","14":"instock","15":"featured","16":"purchasable","17":"product-type-simple"},"_links":{"self":[{"href":"https:\/\/suzisantiagoctw.com\/en\/wp-json\/wp\/v2\/product\/11980","targetHints":{"allow":["GET"]}}],"collection":[{"href":"https:\/\/suzisantiagoctw.com\/en\/wp-json\/wp\/v2\/product"}],"about":[{"href":"https:\/\/suzisantiagoctw.com\/en\/wp-json\/wp\/v2\/types\/product"}],"wp:featuredmedia":[{"embeddable":true,"href":"https:\/\/suzisantiagoctw.com\/en\/wp-json\/wp\/v2\/media\/11981"}],"wp:attachment":[{"href":"https:\/\/suzisantiagoctw.com\/en\/wp-json\/wp\/v2\/media?parent=11980"}],"wp:term":[{"taxonomy":"product_brand","embeddable":true,"href":"https:\/\/suzisantiagoctw.com\/en\/wp-json\/wp\/v2\/product_brand?post=11980"},{"taxonomy":"product_cat","embeddable":true,"href":"https:\/\/suzisantiagoctw.com\/en\/wp-json\/wp\/v2\/product_cat?post=11980"},{"taxonomy":"product_tag","embeddable":true,"href":"https:\/\/suzisantiagoctw.com\/en\/wp-json\/wp\/v2\/product_tag?post=11980"}],"curies":[{"name":"wp","href":"https:\/\/api.w.org\/{rel}","templated":true}]}}