{"id":19711,"date":"2026-04-29T20:40:14","date_gmt":"2026-04-29T20:40:14","guid":{"rendered":"https:\/\/suzisantiagoctw.com\/?page_id=19711"},"modified":"2026-04-29T23:02:13","modified_gmt":"2026-04-29T23:02:13","slug":"hyundai-new-h1-gl-tci-2-5-camper-van","status":"publish","type":"page","link":"https:\/\/suzisantiagoctw.com\/en\/hyundai-new-h1-gl-tci-2-5-camper-van\/","title":{"rendered":"HYUNDAI NEW H1 GL TCI 2.5 CAMPER VAN"},"content":{"rendered":"<div data-elementor-type=\"wp-page\" data-elementor-id=\"19711\" class=\"elementor elementor-19711\" data-elementor-post-type=\"page\">\n\t\t\t\t\t\t<section class=\"elementor-section elementor-top-section elementor-element elementor-element-ad38e23 elementor-section-boxed elementor-section-height-default elementor-section-height-default\" data-id=\"ad38e23\" data-element_type=\"section\" data-e-type=\"section\">\n\t\t\t\t\t\t<div class=\"elementor-container elementor-column-gap-default\">\n\t\t\t\t\t<div class=\"elementor-column elementor-col-50 elementor-top-column elementor-element elementor-element-9f4a210\" data-id=\"9f4a210\" data-element_type=\"column\" data-e-type=\"column\">\n\t\t\t<div class=\"elementor-widget-wrap elementor-element-populated\">\n\t\t\t\t\t\t<div class=\"elementor-element elementor-element-28bf900 elementor-widget elementor-widget-heading\" data-id=\"28bf900\" data-element_type=\"widget\" data-e-type=\"widget\" data-widget_type=\"heading.default\">\n\t\t\t\t<div class=\"elementor-widget-container\">\n\t\t\t\t\t<h2 class=\"elementor-heading-title elementor-size-default\">HYUNDAI NEW H1 GL TCI 2.5 CAMPER VAN<\/h2>\t\t\t\t<\/div>\n\t\t\t\t<\/div>\n\t\t\t\t<div class=\"elementor-element elementor-element-27a6502 elementor-widget elementor-widget-text-editor\" data-id=\"27a6502\" data-element_type=\"widget\" data-e-type=\"widget\" data-widget_type=\"text-editor.default\">\n\t\t\t\t<div class=\"elementor-widget-container\">\n\t\t\t\t\t\t\t\t\t<p><strong>Specifications<\/strong><\/p><ul><li>Reliable and strong 2.5L Diesel engine<\/li><li>Fuel consumption: approx. 8 - 10 L\/100km (depending on the road, wind and altitude)<\/li><li>Manual gearbox, 5 speed<\/li><li>Well maintained<\/li><li>3 front seats with seatbelt<\/li><li>2WD (rear wheel drive)<\/li><li>Medium clearance for the bumpy or washboard roads<\/li><\/ul><p>\u00a0<\/p><p><strong>Maintenance:<\/strong><\/p><ul><li>4x new tires (September 2025)<\/li><li>mandatory technical revision (November 2025)<\/li><li>engraving of the plate number on all windows according to the Chilean law (November 2025)<\/li><li>new air filter (January 2026)<\/li><li>new fuel filter (January 2026)<\/li><li>new V-belts (February 2026)<\/li><li>new engine ventilation filter (February 2026)<\/li><li>new front lights (April 2026)<\/li><li>complete oil change at 56\u2019600km (April 2026)<\/li><li>new front disks at 56\u2019600km (April 2026)<\/li><\/ul><p>\u00a0<\/p><p><strong>Electrical:<\/strong><\/p><ul><li>USB-A ports (x3)<\/li><li>USB-C ports (x5) including power delivery (PD)<\/li><li>cigarette lighter (x6)<\/li><li>two normal sockets (type l) to charge your razor, laptop i.e.<\/li><li>power Inverter 220V<\/li><li>200 W solar panel on the roof<\/li><li>100 Ah auxiliary battery, charged by solar panel<\/li><li>LED light, fairy lights for a cosy atmosphere<\/li><\/ul><p>\u00a0<\/p><p><strong>Fittings:<\/strong><\/p><ul><li>beautiful wooden interior with artsy paintings<\/li><li>kitchen counter with plenty of storage beneath<\/li><li>hinged kitchen cover to create a spacious dining area<\/li><li>easy and fast change from day mode (couch) to night mode (bed). From the bed you can excess the kitchen stove to brew a coffee or have breakfast\/dinner.<\/li><li>comfortable bed (190 x 125 cm) with linen, easily convertible to a couch<\/li><li>2 IKEA duvets (purchased September 2025) for the cold nights, bed sheet, 4 pillows, covers<\/li><li>Plenty of storage compartments under the bed and in the cupboard. Ideal for camping equipment, shoes and clothes.<\/li><li>70L water reservoir with electric pump for the outdoor shower. Hoose outside to fill the water tank easily<\/li><li>gas stove for cold nights in the Andes<\/li><li>curtains on all windows for privacy and dark nights<\/li><li>folding parasol for the windshield<\/li><\/ul><p>\u00a0<\/p><p><strong>Kitchen<\/strong><\/p><ul><li>18L Alpicool fridge<\/li><li>5kg refill gas bottle (Chilean)<\/li><li>Kitchen and stove in the van (very useful if there is rain or wind, so you don\u2019t have to cook outside)<\/li><li>Full kitchen: Pans, pots, cutlery, plates, bowls, cups, utensils and much more.<\/li><li>1 Italian Bialetti for Coffee lovers<\/li><li>2 camping chairs and 1 robust table<\/li><li>kitchen cloth<\/li><li>wash sink<\/li><\/ul><p>\u00a0<\/p><p><strong>Safety:<\/strong><\/p><ul><li>2 sets of keys, including central locking<\/li><li>2 jacks<\/li><li>fire extinguisher<\/li><li>warning\/emergency vest<\/li><li>new spare wheel<\/li><li>anti-theft locks for the wheels and anti-theft bar for steering wheel<\/li><li>jumper cables<\/li><li>tow rope<\/li><li>12V air compressor to air the wheels<\/li><li>many spare parts (cables, screws, screwdrivers, cordless drill, pliers)<\/li><li>wagon cross and lever<\/li><li>2x20L canister\/jerry cans for additional Diesel<\/li><li>New engine coolant replacement<\/li><\/ul><p>\u00a0<\/p><p><strong>Nice-to-Have:<\/strong><\/p><ul><li>Board and card games, Frisbie<\/li><li>2 Ventilators<\/li><li>Cell phone holder to navigate easily<\/li><\/ul><p>\u00a0<\/p><p><strong>Features:<\/strong><\/p><table><tbody><tr><th><span style=\"font-weight: 400;\">Price<\/span><\/th><td>$12.900.000<\/td><\/tr><tr><th><span style=\"font-weight: 400;\">Year<\/span><\/th><td>2011<\/td><\/tr><tr><th><span style=\"font-weight: 400;\">Kilometres<\/span><\/th><td>156.000<\/td><\/tr><tr><th><span style=\"font-weight: 400;\">Gas<\/span><\/th><td>Diesel<\/td><\/tr><tr><th><span style=\"font-weight: 400;\">Transmission (Gear)<\/span><\/th><td>Manual<\/td><\/tr><\/tbody><\/table>\t\t\t\t\t\t\t\t<\/div>\n\t\t\t\t<\/div>\n\t\t\t\t\t<\/div>\n\t\t<\/div>\n\t\t\t\t<div class=\"elementor-column elementor-col-50 elementor-top-column elementor-element elementor-element-cb2d19f\" data-id=\"cb2d19f\" data-element_type=\"column\" data-e-type=\"column\">\n\t\t\t<div class=\"elementor-widget-wrap elementor-element-populated\">\n\t\t\t\t\t\t<div class=\"elementor-element elementor-element-ba46083 elementor-arrows-position-inside elementor-pagination-position-outside elementor-widget elementor-widget-image-carousel\" data-id=\"ba46083\" data-element_type=\"widget\" data-e-type=\"widget\" data-settings=\"{&quot;slides_to_show&quot;:&quot;1&quot;,&quot;navigation&quot;:&quot;both&quot;,&quot;autoplay&quot;:&quot;yes&quot;,&quot;pause_on_hover&quot;:&quot;yes&quot;,&quot;pause_on_interaction&quot;:&quot;yes&quot;,&quot;autoplay_speed&quot;:5000,&quot;infinite&quot;:&quot;yes&quot;,&quot;effect&quot;:&quot;slide&quot;,&quot;speed&quot;:500}\" data-widget_type=\"image-carousel.default\">\n\t\t\t\t<div class=\"elementor-widget-container\">\n\t\t\t\t\t\t\t<div class=\"elementor-image-carousel-wrapper swiper\" role=\"region\" aria-roledescription=\"carousel\" aria-label=\"Carrusel de im\u00e1genes\" dir=\"ltr\">\n\t\t\t<div class=\"elementor-image-carousel swiper-wrapper\" aria-live=\"off\">\n\t\t\t\t\t\t\t\t<div class=\"swiper-slide\" role=\"group\" aria-roledescription=\"slide\" aria-label=\"1 de 15\" data-no-translation-aria-label=\"\"><figure class=\"swiper-slide-inner\"><img decoding=\"async\" class=\"swiper-slide-image\" src=\"https:\/\/suzisantiagoctw.com\/wp-content\/uploads\/2026\/04\/2-5.jpg\" alt=\"2\" \/><\/figure><\/div><div class=\"swiper-slide\" role=\"group\" aria-roledescription=\"slide\" aria-label=\"2 de 15\" data-no-translation-aria-label=\"\"><figure class=\"swiper-slide-inner\"><img decoding=\"async\" class=\"swiper-slide-image\" src=\"https:\/\/suzisantiagoctw.com\/wp-content\/uploads\/2026\/04\/1-5.jpg\" alt=\"1\" \/><\/figure><\/div><div class=\"swiper-slide\" role=\"group\" aria-roledescription=\"slide\" aria-label=\"3 de 15\" data-no-translation-aria-label=\"\"><figure class=\"swiper-slide-inner\"><img decoding=\"async\" class=\"swiper-slide-image\" src=\"https:\/\/suzisantiagoctw.com\/wp-content\/uploads\/2026\/04\/3-4.jpg\" alt=\"3\" \/><\/figure><\/div><div class=\"swiper-slide\" role=\"group\" aria-roledescription=\"slide\" aria-label=\"4 de 15\" data-no-translation-aria-label=\"\"><figure class=\"swiper-slide-inner\"><img decoding=\"async\" class=\"swiper-slide-image\" src=\"https:\/\/suzisantiagoctw.com\/wp-content\/uploads\/2026\/04\/15.jpg\" alt=\"15\" \/><\/figure><\/div><div class=\"swiper-slide\" role=\"group\" aria-roledescription=\"slide\" aria-label=\"5 de 15\" data-no-translation-aria-label=\"\"><figure class=\"swiper-slide-inner\"><img decoding=\"async\" class=\"swiper-slide-image\" src=\"https:\/\/suzisantiagoctw.com\/wp-content\/uploads\/2026\/04\/8-1.jpg\" alt=\"8\" \/><\/figure><\/div><div class=\"swiper-slide\" role=\"group\" aria-roledescription=\"slide\" aria-label=\"6 de 15\" data-no-translation-aria-label=\"\"><figure class=\"swiper-slide-inner\"><img decoding=\"async\" class=\"swiper-slide-image\" src=\"https:\/\/suzisantiagoctw.com\/wp-content\/uploads\/2026\/04\/7-2.jpg\" alt=\"7\" \/><\/figure><\/div><div class=\"swiper-slide\" role=\"group\" aria-roledescription=\"slide\" aria-label=\"7 de 15\" data-no-translation-aria-label=\"\"><figure class=\"swiper-slide-inner\"><img decoding=\"async\" class=\"swiper-slide-image\" src=\"https:\/\/suzisantiagoctw.com\/wp-content\/uploads\/2026\/04\/14.jpg\" alt=\"14\" \/><\/figure><\/div><div class=\"swiper-slide\" role=\"group\" aria-roledescription=\"slide\" aria-label=\"8 de 15\" data-no-translation-aria-label=\"\"><figure class=\"swiper-slide-inner\"><img decoding=\"async\" class=\"swiper-slide-image\" src=\"https:\/\/suzisantiagoctw.com\/wp-content\/uploads\/2026\/04\/10-1.jpg\" alt=\"10\" \/><\/figure><\/div><div class=\"swiper-slide\" role=\"group\" aria-roledescription=\"slide\" aria-label=\"9 de 15\" data-no-translation-aria-label=\"\"><figure class=\"swiper-slide-inner\"><img decoding=\"async\" class=\"swiper-slide-image\" src=\"https:\/\/suzisantiagoctw.com\/wp-content\/uploads\/2026\/04\/5-3.jpg\" alt=\"5\" \/><\/figure><\/div><div class=\"swiper-slide\" role=\"group\" aria-roledescription=\"slide\" aria-label=\"10 de 15\" data-no-translation-aria-label=\"\"><figure class=\"swiper-slide-inner\"><img decoding=\"async\" class=\"swiper-slide-image\" src=\"https:\/\/suzisantiagoctw.com\/wp-content\/uploads\/2026\/04\/11-1.jpg\" alt=\"11\" \/><\/figure><\/div><div class=\"swiper-slide\" role=\"group\" aria-roledescription=\"slide\" aria-label=\"11 de 15\" data-no-translation-aria-label=\"\"><figure class=\"swiper-slide-inner\"><img decoding=\"async\" class=\"swiper-slide-image\" src=\"https:\/\/suzisantiagoctw.com\/wp-content\/uploads\/2026\/04\/4-5.jpg\" alt=\"4\" \/><\/figure><\/div><div class=\"swiper-slide\" role=\"group\" aria-roledescription=\"slide\" aria-label=\"12 de 15\" data-no-translation-aria-label=\"\"><figure class=\"swiper-slide-inner\"><img decoding=\"async\" class=\"swiper-slide-image\" src=\"https:\/\/suzisantiagoctw.com\/wp-content\/uploads\/2026\/04\/9-1.jpg\" alt=\"9\" \/><\/figure><\/div><div class=\"swiper-slide\" role=\"group\" aria-roledescription=\"slide\" aria-label=\"13 de 15\" data-no-translation-aria-label=\"\"><figure class=\"swiper-slide-inner\"><img decoding=\"async\" class=\"swiper-slide-image\" src=\"https:\/\/suzisantiagoctw.com\/wp-content\/uploads\/2026\/04\/13.jpg\" alt=\"13\" \/><\/figure><\/div><div class=\"swiper-slide\" role=\"group\" aria-roledescription=\"slide\" aria-label=\"14 de 15\" data-no-translation-aria-label=\"\"><figure class=\"swiper-slide-inner\"><img decoding=\"async\" class=\"swiper-slide-image\" src=\"https:\/\/suzisantiagoctw.com\/wp-content\/uploads\/2026\/04\/12-1.jpg\" alt=\"12\" \/><\/figure><\/div><div class=\"swiper-slide\" role=\"group\" aria-roledescription=\"slide\" aria-label=\"15 de 15\" data-no-translation-aria-label=\"\"><figure class=\"swiper-slide-inner\"><img decoding=\"async\" class=\"swiper-slide-image\" src=\"https:\/\/suzisantiagoctw.com\/wp-content\/uploads\/2026\/04\/6-4.jpg\" alt=\"6\" \/><\/figure><\/div>\t\t\t<\/div>\n\t\t\t\t\t\t\t\t\t\t\t\t<div class=\"elementor-swiper-button elementor-swiper-button-prev\" role=\"button\" tabindex=\"0\">\n\t\t\t\t\t\t<i aria-hidden=\"true\" class=\"eicon-chevron-left\"><\/i>\t\t\t\t\t<\/div>\n\t\t\t\t\t<div class=\"elementor-swiper-button elementor-swiper-button-next\" role=\"button\" tabindex=\"0\">\n\t\t\t\t\t\t<i aria-hidden=\"true\" class=\"eicon-chevron-right\"><\/i>\t\t\t\t\t<\/div>\n\t\t\t\t\n\t\t\t\t\t\t\t\t\t<div class=\"swiper-pagination\"><\/div>\n\t\t\t\t\t\t\t\t\t<\/div>\n\t\t\t\t\t\t<\/div>\n\t\t\t\t<\/div>\n\t\t\t\t<div class=\"elementor-element elementor-element-2d8eee7 elementor-align-center elementor-widget elementor-widget-button\" data-id=\"2d8eee7\" data-element_type=\"widget\" data-e-type=\"widget\" data-widget_type=\"button.default\">\n\t\t\t\t<div class=\"elementor-widget-container\">\n\t\t\t\t\t\t\t\t\t<div class=\"elementor-button-wrapper\">\n\t\t\t\t\t<a class=\"elementor-button elementor-button-link elementor-size-sm\" href=\"https:\/\/suzisantiagoctw.com\/en\/contacto\/\">\n\t\t\t\t\t\t<span class=\"elementor-button-content-wrapper\">\n\t\t\t\t\t\t\t\t\t<span class=\"elementor-button-text\">More info here<\/span>\n\t\t\t\t\t<\/span>\n\t\t\t\t\t<\/a>\n\t\t\t\t<\/div>\n\t\t\t\t\t\t\t\t<\/div>\n\t\t\t\t<\/div>\n\t\t\t\t\t<\/div>\n\t\t<\/div>\n\t\t\t\t\t<\/div>\n\t\t<\/section>\n\t\t\t\t<\/div>","protected":false},"excerpt":{"rendered":"<p>HYUNDAI NEW H1 GL TCI 2.5 CAMPER VAN Especificaciones: Motor di\u00e9sel 2.5L, confiable y potente Consumo de combustible: aprox. 8\u201310 L\/100 km (dependiendo del camino, viento y altitud) Transmisi\u00f3n manual de 5 velocidades Bien mantenida 3 asientos delanteros con cintur\u00f3n de seguridad Tracci\u00f3n 2WD (trasera) Altura media, ideal para caminos irregulares o con calamina \u00a0 [&hellip;]<\/p>\n","protected":false},"author":1,"featured_media":0,"parent":0,"menu_order":0,"comment_status":"closed","ping_status":"closed","template":"","meta":{"_joinchat":[],"footnotes":""},"class_list":["post-19711","page","type-page","status-publish","hentry"],"_links":{"self":[{"href":"https:\/\/suzisantiagoctw.com\/en\/wp-json\/wp\/v2\/pages\/19711","targetHints":{"allow":["GET"]}}],"collection":[{"href":"https:\/\/suzisantiagoctw.com\/en\/wp-json\/wp\/v2\/pages"}],"about":[{"href":"https:\/\/suzisantiagoctw.com\/en\/wp-json\/wp\/v2\/types\/page"}],"author":[{"embeddable":true,"href":"https:\/\/suzisantiagoctw.com\/en\/wp-json\/wp\/v2\/users\/1"}],"replies":[{"embeddable":true,"href":"https:\/\/suzisantiagoctw.com\/en\/wp-json\/wp\/v2\/comments?post=19711"}],"version-history":[{"count":19,"href":"https:\/\/suzisantiagoctw.com\/en\/wp-json\/wp\/v2\/pages\/19711\/revisions"}],"predecessor-version":[{"id":19748,"href":"https:\/\/suzisantiagoctw.com\/en\/wp-json\/wp\/v2\/pages\/19711\/revisions\/19748"}],"wp:attachment":[{"href":"https:\/\/suzisantiagoctw.com\/en\/wp-json\/wp\/v2\/media?parent=19711"}],"curies":[{"name":"wp","href":"https:\/\/api.w.org\/{rel}","templated":true}]}}