{"id":18513,"date":"2026-02-17T00:32:22","date_gmt":"2026-02-17T00:32:22","guid":{"rendered":"https:\/\/suzisantiagoctw.com\/?page_id=18513"},"modified":"2026-04-06T15:26:17","modified_gmt":"2026-04-06T15:26:17","slug":"boxer-hdi-2-2-2","status":"publish","type":"page","link":"https:\/\/suzisantiagoctw.com\/en\/boxer-hdi-2-2-2\/","title":{"rendered":"BOXER HDI 2.2"},"content":{"rendered":"<div data-elementor-type=\"wp-page\" data-elementor-id=\"18513\" class=\"elementor elementor-18513\" data-elementor-post-type=\"page\">\n\t\t\t\t\t\t<section class=\"elementor-section elementor-top-section elementor-element elementor-element-8c936cd elementor-section-boxed elementor-section-height-default elementor-section-height-default\" data-id=\"8c936cd\" data-element_type=\"section\" data-e-type=\"section\">\n\t\t\t\t\t\t<div class=\"elementor-container elementor-column-gap-default\">\n\t\t\t\t\t<div class=\"elementor-column elementor-col-100 elementor-top-column elementor-element elementor-element-d2294f1\" data-id=\"d2294f1\" data-element_type=\"column\" data-e-type=\"column\">\n\t\t\t<div class=\"elementor-widget-wrap elementor-element-populated\">\n\t\t\t\t\t\t<div class=\"elementor-element elementor-element-331f719 elementor-widget elementor-widget-spacer\" data-id=\"331f719\" data-element_type=\"widget\" data-e-type=\"widget\" data-widget_type=\"spacer.default\">\n\t\t\t\t<div class=\"elementor-widget-container\">\n\t\t\t\t\t\t\t<div class=\"elementor-spacer\">\n\t\t\t<div class=\"elementor-spacer-inner\"><\/div>\n\t\t<\/div>\n\t\t\t\t\t\t<\/div>\n\t\t\t\t<\/div>\n\t\t\t\t\t<\/div>\n\t\t<\/div>\n\t\t\t\t\t<\/div>\n\t\t<\/section>\n\t\t\t\t<section class=\"elementor-section elementor-top-section elementor-element elementor-element-b16db35 elementor-section-boxed elementor-section-height-default elementor-section-height-default\" data-id=\"b16db35\" data-element_type=\"section\" data-e-type=\"section\">\n\t\t\t\t\t\t<div class=\"elementor-container elementor-column-gap-default\">\n\t\t\t\t\t<div class=\"elementor-column elementor-col-50 elementor-top-column elementor-element elementor-element-f6a562b\" data-id=\"f6a562b\" data-element_type=\"column\" data-e-type=\"column\">\n\t\t\t<div class=\"elementor-widget-wrap elementor-element-populated\">\n\t\t\t\t\t\t<div class=\"elementor-element elementor-element-4c7c438 elementor-widget elementor-widget-heading\" data-id=\"4c7c438\" data-element_type=\"widget\" data-e-type=\"widget\" data-widget_type=\"heading.default\">\n\t\t\t\t<div class=\"elementor-widget-container\">\n\t\t\t\t\t<h2 class=\"elementor-heading-title elementor-size-default\">Fiat Ducato Maxi 2.3 CAMPER VAN\n<\/h2>\t\t\t\t<\/div>\n\t\t\t\t<\/div>\n\t\t\t\t<div class=\"elementor-element elementor-element-c77d2a2 elementor-widget elementor-widget-text-editor\" data-id=\"c77d2a2\" data-element_type=\"widget\" data-e-type=\"widget\" data-widget_type=\"text-editor.default\">\n\t\t\t\t<div class=\"elementor-widget-container\">\n\t\t\t\t\t\t\t\t\t<p><strong>Specifications<\/strong><\/p><p><b>Camper conversion features<\/b><\/p><ul><li>Drive and passenger Swivel seats<\/li><li>Insulated floor<\/li><li>Vinyl flooring<\/li><li>Ceiling and wall insulation (Armacell blanket)<\/li><li>Ceiling and walls lined with wood (tongue and groove)<\/li><li>Smart Bed Electric Lifting Bed System - Lippett<\/li><li>Emma original hybrid v2 mattress full (135cm x 190cm) bought October 2025 - additional 10cm width of cushion each side making 155cm width)<\/li><li>Custom 4 cushions and bench seating area<\/li><li>Kitchen counter chestnut wood<\/li><li>Neu 2G Gas Hob 2 Burners 35 cm Kubli<\/li><li>5kg Gas bottle and external storage cage<\/li><li>Faucet Tohlar + shower barrock extension for internal shower<\/li><li>undermount sink<\/li><li>2x 150 L water canisters<\/li><li>12V Water pump+ sealed aluminium box<\/li><li>removable extension for grey water extraction hose<\/li><li>RCN90 12V compressor fridge \/ freezer 90 litres<\/li><li>Calefont water heater and gas<\/li><li>Hidden shower base 65x65cm<\/li><li>Starlink hardware<\/li><\/ul><p><b>Solar energy system<\/b><\/p><ul><li>2x 430 Watts Panel Solar<\/li><li>4x Kaise Bater\u00eda GEL 12V 100Ah KBG121000<\/li><li>Victron BlueSolar MPPT 150\/100-Tr VE.Can<\/li><li>Multiplus 2000Watts inverter\/charger<\/li><li>Relay<\/li><li>2x Socket 220v<\/li><li>SOCKET TOWER POP UP<\/li><li>1 x 12v socket<\/li><li>4 x Recessed light spotlight (interior)<\/li><li>LED strip + housing<\/li><li>900x500mm window with blackout curtain and musketeer<\/li><li>Extractor fan in kitchenStarlink 12v adaptor + protective box<\/li><li>Starlink 12v adaptor + protective box<\/li><li>Skylight 400X600 with MOSQUITO NET &amp; blackout<\/li><li>Pair of lagoon table legs + support poles<\/li><li>Custom chestnut removable and splitable table and extra bed conversion boards<\/li><li>9 under bench drawers on heavy duty rail system<\/li><li>1 skinny pantry<\/li><li>3 overhead cabinets<\/li><li>1 over cab storage area with light<\/li><li>1 small underfloor storage drawer<\/li><li>1 medium underfloor storage drawer<\/li><li>2 extra large custom surfboard \/ storage drawers under floor<\/li><li>Roof racksRoof rack<\/li><li>Awning (200 x 250 cm with LED light)<\/li><li>external faucet shower<\/li><li>Large hidden Digital Lcd Notebook Safe with alarm and lock<\/li><li>Wildrover Portable Dry Bath (composting toilet) including 3 x bags coconut core<\/li><li>External shower frame + curtain<\/li><li>Internal magnet curtain connection behind ceiling<\/li><\/ul><p><b>Accessories<\/b><\/p><p><b>Kitchen<\/b><\/p><ul><li>1x chef's knife<\/li><li>1x utility knife<\/li><li>1x knife sharpener<\/li><li>1x small wooden chopping board<\/li><li>4x forks, knives, spoons, teaspoons<\/li><li>1x scissors<\/li><li>2x wooden spoons<\/li><li>1x spatula<\/li><li>1x bottle opener<\/li><li>1x vegetable peeler<\/li><li>1x small cheese grater<\/li><li>1x small silicone pan cover<\/li><li>1x large silicone pan cover<\/li><li>4x drink coasters<\/li><li>4x bamboo place mats<\/li><li>Clingfilm<\/li><li>x clips<\/li><li>1x drink saucepan<\/li><li>2x metal mugs<\/li><li>1x kitchen drawer organiser<\/li><li>1x large stainless steel frying pan<\/li><li>1x small saucepan<\/li><li>2x plastic wine glasses<\/li><li>2x dinner plates<\/li><li>2x breakfast bowls<\/li><li>4x small plates<\/li><li>1x large serving bowl<\/li><li>1x jug and measuring cup set<\/li><\/ul><p><b>Other items<\/b><\/p><ul><li>2x bucket seat camping chairs<\/li><li>1x outdoor rug (some damage)<\/li><li>1x beach umbrella<\/li><li>1x set of decking squares for outdoor showering (0.81 m2)<\/li><li>1x portable step ladder<\/li><li>1x clothes drying rack<\/li><li>10x clothes hangers<\/li><li>clothes pegs<\/li><li>1x small fire pit<\/li><li>1x shovel<\/li><li>1x hose to fill water tanks<\/li><li>4x small charcoal couch cushions<\/li><li>1x white throw rug<\/li><li>1x pink floor rug (some damage)<\/li><li>Magnetic black out window covers by living in a bubble for all windows <b>.<\/b> (Australian made)<\/li><li>Magnetic black out window covers by living in a bubble for all windows (Australian made) <b>.<\/b> (fabricados en Australia)<\/li><li>3 speed portable 220v fan<\/li><li>4 x pillow<\/li><li>1 x Summer\/Winter quilt<\/li><li>2 x sheet sets (1 white. 1 charcoal)<\/li><li>2x security cameras<\/li><li>1x surfboard<\/li><\/ul><p><b>Cleaning<\/b><\/p><ul><li>1x extendable broom<\/li><li>1x dustpan and brush<\/li><li>1x extendable squidgy<\/li><li>various cleaning products<\/li><li>1x 12v black and deck car vacuum cleaner<\/li><\/ul><p><b>Garage<\/b><\/p><p><b>Engine lubricants<\/b><\/p><ul><li>Engine oil<\/li><li>Coolant<\/li><li>Trans fluid<\/li><li>Brake fluid<\/li><li>1x set jump leads<\/li><li>4x rachet straps<\/li><li>2x set elastic straps<\/li><li>125 piece hand tool kit<\/li><li>Various tools<\/li><li>Tool bag<\/li><li>Steering wheel lock<\/li><\/ul><p><b>Fiat Ducato specifications and features<\/b><b><br \/><\/b><b><br \/><\/b><b>Transmission and comfort<\/b><\/p><ul><li>Manual 6-speed gearbox<\/li><li>3x 12V connection and external USB charger<\/li><li>Central locking with alarm<\/li><\/ul><p><b>Maintenance<\/b><\/p><ul><li>20,000km service completed at Fiat dealership in Fox do Iguacu. Service book stamped.<\/li><li>Monthly fluid and tire checks completed.<\/li><\/ul><p><b>Genuine Fiat emergency kit<\/b><\/p><ul><li>Small waring triangle<\/li><li>Fire extinguisher<\/li><li>Small tool kit<\/li><li>Spare wheel<\/li><li>Genuine Fiat jack and tire removal kit<\/li><\/ul><p><strong>Features:<\/strong><\/p><table><tbody><tr><th><span style=\"font-weight: 400;\">Price<\/span><\/th><td>$53.200.000<\/td><\/tr><tr><th><span style=\"font-weight: 400;\">Year<\/span><\/th><td>2023<\/td><\/tr><tr><th><span style=\"font-weight: 400;\">Kilometres<\/span><\/th><td>26.000<\/td><\/tr><tr><th><span style=\"font-weight: 400;\">Gas<\/span><\/th><td>Diesel<\/td><\/tr><tr><th><span style=\"font-weight: 400;\">Transmission (Gear)<\/span><\/th><td>Manual<\/td><\/tr><\/tbody><\/table>\t\t\t\t\t\t\t\t<\/div>\n\t\t\t\t<\/div>\n\t\t\t\t\t<\/div>\n\t\t<\/div>\n\t\t\t\t<div class=\"elementor-column elementor-col-50 elementor-top-column elementor-element elementor-element-f6127c6\" data-id=\"f6127c6\" data-element_type=\"column\" data-e-type=\"column\">\n\t\t\t<div class=\"elementor-widget-wrap elementor-element-populated\">\n\t\t\t\t\t\t<div class=\"elementor-element elementor-element-d76403a elementor-arrows-position-inside elementor-pagination-position-outside elementor-widget elementor-widget-image-carousel\" data-id=\"d76403a\" data-element_type=\"widget\" data-e-type=\"widget\" data-settings=\"{&quot;slides_to_show&quot;:&quot;1&quot;,&quot;navigation&quot;:&quot;both&quot;,&quot;autoplay&quot;:&quot;yes&quot;,&quot;pause_on_hover&quot;:&quot;yes&quot;,&quot;pause_on_interaction&quot;:&quot;yes&quot;,&quot;autoplay_speed&quot;:5000,&quot;infinite&quot;:&quot;yes&quot;,&quot;effect&quot;:&quot;slide&quot;,&quot;speed&quot;:500}\" data-widget_type=\"image-carousel.default\">\n\t\t\t\t<div class=\"elementor-widget-container\">\n\t\t\t\t\t\t\t<div class=\"elementor-image-carousel-wrapper swiper\" role=\"region\" aria-roledescription=\"carousel\" aria-label=\"Carrusel de im\u00e1genes\" dir=\"ltr\">\n\t\t\t<div class=\"elementor-image-carousel swiper-wrapper\" aria-live=\"off\">\n\t\t\t\t\t\t\t\t<div class=\"swiper-slide\" role=\"group\" aria-roledescription=\"slide\" aria-label=\"1 de 15\"><figure class=\"swiper-slide-inner\"><img decoding=\"async\" class=\"swiper-slide-image\" src=\"https:\/\/suzisantiagoctw.com\/wp-content\/uploads\/2026\/02\/11-1.jpg\" alt=\"11\" \/><\/figure><\/div><div class=\"swiper-slide\" role=\"group\" aria-roledescription=\"slide\" aria-label=\"2 de 15\"><figure class=\"swiper-slide-inner\"><img decoding=\"async\" class=\"swiper-slide-image\" src=\"https:\/\/suzisantiagoctw.com\/wp-content\/uploads\/2026\/02\/12-1.jpg\" alt=\"12\" \/><\/figure><\/div><div class=\"swiper-slide\" role=\"group\" aria-roledescription=\"slide\" aria-label=\"3 de 15\"><figure class=\"swiper-slide-inner\"><img decoding=\"async\" class=\"swiper-slide-image\" src=\"https:\/\/suzisantiagoctw.com\/wp-content\/uploads\/2026\/02\/13-1.jpg\" alt=\"13\" \/><\/figure><\/div><div class=\"swiper-slide\" role=\"group\" aria-roledescription=\"slide\" aria-label=\"4 de 15\"><figure class=\"swiper-slide-inner\"><img decoding=\"async\" class=\"swiper-slide-image\" src=\"https:\/\/suzisantiagoctw.com\/wp-content\/uploads\/2026\/02\/14-1.jpg\" alt=\"14\" \/><\/figure><\/div><div class=\"swiper-slide\" role=\"group\" aria-roledescription=\"slide\" aria-label=\"5 de 15\"><figure class=\"swiper-slide-inner\"><img decoding=\"async\" class=\"swiper-slide-image\" src=\"https:\/\/suzisantiagoctw.com\/wp-content\/uploads\/2026\/02\/15-1.jpg\" alt=\"15\" \/><\/figure><\/div><div class=\"swiper-slide\" role=\"group\" aria-roledescription=\"slide\" aria-label=\"6 de 15\"><figure class=\"swiper-slide-inner\"><img decoding=\"async\" class=\"swiper-slide-image\" src=\"https:\/\/suzisantiagoctw.com\/wp-content\/uploads\/2026\/02\/16-1.jpg\" alt=\"16\" \/><\/figure><\/div><div class=\"swiper-slide\" role=\"group\" aria-roledescription=\"slide\" aria-label=\"7 de 15\"><figure class=\"swiper-slide-inner\"><img decoding=\"async\" class=\"swiper-slide-image\" src=\"https:\/\/suzisantiagoctw.com\/wp-content\/uploads\/2026\/02\/1-5.jpg\" alt=\"1\" \/><\/figure><\/div><div class=\"swiper-slide\" role=\"group\" aria-roledescription=\"slide\" aria-label=\"8 de 15\"><figure class=\"swiper-slide-inner\"><img decoding=\"async\" class=\"swiper-slide-image\" src=\"https:\/\/suzisantiagoctw.com\/wp-content\/uploads\/2026\/02\/2-6.jpg\" alt=\"2\" \/><\/figure><\/div><div class=\"swiper-slide\" role=\"group\" aria-roledescription=\"slide\" aria-label=\"9 de 15\"><figure class=\"swiper-slide-inner\"><img decoding=\"async\" class=\"swiper-slide-image\" src=\"https:\/\/suzisantiagoctw.com\/wp-content\/uploads\/2026\/02\/10-1.jpg\" alt=\"10\" \/><\/figure><\/div><div class=\"swiper-slide\" role=\"group\" aria-roledescription=\"slide\" aria-label=\"10 de 15\"><figure class=\"swiper-slide-inner\"><img decoding=\"async\" class=\"swiper-slide-image\" src=\"https:\/\/suzisantiagoctw.com\/wp-content\/uploads\/2026\/02\/9-1.jpg\" alt=\"9\" \/><\/figure><\/div><div class=\"swiper-slide\" role=\"group\" aria-roledescription=\"slide\" aria-label=\"11 de 15\"><figure class=\"swiper-slide-inner\"><img decoding=\"async\" class=\"swiper-slide-image\" src=\"https:\/\/suzisantiagoctw.com\/wp-content\/uploads\/2026\/02\/8-2.jpg\" alt=\"8\" \/><\/figure><\/div><div class=\"swiper-slide\" role=\"group\" aria-roledescription=\"slide\" aria-label=\"12 de 15\"><figure class=\"swiper-slide-inner\"><img decoding=\"async\" class=\"swiper-slide-image\" src=\"https:\/\/suzisantiagoctw.com\/wp-content\/uploads\/2026\/02\/7-2.jpg\" alt=\"7\" \/><\/figure><\/div><div class=\"swiper-slide\" role=\"group\" aria-roledescription=\"slide\" aria-label=\"13 de 15\"><figure class=\"swiper-slide-inner\"><img decoding=\"async\" class=\"swiper-slide-image\" src=\"https:\/\/suzisantiagoctw.com\/wp-content\/uploads\/2026\/02\/6-4.jpg\" alt=\"6\" \/><\/figure><\/div><div class=\"swiper-slide\" role=\"group\" aria-roledescription=\"slide\" aria-label=\"14 de 15\"><figure class=\"swiper-slide-inner\"><img decoding=\"async\" class=\"swiper-slide-image\" src=\"https:\/\/suzisantiagoctw.com\/wp-content\/uploads\/2026\/02\/5-4.jpg\" alt=\"5\" \/><\/figure><\/div><div class=\"swiper-slide\" role=\"group\" aria-roledescription=\"slide\" aria-label=\"15 de 15\"><figure class=\"swiper-slide-inner\"><img decoding=\"async\" class=\"swiper-slide-image\" src=\"https:\/\/suzisantiagoctw.com\/wp-content\/uploads\/2026\/02\/4-4.jpg\" alt=\"4\" \/><\/figure><\/div>\t\t\t<\/div>\n\t\t\t\t\t\t\t\t\t\t\t\t<div class=\"elementor-swiper-button elementor-swiper-button-prev\" role=\"button\" tabindex=\"0\">\n\t\t\t\t\t\t<i aria-hidden=\"true\" class=\"eicon-chevron-left\"><\/i>\t\t\t\t\t<\/div>\n\t\t\t\t\t<div class=\"elementor-swiper-button elementor-swiper-button-next\" role=\"button\" tabindex=\"0\">\n\t\t\t\t\t\t<i aria-hidden=\"true\" class=\"eicon-chevron-right\"><\/i>\t\t\t\t\t<\/div>\n\t\t\t\t\n\t\t\t\t\t\t\t\t\t<div class=\"swiper-pagination\"><\/div>\n\t\t\t\t\t\t\t\t\t<\/div>\n\t\t\t\t\t\t<\/div>\n\t\t\t\t<\/div>\n\t\t\t\t<div class=\"elementor-element elementor-element-d552755 elementor-align-center elementor-widget elementor-widget-button\" data-id=\"d552755\" data-element_type=\"widget\" data-e-type=\"widget\" data-widget_type=\"button.default\">\n\t\t\t\t<div class=\"elementor-widget-container\">\n\t\t\t\t\t\t\t\t\t<div class=\"elementor-button-wrapper\">\n\t\t\t\t\t<a class=\"elementor-button elementor-button-link elementor-size-sm\" href=\"https:\/\/suzisantiagoctw.com\/en\/contacto\/\">\n\t\t\t\t\t\t<span class=\"elementor-button-content-wrapper\">\n\t\t\t\t\t\t\t\t\t<span class=\"elementor-button-text\">More info here<\/span>\n\t\t\t\t\t<\/span>\n\t\t\t\t\t<\/a>\n\t\t\t\t<\/div>\n\t\t\t\t\t\t\t\t<\/div>\n\t\t\t\t<\/div>\n\t\t\t\t\t<\/div>\n\t\t<\/div>\n\t\t\t\t\t<\/div>\n\t\t<\/section>\n\t\t\t\t<\/div>","protected":false},"excerpt":{"rendered":"<p>Fiat Ducato Maxi 2.3 CAMPER VAN Especificaciones: Caracter\u00edsticas de la camperizaci\u00f3n Asientos giratorios del conductor y pasajero Suelo aislado Piso de vinilo Aislamiento en techo y paredes (manta Armacell) Techo y paredes revestidos en madera Sistema de cama el\u00e9ctrica elevable Smart Bed - Lippett Colch\u00f3n h\u00edbrido Emma original v2 completo (135 cm x 190 cm) [&hellip;]<\/p>\n","protected":false},"author":1,"featured_media":0,"parent":0,"menu_order":0,"comment_status":"closed","ping_status":"closed","template":"","meta":{"_joinchat":[],"footnotes":""},"class_list":["post-18513","page","type-page","status-publish","hentry"],"_links":{"self":[{"href":"https:\/\/suzisantiagoctw.com\/en\/wp-json\/wp\/v2\/pages\/18513","targetHints":{"allow":["GET"]}}],"collection":[{"href":"https:\/\/suzisantiagoctw.com\/en\/wp-json\/wp\/v2\/pages"}],"about":[{"href":"https:\/\/suzisantiagoctw.com\/en\/wp-json\/wp\/v2\/types\/page"}],"author":[{"embeddable":true,"href":"https:\/\/suzisantiagoctw.com\/en\/wp-json\/wp\/v2\/users\/1"}],"replies":[{"embeddable":true,"href":"https:\/\/suzisantiagoctw.com\/en\/wp-json\/wp\/v2\/comments?post=18513"}],"version-history":[{"count":21,"href":"https:\/\/suzisantiagoctw.com\/en\/wp-json\/wp\/v2\/pages\/18513\/revisions"}],"predecessor-version":[{"id":19433,"href":"https:\/\/suzisantiagoctw.com\/en\/wp-json\/wp\/v2\/pages\/18513\/revisions\/19433"}],"wp:attachment":[{"href":"https:\/\/suzisantiagoctw.com\/en\/wp-json\/wp\/v2\/media?parent=18513"}],"curies":[{"name":"wp","href":"https:\/\/api.w.org\/{rel}","templated":true}]}}