{"id":18274,"date":"2026-02-04T03:47:35","date_gmt":"2026-02-04T03:47:35","guid":{"rendered":"https:\/\/suzisantiagoctw.com\/?page_id=18274"},"modified":"2026-03-16T18:08:04","modified_gmt":"2026-03-16T18:08:04","slug":"toyota-hilux-camper","status":"publish","type":"page","link":"https:\/\/suzisantiagoctw.com\/en\/toyota-hilux-camper\/","title":{"rendered":"TOYOTA HILUX + CAMPER"},"content":{"rendered":"<div data-elementor-type=\"wp-page\" data-elementor-id=\"18274\" class=\"elementor elementor-18274\" data-elementor-post-type=\"page\">\n\t\t\t\t\t\t<section class=\"elementor-section elementor-top-section elementor-element elementor-element-8c936cd elementor-section-boxed elementor-section-height-default elementor-section-height-default\" data-id=\"8c936cd\" data-element_type=\"section\" data-e-type=\"section\">\n\t\t\t\t\t\t<div class=\"elementor-container elementor-column-gap-default\">\n\t\t\t\t\t<div class=\"elementor-column elementor-col-100 elementor-top-column elementor-element elementor-element-d2294f1\" data-id=\"d2294f1\" data-element_type=\"column\" data-e-type=\"column\">\n\t\t\t<div class=\"elementor-widget-wrap elementor-element-populated\">\n\t\t\t\t\t\t<div class=\"elementor-element elementor-element-331f719 elementor-widget elementor-widget-spacer\" data-id=\"331f719\" data-element_type=\"widget\" data-e-type=\"widget\" data-widget_type=\"spacer.default\">\n\t\t\t\t<div class=\"elementor-widget-container\">\n\t\t\t\t\t\t\t<div class=\"elementor-spacer\">\n\t\t\t<div class=\"elementor-spacer-inner\"><\/div>\n\t\t<\/div>\n\t\t\t\t\t\t<\/div>\n\t\t\t\t<\/div>\n\t\t\t\t\t<\/div>\n\t\t<\/div>\n\t\t\t\t\t<\/div>\n\t\t<\/section>\n\t\t\t\t<section class=\"elementor-section elementor-top-section elementor-element elementor-element-b16db35 elementor-section-boxed elementor-section-height-default elementor-section-height-default\" data-id=\"b16db35\" data-element_type=\"section\" data-e-type=\"section\">\n\t\t\t\t\t\t<div class=\"elementor-container elementor-column-gap-default\">\n\t\t\t\t\t<div class=\"elementor-column elementor-col-50 elementor-top-column elementor-element elementor-element-f6a562b\" data-id=\"f6a562b\" data-element_type=\"column\" data-e-type=\"column\">\n\t\t\t<div class=\"elementor-widget-wrap elementor-element-populated\">\n\t\t\t\t\t\t<div class=\"elementor-element elementor-element-4c7c438 elementor-widget elementor-widget-heading\" data-id=\"4c7c438\" data-element_type=\"widget\" data-e-type=\"widget\" data-widget_type=\"heading.default\">\n\t\t\t\t<div class=\"elementor-widget-container\">\n\t\t\t\t\t<h2 class=\"elementor-heading-title elementor-size-default\">TOYOTA HILUX + CAMPER VAN<\/h2>\t\t\t\t<\/div>\n\t\t\t\t<\/div>\n\t\t\t\t<div class=\"elementor-element elementor-element-c77d2a2 elementor-widget elementor-widget-text-editor\" data-id=\"c77d2a2\" data-element_type=\"widget\" data-e-type=\"widget\" data-widget_type=\"text-editor.default\">\n\t\t\t\t<div class=\"elementor-widget-container\">\n\t\t\t\t\t\t\t\t\t<p><strong>Specifications<\/strong><\/p><ul><li>Engine: 2.4 liter diesel<\/li><li>Revisi\u00f3n T\u00e9cnica until Nov. 2026<\/li><li>Manual 6-speed gearbox<\/li><li>4WD \u2013 full off-road capabilities<\/li><li>Rearview camera<\/li><li>Apple Car Play \/ Android Auto<\/li><li>Bluetooth<\/li><\/ul><p><strong>Main Specifications &amp; Dimensions<\/strong><\/p><p><strong>At 131.000 km (01-06-2025)<\/strong><\/p><ul><li>Complete technical inspection<\/li><li>Power steering fluid change<\/li><li>Handbrake adjustment<\/li><li>Brake disc replacement &amp; drum resurfacing<\/li><li>New front tires<\/li><\/ul><p><strong>At 135.000 km (10-12-2025)<\/strong><\/p><ul><li>New rear + spare tires<\/li><\/ul><p><strong>At 137.000 km (17-12-2025)<\/strong><\/p><ul><li>New solar charge controller<\/li><\/ul><p><strong>At 140.000 km (05-01-2026)<\/strong><\/p><ul><li>Refill air-conditioning<\/li><\/ul><p><strong>At 143.000 km (28-01-2026)<\/strong><\/p><ul><li>New invertor + repair battery charge source<\/li><li>Oil + filters change<\/li><\/ul><p><strong>Camper Unit<\/strong><\/p><ul><li>Cabin for 2-3 persons<\/li><li>Cooking + living + sleeping compartment<\/li><li>Extendable sun screen<\/li><\/ul><p><strong>Inside dimensions<\/strong><\/p><ul><li>Height: 195 cm<\/li><li>Width: 200 cm<\/li><li>Length: 220 cm (living) + 140cm (sleeping)<\/li><\/ul><p><strong>Electricity &amp; Water &amp; Heat<\/strong><\/p><p><strong>Charging<\/strong><\/p><ul><li>2 Solar panels<\/li><li>External socket + power cord<\/li><li>Car engine while driving<\/li><li>170 Ah lead accu<\/li><li>Converter: Atempower 1500<\/li><li>12V and 220V circuit<\/li><li>8x 220V and 4x USB sockets<\/li><li>LED lights: 8x inside, 1x outside<\/li><\/ul><p><strong>Water<\/strong><\/p><ul><li>90 Liter fresh water tank<\/li><li>Gas powered geyser for hot water<\/li><li>Kitchen sink<\/li><li>Outdoor shower<\/li><\/ul><p><strong>Heat<\/strong><\/p><ul><li>Diesel powered cabin heater<\/li><\/ul><p><strong>Living &amp; Cooking &amp; Sleeping<\/strong><\/p><p>Living<\/p><ul><li>Removable table  (can be used to create 3rd bed)<\/li><li>2 Benches<\/li><li>2x 3 Soft pillows<\/li><\/ul><p>Kitchen<\/p><ul><li>Double stove<\/li><li>Sink with flexible faucet, hot and cold water<\/li><li>2 Drawers + 1 sink cabinet<\/li><li>40 Liter fridge<\/li><\/ul><p>BedroomSleeping<\/p><ul><li>Double bed<\/li><li>Length: 200 cm<\/li><li>Width: 140 cm<\/li><li>2 Down pillows<\/li><li>1 Fleece blanket<\/li><\/ul><p><strong>Storage<\/strong><\/p><ul><li>2 Full-width shelves for clothes<\/li><li>Hidden extra storage space<\/li><\/ul><p><strong>-Kitchen Supplies<\/strong><\/p><ul><li>4 Plates<\/li><li>4 Small bowls<\/li><li>2 Large bowls<\/li><li>4 Large glasses<\/li><li>4 Small glasses<\/li><li>2 Coffee mugs<\/li><li>4 Sets of cutlery<\/li><li>3 Serving spoons<\/li><li>1 Wooden spoon<\/li><li>1 Bamboo salad bowl and cutlery<\/li><li>1 Frying pan<\/li><li>1 Small + 1 medium + 1 large pan<\/li><li>1 Kettle<\/li><li>1 Thermos flask<\/li><li>1 Colander<\/li><li>1 Wooden + 2 plastic cutting boards<\/li><li>1 Citrus press<\/li><li>1 Cork screw \/ bottle opener<\/li><\/ul><p><strong>Interior &amp; Storage<\/strong><\/p><p>InteriorInterior<\/p><ul><li>Cozy lights, powered with rechargeable batteries<\/li><li>CuCurtains<\/li><li>Table cloth<\/li><li>Decorative plants<\/li><li>All windows can be opened and have an integrated blinding\/bug screen<\/li><\/ul><p><strong>Storage<\/strong><\/p><ul><li>Cabinets all around the cabin for all your stuff<\/li><li>IKEA organizers to keep things sorted<\/li><li>Secret storage space under the floor and in the bedroom<\/li><li>Outside compartment for water hose, power cords and jerrycan<\/li><\/ul><p><strong>Tools &amp; Safety\u00a0<\/strong><\/p><p>Basic tools<\/p><ul><li>Hammer, screw drivers, wrench, pliers<\/li><li>Kit, zip ties, duct tape and WD40 for emergency repairs<\/li><li>Shovel<\/li><li>2 Drawers + 1 sink cabinet<\/li><li>LiteDust pan + brush<\/li><\/ul><p><strong>Extensions<\/strong><\/p><ul><li>10m + 20m power cords<\/li><li>10m water hose with connectors<\/li><\/ul><p><strong>Safety<\/strong><\/p><ul><li>Smoke and CO detectors<\/li><li>Fire extinguisher<\/li><\/ul><p><strong>Car related<\/strong><\/p><ul><li>Warning triangles + Yellow jackets<\/li><li>- Towing cableTowing line<\/li><li>Jumper cables<\/li><li>Jack + brand new spare tire<\/li><li>12V compressor<\/li><li>2 Levelers for uneven terrain<\/li><li>20 Liter diesel jerrycan<\/li><\/ul><p><strong>Outside<\/strong><\/p><ul><li>20 Liter diesel jerrycan<\/li><\/ul><p><em>Price separately:<\/em><\/p><p>Camper: 16,000,000 CLP <br \/>Vehicle: 16.000.000 CLP<\/p><p><strong>Features:<\/strong><\/p><table><tbody><tr><th><span style=\"font-weight: 400;\">Precio Completo<\/span><\/th><td>$29.500.000<\/td><\/tr><tr><th><span style=\"font-weight: 400;\">Year<\/span><\/th><td>2020<\/td><\/tr><tr><th><span style=\"font-weight: 400;\">Kilometres<\/span><\/th><td>150.000<\/td><\/tr><tr><th><span style=\"font-weight: 400;\">Gas<\/span><\/th><td>Diesel<\/td><\/tr><tr><th><span style=\"font-weight: 400;\">Transmission (Gear)<\/span><\/th><td>Manual<\/td><\/tr><\/tbody><\/table>\t\t\t\t\t\t\t\t<\/div>\n\t\t\t\t<\/div>\n\t\t\t\t\t<\/div>\n\t\t<\/div>\n\t\t\t\t<div class=\"elementor-column elementor-col-50 elementor-top-column elementor-element elementor-element-f6127c6\" data-id=\"f6127c6\" data-element_type=\"column\" data-e-type=\"column\">\n\t\t\t<div class=\"elementor-widget-wrap elementor-element-populated\">\n\t\t\t\t\t\t<div class=\"elementor-element elementor-element-d76403a elementor-arrows-position-inside elementor-pagination-position-outside elementor-widget elementor-widget-image-carousel\" data-id=\"d76403a\" data-element_type=\"widget\" data-e-type=\"widget\" data-settings=\"{&quot;slides_to_show&quot;:&quot;1&quot;,&quot;navigation&quot;:&quot;both&quot;,&quot;autoplay&quot;:&quot;yes&quot;,&quot;pause_on_hover&quot;:&quot;yes&quot;,&quot;pause_on_interaction&quot;:&quot;yes&quot;,&quot;autoplay_speed&quot;:5000,&quot;infinite&quot;:&quot;yes&quot;,&quot;effect&quot;:&quot;slide&quot;,&quot;speed&quot;:500}\" data-widget_type=\"image-carousel.default\">\n\t\t\t\t<div class=\"elementor-widget-container\">\n\t\t\t\t\t\t\t<div class=\"elementor-image-carousel-wrapper swiper\" role=\"region\" aria-roledescription=\"carousel\" aria-label=\"Carrusel de im\u00e1genes\" dir=\"ltr\">\n\t\t\t<div class=\"elementor-image-carousel swiper-wrapper\" aria-live=\"off\">\n\t\t\t\t\t\t\t\t<div class=\"swiper-slide\" role=\"group\" aria-roledescription=\"slide\" aria-label=\"1 de 19\"><figure class=\"swiper-slide-inner\"><img decoding=\"async\" class=\"swiper-slide-image\" src=\"https:\/\/suzisantiagoctw.com\/wp-content\/uploads\/2026\/02\/3-1.jpg\" alt=\"3\" \/><\/figure><\/div><div class=\"swiper-slide\" role=\"group\" aria-roledescription=\"slide\" aria-label=\"2 de 19\"><figure class=\"swiper-slide-inner\"><img decoding=\"async\" class=\"swiper-slide-image\" src=\"https:\/\/suzisantiagoctw.com\/wp-content\/uploads\/2026\/02\/8.jpg\" alt=\"8\" \/><\/figure><\/div><div class=\"swiper-slide\" role=\"group\" aria-roledescription=\"slide\" aria-label=\"3 de 19\"><figure class=\"swiper-slide-inner\"><img decoding=\"async\" class=\"swiper-slide-image\" src=\"https:\/\/suzisantiagoctw.com\/wp-content\/uploads\/2026\/02\/7.jpg\" alt=\"7\" \/><\/figure><\/div><div class=\"swiper-slide\" role=\"group\" aria-roledescription=\"slide\" aria-label=\"4 de 19\"><figure class=\"swiper-slide-inner\"><img decoding=\"async\" class=\"swiper-slide-image\" src=\"https:\/\/suzisantiagoctw.com\/wp-content\/uploads\/2026\/02\/6-1.jpg\" alt=\"6\" \/><\/figure><\/div><div class=\"swiper-slide\" role=\"group\" aria-roledescription=\"slide\" aria-label=\"5 de 19\"><figure class=\"swiper-slide-inner\"><img decoding=\"async\" class=\"swiper-slide-image\" src=\"https:\/\/suzisantiagoctw.com\/wp-content\/uploads\/2026\/02\/5-1.jpg\" alt=\"5\" \/><\/figure><\/div><div class=\"swiper-slide\" role=\"group\" aria-roledescription=\"slide\" aria-label=\"6 de 19\"><figure class=\"swiper-slide-inner\"><img decoding=\"async\" class=\"swiper-slide-image\" src=\"https:\/\/suzisantiagoctw.com\/wp-content\/uploads\/2026\/02\/13.jpg\" alt=\"13\" \/><\/figure><\/div><div class=\"swiper-slide\" role=\"group\" aria-roledescription=\"slide\" aria-label=\"7 de 19\"><figure class=\"swiper-slide-inner\"><img decoding=\"async\" class=\"swiper-slide-image\" src=\"https:\/\/suzisantiagoctw.com\/wp-content\/uploads\/2026\/02\/14.jpg\" alt=\"14\" \/><\/figure><\/div><div class=\"swiper-slide\" role=\"group\" aria-roledescription=\"slide\" aria-label=\"8 de 19\"><figure class=\"swiper-slide-inner\"><img decoding=\"async\" class=\"swiper-slide-image\" src=\"https:\/\/suzisantiagoctw.com\/wp-content\/uploads\/2026\/02\/15.jpg\" alt=\"15\" \/><\/figure><\/div><div class=\"swiper-slide\" role=\"group\" aria-roledescription=\"slide\" aria-label=\"9 de 19\"><figure class=\"swiper-slide-inner\"><img decoding=\"async\" class=\"swiper-slide-image\" src=\"https:\/\/suzisantiagoctw.com\/wp-content\/uploads\/2026\/02\/16.jpg\" alt=\"16\" \/><\/figure><\/div><div class=\"swiper-slide\" role=\"group\" aria-roledescription=\"slide\" aria-label=\"10 de 19\"><figure class=\"swiper-slide-inner\"><img decoding=\"async\" class=\"swiper-slide-image\" src=\"https:\/\/suzisantiagoctw.com\/wp-content\/uploads\/2026\/02\/4-1.jpg\" alt=\"4\" \/><\/figure><\/div><div class=\"swiper-slide\" role=\"group\" aria-roledescription=\"slide\" aria-label=\"11 de 19\"><figure class=\"swiper-slide-inner\"><img decoding=\"async\" class=\"swiper-slide-image\" src=\"https:\/\/suzisantiagoctw.com\/wp-content\/uploads\/2026\/02\/12.jpg\" alt=\"12\" \/><\/figure><\/div><div class=\"swiper-slide\" role=\"group\" aria-roledescription=\"slide\" aria-label=\"12 de 19\"><figure class=\"swiper-slide-inner\"><img decoding=\"async\" class=\"swiper-slide-image\" src=\"https:\/\/suzisantiagoctw.com\/wp-content\/uploads\/2026\/02\/3-2.jpg\" alt=\"3\" \/><\/figure><\/div><div class=\"swiper-slide\" role=\"group\" aria-roledescription=\"slide\" aria-label=\"13 de 19\"><figure class=\"swiper-slide-inner\"><img decoding=\"async\" class=\"swiper-slide-image\" src=\"https:\/\/suzisantiagoctw.com\/wp-content\/uploads\/2026\/02\/11.jpg\" alt=\"11\" \/><\/figure><\/div><div class=\"swiper-slide\" role=\"group\" aria-roledescription=\"slide\" aria-label=\"14 de 19\"><figure class=\"swiper-slide-inner\"><img decoding=\"async\" class=\"swiper-slide-image\" src=\"https:\/\/suzisantiagoctw.com\/wp-content\/uploads\/2026\/02\/2-1.jpg\" alt=\"2\" \/><\/figure><\/div><div class=\"swiper-slide\" role=\"group\" aria-roledescription=\"slide\" aria-label=\"15 de 19\"><figure class=\"swiper-slide-inner\"><img decoding=\"async\" class=\"swiper-slide-image\" src=\"https:\/\/suzisantiagoctw.com\/wp-content\/uploads\/2026\/02\/10.jpg\" alt=\"10\" \/><\/figure><\/div><div class=\"swiper-slide\" role=\"group\" aria-roledescription=\"slide\" aria-label=\"16 de 19\"><figure class=\"swiper-slide-inner\"><img decoding=\"async\" class=\"swiper-slide-image\" src=\"https:\/\/suzisantiagoctw.com\/wp-content\/uploads\/2026\/02\/1-1.jpg\" alt=\"1\" \/><\/figure><\/div><div class=\"swiper-slide\" role=\"group\" aria-roledescription=\"slide\" aria-label=\"17 de 19\"><figure class=\"swiper-slide-inner\"><img decoding=\"async\" class=\"swiper-slide-image\" src=\"https:\/\/suzisantiagoctw.com\/wp-content\/uploads\/2026\/02\/9.jpg\" alt=\"9\" \/><\/figure><\/div><div class=\"swiper-slide\" role=\"group\" aria-roledescription=\"slide\" aria-label=\"18 de 19\"><figure class=\"swiper-slide-inner\"><img decoding=\"async\" class=\"swiper-slide-image\" src=\"https:\/\/suzisantiagoctw.com\/wp-content\/uploads\/2026\/02\/17.jpg\" alt=\"17\" \/><\/figure><\/div><div class=\"swiper-slide\" role=\"group\" aria-roledescription=\"slide\" aria-label=\"19 de 19\"><figure class=\"swiper-slide-inner\"><img decoding=\"async\" class=\"swiper-slide-image\" src=\"https:\/\/suzisantiagoctw.com\/wp-content\/uploads\/2026\/02\/18.jpg\" alt=\"18\" \/><\/figure><\/div>\t\t\t<\/div>\n\t\t\t\t\t\t\t\t\t\t\t\t<div class=\"elementor-swiper-button elementor-swiper-button-prev\" role=\"button\" tabindex=\"0\">\n\t\t\t\t\t\t<i aria-hidden=\"true\" class=\"eicon-chevron-left\"><\/i>\t\t\t\t\t<\/div>\n\t\t\t\t\t<div class=\"elementor-swiper-button elementor-swiper-button-next\" role=\"button\" tabindex=\"0\">\n\t\t\t\t\t\t<i aria-hidden=\"true\" class=\"eicon-chevron-right\"><\/i>\t\t\t\t\t<\/div>\n\t\t\t\t\n\t\t\t\t\t\t\t\t\t<div class=\"swiper-pagination\"><\/div>\n\t\t\t\t\t\t\t\t\t<\/div>\n\t\t\t\t\t\t<\/div>\n\t\t\t\t<\/div>\n\t\t\t\t<div class=\"elementor-element elementor-element-d552755 elementor-align-center elementor-button-info elementor-widget elementor-widget-button\" data-id=\"d552755\" data-element_type=\"widget\" data-e-type=\"widget\" data-widget_type=\"button.default\">\n\t\t\t\t<div class=\"elementor-widget-container\">\n\t\t\t\t\t\t\t\t\t<div class=\"elementor-button-wrapper\">\n\t\t\t\t\t<a class=\"elementor-button elementor-button-link elementor-size-sm\" href=\"https:\/\/docs.google.com\/presentation\/d\/1F8qKZBdxLIH1GC_JmBwqK9Xa25ExFqt5\/edit?usp=drivesdk&#038;ouid=113424188705583820566&#038;rtpof=true&#038;sd=true\">\n\t\t\t\t\t\t<span class=\"elementor-button-content-wrapper\">\n\t\t\t\t\t\t\t\t\t<span class=\"elementor-button-text\">Descarga su ficha aqu\u00ed<\/span>\n\t\t\t\t\t<\/span>\n\t\t\t\t\t<\/a>\n\t\t\t\t<\/div>\n\t\t\t\t\t\t\t\t<\/div>\n\t\t\t\t<\/div>\n\t\t\t\t<div class=\"elementor-element elementor-element-f1c26f1 elementor-align-center elementor-widget elementor-widget-button\" data-id=\"f1c26f1\" data-element_type=\"widget\" data-e-type=\"widget\" data-widget_type=\"button.default\">\n\t\t\t\t<div class=\"elementor-widget-container\">\n\t\t\t\t\t\t\t\t\t<div class=\"elementor-button-wrapper\">\n\t\t\t\t\t<a class=\"elementor-button elementor-button-link elementor-size-sm\" href=\"https:\/\/suzisantiagoctw.com\/en\/contacto\/\">\n\t\t\t\t\t\t<span class=\"elementor-button-content-wrapper\">\n\t\t\t\t\t\t\t\t\t<span class=\"elementor-button-text\">More info here<\/span>\n\t\t\t\t\t<\/span>\n\t\t\t\t\t<\/a>\n\t\t\t\t<\/div>\n\t\t\t\t\t\t\t\t<\/div>\n\t\t\t\t<\/div>\n\t\t\t\t\t<\/div>\n\t\t<\/div>\n\t\t\t\t\t<\/div>\n\t\t<\/section>\n\t\t\t\t<\/div>","protected":false},"excerpt":{"rendered":"<p>TOYOTA HILUX + CAMPER VAN Especificaciones: Motor: 2,4 litros di\u00e9sel Revisi\u00f3n T\u00e9cnica: hasta noviembre de 2026 Caja manual de 6 velocidades 4WD \u2013 capacidad total off-road C\u00e1mara de retroceso Apple CarPlay\/Android Auto Bluetooth Historial de mantenimiento 131.000 km (01-06-2025) Revisi\u00f3n t\u00e9cnica completa Cambio de l\u00edquido de direcci\u00f3n hidr\u00e1ulica Ajuste del freno de mano Reemplazo de [&hellip;]<\/p>\n","protected":false},"author":1,"featured_media":0,"parent":0,"menu_order":0,"comment_status":"closed","ping_status":"closed","template":"","meta":{"_joinchat":[],"footnotes":""},"class_list":["post-18274","page","type-page","status-publish","hentry"],"_links":{"self":[{"href":"https:\/\/suzisantiagoctw.com\/en\/wp-json\/wp\/v2\/pages\/18274","targetHints":{"allow":["GET"]}}],"collection":[{"href":"https:\/\/suzisantiagoctw.com\/en\/wp-json\/wp\/v2\/pages"}],"about":[{"href":"https:\/\/suzisantiagoctw.com\/en\/wp-json\/wp\/v2\/types\/page"}],"author":[{"embeddable":true,"href":"https:\/\/suzisantiagoctw.com\/en\/wp-json\/wp\/v2\/users\/1"}],"replies":[{"embeddable":true,"href":"https:\/\/suzisantiagoctw.com\/en\/wp-json\/wp\/v2\/comments?post=18274"}],"version-history":[{"count":55,"href":"https:\/\/suzisantiagoctw.com\/en\/wp-json\/wp\/v2\/pages\/18274\/revisions"}],"predecessor-version":[{"id":19131,"href":"https:\/\/suzisantiagoctw.com\/en\/wp-json\/wp\/v2\/pages\/18274\/revisions\/19131"}],"wp:attachment":[{"href":"https:\/\/suzisantiagoctw.com\/en\/wp-json\/wp\/v2\/media?parent=18274"}],"curies":[{"name":"wp","href":"https:\/\/api.w.org\/{rel}","templated":true}]}}