{"id":16560,"date":"2025-09-12T00:01:36","date_gmt":"2025-09-12T00:01:36","guid":{"rendered":"https:\/\/suzisantiagoctw.com\/?page_id=16560"},"modified":"2026-02-26T18:42:42","modified_gmt":"2026-02-26T18:42:42","slug":"brilliance-x30-elite-1-5","status":"publish","type":"page","link":"https:\/\/suzisantiagoctw.com\/en\/brilliance-x30-elite-1-5\/","title":{"rendered":"BRILLIANCE X30 ELITE 1.5"},"content":{"rendered":"<div data-elementor-type=\"wp-page\" data-elementor-id=\"16560\" class=\"elementor elementor-16560\" data-elementor-post-type=\"page\">\n\t\t\t\t\t\t<section class=\"elementor-section elementor-top-section elementor-element elementor-element-8c936cd elementor-section-boxed elementor-section-height-default elementor-section-height-default\" data-id=\"8c936cd\" data-element_type=\"section\" data-e-type=\"section\">\n\t\t\t\t\t\t<div class=\"elementor-container elementor-column-gap-default\">\n\t\t\t\t\t<div class=\"elementor-column elementor-col-100 elementor-top-column elementor-element elementor-element-d2294f1\" data-id=\"d2294f1\" data-element_type=\"column\" data-e-type=\"column\">\n\t\t\t<div class=\"elementor-widget-wrap elementor-element-populated\">\n\t\t\t\t\t\t<div class=\"elementor-element elementor-element-331f719 elementor-widget elementor-widget-spacer\" data-id=\"331f719\" data-element_type=\"widget\" data-e-type=\"widget\" data-widget_type=\"spacer.default\">\n\t\t\t\t<div class=\"elementor-widget-container\">\n\t\t\t\t\t\t\t<div class=\"elementor-spacer\">\n\t\t\t<div class=\"elementor-spacer-inner\"><\/div>\n\t\t<\/div>\n\t\t\t\t\t\t<\/div>\n\t\t\t\t<\/div>\n\t\t\t\t\t<\/div>\n\t\t<\/div>\n\t\t\t\t\t<\/div>\n\t\t<\/section>\n\t\t\t\t<section class=\"elementor-section elementor-top-section elementor-element elementor-element-b16db35 elementor-section-boxed elementor-section-height-default elementor-section-height-default\" data-id=\"b16db35\" data-element_type=\"section\" data-e-type=\"section\">\n\t\t\t\t\t\t<div class=\"elementor-container elementor-column-gap-default\">\n\t\t\t\t\t<div class=\"elementor-column elementor-col-50 elementor-top-column elementor-element elementor-element-f6a562b\" data-id=\"f6a562b\" data-element_type=\"column\" data-e-type=\"column\">\n\t\t\t<div class=\"elementor-widget-wrap elementor-element-populated\">\n\t\t\t\t\t\t<div class=\"elementor-element elementor-element-4c7c438 elementor-widget elementor-widget-heading\" data-id=\"4c7c438\" data-element_type=\"widget\" data-e-type=\"widget\" data-widget_type=\"heading.default\">\n\t\t\t\t<div class=\"elementor-widget-container\">\n\t\t\t\t\t<h2 class=\"elementor-heading-title elementor-size-default\">BRILLIANCE X30 ELITE 1.5 CAMPER VAN<\/h2>\t\t\t\t<\/div>\n\t\t\t\t<\/div>\n\t\t\t\t<div class=\"elementor-element elementor-element-c77d2a2 elementor-widget elementor-widget-text-editor\" data-id=\"c77d2a2\" data-element_type=\"widget\" data-e-type=\"widget\" data-widget_type=\"text-editor.default\">\n\t\t\t\t<div class=\"elementor-widget-container\">\n\t\t\t\t\t\t\t\t\t<p><strong>Specifications<\/strong><\/p><p><strong>The vehicle<\/strong><\/p><ul><li>Gasoline, 9L \/ 100km, 40L tank.<\/li><li>40L tank.<\/li><li>Manual, 5 gear.<\/li><li>Great AC.<\/li><li>Solar system<\/li><li>Technical permit (mechanical test) valid until 31.07.2026.<\/li><\/ul><p><strong>Mechanical condition<\/strong><\/p><ul><li>5 New tires adapted for off-road driving.<\/li><li>New car battery.<\/li><li>The vehicle has done maintenance every 10,000 km, the last at 63,200 km, at the end\nof our journey and just before the sale: Oil, filters and new timing belt.<\/li><\/ul><p><strong>The Room<\/strong><\/p><ul><li>Wooden platform with tons of storage beneath (a part can be removed so you can sit\ninside).<\/li><li>3 separate mattresses that can create a variety of sitting or lying options: bad 140\u00d7200,\nsofa, chaise-longue, and more<\/li><li>Space for everyday accessories in the van&#039;s side locker and dedicated pockets.<\/li><li>2 pillows, bed sheets, blanket, and 2 duvets.<\/li><\/ul><p><strong>Kitchen<\/strong><\/p><ul><li>A portable double gas stove for cooking outdoors in nice weather or indoors\nwhen it&#039;s windy outside.<\/li><li>New 5kg gas tank.<\/li><li>A 50L 12V fridge (works with the solar panel battery).<\/li><li>Two 20L water tanks (enough for 6-7 days in nature camping).<\/li><li>Water pump.<\/li><li>Folded table + 2 camping chairs.<\/li><li>End-to-end kitchenware including wine glasses and a good knife!<\/li><li>Two containers for dishes and laundry + ecological soap.<\/li><\/ul><p><strong>Other Important Equipment<\/strong><\/p><ul><li>Fishing rod with full fishing equipment for lakes and rivers!<\/li><li>Giant roof rack + Ratchets and ropes.<\/li><li>A tarp against rain, long ropes, mooring pegs and a hammer if necessary.<\/li><li>Solar system including solar panel, new gel battery, USB plugs, 220V electric\nconverter to charge a laptop etc.<\/li><li>20L spare gasoline tank.<\/li><li>Spare tire and repair kit + 12V air pump + battery starter (jump starter) + steering\nwheel lock.<\/li><\/ul><p><strong>Features:<\/strong><\/p><table><tbody><tr><th><span style=\"font-weight: 400;\">Price<\/span><\/th><td>$8.000.000<\/td><\/tr><tr><th><span style=\"font-weight: 400;\">Year<\/span><\/th><td>2022<\/td><\/tr><tr><th><span style=\"font-weight: 400;\">Kilometres<\/span><\/th><td>66.100<\/td><\/tr><tr><th><span style=\"font-weight: 400;\">Gas<\/span><\/th><td>Gasoline<\/td><\/tr><tr><th><span style=\"font-weight: 400;\">Transmission (Gear)<\/span><\/th><td>Manual<\/td><\/tr><\/tbody><\/table>\t\t\t\t\t\t\t\t<\/div>\n\t\t\t\t<\/div>\n\t\t\t\t\t<\/div>\n\t\t<\/div>\n\t\t\t\t<div class=\"elementor-column elementor-col-50 elementor-top-column elementor-element elementor-element-f6127c6\" data-id=\"f6127c6\" data-element_type=\"column\" data-e-type=\"column\">\n\t\t\t<div class=\"elementor-widget-wrap elementor-element-populated\">\n\t\t\t\t\t\t<div class=\"elementor-element elementor-element-d76403a elementor-arrows-position-inside elementor-pagination-position-outside elementor-widget elementor-widget-image-carousel\" data-id=\"d76403a\" data-element_type=\"widget\" data-e-type=\"widget\" data-settings=\"{&quot;slides_to_show&quot;:&quot;1&quot;,&quot;navigation&quot;:&quot;both&quot;,&quot;autoplay&quot;:&quot;yes&quot;,&quot;pause_on_hover&quot;:&quot;yes&quot;,&quot;pause_on_interaction&quot;:&quot;yes&quot;,&quot;autoplay_speed&quot;:5000,&quot;infinite&quot;:&quot;yes&quot;,&quot;effect&quot;:&quot;slide&quot;,&quot;speed&quot;:500}\" data-widget_type=\"image-carousel.default\">\n\t\t\t\t<div class=\"elementor-widget-container\">\n\t\t\t\t\t\t\t<div class=\"elementor-image-carousel-wrapper swiper\" role=\"region\" aria-roledescription=\"carousel\" aria-label=\"Carrusel de im\u00e1genes\" dir=\"ltr\">\n\t\t\t<div class=\"elementor-image-carousel swiper-wrapper\" aria-live=\"off\">\n\t\t\t\t\t\t\t\t<div class=\"swiper-slide\" role=\"group\" aria-roledescription=\"slide\" aria-label=\"1 de 5\"><figure class=\"swiper-slide-inner\"><img decoding=\"async\" class=\"swiper-slide-image\" src=\"https:\/\/suzisantiagoctw.com\/wp-content\/uploads\/2025\/09\/1-6.jpg\" alt=\"1\" \/><\/figure><\/div><div class=\"swiper-slide\" role=\"group\" aria-roledescription=\"slide\" aria-label=\"2 de 5\"><figure class=\"swiper-slide-inner\"><img decoding=\"async\" class=\"swiper-slide-image\" src=\"https:\/\/suzisantiagoctw.com\/wp-content\/uploads\/2025\/09\/2-6.jpg\" alt=\"2\" \/><\/figure><\/div><div class=\"swiper-slide\" role=\"group\" aria-roledescription=\"slide\" aria-label=\"3 de 5\"><figure class=\"swiper-slide-inner\"><img decoding=\"async\" class=\"swiper-slide-image\" src=\"https:\/\/suzisantiagoctw.com\/wp-content\/uploads\/2025\/09\/3-5.jpg\" alt=\"3\" \/><\/figure><\/div><div class=\"swiper-slide\" role=\"group\" aria-roledescription=\"slide\" aria-label=\"4 de 5\"><figure class=\"swiper-slide-inner\"><img decoding=\"async\" class=\"swiper-slide-image\" src=\"https:\/\/suzisantiagoctw.com\/wp-content\/uploads\/2025\/09\/4-5.jpg\" alt=\"4\" \/><\/figure><\/div><div class=\"swiper-slide\" role=\"group\" aria-roledescription=\"slide\" aria-label=\"5 de 5\"><figure class=\"swiper-slide-inner\"><img decoding=\"async\" class=\"swiper-slide-image\" src=\"https:\/\/suzisantiagoctw.com\/wp-content\/uploads\/2025\/09\/5-4.jpg\" alt=\"5\" \/><\/figure><\/div>\t\t\t<\/div>\n\t\t\t\t\t\t\t\t\t\t\t\t<div class=\"elementor-swiper-button elementor-swiper-button-prev\" role=\"button\" tabindex=\"0\">\n\t\t\t\t\t\t<i aria-hidden=\"true\" class=\"eicon-chevron-left\"><\/i>\t\t\t\t\t<\/div>\n\t\t\t\t\t<div class=\"elementor-swiper-button elementor-swiper-button-next\" role=\"button\" tabindex=\"0\">\n\t\t\t\t\t\t<i aria-hidden=\"true\" class=\"eicon-chevron-right\"><\/i>\t\t\t\t\t<\/div>\n\t\t\t\t\n\t\t\t\t\t\t\t\t\t<div class=\"swiper-pagination\"><\/div>\n\t\t\t\t\t\t\t\t\t<\/div>\n\t\t\t\t\t\t<\/div>\n\t\t\t\t<\/div>\n\t\t\t\t<div class=\"elementor-element elementor-element-d552755 elementor-align-center elementor-widget elementor-widget-button\" data-id=\"d552755\" data-element_type=\"widget\" data-e-type=\"widget\" data-widget_type=\"button.default\">\n\t\t\t\t<div class=\"elementor-widget-container\">\n\t\t\t\t\t\t\t\t\t<div class=\"elementor-button-wrapper\">\n\t\t\t\t\t<a class=\"elementor-button elementor-button-link elementor-size-sm\" href=\"https:\/\/suzisantiagoctw.com\/en\/contacto\/\">\n\t\t\t\t\t\t<span class=\"elementor-button-content-wrapper\">\n\t\t\t\t\t\t\t\t\t<span class=\"elementor-button-text\">More info here<\/span>\n\t\t\t\t\t<\/span>\n\t\t\t\t\t<\/a>\n\t\t\t\t<\/div>\n\t\t\t\t\t\t\t\t<\/div>\n\t\t\t\t<\/div>\n\t\t\t\t\t<\/div>\n\t\t<\/div>\n\t\t\t\t\t<\/div>\n\t\t<\/section>\n\t\t\t\t<\/div>","protected":false},"excerpt":{"rendered":"<p>BRILLIANCE X30 ELITE 1.5 CAMPER VAN Especificaciones: El veh\u00edculo Gasolina, 9L \/ 100 km Estanque de 40L 5 velocidades. Aire acondicionado en excelente estado. Sistema solar Revisi\u00f3n t\u00e9cnica v\u00e1lida hasta el 31\/07\/2026. Condici\u00f3n mec\u00e1nica 5 neum\u00e1ticos nuevos adaptados para conducci\u00f3n off-road. Bater\u00eda nueva. El veh\u00edculo ha recibido mantenimiento cada 10.000 km. El \u00faltimo se realiz\u00f3 [&hellip;]<\/p>\n","protected":false},"author":1,"featured_media":0,"parent":0,"menu_order":0,"comment_status":"closed","ping_status":"closed","template":"","meta":{"_joinchat":[],"footnotes":""},"class_list":["post-16560","page","type-page","status-publish","hentry"],"_links":{"self":[{"href":"https:\/\/suzisantiagoctw.com\/en\/wp-json\/wp\/v2\/pages\/16560","targetHints":{"allow":["GET"]}}],"collection":[{"href":"https:\/\/suzisantiagoctw.com\/en\/wp-json\/wp\/v2\/pages"}],"about":[{"href":"https:\/\/suzisantiagoctw.com\/en\/wp-json\/wp\/v2\/types\/page"}],"author":[{"embeddable":true,"href":"https:\/\/suzisantiagoctw.com\/en\/wp-json\/wp\/v2\/users\/1"}],"replies":[{"embeddable":true,"href":"https:\/\/suzisantiagoctw.com\/en\/wp-json\/wp\/v2\/comments?post=16560"}],"version-history":[{"count":34,"href":"https:\/\/suzisantiagoctw.com\/en\/wp-json\/wp\/v2\/pages\/16560\/revisions"}],"predecessor-version":[{"id":18861,"href":"https:\/\/suzisantiagoctw.com\/en\/wp-json\/wp\/v2\/pages\/16560\/revisions\/18861"}],"wp:attachment":[{"href":"https:\/\/suzisantiagoctw.com\/en\/wp-json\/wp\/v2\/media?parent=16560"}],"curies":[{"name":"wp","href":"https:\/\/api.w.org\/{rel}","templated":true}]}}