{"id":16501,"date":"2025-09-09T02:39:19","date_gmt":"2025-09-09T02:39:19","guid":{"rendered":"https:\/\/suzisantiagoctw.com\/?page_id=16501"},"modified":"2026-03-11T15:37:53","modified_gmt":"2026-03-11T15:37:53","slug":"mitsubishi-l300-2-0","status":"publish","type":"page","link":"https:\/\/suzisantiagoctw.com\/en\/mitsubishi-l300-2-0\/","title":{"rendered":"MITSUBISHI L300 2.0"},"content":{"rendered":"<div data-elementor-type=\"wp-page\" data-elementor-id=\"16501\" class=\"elementor elementor-16501\" data-elementor-post-type=\"page\">\n\t\t\t\t\t\t<section class=\"elementor-section elementor-top-section elementor-element elementor-element-8c936cd elementor-section-boxed elementor-section-height-default elementor-section-height-default\" data-id=\"8c936cd\" data-element_type=\"section\" data-e-type=\"section\">\n\t\t\t\t\t\t<div class=\"elementor-container elementor-column-gap-default\">\n\t\t\t\t\t<div class=\"elementor-column elementor-col-100 elementor-top-column elementor-element elementor-element-d2294f1\" data-id=\"d2294f1\" data-element_type=\"column\" data-e-type=\"column\">\n\t\t\t<div class=\"elementor-widget-wrap elementor-element-populated\">\n\t\t\t\t\t\t<div class=\"elementor-element elementor-element-331f719 elementor-widget elementor-widget-spacer\" data-id=\"331f719\" data-element_type=\"widget\" data-e-type=\"widget\" data-widget_type=\"spacer.default\">\n\t\t\t\t<div class=\"elementor-widget-container\">\n\t\t\t\t\t\t\t<div class=\"elementor-spacer\">\n\t\t\t<div class=\"elementor-spacer-inner\"><\/div>\n\t\t<\/div>\n\t\t\t\t\t\t<\/div>\n\t\t\t\t<\/div>\n\t\t\t\t\t<\/div>\n\t\t<\/div>\n\t\t\t\t\t<\/div>\n\t\t<\/section>\n\t\t\t\t<section class=\"elementor-section elementor-top-section elementor-element elementor-element-b16db35 elementor-section-boxed elementor-section-height-default elementor-section-height-default\" data-id=\"b16db35\" data-element_type=\"section\" data-e-type=\"section\">\n\t\t\t\t\t\t<div class=\"elementor-container elementor-column-gap-default\">\n\t\t\t\t\t<div class=\"elementor-column elementor-col-50 elementor-top-column elementor-element elementor-element-f6a562b\" data-id=\"f6a562b\" data-element_type=\"column\" data-e-type=\"column\">\n\t\t\t<div class=\"elementor-widget-wrap elementor-element-populated\">\n\t\t\t\t\t\t<div class=\"elementor-element elementor-element-4c7c438 elementor-widget elementor-widget-heading\" data-id=\"4c7c438\" data-element_type=\"widget\" data-e-type=\"widget\" data-widget_type=\"heading.default\">\n\t\t\t\t<div class=\"elementor-widget-container\">\n\t\t\t\t\t<h2 class=\"elementor-heading-title elementor-size-default\">MITSUBISHI L300 2.0. CAMPER VAN<\/h2>\t\t\t\t<\/div>\n\t\t\t\t<\/div>\n\t\t\t\t<div class=\"elementor-element elementor-element-c77d2a2 elementor-widget elementor-widget-text-editor\" data-id=\"c77d2a2\" data-element_type=\"widget\" data-e-type=\"widget\" data-widget_type=\"text-editor.default\">\n\t\t\t\t<div class=\"elementor-widget-container\">\n\t\t\t\t\t\t\t\t\t<p><strong>Specifications<\/strong><\/p><p><strong>Car specifications: <\/strong><\/p><ul><li>Chilean number plate<\/li><li>2 sliding doors<\/li><\/ul><p><strong>Vehicle Documents:<\/strong><\/p><ul><li>Padr\u00f3n (car registration document).<\/li><li>Permiso de circulaci\u00f3n until march 2026<\/li><li>Certificado de revis\u00edon t\u00e9cnica until April 2026.<\/li><li>Seguro obligatorio (SOAP) until April 2025.<\/li><\/ul><p><strong>Electrical system:<\/strong><\/p><ul><li>Solar panel connected to a 100Ah Deep cycle battery with a charge controller.<\/li><li>Switch to connect the second battery with the first battery to charge while driving (really good for cloudy weeks!)<\/li><li>375W inverter with power strip to charge phones and laptop.<\/li><li>Ceiling lamp and fairy light.<\/li><\/ul><p><strong>Kitchen, camping, bedding: <\/strong><\/p><ul><li>2 burner gas stove + 11kg gas bottle.<\/li><li>Big electric cooler.<\/li><li>Utensils (pots, pan, plates, cutlery, food containers,)<\/li><li>French press for cafe.<\/li><li>20L fresh water tank<\/li><li>Extra water tank for washing dishes (20L).<\/li><li>Comfortable mattress for 2 people\u2019s (120x200cm) + soft mattress topper.<\/li><li>1 duvet + cover.<\/li><li>1 big warm blanket for cold nights.<\/li><li>2 pillows + 4 pillowcases and 2 mattress covers.<\/li><li>Curtains for all windows with mosquito mesh.<\/li><li>Big table + 2 campings chairs + outside carpet.<\/li><li>Outside awning (sun protection).<\/li><\/ul><p><strong>Storage<\/strong><\/p><ul><li>7 storage boxes (fit under the bed).<\/li><li>Extra space for 2 backpacks under the bed.<\/li><li>Big storage shelves next to the bed and extra storage for clothes\/towels above the bed.<\/li><li>4 small bookshelves.<\/li><li>Roof rack with lockable metal box (for tools, parts,\u2026) + 2x20L spare fuel tank.<\/li><\/ul><p><strong>Safety:<\/strong><\/p><ul><li>Immobilizer (you can\u2019t start the car without it) + spare.<\/li><li>Steering wheel lock.<\/li><li>External locks with chains for all doors for extra safety.<\/li><li>Snow chains.<\/li><\/ul><p><strong>Extra equipment:<\/strong><\/p><ul><li>Tools, oil, radiator liquid, spare parts.<\/li><li>Starting aid cables.<\/li><li>Spare wheel with car jack.<\/li><li>Pull strap, triangle, safety vests, fire extinguisher.<\/li><li>Shovel and saw.<\/li><li>Lonely planet books (Peru, Argentina) + game.<\/li><\/ul><p><strong>Mechanical details:<\/strong><\/p><ul><li>Rear brake pads replaced (09\/23)<\/li><li>New exhaust system (09\/23)<\/li><li>New accessory belt and spark plugs (09\/23)<\/li><li>New front lower control arms and bushings (09\/23)<\/li><li>Partial engine rebuild: new valves and guides, timing belts, head gasket (11\/23 at 226,000 km)<\/li><li>New Bluetooth radio and speakers (12\/23)<\/li><li>New front stabilizer bar links (01\/24)<\/li><li>Two new front tires (02\/24)<\/li><li>New windshield (03\/24)<\/li><li>Technical inspection (03\/24) \u2013 no issues detected<\/li><li>new second battery (04\/24)<\/li><li>Oil + oil filter + air filter change every 10000km<\/li><li>Tires balancing and alignment (05\/25).<\/li><li>Speedometer change (08\/25).<\/li><\/ul><p><strong>Recommendations and tips<\/strong><\/p><ul><li>The code of the Bluetooth is 8888.<\/li><li>We suggest you pay the tolls in cash each time, otherwise there are additional fees<\/li><li>When the fuel gauge shows empty, there are still several kilometers of distance left before running out.<\/li><\/ul><p><strong>If the engine battery is dead, you can connect it to the second battery to restart it only if it\u2019s necessary.<\/strong><\/p><p><strong>Features:<\/strong><\/p><table><tbody><tr><th><span style=\"font-weight: 400;\">Price<\/span><\/th><td>$4.100.000<\/td><\/tr><tr><th><span style=\"font-weight: 400;\">Year<\/span><\/th><td>2009<\/td><\/tr><tr><th><span style=\"font-weight: 400;\">Kilometres<\/span><\/th><td>256.000<\/td><\/tr><tr><th><span style=\"font-weight: 400;\">Gas<\/span><\/th><td>Gasoline<\/td><\/tr><tr><th><span style=\"font-weight: 400;\">Transmission (Gear)<\/span><\/th><td>Manual<\/td><\/tr><\/tbody><\/table>\t\t\t\t\t\t\t\t<\/div>\n\t\t\t\t<\/div>\n\t\t\t\t\t<\/div>\n\t\t<\/div>\n\t\t\t\t<div class=\"elementor-column elementor-col-50 elementor-top-column elementor-element elementor-element-f6127c6\" data-id=\"f6127c6\" data-element_type=\"column\" data-e-type=\"column\">\n\t\t\t<div class=\"elementor-widget-wrap elementor-element-populated\">\n\t\t\t\t\t\t<div class=\"elementor-element elementor-element-d76403a elementor-arrows-position-inside elementor-pagination-position-outside elementor-widget elementor-widget-image-carousel\" data-id=\"d76403a\" data-element_type=\"widget\" data-e-type=\"widget\" data-settings=\"{&quot;slides_to_show&quot;:&quot;1&quot;,&quot;navigation&quot;:&quot;both&quot;,&quot;autoplay&quot;:&quot;yes&quot;,&quot;pause_on_hover&quot;:&quot;yes&quot;,&quot;pause_on_interaction&quot;:&quot;yes&quot;,&quot;autoplay_speed&quot;:5000,&quot;infinite&quot;:&quot;yes&quot;,&quot;effect&quot;:&quot;slide&quot;,&quot;speed&quot;:500}\" data-widget_type=\"image-carousel.default\">\n\t\t\t\t<div class=\"elementor-widget-container\">\n\t\t\t\t\t\t\t<div class=\"elementor-image-carousel-wrapper swiper\" role=\"region\" aria-roledescription=\"carousel\" aria-label=\"Carrusel de im\u00e1genes\" dir=\"ltr\">\n\t\t\t<div class=\"elementor-image-carousel swiper-wrapper\" aria-live=\"off\">\n\t\t\t\t\t\t\t\t<div class=\"swiper-slide\" role=\"group\" aria-roledescription=\"slide\" aria-label=\"1 de 5\"><figure class=\"swiper-slide-inner\"><img decoding=\"async\" class=\"swiper-slide-image\" src=\"https:\/\/suzisantiagoctw.com\/wp-content\/uploads\/2025\/09\/1-4.jpg\" alt=\"1\" \/><\/figure><\/div><div class=\"swiper-slide\" role=\"group\" aria-roledescription=\"slide\" aria-label=\"2 de 5\"><figure class=\"swiper-slide-inner\"><img decoding=\"async\" class=\"swiper-slide-image\" src=\"https:\/\/suzisantiagoctw.com\/wp-content\/uploads\/2025\/09\/2-4.jpg\" alt=\"2\" \/><\/figure><\/div><div class=\"swiper-slide\" role=\"group\" aria-roledescription=\"slide\" aria-label=\"3 de 5\"><figure class=\"swiper-slide-inner\"><img decoding=\"async\" class=\"swiper-slide-image\" src=\"https:\/\/suzisantiagoctw.com\/wp-content\/uploads\/2025\/09\/3-4.jpg\" alt=\"3\" \/><\/figure><\/div><div class=\"swiper-slide\" role=\"group\" aria-roledescription=\"slide\" aria-label=\"4 de 5\"><figure class=\"swiper-slide-inner\"><img decoding=\"async\" class=\"swiper-slide-image\" src=\"https:\/\/suzisantiagoctw.com\/wp-content\/uploads\/2025\/09\/4-4.jpg\" alt=\"4\" \/><\/figure><\/div><div class=\"swiper-slide\" role=\"group\" aria-roledescription=\"slide\" aria-label=\"5 de 5\"><figure class=\"swiper-slide-inner\"><img decoding=\"async\" class=\"swiper-slide-image\" src=\"https:\/\/suzisantiagoctw.com\/wp-content\/uploads\/2025\/09\/5-3.jpg\" alt=\"5\" \/><\/figure><\/div>\t\t\t<\/div>\n\t\t\t\t\t\t\t\t\t\t\t\t<div class=\"elementor-swiper-button elementor-swiper-button-prev\" role=\"button\" tabindex=\"0\">\n\t\t\t\t\t\t<i aria-hidden=\"true\" class=\"eicon-chevron-left\"><\/i>\t\t\t\t\t<\/div>\n\t\t\t\t\t<div class=\"elementor-swiper-button elementor-swiper-button-next\" role=\"button\" tabindex=\"0\">\n\t\t\t\t\t\t<i aria-hidden=\"true\" class=\"eicon-chevron-right\"><\/i>\t\t\t\t\t<\/div>\n\t\t\t\t\n\t\t\t\t\t\t\t\t\t<div class=\"swiper-pagination\"><\/div>\n\t\t\t\t\t\t\t\t\t<\/div>\n\t\t\t\t\t\t<\/div>\n\t\t\t\t<\/div>\n\t\t\t\t<div class=\"elementor-element elementor-element-d552755 elementor-align-center elementor-widget elementor-widget-button\" data-id=\"d552755\" data-element_type=\"widget\" data-e-type=\"widget\" data-widget_type=\"button.default\">\n\t\t\t\t<div class=\"elementor-widget-container\">\n\t\t\t\t\t\t\t\t\t<div class=\"elementor-button-wrapper\">\n\t\t\t\t\t<a class=\"elementor-button elementor-button-link elementor-size-sm\" href=\"https:\/\/suzisantiagoctw.com\/en\/contacto\/\">\n\t\t\t\t\t\t<span class=\"elementor-button-content-wrapper\">\n\t\t\t\t\t\t\t\t\t<span class=\"elementor-button-text\">More info here<\/span>\n\t\t\t\t\t<\/span>\n\t\t\t\t\t<\/a>\n\t\t\t\t<\/div>\n\t\t\t\t\t\t\t\t<\/div>\n\t\t\t\t<\/div>\n\t\t\t\t\t<\/div>\n\t\t<\/div>\n\t\t\t\t\t<\/div>\n\t\t<\/section>\n\t\t\t\t<\/div>","protected":false},"excerpt":{"rendered":"<p>MITSUBISHI L300 2.0. CAMPER VAN Especificaciones: Especificaciones del veh\u00edculo: Patente chilena. 2 puertas corredizas. Documentaci\u00f3n del veh\u00edculo: Padr\u00f3n (certificado de inscripci\u00f3n del veh\u00edculo). Permiso de circulaci\u00f3n vigente hasta marzo de 2026. Certificado de revisi\u00f3n t\u00e9cnica vigente hasta abril de 2026. Seguro obligatorio (SOAP) vigente hasta abril de 2025. Sistema el\u00e9ctrico: Panel solar conectado a una [&hellip;]<\/p>\n","protected":false},"author":1,"featured_media":0,"parent":0,"menu_order":0,"comment_status":"closed","ping_status":"closed","template":"","meta":{"_joinchat":[],"footnotes":""},"class_list":["post-16501","page","type-page","status-publish","hentry"],"_links":{"self":[{"href":"https:\/\/suzisantiagoctw.com\/en\/wp-json\/wp\/v2\/pages\/16501","targetHints":{"allow":["GET"]}}],"collection":[{"href":"https:\/\/suzisantiagoctw.com\/en\/wp-json\/wp\/v2\/pages"}],"about":[{"href":"https:\/\/suzisantiagoctw.com\/en\/wp-json\/wp\/v2\/types\/page"}],"author":[{"embeddable":true,"href":"https:\/\/suzisantiagoctw.com\/en\/wp-json\/wp\/v2\/users\/1"}],"replies":[{"embeddable":true,"href":"https:\/\/suzisantiagoctw.com\/en\/wp-json\/wp\/v2\/comments?post=16501"}],"version-history":[{"count":40,"href":"https:\/\/suzisantiagoctw.com\/en\/wp-json\/wp\/v2\/pages\/16501\/revisions"}],"predecessor-version":[{"id":19063,"href":"https:\/\/suzisantiagoctw.com\/en\/wp-json\/wp\/v2\/pages\/16501\/revisions\/19063"}],"wp:attachment":[{"href":"https:\/\/suzisantiagoctw.com\/en\/wp-json\/wp\/v2\/media?parent=16501"}],"curies":[{"name":"wp","href":"https:\/\/api.w.org\/{rel}","templated":true}]}}