{"id":15296,"date":"2025-06-23T00:10:27","date_gmt":"2025-06-23T00:10:27","guid":{"rendered":"https:\/\/suzisantiagoctw.com\/?page_id=15296"},"modified":"2026-02-26T18:40:24","modified_gmt":"2026-02-26T18:40:24","slug":"mitsubishi-l-300-2-4","status":"publish","type":"page","link":"https:\/\/suzisantiagoctw.com\/en\/mitsubishi-l-300-2-4\/","title":{"rendered":"MITSUBISHI L 300 2.4"},"content":{"rendered":"<div data-elementor-type=\"wp-page\" data-elementor-id=\"15296\" class=\"elementor elementor-15296\" data-elementor-post-type=\"page\">\n\t\t\t\t\t\t<section class=\"elementor-section elementor-top-section elementor-element elementor-element-8c936cd elementor-section-boxed elementor-section-height-default elementor-section-height-default\" data-id=\"8c936cd\" data-element_type=\"section\" data-e-type=\"section\">\n\t\t\t\t\t\t<div class=\"elementor-container elementor-column-gap-default\">\n\t\t\t\t\t<div class=\"elementor-column elementor-col-100 elementor-top-column elementor-element elementor-element-d2294f1\" data-id=\"d2294f1\" data-element_type=\"column\" data-e-type=\"column\">\n\t\t\t<div class=\"elementor-widget-wrap elementor-element-populated\">\n\t\t\t\t\t\t<div class=\"elementor-element elementor-element-331f719 elementor-widget elementor-widget-spacer\" data-id=\"331f719\" data-element_type=\"widget\" data-e-type=\"widget\" data-widget_type=\"spacer.default\">\n\t\t\t\t<div class=\"elementor-widget-container\">\n\t\t\t\t\t\t\t<div class=\"elementor-spacer\">\n\t\t\t<div class=\"elementor-spacer-inner\"><\/div>\n\t\t<\/div>\n\t\t\t\t\t\t<\/div>\n\t\t\t\t<\/div>\n\t\t\t\t\t<\/div>\n\t\t<\/div>\n\t\t\t\t\t<\/div>\n\t\t<\/section>\n\t\t\t\t<section class=\"elementor-section elementor-top-section elementor-element elementor-element-b16db35 elementor-section-boxed elementor-section-height-default elementor-section-height-default\" data-id=\"b16db35\" data-element_type=\"section\" data-e-type=\"section\">\n\t\t\t\t\t\t<div class=\"elementor-container elementor-column-gap-default\">\n\t\t\t\t\t<div class=\"elementor-column elementor-col-50 elementor-top-column elementor-element elementor-element-f6a562b\" data-id=\"f6a562b\" data-element_type=\"column\" data-e-type=\"column\">\n\t\t\t<div class=\"elementor-widget-wrap elementor-element-populated\">\n\t\t\t\t\t\t<div class=\"elementor-element elementor-element-4c7c438 elementor-widget elementor-widget-heading\" data-id=\"4c7c438\" data-element_type=\"widget\" data-e-type=\"widget\" data-widget_type=\"heading.default\">\n\t\t\t\t<div class=\"elementor-widget-container\">\n\t\t\t\t\t<h2 class=\"elementor-heading-title elementor-size-default\">MITSUBISHI L 300 2.4 CAMPER VAN<\/h2>\t\t\t\t<\/div>\n\t\t\t\t<\/div>\n\t\t\t\t<div class=\"elementor-element elementor-element-c77d2a2 elementor-widget elementor-widget-text-editor\" data-id=\"c77d2a2\" data-element_type=\"widget\" data-e-type=\"widget\" data-widget_type=\"text-editor.default\">\n\t\t\t\t<div class=\"elementor-widget-container\">\n\t\t\t\t\t\t\t\t\t<p><strong>Specifications<\/strong><\/p><ul><li>Three front seats with seat belts.<\/li><li>Fully equipped kitchen: stovetop, utensils, and cutlery.<\/li><li>Ample storage space.<\/li><li>Front and rear curtains for total privacy.<\/li><li>Roof racks.<\/li><li>Radio with Bluetooth, USB, and AUX input.<\/li><li>Large and comfortable bed (200 x 140 cm).<\/li><\/ul><p><strong>Electrical Installation:<\/strong><\/p><ul><li>Solar panel.<\/li><li>Auxiliary battery with inverter, for standard outlets (ideal for charging cell phones,\nlaptops, cameras, etc.).<br \/>laptops, cameras, etc.).<\/li><li>20L refrigerator.<\/li><\/ul><p><strong>Water Installation:<\/strong><\/p><ul><li>20L fresh water tank with 12V water pump, dishwasher, and faucet.<\/li><li>6L gray water tank, easy to empty.<\/li><\/ul><p><strong>Extras:<\/strong><\/p><ul><li>Basic maintenance tools (screwdrivers, etc.).<\/li><li>Spare tire.<\/li><li>Additional 20L gas can.<\/li><\/ul><p><strong>Features:<\/strong><\/p><table><tbody><tr><th><span style=\"font-weight: 400;\">Price<\/span><\/th><td>$6.700.000<\/td><\/tr><tr><th><span style=\"font-weight: 400;\">Year<\/span><\/th><td>2014<\/td><\/tr><tr><th><span style=\"font-weight: 400;\">Kilometres<\/span><\/th><td>256.000<\/td><\/tr><tr><th><span style=\"font-weight: 400;\">Gas<\/span><\/th><td>Gasoline<\/td><\/tr><tr><th><span style=\"font-weight: 400;\">Transmission (Gear)<\/span><\/th><td>Manual<\/td><\/tr><\/tbody><\/table>\t\t\t\t\t\t\t\t<\/div>\n\t\t\t\t<\/div>\n\t\t\t\t\t<\/div>\n\t\t<\/div>\n\t\t\t\t<div class=\"elementor-column elementor-col-50 elementor-top-column elementor-element elementor-element-f6127c6\" data-id=\"f6127c6\" data-element_type=\"column\" data-e-type=\"column\">\n\t\t\t<div class=\"elementor-widget-wrap elementor-element-populated\">\n\t\t\t\t\t\t<div class=\"elementor-element elementor-element-d76403a elementor-arrows-position-inside elementor-pagination-position-outside elementor-widget elementor-widget-image-carousel\" data-id=\"d76403a\" data-element_type=\"widget\" data-e-type=\"widget\" data-settings=\"{&quot;slides_to_show&quot;:&quot;1&quot;,&quot;navigation&quot;:&quot;both&quot;,&quot;autoplay&quot;:&quot;yes&quot;,&quot;pause_on_hover&quot;:&quot;yes&quot;,&quot;pause_on_interaction&quot;:&quot;yes&quot;,&quot;autoplay_speed&quot;:5000,&quot;infinite&quot;:&quot;yes&quot;,&quot;effect&quot;:&quot;slide&quot;,&quot;speed&quot;:500}\" data-widget_type=\"image-carousel.default\">\n\t\t\t\t<div class=\"elementor-widget-container\">\n\t\t\t\t\t\t\t<div class=\"elementor-image-carousel-wrapper swiper\" role=\"region\" aria-roledescription=\"carousel\" aria-label=\"Carrusel de im\u00e1genes\" dir=\"ltr\">\n\t\t\t<div class=\"elementor-image-carousel swiper-wrapper\" aria-live=\"off\">\n\t\t\t\t\t\t\t\t<div class=\"swiper-slide\" role=\"group\" aria-roledescription=\"slide\" aria-label=\"1 de 14\"><figure class=\"swiper-slide-inner\"><img decoding=\"async\" class=\"swiper-slide-image\" src=\"https:\/\/suzisantiagoctw.com\/wp-content\/uploads\/2025\/06\/1-4.jpg\" alt=\"1\" \/><\/figure><\/div><div class=\"swiper-slide\" role=\"group\" aria-roledescription=\"slide\" aria-label=\"2 de 14\"><figure class=\"swiper-slide-inner\"><img decoding=\"async\" class=\"swiper-slide-image\" src=\"https:\/\/suzisantiagoctw.com\/wp-content\/uploads\/2025\/06\/2-3.jpg\" alt=\"2\" \/><\/figure><\/div><div class=\"swiper-slide\" role=\"group\" aria-roledescription=\"slide\" aria-label=\"3 de 14\"><figure class=\"swiper-slide-inner\"><img decoding=\"async\" class=\"swiper-slide-image\" src=\"https:\/\/suzisantiagoctw.com\/wp-content\/uploads\/2025\/06\/3-3.jpg\" alt=\"3\" \/><\/figure><\/div><div class=\"swiper-slide\" role=\"group\" aria-roledescription=\"slide\" aria-label=\"4 de 14\"><figure class=\"swiper-slide-inner\"><img decoding=\"async\" class=\"swiper-slide-image\" src=\"https:\/\/suzisantiagoctw.com\/wp-content\/uploads\/2025\/06\/4-3.jpg\" alt=\"4\" \/><\/figure><\/div><div class=\"swiper-slide\" role=\"group\" aria-roledescription=\"slide\" aria-label=\"5 de 14\"><figure class=\"swiper-slide-inner\"><img decoding=\"async\" class=\"swiper-slide-image\" src=\"https:\/\/suzisantiagoctw.com\/wp-content\/uploads\/2025\/06\/5-3.jpg\" alt=\"5\" \/><\/figure><\/div><div class=\"swiper-slide\" role=\"group\" aria-roledescription=\"slide\" aria-label=\"6 de 14\"><figure class=\"swiper-slide-inner\"><img decoding=\"async\" class=\"swiper-slide-image\" src=\"https:\/\/suzisantiagoctw.com\/wp-content\/uploads\/2025\/06\/6-3.jpg\" alt=\"6\" \/><\/figure><\/div><div class=\"swiper-slide\" role=\"group\" aria-roledescription=\"slide\" aria-label=\"7 de 14\"><figure class=\"swiper-slide-inner\"><img decoding=\"async\" class=\"swiper-slide-image\" src=\"https:\/\/suzisantiagoctw.com\/wp-content\/uploads\/2025\/06\/7-2.jpg\" alt=\"7\" \/><\/figure><\/div><div class=\"swiper-slide\" role=\"group\" aria-roledescription=\"slide\" aria-label=\"8 de 14\"><figure class=\"swiper-slide-inner\"><img decoding=\"async\" class=\"swiper-slide-image\" src=\"https:\/\/suzisantiagoctw.com\/wp-content\/uploads\/2025\/06\/8-1.jpg\" alt=\"8\" \/><\/figure><\/div><div class=\"swiper-slide\" role=\"group\" aria-roledescription=\"slide\" aria-label=\"9 de 14\"><figure class=\"swiper-slide-inner\"><img decoding=\"async\" class=\"swiper-slide-image\" src=\"https:\/\/suzisantiagoctw.com\/wp-content\/uploads\/2025\/06\/9-1.jpg\" alt=\"9\" \/><\/figure><\/div><div class=\"swiper-slide\" role=\"group\" aria-roledescription=\"slide\" aria-label=\"10 de 14\"><figure class=\"swiper-slide-inner\"><img decoding=\"async\" class=\"swiper-slide-image\" src=\"https:\/\/suzisantiagoctw.com\/wp-content\/uploads\/2025\/06\/10-1.jpg\" alt=\"10\" \/><\/figure><\/div><div class=\"swiper-slide\" role=\"group\" aria-roledescription=\"slide\" aria-label=\"11 de 14\"><figure class=\"swiper-slide-inner\"><img decoding=\"async\" class=\"swiper-slide-image\" src=\"https:\/\/suzisantiagoctw.com\/wp-content\/uploads\/2025\/06\/11-1.jpg\" alt=\"11\" \/><\/figure><\/div><div class=\"swiper-slide\" role=\"group\" aria-roledescription=\"slide\" aria-label=\"12 de 14\"><figure class=\"swiper-slide-inner\"><img decoding=\"async\" class=\"swiper-slide-image\" src=\"https:\/\/suzisantiagoctw.com\/wp-content\/uploads\/2025\/06\/12-1.jpg\" alt=\"12\" \/><\/figure><\/div><div class=\"swiper-slide\" role=\"group\" aria-roledescription=\"slide\" aria-label=\"13 de 14\"><figure class=\"swiper-slide-inner\"><img decoding=\"async\" class=\"swiper-slide-image\" src=\"https:\/\/suzisantiagoctw.com\/wp-content\/uploads\/2025\/06\/13-1.jpg\" alt=\"13\" \/><\/figure><\/div><div class=\"swiper-slide\" role=\"group\" aria-roledescription=\"slide\" aria-label=\"14 de 14\"><figure class=\"swiper-slide-inner\"><img decoding=\"async\" class=\"swiper-slide-image\" src=\"https:\/\/suzisantiagoctw.com\/wp-content\/uploads\/2025\/06\/14-1.jpg\" alt=\"14\" \/><\/figure><\/div>\t\t\t<\/div>\n\t\t\t\t\t\t\t\t\t\t\t\t<div class=\"elementor-swiper-button elementor-swiper-button-prev\" role=\"button\" tabindex=\"0\">\n\t\t\t\t\t\t<i aria-hidden=\"true\" class=\"eicon-chevron-left\"><\/i>\t\t\t\t\t<\/div>\n\t\t\t\t\t<div class=\"elementor-swiper-button elementor-swiper-button-next\" role=\"button\" tabindex=\"0\">\n\t\t\t\t\t\t<i aria-hidden=\"true\" class=\"eicon-chevron-right\"><\/i>\t\t\t\t\t<\/div>\n\t\t\t\t\n\t\t\t\t\t\t\t\t\t<div class=\"swiper-pagination\"><\/div>\n\t\t\t\t\t\t\t\t\t<\/div>\n\t\t\t\t\t\t<\/div>\n\t\t\t\t<\/div>\n\t\t\t\t<div class=\"elementor-element elementor-element-d552755 elementor-align-center elementor-widget elementor-widget-button\" data-id=\"d552755\" data-element_type=\"widget\" data-e-type=\"widget\" data-widget_type=\"button.default\">\n\t\t\t\t<div class=\"elementor-widget-container\">\n\t\t\t\t\t\t\t\t\t<div class=\"elementor-button-wrapper\">\n\t\t\t\t\t<a class=\"elementor-button elementor-button-link elementor-size-sm\" href=\"https:\/\/suzisantiagoctw.com\/en\/contacto\/\">\n\t\t\t\t\t\t<span class=\"elementor-button-content-wrapper\">\n\t\t\t\t\t\t\t\t\t<span class=\"elementor-button-text\">More info here<\/span>\n\t\t\t\t\t<\/span>\n\t\t\t\t\t<\/a>\n\t\t\t\t<\/div>\n\t\t\t\t\t\t\t\t<\/div>\n\t\t\t\t<\/div>\n\t\t\t\t\t<\/div>\n\t\t<\/div>\n\t\t\t\t\t<\/div>\n\t\t<\/section>\n\t\t\t\t<\/div>","protected":false},"excerpt":{"rendered":"<p>MITSUBISHI L 300 2.4 CAMPER VAN Especificaciones: Tres asientos delanteros con cinturones de seguridad. Cocina completamente equipada: cocinilla, utensilios, y cubiertos. Amplio espacio de almacenamiento. Cortinas delanteras y traseras para privacidad total. Barras en el techo. Radio con bluetooth, entrada USB y AUX. Cama grande y c\u00f3moda (200 x 140 cm) Instalaci\u00f3n el\u00e9ctrica: Panel solar. [&hellip;]<\/p>\n","protected":false},"author":2,"featured_media":0,"parent":0,"menu_order":0,"comment_status":"closed","ping_status":"closed","template":"","meta":{"_joinchat":[],"footnotes":""},"class_list":["post-15296","page","type-page","status-publish","hentry"],"_links":{"self":[{"href":"https:\/\/suzisantiagoctw.com\/en\/wp-json\/wp\/v2\/pages\/15296","targetHints":{"allow":["GET"]}}],"collection":[{"href":"https:\/\/suzisantiagoctw.com\/en\/wp-json\/wp\/v2\/pages"}],"about":[{"href":"https:\/\/suzisantiagoctw.com\/en\/wp-json\/wp\/v2\/types\/page"}],"author":[{"embeddable":true,"href":"https:\/\/suzisantiagoctw.com\/en\/wp-json\/wp\/v2\/users\/2"}],"replies":[{"embeddable":true,"href":"https:\/\/suzisantiagoctw.com\/en\/wp-json\/wp\/v2\/comments?post=15296"}],"version-history":[{"count":37,"href":"https:\/\/suzisantiagoctw.com\/en\/wp-json\/wp\/v2\/pages\/15296\/revisions"}],"predecessor-version":[{"id":18849,"href":"https:\/\/suzisantiagoctw.com\/en\/wp-json\/wp\/v2\/pages\/15296\/revisions\/18849"}],"wp:attachment":[{"href":"https:\/\/suzisantiagoctw.com\/en\/wp-json\/wp\/v2\/media?parent=15296"}],"curies":[{"name":"wp","href":"https:\/\/api.w.org\/{rel}","templated":true}]}}