{"id":14529,"date":"2025-05-02T17:06:00","date_gmt":"2025-05-02T17:06:00","guid":{"rendered":"https:\/\/suzisantiagoctw.com\/?page_id=14529"},"modified":"2026-03-31T18:53:19","modified_gmt":"2026-03-31T18:53:19","slug":"toyota-rav4-2-4-aut-4x4-2012","status":"publish","type":"page","link":"https:\/\/suzisantiagoctw.com\/en\/toyota-rav4-2-4-aut-4x4-2012\/","title":{"rendered":"Toyota rav4 2.4 aut 4x4 2012"},"content":{"rendered":"<div data-elementor-type=\"wp-page\" data-elementor-id=\"14529\" class=\"elementor elementor-14529\" data-elementor-post-type=\"page\">\n\t\t\t\t\t\t<section class=\"elementor-section elementor-top-section elementor-element elementor-element-8c936cd elementor-section-boxed elementor-section-height-default elementor-section-height-default\" data-id=\"8c936cd\" data-element_type=\"section\" data-e-type=\"section\">\n\t\t\t\t\t\t<div class=\"elementor-container elementor-column-gap-default\">\n\t\t\t\t\t<div class=\"elementor-column elementor-col-100 elementor-top-column elementor-element elementor-element-d2294f1\" data-id=\"d2294f1\" data-element_type=\"column\" data-e-type=\"column\">\n\t\t\t<div class=\"elementor-widget-wrap elementor-element-populated\">\n\t\t\t\t\t\t<div class=\"elementor-element elementor-element-331f719 elementor-widget elementor-widget-spacer\" data-id=\"331f719\" data-element_type=\"widget\" data-e-type=\"widget\" data-widget_type=\"spacer.default\">\n\t\t\t\t<div class=\"elementor-widget-container\">\n\t\t\t\t\t\t\t<div class=\"elementor-spacer\">\n\t\t\t<div class=\"elementor-spacer-inner\"><\/div>\n\t\t<\/div>\n\t\t\t\t\t\t<\/div>\n\t\t\t\t<\/div>\n\t\t\t\t\t<\/div>\n\t\t<\/div>\n\t\t\t\t\t<\/div>\n\t\t<\/section>\n\t\t\t\t<section class=\"elementor-section elementor-top-section elementor-element elementor-element-b16db35 elementor-section-boxed elementor-section-height-default elementor-section-height-default\" data-id=\"b16db35\" data-element_type=\"section\" data-e-type=\"section\">\n\t\t\t\t\t\t<div class=\"elementor-container elementor-column-gap-default\">\n\t\t\t\t\t<div class=\"elementor-column elementor-col-50 elementor-top-column elementor-element elementor-element-f6a562b\" data-id=\"f6a562b\" data-element_type=\"column\" data-e-type=\"column\">\n\t\t\t<div class=\"elementor-widget-wrap elementor-element-populated\">\n\t\t\t\t\t\t<div class=\"elementor-element elementor-element-4c7c438 elementor-widget elementor-widget-heading\" data-id=\"4c7c438\" data-element_type=\"widget\" data-e-type=\"widget\" data-widget_type=\"heading.default\">\n\t\t\t\t<div class=\"elementor-widget-container\">\n\t\t\t\t\t<h2 class=\"elementor-heading-title elementor-size-default\">TOYOTA RAV4 2.4 AUT 4X4 2012<\/h2>\t\t\t\t<\/div>\n\t\t\t\t<\/div>\n\t\t\t\t<div class=\"elementor-element elementor-element-c77d2a2 elementor-widget elementor-widget-text-editor\" data-id=\"c77d2a2\" data-element_type=\"widget\" data-e-type=\"widget\" data-widget_type=\"text-editor.default\">\n\t\t\t\t<div class=\"elementor-widget-container\">\n\t\t\t\t\t\t\t\t\t<p><strong>Specifications<\/strong><\/p><div><div><div><div>2012 Toyota RAV4 for sale, 4x4. Ideal for city and adventure. Up-to-date maintenance, last oil change at 111,000 km.<\/div><\/div><\/div><\/div><div><div><div><div aria-hidden=\"false\"><span dir=\"auto\"><br \/><\/span><span dir=\"auto\">documents valid until 2026.<\/span><\/div><\/div><\/div><\/div><p><strong>Features:<\/strong><\/p><table><tbody><tr><th><span style=\"font-weight: 400;\">Price<\/span><\/th><td>$9.000.000<\/td><\/tr><tr><th><span style=\"font-weight: 400;\">Year<\/span><\/th><td>2012<\/td><\/tr><tr><th><span style=\"font-weight: 400;\">Kilometres<\/span><\/th><td>142.000<\/td><\/tr><tr><th><span style=\"font-weight: 400;\">Gas<\/span><\/th><td>Gasoline<\/td><\/tr><tr><th><span style=\"font-weight: 400;\">Transmission (Gear)<\/span><\/th><td>Automatic<\/td><\/tr><\/tbody><\/table>\t\t\t\t\t\t\t\t<\/div>\n\t\t\t\t<\/div>\n\t\t\t\t\t<\/div>\n\t\t<\/div>\n\t\t\t\t<div class=\"elementor-column elementor-col-50 elementor-top-column elementor-element elementor-element-f6127c6\" data-id=\"f6127c6\" data-element_type=\"column\" data-e-type=\"column\">\n\t\t\t<div class=\"elementor-widget-wrap elementor-element-populated\">\n\t\t\t\t\t\t<div class=\"elementor-element elementor-element-d76403a elementor-arrows-position-inside elementor-pagination-position-outside elementor-widget elementor-widget-image-carousel\" data-id=\"d76403a\" data-element_type=\"widget\" data-e-type=\"widget\" data-settings=\"{&quot;slides_to_show&quot;:&quot;1&quot;,&quot;navigation&quot;:&quot;both&quot;,&quot;autoplay&quot;:&quot;yes&quot;,&quot;pause_on_hover&quot;:&quot;yes&quot;,&quot;pause_on_interaction&quot;:&quot;yes&quot;,&quot;autoplay_speed&quot;:5000,&quot;infinite&quot;:&quot;yes&quot;,&quot;effect&quot;:&quot;slide&quot;,&quot;speed&quot;:500}\" data-widget_type=\"image-carousel.default\">\n\t\t\t\t<div class=\"elementor-widget-container\">\n\t\t\t\t\t\t\t<div class=\"elementor-image-carousel-wrapper swiper\" role=\"region\" aria-roledescription=\"carousel\" aria-label=\"Carrusel de im\u00e1genes\" dir=\"ltr\">\n\t\t\t<div class=\"elementor-image-carousel swiper-wrapper\" aria-live=\"off\">\n\t\t\t\t\t\t\t\t<div class=\"swiper-slide\" role=\"group\" aria-roledescription=\"slide\" aria-label=\"1 de 7\"><figure class=\"swiper-slide-inner\"><img decoding=\"async\" class=\"swiper-slide-image\" src=\"https:\/\/suzisantiagoctw.com\/wp-content\/uploads\/2025\/05\/7-1.jpg\" alt=\"7\" \/><\/figure><\/div><div class=\"swiper-slide\" role=\"group\" aria-roledescription=\"slide\" aria-label=\"2 de 7\"><figure class=\"swiper-slide-inner\"><img decoding=\"async\" class=\"swiper-slide-image\" src=\"https:\/\/suzisantiagoctw.com\/wp-content\/uploads\/2025\/05\/3-1.jpg\" alt=\"3\" \/><\/figure><\/div><div class=\"swiper-slide\" role=\"group\" aria-roledescription=\"slide\" aria-label=\"3 de 7\"><figure class=\"swiper-slide-inner\"><img decoding=\"async\" class=\"swiper-slide-image\" src=\"https:\/\/suzisantiagoctw.com\/wp-content\/uploads\/2025\/05\/4-1.jpg\" alt=\"4\" \/><\/figure><\/div><div class=\"swiper-slide\" role=\"group\" aria-roledescription=\"slide\" aria-label=\"4 de 7\"><figure class=\"swiper-slide-inner\"><img decoding=\"async\" class=\"swiper-slide-image\" src=\"https:\/\/suzisantiagoctw.com\/wp-content\/uploads\/2025\/05\/1-1.jpg\" alt=\"1\" \/><\/figure><\/div><div class=\"swiper-slide\" role=\"group\" aria-roledescription=\"slide\" aria-label=\"5 de 7\"><figure class=\"swiper-slide-inner\"><img decoding=\"async\" class=\"swiper-slide-image\" src=\"https:\/\/suzisantiagoctw.com\/wp-content\/uploads\/2025\/05\/6-1.jpg\" alt=\"6\" \/><\/figure><\/div><div class=\"swiper-slide\" role=\"group\" aria-roledescription=\"slide\" aria-label=\"6 de 7\"><figure class=\"swiper-slide-inner\"><img decoding=\"async\" class=\"swiper-slide-image\" src=\"https:\/\/suzisantiagoctw.com\/wp-content\/uploads\/2025\/05\/2-1.jpg\" alt=\"2\" \/><\/figure><\/div><div class=\"swiper-slide\" role=\"group\" aria-roledescription=\"slide\" aria-label=\"7 de 7\"><figure class=\"swiper-slide-inner\"><img decoding=\"async\" class=\"swiper-slide-image\" src=\"https:\/\/suzisantiagoctw.com\/wp-content\/uploads\/2025\/05\/5-1.jpg\" alt=\"5\" \/><\/figure><\/div>\t\t\t<\/div>\n\t\t\t\t\t\t\t\t\t\t\t\t<div class=\"elementor-swiper-button elementor-swiper-button-prev\" role=\"button\" tabindex=\"0\">\n\t\t\t\t\t\t<i aria-hidden=\"true\" class=\"eicon-chevron-left\"><\/i>\t\t\t\t\t<\/div>\n\t\t\t\t\t<div class=\"elementor-swiper-button elementor-swiper-button-next\" role=\"button\" tabindex=\"0\">\n\t\t\t\t\t\t<i aria-hidden=\"true\" class=\"eicon-chevron-right\"><\/i>\t\t\t\t\t<\/div>\n\t\t\t\t\n\t\t\t\t\t\t\t\t\t<div class=\"swiper-pagination\"><\/div>\n\t\t\t\t\t\t\t\t\t<\/div>\n\t\t\t\t\t\t<\/div>\n\t\t\t\t<\/div>\n\t\t\t\t<div class=\"elementor-element elementor-element-d552755 elementor-align-center elementor-widget elementor-widget-button\" data-id=\"d552755\" data-element_type=\"widget\" data-e-type=\"widget\" data-widget_type=\"button.default\">\n\t\t\t\t<div class=\"elementor-widget-container\">\n\t\t\t\t\t\t\t\t\t<div class=\"elementor-button-wrapper\">\n\t\t\t\t\t<a class=\"elementor-button elementor-button-link elementor-size-sm\" href=\"https:\/\/suzisantiagoctw.com\/en\/contacto\/\">\n\t\t\t\t\t\t<span class=\"elementor-button-content-wrapper\">\n\t\t\t\t\t\t\t\t\t<span class=\"elementor-button-text\">More info here<\/span>\n\t\t\t\t\t<\/span>\n\t\t\t\t\t<\/a>\n\t\t\t\t<\/div>\n\t\t\t\t\t\t\t\t<\/div>\n\t\t\t\t<\/div>\n\t\t\t\t\t<\/div>\n\t\t<\/div>\n\t\t\t\t\t<\/div>\n\t\t<\/section>\n\t\t\t\t<\/div>","protected":false},"excerpt":{"rendered":"<p>TOYOTA RAV4 2.4 AUT 4X4 2012 Especificaciones: Se vende Toyota RAV4 2012, tracci\u00f3n 4x4. Ideal para la ciudad y la aventura. Mantenci\u00f3n al d\u00eda, \u00faltimo cambio de aceite realizado a los 111.000 kmdocumentos vigentes hasta el 2026. Caracter\u00edsticas: Precio $9.000.000 A\u00f1o 2012 Kil\u00f3metros 142.000 Combustible Gasolina Transmisi\u00f3n (cambio) Autom\u00e1tica M\u00e1s Info aqu\u00ed<\/p>","protected":false},"author":2,"featured_media":0,"parent":0,"menu_order":0,"comment_status":"closed","ping_status":"closed","template":"","meta":{"_joinchat":[],"footnotes":""},"class_list":["post-14529","page","type-page","status-publish","hentry"],"_links":{"self":[{"href":"https:\/\/suzisantiagoctw.com\/en\/wp-json\/wp\/v2\/pages\/14529","targetHints":{"allow":["GET"]}}],"collection":[{"href":"https:\/\/suzisantiagoctw.com\/en\/wp-json\/wp\/v2\/pages"}],"about":[{"href":"https:\/\/suzisantiagoctw.com\/en\/wp-json\/wp\/v2\/types\/page"}],"author":[{"embeddable":true,"href":"https:\/\/suzisantiagoctw.com\/en\/wp-json\/wp\/v2\/users\/2"}],"replies":[{"embeddable":true,"href":"https:\/\/suzisantiagoctw.com\/en\/wp-json\/wp\/v2\/comments?post=14529"}],"version-history":[{"count":28,"href":"https:\/\/suzisantiagoctw.com\/en\/wp-json\/wp\/v2\/pages\/14529\/revisions"}],"predecessor-version":[{"id":19314,"href":"https:\/\/suzisantiagoctw.com\/en\/wp-json\/wp\/v2\/pages\/14529\/revisions\/19314"}],"wp:attachment":[{"href":"https:\/\/suzisantiagoctw.com\/en\/wp-json\/wp\/v2\/media?parent=14529"}],"curies":[{"name":"wp","href":"https:\/\/api.w.org\/{rel}","templated":true}]}}