{"id":12834,"date":"2024-12-03T21:20:35","date_gmt":"2024-12-03T21:20:35","guid":{"rendered":"https:\/\/suzisantiagoctw.com\/?page_id=12834"},"modified":"2026-01-20T20:07:13","modified_gmt":"2026-01-20T20:07:13","slug":"nissan-x-trail-4wd-2-5-3","status":"publish","type":"page","link":"https:\/\/suzisantiagoctw.com\/en\/nissan-x-trail-4wd-2-5-3\/","title":{"rendered":"NISSAN X TRAIL 4WD 2.5"},"content":{"rendered":"<div data-elementor-type=\"wp-page\" data-elementor-id=\"12834\" class=\"elementor elementor-12834\" data-elementor-post-type=\"page\">\n\t\t\t\t\t\t<section class=\"elementor-section elementor-top-section elementor-element elementor-element-8c936cd elementor-section-boxed elementor-section-height-default elementor-section-height-default\" data-id=\"8c936cd\" data-element_type=\"section\" data-e-type=\"section\">\n\t\t\t\t\t\t<div class=\"elementor-container elementor-column-gap-default\">\n\t\t\t\t\t<div class=\"elementor-column elementor-col-100 elementor-top-column elementor-element elementor-element-d2294f1\" data-id=\"d2294f1\" data-element_type=\"column\" data-e-type=\"column\">\n\t\t\t<div class=\"elementor-widget-wrap elementor-element-populated\">\n\t\t\t\t\t\t<div class=\"elementor-element elementor-element-331f719 elementor-widget elementor-widget-spacer\" data-id=\"331f719\" data-element_type=\"widget\" data-e-type=\"widget\" data-widget_type=\"spacer.default\">\n\t\t\t\t<div class=\"elementor-widget-container\">\n\t\t\t\t\t\t\t<div class=\"elementor-spacer\">\n\t\t\t<div class=\"elementor-spacer-inner\"><\/div>\n\t\t<\/div>\n\t\t\t\t\t\t<\/div>\n\t\t\t\t<\/div>\n\t\t\t\t\t<\/div>\n\t\t<\/div>\n\t\t\t\t\t<\/div>\n\t\t<\/section>\n\t\t\t\t<section class=\"elementor-section elementor-top-section elementor-element elementor-element-b16db35 elementor-section-boxed elementor-section-height-default elementor-section-height-default\" data-id=\"b16db35\" data-element_type=\"section\" data-e-type=\"section\">\n\t\t\t\t\t\t<div class=\"elementor-container elementor-column-gap-default\">\n\t\t\t\t\t<div class=\"elementor-column elementor-col-50 elementor-top-column elementor-element elementor-element-f6a562b\" data-id=\"f6a562b\" data-element_type=\"column\" data-e-type=\"column\">\n\t\t\t<div class=\"elementor-widget-wrap elementor-element-populated\">\n\t\t\t\t\t\t<div class=\"elementor-element elementor-element-4c7c438 elementor-widget elementor-widget-heading\" data-id=\"4c7c438\" data-element_type=\"widget\" data-e-type=\"widget\" data-widget_type=\"heading.default\">\n\t\t\t\t<div class=\"elementor-widget-container\">\n\t\t\t\t\t<h2 class=\"elementor-heading-title elementor-size-default\">NISSAN X TRAIL 4WD 2.5<\/h2>\t\t\t\t<\/div>\n\t\t\t\t<\/div>\n\t\t\t\t<div class=\"elementor-element elementor-element-c77d2a2 elementor-widget elementor-widget-text-editor\" data-id=\"c77d2a2\" data-element_type=\"widget\" data-e-type=\"widget\" data-widget_type=\"text-editor.default\">\n\t\t\t\t<div class=\"elementor-widget-container\">\n\t\t\t\t\t\t\t\t\t<p><strong>Descripcion:<\/strong><\/p><p><strong>A 100% autonomous 4x4:<\/strong><\/p><p>Volcano waterproof roof tent for 2 people<\/p><p>Volcano outdoor tent on folding legs + LEDs<\/p><p>Large independent Decathlon outdoor annex<\/p><p>Bed inside the car (no need to get out of the vehicle to sleep)<\/p><p>A real 4x4 with short box mode for overcoming obstacles<\/p><p>Eco Flow 160w foldable solar panels (new)<\/p><p>Eco Flow river 2 Max battery, charges on the solar panels and while driving.\n Real fridge powered 24\/7 by the battery<\/p><p>Solar shower with pump for optimal pressure<\/p><p>2 Gas cookers + Gas canisters<\/p><p>2 x 20 L cans for petrol<\/p><p>2 x 20 L cans of water<\/p><p><strong>Safety:<\/strong><\/p><ul><li>steering wheel lock<\/li><li>Audible alarm<\/li><li>Circuit breaker with remote control<\/li><li>Charger in case of car battery failure<\/li><\/ul><p><strong>Mechanics carried out (with invoices):<\/strong><\/p><p>New clutch<\/p><p>Gearbox has just been repaired, set off again for miles!\n Front and rear brake OK<\/p><p>New rear windshield<\/p><p>Rear tire ok<\/p><p>Parallelism and balance done recently<\/p><p>Oil change done every 5,000km<\/p><p><strong>Inventory:<\/strong><\/p><p>Eco Flow river 2 Max battery: different outlets to charge all types of devices<\/p><p>Foldable solar panels<\/p><p>Fridge<\/p><p>3 duvets + 2 cushions<\/p><p>1 thick thermal blanket for negative temperatures<\/p><p>2 Battery-powered lamps + 1 rechargeable lamp on the trunk<\/p><p>1 high table, 2 chairs<\/p><p>Dishes: Italian coffee maker, frying pan, saucepan, toaster, kettle, foldable colander, plates, salad bowls, cutting board, bowls, lid, cutlery, peeler, knives, cups, tuperwar, ...<\/p><p>2 plastic wine glasses and its corkscrew<\/p><p>2 Thermoses<\/p><p>1 tarpaulin<\/p><p>Storage boxes<\/p><p>Straps<\/p><p>Tools: Saw, hammer, screwdriver, pliers...<\/p><p>Windshield sun visor<\/p><p>Essential products: Coolant, Windscreen washer, engine oil..<\/p><p><strong>Features:<\/strong><\/p><table><tbody><tr><th>Price<\/th><td>$4.100.000\u00a0<\/td><\/tr><tr><th>Year<\/th><td>2009<\/td><\/tr><tr><th>Kilometres<\/th><td>211.000<\/td><\/tr><tr><th>Gas<\/th><td>Gasoline<\/td><\/tr><tr><th>Transmission (Gear)<\/th><td>Manual<\/td><\/tr><\/tbody><\/table>\t\t\t\t\t\t\t\t<\/div>\n\t\t\t\t<\/div>\n\t\t\t\t\t<\/div>\n\t\t<\/div>\n\t\t\t\t<div class=\"elementor-column elementor-col-50 elementor-top-column elementor-element elementor-element-f6127c6\" data-id=\"f6127c6\" data-element_type=\"column\" data-e-type=\"column\">\n\t\t\t<div class=\"elementor-widget-wrap elementor-element-populated\">\n\t\t\t\t\t\t<div class=\"elementor-element elementor-element-d76403a elementor-arrows-position-inside elementor-pagination-position-outside elementor-widget elementor-widget-image-carousel\" data-id=\"d76403a\" data-element_type=\"widget\" data-e-type=\"widget\" data-settings=\"{&quot;slides_to_show&quot;:&quot;1&quot;,&quot;navigation&quot;:&quot;both&quot;,&quot;autoplay&quot;:&quot;yes&quot;,&quot;pause_on_hover&quot;:&quot;yes&quot;,&quot;pause_on_interaction&quot;:&quot;yes&quot;,&quot;autoplay_speed&quot;:5000,&quot;infinite&quot;:&quot;yes&quot;,&quot;effect&quot;:&quot;slide&quot;,&quot;speed&quot;:500}\" data-widget_type=\"image-carousel.default\">\n\t\t\t\t<div class=\"elementor-widget-container\">\n\t\t\t\t\t\t\t<div class=\"elementor-image-carousel-wrapper swiper\" role=\"region\" aria-roledescription=\"carousel\" aria-label=\"Carrusel de im\u00e1genes\" dir=\"ltr\">\n\t\t\t<div class=\"elementor-image-carousel swiper-wrapper\" aria-live=\"off\">\n\t\t\t\t\t\t\t\t<div class=\"swiper-slide\" role=\"group\" aria-roledescription=\"slide\" aria-label=\"1 de 5\"><figure class=\"swiper-slide-inner\"><img decoding=\"async\" class=\"swiper-slide-image\" src=\"https:\/\/suzisantiagoctw.com\/wp-content\/uploads\/2024\/12\/1-1.jpg\" alt=\"1\" \/><\/figure><\/div><div class=\"swiper-slide\" role=\"group\" aria-roledescription=\"slide\" aria-label=\"2 de 5\"><figure class=\"swiper-slide-inner\"><img decoding=\"async\" class=\"swiper-slide-image\" src=\"https:\/\/suzisantiagoctw.com\/wp-content\/uploads\/2024\/12\/2.jpg\" alt=\"2\" \/><\/figure><\/div><div class=\"swiper-slide\" role=\"group\" aria-roledescription=\"slide\" aria-label=\"3 de 5\"><figure class=\"swiper-slide-inner\"><img decoding=\"async\" class=\"swiper-slide-image\" src=\"https:\/\/suzisantiagoctw.com\/wp-content\/uploads\/2024\/12\/3.jpg\" alt=\"3\" \/><\/figure><\/div><div class=\"swiper-slide\" role=\"group\" aria-roledescription=\"slide\" aria-label=\"4 de 5\"><figure class=\"swiper-slide-inner\"><img decoding=\"async\" class=\"swiper-slide-image\" src=\"https:\/\/suzisantiagoctw.com\/wp-content\/uploads\/2024\/12\/1-2.jpg\" alt=\"1\" \/><\/figure><\/div><div class=\"swiper-slide\" role=\"group\" aria-roledescription=\"slide\" aria-label=\"5 de 5\"><figure class=\"swiper-slide-inner\"><img decoding=\"async\" class=\"swiper-slide-image\" src=\"https:\/\/suzisantiagoctw.com\/wp-content\/uploads\/2024\/12\/2-1.jpg\" alt=\"2\" \/><\/figure><\/div>\t\t\t<\/div>\n\t\t\t\t\t\t\t\t\t\t\t\t<div class=\"elementor-swiper-button elementor-swiper-button-prev\" role=\"button\" tabindex=\"0\">\n\t\t\t\t\t\t<i aria-hidden=\"true\" class=\"eicon-chevron-left\"><\/i>\t\t\t\t\t<\/div>\n\t\t\t\t\t<div class=\"elementor-swiper-button elementor-swiper-button-next\" role=\"button\" tabindex=\"0\">\n\t\t\t\t\t\t<i aria-hidden=\"true\" class=\"eicon-chevron-right\"><\/i>\t\t\t\t\t<\/div>\n\t\t\t\t\n\t\t\t\t\t\t\t\t\t<div class=\"swiper-pagination\"><\/div>\n\t\t\t\t\t\t\t\t\t<\/div>\n\t\t\t\t\t\t<\/div>\n\t\t\t\t<\/div>\n\t\t\t\t<div class=\"elementor-element elementor-element-ae40762 elementor-widget elementor-widget-video\" data-id=\"ae40762\" data-element_type=\"widget\" data-e-type=\"widget\" data-settings=\"{&quot;video_type&quot;:&quot;hosted&quot;,&quot;autoplay&quot;:&quot;yes&quot;,&quot;play_on_mobile&quot;:&quot;yes&quot;,&quot;loop&quot;:&quot;yes&quot;,&quot;show_image_overlay&quot;:&quot;yes&quot;,&quot;image_overlay&quot;:{&quot;url&quot;:&quot;http:\\\/\\\/suzisantiagoctw.com\\\/wp-content\\\/uploads\\\/2024\\\/12\\\/1-1.jpg&quot;,&quot;id&quot;:12842,&quot;size&quot;:&quot;&quot;,&quot;alt&quot;:&quot;&quot;,&quot;source&quot;:&quot;library&quot;},&quot;controls&quot;:&quot;yes&quot;}\" data-widget_type=\"video.default\">\n\t\t\t\t<div class=\"elementor-widget-container\">\n\t\t\t\t\t\t\t<div class=\"e-hosted-video elementor-wrapper elementor-open-inline\">\n\t\t\t\t\t<video class=\"elementor-video\" src=\"http:\/\/suzisantiagoctw.com\/wp-content\/uploads\/2024\/12\/WhatsApp-Video-2024-12-09-at-22.49.33.mp4\" autoplay=\"\" loop=\"\" controls=\"\" playsinline=\"\" controlslist=\"nodownload\"><\/video>\n\t\t\t\t\t\t<div class=\"elementor-custom-embed-image-overlay\" style=\"background-image: url(https:\/\/suzisantiagoctw.com\/wp-content\/uploads\/2024\/12\/1-1.jpg);\">\n\t\t\t\t\t\t\t\t\t\t\t\t\t\t\t\t<div class=\"elementor-custom-embed-play\" role=\"button\" aria-label=\"Reproducir v\u00eddeo\" tabindex=\"0\">\n\t\t\t\t\t\t\t<i aria-hidden=\"true\" class=\"eicon-play\"><\/i>\t\t\t\t\t\t<\/div>\n\t\t\t\t\t\t\t\t\t<\/div>\n\t\t\t\t\t<\/div>\n\t\t\t\t\t\t<\/div>\n\t\t\t\t<\/div>\n\t\t\t\t<div class=\"elementor-element elementor-element-afb76ab elementor-widget elementor-widget-video\" data-id=\"afb76ab\" data-element_type=\"widget\" data-e-type=\"widget\" data-settings=\"{&quot;video_type&quot;:&quot;hosted&quot;,&quot;autoplay&quot;:&quot;yes&quot;,&quot;mute&quot;:&quot;yes&quot;,&quot;show_image_overlay&quot;:&quot;yes&quot;,&quot;image_overlay&quot;:{&quot;url&quot;:&quot;http:\\\/\\\/suzisantiagoctw.com\\\/wp-content\\\/uploads\\\/2024\\\/12\\\/1.jpg&quot;,&quot;id&quot;:12838,&quot;size&quot;:&quot;&quot;,&quot;alt&quot;:&quot;&quot;,&quot;source&quot;:&quot;library&quot;},&quot;controls&quot;:&quot;yes&quot;}\" data-widget_type=\"video.default\">\n\t\t\t\t<div class=\"elementor-widget-container\">\n\t\t\t\t\t\t\t<div class=\"e-hosted-video elementor-wrapper elementor-open-inline\">\n\t\t\t\t\t<video class=\"elementor-video\" src=\"http:\/\/suzisantiagoctw.com\/wp-content\/uploads\/2024\/12\/WhatsApp-Video-2024-12-09-at-22.49.27.mp4\" autoplay=\"\" controls=\"\" muted=\"muted\" controlslist=\"nodownload\"><\/video>\n\t\t\t\t\t\t<div class=\"elementor-custom-embed-image-overlay\" style=\"background-image: url(https:\/\/suzisantiagoctw.com\/wp-content\/uploads\/2024\/12\/1.jpg);\">\n\t\t\t\t\t\t\t\t\t\t\t\t\t\t\t\t<div class=\"elementor-custom-embed-play\" role=\"button\" aria-label=\"Reproducir v\u00eddeo\" tabindex=\"0\">\n\t\t\t\t\t\t\t<i aria-hidden=\"true\" class=\"eicon-play\"><\/i>\t\t\t\t\t\t<\/div>\n\t\t\t\t\t\t\t\t\t<\/div>\n\t\t\t\t\t<\/div>\n\t\t\t\t\t\t<\/div>\n\t\t\t\t<\/div>\n\t\t\t\t<div class=\"elementor-element elementor-element-d552755 elementor-align-center elementor-widget elementor-widget-button\" data-id=\"d552755\" data-element_type=\"widget\" data-e-type=\"widget\" data-widget_type=\"button.default\">\n\t\t\t\t<div class=\"elementor-widget-container\">\n\t\t\t\t\t\t\t\t\t<div class=\"elementor-button-wrapper\">\n\t\t\t\t\t<a class=\"elementor-button elementor-button-link elementor-size-sm\" href=\"https:\/\/suzisantiagoctw.com\/en\/contacto\/\">\n\t\t\t\t\t\t<span class=\"elementor-button-content-wrapper\">\n\t\t\t\t\t\t\t\t\t<span class=\"elementor-button-text\">More info here<\/span>\n\t\t\t\t\t<\/span>\n\t\t\t\t\t<\/a>\n\t\t\t\t<\/div>\n\t\t\t\t\t\t\t\t<\/div>\n\t\t\t\t<\/div>\n\t\t\t\t\t<\/div>\n\t\t<\/div>\n\t\t\t\t\t<\/div>\n\t\t<\/section>\n\t\t\t\t<\/div>","protected":false},"excerpt":{"rendered":"<p>NISSAN X TRAIL 4WD 2.5 Descripci\u00f3n: Un 4x4 100% aut\u00f3nomo: Tienda de techo impermeable Volcano para 2 personas Tienda de exterior Volcano sobre patas plegables + LEDs Gran anexo exterior independiente Decathlon Cama dentro del coche (no es necesario salir del veh\u00edculo para dormir) Un aut\u00e9ntico 4x4 con modo caja corta para superar obst\u00e1culos Paneles [&hellip;]<\/p>\n","protected":false},"author":1,"featured_media":0,"parent":0,"menu_order":0,"comment_status":"closed","ping_status":"closed","template":"","meta":{"_joinchat":[],"footnotes":""},"class_list":["post-12834","page","type-page","status-publish","hentry"],"_links":{"self":[{"href":"https:\/\/suzisantiagoctw.com\/en\/wp-json\/wp\/v2\/pages\/12834","targetHints":{"allow":["GET"]}}],"collection":[{"href":"https:\/\/suzisantiagoctw.com\/en\/wp-json\/wp\/v2\/pages"}],"about":[{"href":"https:\/\/suzisantiagoctw.com\/en\/wp-json\/wp\/v2\/types\/page"}],"author":[{"embeddable":true,"href":"https:\/\/suzisantiagoctw.com\/en\/wp-json\/wp\/v2\/users\/1"}],"replies":[{"embeddable":true,"href":"https:\/\/suzisantiagoctw.com\/en\/wp-json\/wp\/v2\/comments?post=12834"}],"version-history":[{"count":40,"href":"https:\/\/suzisantiagoctw.com\/en\/wp-json\/wp\/v2\/pages\/12834\/revisions"}],"predecessor-version":[{"id":18127,"href":"https:\/\/suzisantiagoctw.com\/en\/wp-json\/wp\/v2\/pages\/12834\/revisions\/18127"}],"wp:attachment":[{"href":"https:\/\/suzisantiagoctw.com\/en\/wp-json\/wp\/v2\/media?parent=12834"}],"curies":[{"name":"wp","href":"https:\/\/api.w.org\/{rel}","templated":true}]}}