{"id":7660,"date":"2024-02-07T23:52:02","date_gmt":"2024-02-07T23:52:02","guid":{"rendered":"https:\/\/suzisantiagoctw.com\/?post_type=product&#038;p=7660"},"modified":"2024-02-08T21:11:18","modified_gmt":"2024-02-08T21:11:18","slug":"carpa-1-4-premium","status":"publish","type":"product","link":"https:\/\/suzisantiagoctw.com\/cl\/producto\/carpa-1-4-premium\/","title":{"rendered":"Carpa 1.4 Premium"},"content":{"rendered":"","protected":false},"excerpt":{"rendered":"<p>Carpa de techo con capacidad para 2 personas. Para ser instalada en jeeps, camionetas, campers, 4\u00d74 y en todo tipo de veh\u00edculo que cuente con barras porta equipaje, armado en s\u00f3lo 3 minutos, resistente a la lluvia y al viento.<\/p>\n<ul>\n<li>Dimensiones 1,4 x 2,4mt (cama), 1,4 x 3,2mt(carpa total), altura 1,3mt.<\/li>\n<li>Base de material compuesto, m\u00e1s liviana, resistente a la humedad.<\/li>\n<li>Doble SkyView ( Techo Panoramico con apertura interior )<\/li>\n<li>Terminales de aluminio.<\/li>\n<li>Tela RipstopCanvas (50% algod\u00f3n, 50% poli\u00e9ster ) 320Gr\/m2.<\/li>\n<li>Colch\u00f3n integrado 6cms espuma alta densidad.<\/li>\n<li>Colchon 3D Anticondensacion<\/li>\n<li>Cierres alta calidad YKK.<\/li>\n<li>Costuras termo-selladas.<\/li>\n<li>Escala Telesc\u00f3pica con 6 regulaciones.<\/li>\n<li>Luz Led<\/li>\n<li>Estructura Aluminio 25mm.<\/li>\n<li>Funda de viaje ultra resistente.<\/li>\n<li>Incluye kit de instalaci\u00f3n soportes, ferreter\u00eda y herramientas.<\/li>\n<\/ul>\n","protected":false},"featured_media":7663,"template":"","meta":{"_joinchat":[]},"product_brand":[],"product_cat":[44,20,47,48],"product_tag":[51,52],"class_list":{"0":"post-7660","1":"product","2":"type-product","3":"status-publish","4":"has-post-thumbnail","6":"product_cat-carpas","7":"product_cat-destacados","8":"product_cat-equipo-de-camping","9":"product_cat-todos","10":"product_tag-camping","11":"product_tag-todos","13":"first","14":"instock","15":"taxable","16":"shipping-taxable","17":"purchasable","18":"product-type-simple"},"_links":{"self":[{"href":"https:\/\/suzisantiagoctw.com\/cl\/wp-json\/wp\/v2\/product\/7660","targetHints":{"allow":["GET"]}}],"collection":[{"href":"https:\/\/suzisantiagoctw.com\/cl\/wp-json\/wp\/v2\/product"}],"about":[{"href":"https:\/\/suzisantiagoctw.com\/cl\/wp-json\/wp\/v2\/types\/product"}],"wp:featuredmedia":[{"embeddable":true,"href":"https:\/\/suzisantiagoctw.com\/cl\/wp-json\/wp\/v2\/media\/7663"}],"wp:attachment":[{"href":"https:\/\/suzisantiagoctw.com\/cl\/wp-json\/wp\/v2\/media?parent=7660"}],"wp:term":[{"taxonomy":"product_brand","embeddable":true,"href":"https:\/\/suzisantiagoctw.com\/cl\/wp-json\/wp\/v2\/product_brand?post=7660"},{"taxonomy":"product_cat","embeddable":true,"href":"https:\/\/suzisantiagoctw.com\/cl\/wp-json\/wp\/v2\/product_cat?post=7660"},{"taxonomy":"product_tag","embeddable":true,"href":"https:\/\/suzisantiagoctw.com\/cl\/wp-json\/wp\/v2\/product_tag?post=7660"}],"curies":[{"name":"wp","href":"https:\/\/api.w.org\/{rel}","templated":true}]}}