{"id":754,"date":"2022-03-08T03:13:50","date_gmt":"2022-03-08T03:13:50","guid":{"rendered":"http:\/\/suzisantiagoctw.com\/?post_type=product&#038;p=754"},"modified":"2025-04-30T16:57:30","modified_gmt":"2025-04-30T16:57:30","slug":"carpa-de-techo","status":"publish","type":"product","link":"https:\/\/suzisantiagoctw.com\/cl\/producto\/carpa-de-techo\/","title":{"rendered":"Carpa de techo 1.4 standard"},"content":{"rendered":"","protected":false},"excerpt":{"rendered":"<p>Carpa de techo con capacidad para 2-3 personas. Para ser instalada en jeeps, camionetas, campers, 4\u00d74 y en todo tipo de veh\u00edculo que cuente con barras porta equipaje, armado en s\u00f3lo 3 minutos, resistente a la lluvia y al viento.<\/p>\n<ul>\n<li>Dimensiones 1,4 x 2,4mt (cama), 1,4 x 2,4mt(carpa total), altura 1,3mt.<\/li>\n<li>Base de material compuesto, m\u00e1s liviana, resistente a la humedad.<\/li>\n<li>50 kg<\/li>\n<li>Terminales de aluminio.<\/li>\n<li>Tela RipstopCanvas (50% algod\u00f3n, 50% poli\u00e9ster ) 320Gr\/m2.<\/li>\n<li>Colch\u00f3n integrado 4cms espuma alta densidad.<\/li>\n<li>Colchon 3D Anticondensacion<\/li>\n<li>Cierres alta calidad YKK.<\/li>\n<li>Escala Telesc\u00f3pica<\/li>\n<li>Estructura Aluminio<\/li>\n<li>Funda de viaje<\/li>\n<li>Incluye kit de instalaci\u00f3n soportes, ferreter\u00eda y herramientas.<\/li>\n<\/ul>\n","protected":false},"featured_media":755,"template":"","meta":{"_joinchat":{"view":"no"}},"product_brand":[],"product_cat":[44,20,47,48],"product_tag":[],"class_list":{"0":"post-754","1":"product","2":"type-product","3":"status-publish","4":"has-post-thumbnail","6":"product_cat-carpas","7":"product_cat-destacados","8":"product_cat-equipo-de-camping","9":"product_cat-todos","11":"first","12":"instock","13":"taxable","14":"shipping-taxable","15":"purchasable","16":"product-type-simple"},"_links":{"self":[{"href":"https:\/\/suzisantiagoctw.com\/cl\/wp-json\/wp\/v2\/product\/754","targetHints":{"allow":["GET"]}}],"collection":[{"href":"https:\/\/suzisantiagoctw.com\/cl\/wp-json\/wp\/v2\/product"}],"about":[{"href":"https:\/\/suzisantiagoctw.com\/cl\/wp-json\/wp\/v2\/types\/product"}],"wp:featuredmedia":[{"embeddable":true,"href":"https:\/\/suzisantiagoctw.com\/cl\/wp-json\/wp\/v2\/media\/755"}],"wp:attachment":[{"href":"https:\/\/suzisantiagoctw.com\/cl\/wp-json\/wp\/v2\/media?parent=754"}],"wp:term":[{"taxonomy":"product_brand","embeddable":true,"href":"https:\/\/suzisantiagoctw.com\/cl\/wp-json\/wp\/v2\/product_brand?post=754"},{"taxonomy":"product_cat","embeddable":true,"href":"https:\/\/suzisantiagoctw.com\/cl\/wp-json\/wp\/v2\/product_cat?post=754"},{"taxonomy":"product_tag","embeddable":true,"href":"https:\/\/suzisantiagoctw.com\/cl\/wp-json\/wp\/v2\/product_tag?post=754"}],"curies":[{"name":"wp","href":"https:\/\/api.w.org\/{rel}","templated":true}]}}