{"id":730,"date":"2022-03-08T02:54:57","date_gmt":"2022-03-08T02:54:57","guid":{"rendered":"http:\/\/suzisantiagoctw.com\/?post_type=product&#038;p=730"},"modified":"2023-04-20T04:41:07","modified_gmt":"2023-04-20T04:41:07","slug":"toldo-con-luz-led-1-6-x-2-mt","status":"publish","type":"product","link":"https:\/\/suzisantiagoctw.com\/cl\/producto\/toldo-con-luz-led-1-6-x-2-mt\/","title":{"rendered":"Toldo Off Road 2\u00d72,5 gris C\/Luz Led"},"content":{"rendered":"<p>El Toldo Off Road genera una sombra o protecci\u00f3n para la lluvia donde quiera que est\u00e9s. Ideal para jeeps, 4\u00d74, casas rodantes, motorhomes, campers y campervan\u2019s.<\/p>\n","protected":false},"excerpt":{"rendered":"<p>El Toldo Off Road genera una sombra o protecci\u00f3n para la lluvia donde quiera que est\u00e9s. Ideal para jeeps, 4\u00d74, casas rodantes, motorhomes, campers y campervan\u2019s.<\/p>\n<p>Dimensiones 2\u00d72,5mt.<br \/>\nTela RipstopCanvas (50% algod\u00f3n, 50% poli\u00e9ster) 320Gr\/m2.<br \/>\n100%Impermeable.<br \/>\nCierres alta calidad SBS.<br \/>\nCosturas termo selladas.<br \/>\nFunda de viaje ultra resistente.<br \/>\nTerminales de aluminio .<br \/>\nEstructura de aluminio 20mm.<br \/>\nIncluye luz led.<br \/>\nIncluye kit de instalaci\u00f3n soportes, conector luz led para 12V, ferreter\u00eda y herramientas.<\/p>\n","protected":false},"featured_media":731,"template":"","meta":{"_joinchat":{"view":"no"}},"product_brand":[],"product_cat":[20,47,48,46],"product_tag":[],"class_list":{"0":"post-730","1":"product","2":"type-product","3":"status-publish","4":"has-post-thumbnail","6":"product_cat-destacados","7":"product_cat-equipo-de-camping","8":"product_cat-todos","9":"product_cat-toldos","11":"first","12":"instock","13":"taxable","14":"shipping-taxable","15":"purchasable","16":"product-type-simple"},"_links":{"self":[{"href":"https:\/\/suzisantiagoctw.com\/cl\/wp-json\/wp\/v2\/product\/730","targetHints":{"allow":["GET"]}}],"collection":[{"href":"https:\/\/suzisantiagoctw.com\/cl\/wp-json\/wp\/v2\/product"}],"about":[{"href":"https:\/\/suzisantiagoctw.com\/cl\/wp-json\/wp\/v2\/types\/product"}],"wp:featuredmedia":[{"embeddable":true,"href":"https:\/\/suzisantiagoctw.com\/cl\/wp-json\/wp\/v2\/media\/731"}],"wp:attachment":[{"href":"https:\/\/suzisantiagoctw.com\/cl\/wp-json\/wp\/v2\/media?parent=730"}],"wp:term":[{"taxonomy":"product_brand","embeddable":true,"href":"https:\/\/suzisantiagoctw.com\/cl\/wp-json\/wp\/v2\/product_brand?post=730"},{"taxonomy":"product_cat","embeddable":true,"href":"https:\/\/suzisantiagoctw.com\/cl\/wp-json\/wp\/v2\/product_cat?post=730"},{"taxonomy":"product_tag","embeddable":true,"href":"https:\/\/suzisantiagoctw.com\/cl\/wp-json\/wp\/v2\/product_tag?post=730"}],"curies":[{"name":"wp","href":"https:\/\/api.w.org\/{rel}","templated":true}]}}