{"id":4794,"date":"2022-08-31T06:38:34","date_gmt":"2022-08-31T06:38:34","guid":{"rendered":"http:\/\/suzisantiagoctw.com\/?post_type=product&#038;p=4794"},"modified":"2025-09-02T19:17:51","modified_gmt":"2025-09-02T19:17:51","slug":"comprar-motocicleta-en-chile","status":"publish","type":"product","link":"https:\/\/suzisantiagoctw.com\/cl\/producto\/comprar-motocicleta-en-chile\/","title":{"rendered":"Servicio completo para comprar y viajar con una moto\u00a0en\u00a0Chile"},"content":{"rendered":"","protected":false},"excerpt":{"rendered":"<p>Este servicio incluye lo siguiente: N\u00famero de RUT, ayuda para encontrar una motocicleta confiable, links de opciones diarias, 3 inspecciones mec\u00e1nicas, asesoramiento ilimitado, 3 informes de matr\u00edcula, negociaci\u00f3n de precios, transferencia de t\u00edtulo, seguro internacional, planificaci\u00f3n de viajes, lista de fronteras y documentos necesarios para las fronteras y descuentos en nuestros servicios para la venta final (prioridad a los clientes).<\/p>\n","protected":false},"featured_media":902,"template":"","meta":{"_joinchat":[]},"product_brand":[],"product_cat":[49],"product_tag":[],"class_list":{"0":"post-4794","1":"product","2":"type-product","3":"status-publish","4":"has-post-thumbnail","6":"product_cat-servicios","8":"first","9":"instock","10":"taxable","11":"shipping-taxable","12":"purchasable","13":"product-type-simple"},"_links":{"self":[{"href":"https:\/\/suzisantiagoctw.com\/cl\/wp-json\/wp\/v2\/product\/4794","targetHints":{"allow":["GET"]}}],"collection":[{"href":"https:\/\/suzisantiagoctw.com\/cl\/wp-json\/wp\/v2\/product"}],"about":[{"href":"https:\/\/suzisantiagoctw.com\/cl\/wp-json\/wp\/v2\/types\/product"}],"wp:featuredmedia":[{"embeddable":true,"href":"https:\/\/suzisantiagoctw.com\/cl\/wp-json\/wp\/v2\/media\/902"}],"wp:attachment":[{"href":"https:\/\/suzisantiagoctw.com\/cl\/wp-json\/wp\/v2\/media?parent=4794"}],"wp:term":[{"taxonomy":"product_brand","embeddable":true,"href":"https:\/\/suzisantiagoctw.com\/cl\/wp-json\/wp\/v2\/product_brand?post=4794"},{"taxonomy":"product_cat","embeddable":true,"href":"https:\/\/suzisantiagoctw.com\/cl\/wp-json\/wp\/v2\/product_cat?post=4794"},{"taxonomy":"product_tag","embeddable":true,"href":"https:\/\/suzisantiagoctw.com\/cl\/wp-json\/wp\/v2\/product_tag?post=4794"}],"curies":[{"name":"wp","href":"https:\/\/api.w.org\/{rel}","templated":true}]}}