{"id":4793,"date":"2022-08-31T06:35:59","date_gmt":"2022-08-31T06:35:59","guid":{"rendered":"http:\/\/suzisantiagoctw.com\/?post_type=product&#038;p=4793"},"modified":"2025-09-01T04:18:01","modified_gmt":"2025-09-01T04:18:01","slug":"servicio-premium-para-comprar-un-auto-en-chile","status":"publish","type":"product","link":"https:\/\/suzisantiagoctw.com\/cl\/producto\/servicio-premium-para-comprar-un-auto-en-chile\/","title":{"rendered":"Servicio Premium para comprar un auto en Chile"},"content":{"rendered":"","protected":false},"excerpt":{"rendered":"<p><strong>B\u00fasqueda de veh\u00edculo:<\/strong> se le enviar\u00e1n avisos de autos filtrados por nuestros expertos a base de su presupuesto y necesidades.<\/p>\n<p>-5 inspecciones mec\u00e1nicas en nuestro garaje o hasta un radio de 5 km desde nuestro garaje (todas la zonas seguras y recomendadas de Santiago para buscar un auto).<\/p>\n<p>-Hasta 5 informes placa patente para obtener toda la informaci\u00f3n legal antes de tomar la decisi\u00f3n, asesoramiento ilimitado de nuestros expertos en autom\u00f3viles, negociaci\u00f3n de precios, transferencia del t\u00edtulo r\u00e1pida y f\u00e1cil sin filas, ayuda en obtener seguro internacional planificaci\u00f3n de rutas, nuestra lista de fronteras y necesario documentaci\u00f3n e informaci\u00f3n para cruzar fronteras, obtenci\u00f3n del padr\u00f3n y envi\u00e1rtelo.<\/p>\n<p>-Asesor\u00eda ilimitada durante todo el tiempo que tienes el veh\u00edculo, menores comisiones de venta y prioridad en venta de su veh\u00edculo. Tambi\u00e9n incluye asistencia en la transferencia remota de tu veh\u00edculo y todos los documentos necesario para poder vender el veh\u00edculo en otro pa\u00eds.<\/p>\n","protected":false},"featured_media":898,"template":"","meta":{"_joinchat":[]},"product_brand":[],"product_cat":[49],"product_tag":[],"class_list":{"0":"post-4793","1":"product","2":"type-product","3":"status-publish","4":"has-post-thumbnail","6":"product_cat-servicios","8":"first","9":"instock","10":"taxable","11":"shipping-taxable","12":"purchasable","13":"product-type-simple"},"_links":{"self":[{"href":"https:\/\/suzisantiagoctw.com\/cl\/wp-json\/wp\/v2\/product\/4793","targetHints":{"allow":["GET"]}}],"collection":[{"href":"https:\/\/suzisantiagoctw.com\/cl\/wp-json\/wp\/v2\/product"}],"about":[{"href":"https:\/\/suzisantiagoctw.com\/cl\/wp-json\/wp\/v2\/types\/product"}],"wp:featuredmedia":[{"embeddable":true,"href":"https:\/\/suzisantiagoctw.com\/cl\/wp-json\/wp\/v2\/media\/898"}],"wp:attachment":[{"href":"https:\/\/suzisantiagoctw.com\/cl\/wp-json\/wp\/v2\/media?parent=4793"}],"wp:term":[{"taxonomy":"product_brand","embeddable":true,"href":"https:\/\/suzisantiagoctw.com\/cl\/wp-json\/wp\/v2\/product_brand?post=4793"},{"taxonomy":"product_cat","embeddable":true,"href":"https:\/\/suzisantiagoctw.com\/cl\/wp-json\/wp\/v2\/product_cat?post=4793"},{"taxonomy":"product_tag","embeddable":true,"href":"https:\/\/suzisantiagoctw.com\/cl\/wp-json\/wp\/v2\/product_tag?post=4793"}],"curies":[{"name":"wp","href":"https:\/\/api.w.org\/{rel}","templated":true}]}}