{"id":4792,"date":"2022-08-31T06:31:39","date_gmt":"2022-08-31T06:31:39","guid":{"rendered":"http:\/\/suzisantiagoctw.com\/?post_type=product&#038;p=4792"},"modified":"2024-09-29T21:56:15","modified_gmt":"2024-09-29T21:56:15","slug":"vende-tu-vehiculo","status":"publish","type":"product","link":"https:\/\/suzisantiagoctw.com\/cl\/producto\/vende-tu-vehiculo\/","title":{"rendered":"Vende Tu Veh\u00edculo"},"content":{"rendered":"<div id=\"elementor-tab-title-1901\" class=\"elementor-tab-title elementor-active\" tabindex=\"0\" role=\"tab\" data-tab=\"1\" aria-controls=\"elementor-tab-content-1901\" aria-expanded=\"true\" aria-selected=\"true\"><strong>1.Plan b\u00e1sico<\/strong><\/div>\n<div tabindex=\"0\" role=\"tab\" data-tab=\"1\" aria-controls=\"elementor-tab-content-1901\" aria-expanded=\"true\" aria-selected=\"true\"><\/div>\n<div id=\"elementor-tab-content-1901\" class=\"elementor-tab-content elementor-clearfix elementor-active\" role=\"tabpanel\" data-tab=\"1\" aria-labelledby=\"elementor-tab-title-1901\">\n<p>Solo transferencia de t\u00edtulo, baja comisi\u00f3n, pero tendr\u00e1s que alquilar estacionamiento y hacer la publicidad t\u00fa mismo de tu auto. Es decir, Suzi Santiago solo har\u00e1 la transferencia del t\u00edtulo una vez que haya encontrado compradores.<br \/>\nPrecio:<br \/>\n4% Comisi\u00f3n (Solo 2% para clientes de Suzi).<\/p>\n<div id=\"elementor-tab-content-1902\" class=\"elementor-tab-content elementor-clearfix elementor-active\" role=\"tabpanel\" data-tab=\"2\" aria-labelledby=\"elementor-tab-title-1902\">\n<hr \/>\n<div id=\"elementor-tab-title-1903\" class=\"elementor-tab-title elementor-active\" tabindex=\"0\" role=\"tab\" data-tab=\"3\" aria-controls=\"elementor-tab-content-1903\" aria-expanded=\"true\" aria-selected=\"true\"><strong>2.Premium<\/strong><\/div>\n<div tabindex=\"0\" role=\"tab\" data-tab=\"3\" aria-controls=\"elementor-tab-content-1903\" aria-expanded=\"true\" aria-selected=\"true\"><\/div>\n<div id=\"elementor-tab-content-1903\" class=\"elementor-tab-content elementor-clearfix elementor-active\" role=\"tabpanel\" data-tab=\"3\" aria-labelledby=\"elementor-tab-title-1903\">\n<p>El anuncio de autom\u00f3vil se colocar\u00e1 primero en nuestro sitio web (si el autom\u00f3vil cumple con nuestros est\u00e1ndares)<br \/>\nse publicar\u00e1n anuncios en chileautos (anuncio premium), yapo y muchos grupos de Facebook, el auto estar\u00e1 en exhibici\u00f3n en nuestra oficina a todos los clientes que lleguen, lo lavamos todos los d\u00edas, actualizaremos los tr\u00e1mites si es necesario ( se descontar\u00e1 de la venta).<br \/>\nEl coche siempre estar\u00e1 estacionado dentro de nuestro lugar.<\/p>\n<p>Precio:<br \/>\nComisi\u00f3n del 9% (8% para clientes Suzi).<\/p>\n<hr \/>\n<p><strong>3.Precio Fijo:<\/strong><\/p>\n<p>Se fijara una cantidad de precio fija independientemente del precio de venta, de esta manera usted sabe exactamente la cantidad que recibir\u00e1<\/p>\n<p>Precio:<br \/>\nCualquier cantidad por encima del precio acordado ser\u00e1 considerada como nuestra comisi\u00f3n.<\/p>\n<p>&nbsp;<\/p>\n<hr \/>\n<div id=\"elementor-tab-title-1904\" class=\"elementor-tab-title elementor-active\" tabindex=\"0\" role=\"tab\" data-tab=\"4\" aria-controls=\"elementor-tab-content-1904\" aria-expanded=\"true\" aria-selected=\"true\"><strong>4.Motocicleta<\/strong><\/div>\n<div tabindex=\"0\" role=\"tab\" data-tab=\"4\" aria-controls=\"elementor-tab-content-1904\" aria-expanded=\"true\" aria-selected=\"true\"><\/div>\n<div id=\"elementor-tab-content-1904\" class=\"elementor-tab-content elementor-clearfix elementor-active\" role=\"tabpanel\" data-tab=\"4\" aria-labelledby=\"elementor-tab-title-1904\">\n<p>el anuncio se colocar\u00e1 primero en nuestro sitio web<br \/>\nSe publicar\u00e1n anuncios en chileautos, yapo y muchos grupos relevantes de facebook, La motocicleta estar\u00e1 en exhibici\u00f3n en nuestra oficina a todos los clientes que lleguen, la mantendremos limpia, actualizaremos el papeleo si es necesario (se descontar\u00e1 del venta).<\/p>\n<\/div>\n<p><strong>10% PARA NO CLIENTES<\/strong><br \/>\n<strong>7% PARA VIAJEROS SUZI<\/strong><\/p>\n<\/div>\n<\/div>\n<\/div>\n","protected":false},"excerpt":{"rendered":"<div tabindex=\"0\" role=\"tab\" data-tab=\"1\" aria-controls=\"elementor-tab-content-1901\" aria-expanded=\"true\" aria-selected=\"true\">\n<p>\u00bfNo quiere pasar 1 mes en Santiago tratando de vender su veh\u00edculo? d\u00e9jenos encargarnos de la venta! (motocicleta \/ coches \/ campervans).<\/p>\n<p>Tenemos 4 opciones para ti, y estas no requieren que esperes en Chile.<\/p>\n<\/div>\n<p>&nbsp;<\/p>\n<table style=\"border: 1px solid #ababab; height: 518px;\" width=\"1117\">\n<thead>\n<tr>\n<th style=\"border: 1px #ababab solid;\">PLANES DE VENTA<\/th>\n<th style=\"border: 1px #ababab solid;\">PLAN PREMIUM<\/p>\n<h6>9% PARA NO CLIENTES<\/h6>\n<h6>8% PARA VIAJEROS SUZI<\/h6>\n<\/th>\n<th style=\"border: 1px #ababab solid;\">PRECIO FIJO<\/p>\n<h6>CUALQUIER CANTIDAD SUPERIOR AL PRECIO ACORDADO SER\u00c1 CONSIDERADA COMO NUESTRA COMISION.<\/h6>\n<\/th>\n<th style=\"border: 1px #ababab solid;\">PLAN B\u00c1SICO<\/p>\n<h6>4% PARA NO CLIENTES<\/h6>\n<h6>2% PARA VIAJEROS SUZI<\/h6>\n<\/th>\n<th style=\"border: 1px #ababab solid;\">PLAN PARA MOTOS<\/p>\n<h6>10% PARA NO CLIENTES<br \/>\n7% PARA VIAJEROS SUZI<\/h6>\n<\/th>\n<\/tr>\n<\/thead>\n<tbody>\n<tr>\n<td style=\"border: 1px #ababab solid;\">PUBLICIDAD EN NUESTRA PAGINA WEB, CHILEAUTOS, FACEBOOK, INSTAGRAM Y DIFERENTES PLATAFORMAS<\/td>\n<td style=\"border: 1px #ababab solid;\"><img decoding=\"async\" class=\"size-medium wp-image-6446 aligncenter\" src=\"http:\/\/suzisantiagoctw.com\/wp-content\/uploads\/2023\/06\/mark-300x300.png\" alt=\"\" width=\"50\" height=\"50\" srcset=\"https:\/\/suzisantiagoctw.com\/wp-content\/uploads\/2023\/06\/mark-300x300.png 300w, https:\/\/suzisantiagoctw.com\/wp-content\/uploads\/2023\/06\/mark-150x150.png 150w, https:\/\/suzisantiagoctw.com\/wp-content\/uploads\/2023\/06\/mark-12x12.png 12w, https:\/\/suzisantiagoctw.com\/wp-content\/uploads\/2023\/06\/mark-100x100.png 100w, https:\/\/suzisantiagoctw.com\/wp-content\/uploads\/2023\/06\/mark.png 512w\" sizes=\"(max-width: 50px) 100vw, 50px\" \/><\/td>\n<td style=\"border: 1px #ababab solid;\"><img decoding=\"async\" class=\"size-medium wp-image-6446 aligncenter\" src=\"http:\/\/suzisantiagoctw.com\/wp-content\/uploads\/2023\/06\/mark-300x300.png\" alt=\"\" width=\"50\" height=\"50\" srcset=\"https:\/\/suzisantiagoctw.com\/wp-content\/uploads\/2023\/06\/mark-300x300.png 300w, https:\/\/suzisantiagoctw.com\/wp-content\/uploads\/2023\/06\/mark-150x150.png 150w, https:\/\/suzisantiagoctw.com\/wp-content\/uploads\/2023\/06\/mark-12x12.png 12w, https:\/\/suzisantiagoctw.com\/wp-content\/uploads\/2023\/06\/mark-100x100.png 100w, https:\/\/suzisantiagoctw.com\/wp-content\/uploads\/2023\/06\/mark.png 512w\" sizes=\"(max-width: 50px) 100vw, 50px\" \/><\/td>\n<td style=\"border: 1px #ababab solid;\"><img decoding=\"async\" class=\"size-medium wp-image-6447 aligncenter\" src=\"http:\/\/suzisantiagoctw.com\/wp-content\/uploads\/2023\/06\/cross-300x300.png\" alt=\"\" width=\"50\" height=\"50\" srcset=\"https:\/\/suzisantiagoctw.com\/wp-content\/uploads\/2023\/06\/cross-300x300.png 300w, https:\/\/suzisantiagoctw.com\/wp-content\/uploads\/2023\/06\/cross-150x150.png 150w, https:\/\/suzisantiagoctw.com\/wp-content\/uploads\/2023\/06\/cross-12x12.png 12w, https:\/\/suzisantiagoctw.com\/wp-content\/uploads\/2023\/06\/cross-100x100.png 100w, https:\/\/suzisantiagoctw.com\/wp-content\/uploads\/2023\/06\/cross.png 512w\" sizes=\"(max-width: 50px) 100vw, 50px\" \/><\/td>\n<td style=\"border: 1px #ababab solid;\"><img decoding=\"async\" class=\"size-medium wp-image-6446 aligncenter\" src=\"http:\/\/suzisantiagoctw.com\/wp-content\/uploads\/2023\/06\/mark-300x300.png\" alt=\"\" width=\"50\" height=\"50\" srcset=\"https:\/\/suzisantiagoctw.com\/wp-content\/uploads\/2023\/06\/mark-300x300.png 300w, https:\/\/suzisantiagoctw.com\/wp-content\/uploads\/2023\/06\/mark-150x150.png 150w, https:\/\/suzisantiagoctw.com\/wp-content\/uploads\/2023\/06\/mark-12x12.png 12w, https:\/\/suzisantiagoctw.com\/wp-content\/uploads\/2023\/06\/mark-100x100.png 100w, https:\/\/suzisantiagoctw.com\/wp-content\/uploads\/2023\/06\/mark.png 512w\" sizes=\"(max-width: 50px) 100vw, 50px\" \/><\/td>\n<td style=\"border: 1px #ababab solid;\"><\/td>\n<\/tr>\n<tr>\n<td style=\"border: 1px #ababab solid;\">PROCESO DE TRANSFERENCIA DE T\u00cdTULO PARA EL NUEVO COMPRADOR<\/td>\n<td style=\"border: 1px #ababab solid;\"><img decoding=\"async\" class=\"size-medium wp-image-6446 aligncenter\" src=\"http:\/\/suzisantiagoctw.com\/wp-content\/uploads\/2023\/06\/mark-300x300.png\" alt=\"\" width=\"50\" height=\"50\" srcset=\"https:\/\/suzisantiagoctw.com\/wp-content\/uploads\/2023\/06\/mark-300x300.png 300w, https:\/\/suzisantiagoctw.com\/wp-content\/uploads\/2023\/06\/mark-150x150.png 150w, https:\/\/suzisantiagoctw.com\/wp-content\/uploads\/2023\/06\/mark-12x12.png 12w, https:\/\/suzisantiagoctw.com\/wp-content\/uploads\/2023\/06\/mark-100x100.png 100w, https:\/\/suzisantiagoctw.com\/wp-content\/uploads\/2023\/06\/mark.png 512w\" sizes=\"(max-width: 50px) 100vw, 50px\" \/><\/td>\n<td style=\"border: 1px #ababab solid;\"><img decoding=\"async\" class=\"size-medium wp-image-6446 aligncenter\" src=\"http:\/\/suzisantiagoctw.com\/wp-content\/uploads\/2023\/06\/mark-300x300.png\" alt=\"\" width=\"50\" height=\"50\" srcset=\"https:\/\/suzisantiagoctw.com\/wp-content\/uploads\/2023\/06\/mark-300x300.png 300w, https:\/\/suzisantiagoctw.com\/wp-content\/uploads\/2023\/06\/mark-150x150.png 150w, https:\/\/suzisantiagoctw.com\/wp-content\/uploads\/2023\/06\/mark-12x12.png 12w, https:\/\/suzisantiagoctw.com\/wp-content\/uploads\/2023\/06\/mark-100x100.png 100w, https:\/\/suzisantiagoctw.com\/wp-content\/uploads\/2023\/06\/mark.png 512w\" sizes=\"(max-width: 50px) 100vw, 50px\" \/><\/td>\n<td style=\"border: 1px #ababab solid;\"><img decoding=\"async\" class=\"size-medium wp-image-6446 aligncenter\" src=\"http:\/\/suzisantiagoctw.com\/wp-content\/uploads\/2023\/06\/mark-300x300.png\" alt=\"\" width=\"50\" height=\"50\" srcset=\"https:\/\/suzisantiagoctw.com\/wp-content\/uploads\/2023\/06\/mark-300x300.png 300w, https:\/\/suzisantiagoctw.com\/wp-content\/uploads\/2023\/06\/mark-150x150.png 150w, https:\/\/suzisantiagoctw.com\/wp-content\/uploads\/2023\/06\/mark-12x12.png 12w, https:\/\/suzisantiagoctw.com\/wp-content\/uploads\/2023\/06\/mark-100x100.png 100w, https:\/\/suzisantiagoctw.com\/wp-content\/uploads\/2023\/06\/mark.png 512w\" sizes=\"(max-width: 50px) 100vw, 50px\" \/><\/td>\n<td style=\"border: 1px #ababab solid;\"><img decoding=\"async\" class=\"size-medium wp-image-6446 aligncenter\" src=\"http:\/\/suzisantiagoctw.com\/wp-content\/uploads\/2023\/06\/mark-300x300.png\" alt=\"\" width=\"50\" height=\"50\" srcset=\"https:\/\/suzisantiagoctw.com\/wp-content\/uploads\/2023\/06\/mark-300x300.png 300w, https:\/\/suzisantiagoctw.com\/wp-content\/uploads\/2023\/06\/mark-150x150.png 150w, https:\/\/suzisantiagoctw.com\/wp-content\/uploads\/2023\/06\/mark-12x12.png 12w, https:\/\/suzisantiagoctw.com\/wp-content\/uploads\/2023\/06\/mark-100x100.png 100w, https:\/\/suzisantiagoctw.com\/wp-content\/uploads\/2023\/06\/mark.png 512w\" sizes=\"(max-width: 50px) 100vw, 50px\" \/><\/td>\n<td style=\"border: 1px #ababab solid;\"><\/td>\n<\/tr>\n<tr>\n<td style=\"border: 1px #ababab solid;\">ESTACIONAMIENTO SEGURO<\/td>\n<td style=\"border: 1px #ababab solid;\"><img decoding=\"async\" class=\"size-medium wp-image-6446 aligncenter\" src=\"http:\/\/suzisantiagoctw.com\/wp-content\/uploads\/2023\/06\/mark-300x300.png\" alt=\"\" width=\"50\" height=\"50\" srcset=\"https:\/\/suzisantiagoctw.com\/wp-content\/uploads\/2023\/06\/mark-300x300.png 300w, https:\/\/suzisantiagoctw.com\/wp-content\/uploads\/2023\/06\/mark-150x150.png 150w, https:\/\/suzisantiagoctw.com\/wp-content\/uploads\/2023\/06\/mark-12x12.png 12w, https:\/\/suzisantiagoctw.com\/wp-content\/uploads\/2023\/06\/mark-100x100.png 100w, https:\/\/suzisantiagoctw.com\/wp-content\/uploads\/2023\/06\/mark.png 512w\" sizes=\"(max-width: 50px) 100vw, 50px\" \/><\/td>\n<td style=\"border: 1px #ababab solid;\"><img decoding=\"async\" class=\"size-medium wp-image-6446 aligncenter\" src=\"http:\/\/suzisantiagoctw.com\/wp-content\/uploads\/2023\/06\/mark-300x300.png\" alt=\"\" width=\"50\" height=\"50\" srcset=\"https:\/\/suzisantiagoctw.com\/wp-content\/uploads\/2023\/06\/mark-300x300.png 300w, https:\/\/suzisantiagoctw.com\/wp-content\/uploads\/2023\/06\/mark-150x150.png 150w, https:\/\/suzisantiagoctw.com\/wp-content\/uploads\/2023\/06\/mark-12x12.png 12w, https:\/\/suzisantiagoctw.com\/wp-content\/uploads\/2023\/06\/mark-100x100.png 100w, https:\/\/suzisantiagoctw.com\/wp-content\/uploads\/2023\/06\/mark.png 512w\" sizes=\"(max-width: 50px) 100vw, 50px\" \/><\/td>\n<td style=\"border: 1px #ababab solid;\"><img decoding=\"async\" class=\"size-medium wp-image-6447 aligncenter\" src=\"http:\/\/suzisantiagoctw.com\/wp-content\/uploads\/2023\/06\/cross-300x300.png\" alt=\"\" width=\"50\" height=\"50\" srcset=\"https:\/\/suzisantiagoctw.com\/wp-content\/uploads\/2023\/06\/cross-300x300.png 300w, https:\/\/suzisantiagoctw.com\/wp-content\/uploads\/2023\/06\/cross-150x150.png 150w, https:\/\/suzisantiagoctw.com\/wp-content\/uploads\/2023\/06\/cross-12x12.png 12w, https:\/\/suzisantiagoctw.com\/wp-content\/uploads\/2023\/06\/cross-100x100.png 100w, https:\/\/suzisantiagoctw.com\/wp-content\/uploads\/2023\/06\/cross.png 512w\" sizes=\"(max-width: 50px) 100vw, 50px\" \/><\/td>\n<td style=\"border: 1px #ababab solid;\"><img decoding=\"async\" class=\"size-medium wp-image-6446 aligncenter\" src=\"http:\/\/suzisantiagoctw.com\/wp-content\/uploads\/2023\/06\/mark-300x300.png\" alt=\"\" width=\"50\" height=\"50\" srcset=\"https:\/\/suzisantiagoctw.com\/wp-content\/uploads\/2023\/06\/mark-300x300.png 300w, https:\/\/suzisantiagoctw.com\/wp-content\/uploads\/2023\/06\/mark-150x150.png 150w, https:\/\/suzisantiagoctw.com\/wp-content\/uploads\/2023\/06\/mark-12x12.png 12w, https:\/\/suzisantiagoctw.com\/wp-content\/uploads\/2023\/06\/mark-100x100.png 100w, https:\/\/suzisantiagoctw.com\/wp-content\/uploads\/2023\/06\/mark.png 512w\" sizes=\"(max-width: 50px) 100vw, 50px\" \/><\/td>\n<td style=\"border: 1px #ababab solid;\"><\/td>\n<\/tr>\n<tr>\n<td style=\"border: 1px #ababab solid;\">LA EMPRESA ES RESPONSABLE DE CUALQUIER DA\u00d1O O ROBO<\/td>\n<td style=\"border: 1px #ababab solid;\"><img decoding=\"async\" class=\"size-medium wp-image-6446 aligncenter\" src=\"http:\/\/suzisantiagoctw.com\/wp-content\/uploads\/2023\/06\/mark-300x300.png\" alt=\"\" width=\"50\" height=\"50\" srcset=\"https:\/\/suzisantiagoctw.com\/wp-content\/uploads\/2023\/06\/mark-300x300.png 300w, https:\/\/suzisantiagoctw.com\/wp-content\/uploads\/2023\/06\/mark-150x150.png 150w, https:\/\/suzisantiagoctw.com\/wp-content\/uploads\/2023\/06\/mark-12x12.png 12w, https:\/\/suzisantiagoctw.com\/wp-content\/uploads\/2023\/06\/mark-100x100.png 100w, https:\/\/suzisantiagoctw.com\/wp-content\/uploads\/2023\/06\/mark.png 512w\" sizes=\"(max-width: 50px) 100vw, 50px\" \/><\/td>\n<td style=\"border: 1px #ababab solid;\"><img decoding=\"async\" class=\"size-medium wp-image-6446 aligncenter\" src=\"http:\/\/suzisantiagoctw.com\/wp-content\/uploads\/2023\/06\/mark-300x300.png\" alt=\"\" width=\"50\" height=\"50\" srcset=\"https:\/\/suzisantiagoctw.com\/wp-content\/uploads\/2023\/06\/mark-300x300.png 300w, https:\/\/suzisantiagoctw.com\/wp-content\/uploads\/2023\/06\/mark-150x150.png 150w, https:\/\/suzisantiagoctw.com\/wp-content\/uploads\/2023\/06\/mark-12x12.png 12w, https:\/\/suzisantiagoctw.com\/wp-content\/uploads\/2023\/06\/mark-100x100.png 100w, https:\/\/suzisantiagoctw.com\/wp-content\/uploads\/2023\/06\/mark.png 512w\" sizes=\"(max-width: 50px) 100vw, 50px\" \/><\/td>\n<td style=\"border: 1px #ababab solid;\"><img decoding=\"async\" class=\"size-medium wp-image-6447 aligncenter\" src=\"http:\/\/suzisantiagoctw.com\/wp-content\/uploads\/2023\/06\/cross-300x300.png\" alt=\"\" width=\"50\" height=\"50\" srcset=\"https:\/\/suzisantiagoctw.com\/wp-content\/uploads\/2023\/06\/cross-300x300.png 300w, https:\/\/suzisantiagoctw.com\/wp-content\/uploads\/2023\/06\/cross-150x150.png 150w, https:\/\/suzisantiagoctw.com\/wp-content\/uploads\/2023\/06\/cross-12x12.png 12w, https:\/\/suzisantiagoctw.com\/wp-content\/uploads\/2023\/06\/cross-100x100.png 100w, https:\/\/suzisantiagoctw.com\/wp-content\/uploads\/2023\/06\/cross.png 512w\" sizes=\"(max-width: 50px) 100vw, 50px\" \/><\/td>\n<td style=\"border: 1px #ababab solid;\"><img decoding=\"async\" class=\"size-medium wp-image-6446 aligncenter\" src=\"http:\/\/suzisantiagoctw.com\/wp-content\/uploads\/2023\/06\/mark-300x300.png\" alt=\"\" width=\"50\" height=\"50\" srcset=\"https:\/\/suzisantiagoctw.com\/wp-content\/uploads\/2023\/06\/mark-300x300.png 300w, https:\/\/suzisantiagoctw.com\/wp-content\/uploads\/2023\/06\/mark-150x150.png 150w, https:\/\/suzisantiagoctw.com\/wp-content\/uploads\/2023\/06\/mark-12x12.png 12w, https:\/\/suzisantiagoctw.com\/wp-content\/uploads\/2023\/06\/mark-100x100.png 100w, https:\/\/suzisantiagoctw.com\/wp-content\/uploads\/2023\/06\/mark.png 512w\" sizes=\"(max-width: 50px) 100vw, 50px\" \/><\/td>\n<td style=\"border: 1px #ababab solid;\"><\/td>\n<\/tr>\n<tr>\n<td style=\"border: 1px #ababab solid;\">MANTENIMIENTO DEL VEHICULO EN EL MEJOR CUIDADO Y LIMPIO<\/td>\n<td style=\"border: 1px #ababab solid;\"><img decoding=\"async\" class=\"size-medium wp-image-6446 aligncenter\" src=\"http:\/\/suzisantiagoctw.com\/wp-content\/uploads\/2023\/06\/mark-300x300.png\" alt=\"\" width=\"50\" height=\"50\" srcset=\"https:\/\/suzisantiagoctw.com\/wp-content\/uploads\/2023\/06\/mark-300x300.png 300w, https:\/\/suzisantiagoctw.com\/wp-content\/uploads\/2023\/06\/mark-150x150.png 150w, https:\/\/suzisantiagoctw.com\/wp-content\/uploads\/2023\/06\/mark-12x12.png 12w, https:\/\/suzisantiagoctw.com\/wp-content\/uploads\/2023\/06\/mark-100x100.png 100w, https:\/\/suzisantiagoctw.com\/wp-content\/uploads\/2023\/06\/mark.png 512w\" sizes=\"(max-width: 50px) 100vw, 50px\" \/><\/td>\n<td style=\"border: 1px #ababab solid;\"><img decoding=\"async\" class=\"size-medium wp-image-6446 aligncenter\" src=\"http:\/\/suzisantiagoctw.com\/wp-content\/uploads\/2023\/06\/mark-300x300.png\" alt=\"\" width=\"50\" height=\"50\" srcset=\"https:\/\/suzisantiagoctw.com\/wp-content\/uploads\/2023\/06\/mark-300x300.png 300w, https:\/\/suzisantiagoctw.com\/wp-content\/uploads\/2023\/06\/mark-150x150.png 150w, https:\/\/suzisantiagoctw.com\/wp-content\/uploads\/2023\/06\/mark-12x12.png 12w, https:\/\/suzisantiagoctw.com\/wp-content\/uploads\/2023\/06\/mark-100x100.png 100w, https:\/\/suzisantiagoctw.com\/wp-content\/uploads\/2023\/06\/mark.png 512w\" sizes=\"(max-width: 50px) 100vw, 50px\" \/><\/td>\n<td style=\"border: 1px #ababab solid;\"><img decoding=\"async\" class=\"size-medium wp-image-6447 aligncenter\" src=\"http:\/\/suzisantiagoctw.com\/wp-content\/uploads\/2023\/06\/cross-300x300.png\" alt=\"\" width=\"50\" height=\"50\" srcset=\"https:\/\/suzisantiagoctw.com\/wp-content\/uploads\/2023\/06\/cross-300x300.png 300w, https:\/\/suzisantiagoctw.com\/wp-content\/uploads\/2023\/06\/cross-150x150.png 150w, https:\/\/suzisantiagoctw.com\/wp-content\/uploads\/2023\/06\/cross-12x12.png 12w, https:\/\/suzisantiagoctw.com\/wp-content\/uploads\/2023\/06\/cross-100x100.png 100w, https:\/\/suzisantiagoctw.com\/wp-content\/uploads\/2023\/06\/cross.png 512w\" sizes=\"(max-width: 50px) 100vw, 50px\" \/><\/td>\n<td style=\"border: 1px #ababab solid;\"><img decoding=\"async\" class=\"size-medium wp-image-6446 aligncenter\" src=\"http:\/\/suzisantiagoctw.com\/wp-content\/uploads\/2023\/06\/mark-300x300.png\" alt=\"\" width=\"50\" height=\"50\" srcset=\"https:\/\/suzisantiagoctw.com\/wp-content\/uploads\/2023\/06\/mark-300x300.png 300w, https:\/\/suzisantiagoctw.com\/wp-content\/uploads\/2023\/06\/mark-150x150.png 150w, https:\/\/suzisantiagoctw.com\/wp-content\/uploads\/2023\/06\/mark-12x12.png 12w, https:\/\/suzisantiagoctw.com\/wp-content\/uploads\/2023\/06\/mark-100x100.png 100w, https:\/\/suzisantiagoctw.com\/wp-content\/uploads\/2023\/06\/mark.png 512w\" sizes=\"(max-width: 50px) 100vw, 50px\" \/><\/td>\n<td style=\"border: 1px #ababab solid;\"><\/td>\n<\/tr>\n<\/tbody>\n<\/table>\n","protected":false},"featured_media":904,"template":"","meta":{"_joinchat":[]},"product_brand":[],"product_cat":[49],"product_tag":[],"class_list":{"0":"post-4792","1":"product","2":"type-product","3":"status-publish","4":"has-post-thumbnail","6":"product_cat-servicios","8":"first","9":"instock","10":"taxable","11":"shipping-taxable","12":"product-type-simple"},"_links":{"self":[{"href":"https:\/\/suzisantiagoctw.com\/cl\/wp-json\/wp\/v2\/product\/4792","targetHints":{"allow":["GET"]}}],"collection":[{"href":"https:\/\/suzisantiagoctw.com\/cl\/wp-json\/wp\/v2\/product"}],"about":[{"href":"https:\/\/suzisantiagoctw.com\/cl\/wp-json\/wp\/v2\/types\/product"}],"wp:featuredmedia":[{"embeddable":true,"href":"https:\/\/suzisantiagoctw.com\/cl\/wp-json\/wp\/v2\/media\/904"}],"wp:attachment":[{"href":"https:\/\/suzisantiagoctw.com\/cl\/wp-json\/wp\/v2\/media?parent=4792"}],"wp:term":[{"taxonomy":"product_brand","embeddable":true,"href":"https:\/\/suzisantiagoctw.com\/cl\/wp-json\/wp\/v2\/product_brand?post=4792"},{"taxonomy":"product_cat","embeddable":true,"href":"https:\/\/suzisantiagoctw.com\/cl\/wp-json\/wp\/v2\/product_cat?post=4792"},{"taxonomy":"product_tag","embeddable":true,"href":"https:\/\/suzisantiagoctw.com\/cl\/wp-json\/wp\/v2\/product_tag?post=4792"}],"curies":[{"name":"wp","href":"https:\/\/api.w.org\/{rel}","templated":true}]}}