{"id":4783,"date":"2022-08-31T06:03:40","date_gmt":"2022-08-31T06:03:40","guid":{"rendered":"http:\/\/suzisantiagoctw.com\/?post_type=product&#038;p=4783"},"modified":"2024-02-07T22:20:52","modified_gmt":"2024-02-07T22:20:52","slug":"paquete-de-cruce-fronterizo","status":"publish","type":"product","link":"https:\/\/suzisantiagoctw.com\/cl\/producto\/paquete-de-cruce-fronterizo\/","title":{"rendered":"Pack Transferencia Del Veh\u00edculo"},"content":{"rendered":"","protected":false},"excerpt":{"rendered":"<p>Este paquete incluye: Estar presentes al momento de la transferencia en la notaria, con previa coordinaci\u00f3n de hora y fecha de ambas partes * 1 copia de la ley que dice que puedes salir de Chile con un veh\u00edculo * declaraci\u00f3n jurada (declaraci\u00f3n de que regresar\u00e1s en 6 meses) * Retirar el Padr\u00f3n en Nombre del cliente *<\/p>\n","protected":false},"featured_media":912,"template":"","meta":{"_joinchat":[]},"product_brand":[],"product_cat":[49],"product_tag":[],"class_list":{"0":"post-4783","1":"product","2":"type-product","3":"status-publish","4":"has-post-thumbnail","6":"product_cat-servicios","8":"first","9":"instock","10":"taxable","11":"shipping-taxable","12":"purchasable","13":"product-type-simple"},"_links":{"self":[{"href":"https:\/\/suzisantiagoctw.com\/cl\/wp-json\/wp\/v2\/product\/4783","targetHints":{"allow":["GET"]}}],"collection":[{"href":"https:\/\/suzisantiagoctw.com\/cl\/wp-json\/wp\/v2\/product"}],"about":[{"href":"https:\/\/suzisantiagoctw.com\/cl\/wp-json\/wp\/v2\/types\/product"}],"wp:featuredmedia":[{"embeddable":true,"href":"https:\/\/suzisantiagoctw.com\/cl\/wp-json\/wp\/v2\/media\/912"}],"wp:attachment":[{"href":"https:\/\/suzisantiagoctw.com\/cl\/wp-json\/wp\/v2\/media?parent=4783"}],"wp:term":[{"taxonomy":"product_brand","embeddable":true,"href":"https:\/\/suzisantiagoctw.com\/cl\/wp-json\/wp\/v2\/product_brand?post=4783"},{"taxonomy":"product_cat","embeddable":true,"href":"https:\/\/suzisantiagoctw.com\/cl\/wp-json\/wp\/v2\/product_cat?post=4783"},{"taxonomy":"product_tag","embeddable":true,"href":"https:\/\/suzisantiagoctw.com\/cl\/wp-json\/wp\/v2\/product_tag?post=4783"}],"curies":[{"name":"wp","href":"https:\/\/api.w.org\/{rel}","templated":true}]}}