{"id":4782,"date":"2022-08-31T05:49:11","date_gmt":"2022-08-31T05:49:11","guid":{"rendered":"http:\/\/suzisantiagoctw.com\/?post_type=product&#038;p=4782"},"modified":"2024-07-12T22:07:22","modified_gmt":"2024-07-12T22:07:22","slug":"transferencia-de-titulo-remota","status":"publish","type":"product","link":"https:\/\/suzisantiagoctw.com\/cl\/producto\/transferencia-de-titulo-remota\/","title":{"rendered":"Transferencia De T\u00edtulo Remota (servicio no disponible en Per\u00fa)."},"content":{"rendered":"<div id=\"elementor-tab-title-7031\" class=\"elementor-tab-title elementor-active\" tabindex=\"0\" role=\"tab\" data-tab=\"1\" aria-controls=\"elementor-tab-content-7031\" aria-expanded=\"true\" aria-selected=\"true\"><a class=\"elementor-accordion-title\" href=\"http:\/\/suzisantiagoctw.com\/servicios\/\">Pasos para vender su veh\u00edculo con placa chilena fuera de Chile<\/a><\/div>\n<div id=\"elementor-tab-content-7031\" class=\"elementor-tab-content elementor-clearfix elementor-active\" role=\"tabpanel\" data-tab=\"1\" aria-labelledby=\"elementor-tab-title-7031\">\n<p><strong>\u00a1Estimado viajero!<\/strong><\/p>\n<p>Para vender su veh\u00edculo fuera de Chile, necesitamos 1 de los siguientes documentos para estar actualizado:<\/p>\n<p><strong>\u201cPermiso de circulaci\u00f3n\u201d<\/strong><\/p>\n<p>\u201cRevisi\u00f3n t\u00e9cnica\u201d (y el \u201ccertificado de emisiones\u201d \u2013 normalmente relacionado con el documento de revisi\u00f3n t\u00e9cnica)<\/p>\n<p>Si alguno de estos dos documentos est\u00e1 actualizado, podemos cambiar el propietario del veh\u00edculo. si ambos est\u00e1n vencidos, la \u00fanica forma de cambiar de due\u00f1o legalmente es trayendo el veh\u00edculo de regreso a Chile.<\/p>\n<p>Etapas del proceso:<\/p>\n<p>Necesitaremos que el vendedor nos env\u00ede un buen escaneo (no tomado con un tel\u00e9fono inteligente, por ejemplo) de los siguientes documentos:<\/p>\n<p>-Revisi\u00f3n t\u00e9cnica + certificado de emisiones<\/p>\n<p>-Permiso de circulaci\u00f3n<\/p>\n<p>-Padr\u00f3n (certificado de inscripci\u00f3n)<\/p>\n<p>-Seguro obligatorio<\/p>\n<p>-Vendedor \u2013 Documento de rutina y pasaporte<\/p>\n<p>-Comprador: pasaporte y direcci\u00f3n de correo electr\u00f3nico, n\u00famero de whatsapp.<\/p>\n<p>Enviaremos al comprador un documento que nos permitir\u00e1 obtener un n\u00famero de RUT para \u00e9l. El comprador deber\u00e1 firmar este documento en un consulado o embajada de Chile (se puede hacer en cualquier parte del mundo).\u00a0 Tambi\u00e9n necesitaremos que el comprador haga dos copias en papel de su pasaporte y las firme en la embajada o consulado de origen del pasaporte (por ejemplo, pasaporte franc\u00e9s, consulado franc\u00e9s). Despu\u00e9s de recibir estos documentos, el comprador nos los enviar\u00e1.\u00a0 v\u00eda correo urgente (DHL, UPS, etc.).<\/p>\n<p>Una vez que recibamos estos documentos (el correo urgente generalmente demora de 3 a 4 d\u00edas h\u00e1biles, recomendamos DHL) obtendremos un n\u00famero de RUT para el comprador y prepararemos los 5 poderes y las autorizaciones necesarias para el proceso.<\/p>\n<p>Enviaremos por correo electr\u00f3nico estos 5 documentos, 2 de ellos deber\u00e1n ser firmados por el comprador y 3 por el vendedor, en un consulado o embajada de Chile (generalmente el comprador y el vendedor ir\u00e1n juntos, pero no es obligatorio). Aparte de eso tambi\u00e9n necesitaremos 2 copias del pasaporte del vendedor firmado en la embajada \/ consulado de origen del pasaporte.<\/p>\n<p>Despu\u00e9s de firmar estos 5 documentos y las copias por favor cont\u00e1ctenos, le indicaremos qu\u00e9 documentos deben quedarse con el comprador y cu\u00e1les deben ser enviados por correo urgente.<\/p>\n<p>Despu\u00e9s de enviarnos los documentos indicados, podremos transferir la propiedad. 4-6 semanas despu\u00e9s de recibir la documentaci\u00f3n enviaremos el nuevo certificado de inscripci\u00f3n (padr\u00f3n) al comprador como prueba de propiedad para \u00e9l.<\/p>\n<p>Recuerde pedir una cita en un consulado \/ embajada antes de ir all\u00ed, por lo general, no puede simplemente presentarse, necesita una cita.<\/p>\n<p>Recuerde: el veh\u00edculo debe salir del pa\u00eds antes de que expire el TIP (permiso de importaci\u00f3n temporal, generalmente 90 d\u00edas).\u00a0 No salir del pa\u00eds en ese momento podr\u00eda causar la confiscaci\u00f3n del veh\u00edculo en la frontera.<\/p>\n<p>El comprador podr\u00e1 cruzar fronteras antes de recibir el nuevo padr\u00f3n a su nombre.<\/p>\n<\/div>\n","protected":false},"excerpt":{"rendered":"<p>\u00bfQuieres vender tu auto chileno en otro pa\u00eds? este es el servicio para ti. Con el papeleo adecuado podemos representar al comprador y vendedor en Chile y transferir el t\u00edtulo mientras el vendedor y el comprador se encuentran en otro pa\u00eds (Colombia, por ejemplo). Requisitos: debe tener el permiso de circulaci\u00f3n al d\u00eda.<\/p>\n<p><strong>Precios:<\/strong><\/p>\n<p>Tasa por suzi Santiago- 120.000 CLP- pagada por el comprador por conseguirle un n\u00famero RUT.<\/p>\n<p>190.000 CLP pagados por el vendedor por todo el proceso de venta, impuestos y tasas extra para notaria por legalizaci\u00f3n de documentos.<\/p>\n<p>1,5% del valor de los veh\u00edculos (tasaci\u00f3n- indicada en el documento de permiso de circulaci\u00f3n) \u2013 impuesto al comprador- pagado por el comprador. 50.000 CLP \u2013 honorarios notariales y estatales pagados por la venta.<\/p>\n","protected":false},"featured_media":914,"template":"","meta":{"_joinchat":[]},"product_brand":[],"product_cat":[49],"product_tag":[],"class_list":{"0":"post-4782","1":"product","2":"type-product","3":"status-publish","4":"has-post-thumbnail","6":"product_cat-servicios","8":"first","9":"instock","10":"purchasable","11":"product-type-variable"},"_links":{"self":[{"href":"https:\/\/suzisantiagoctw.com\/cl\/wp-json\/wp\/v2\/product\/4782","targetHints":{"allow":["GET"]}}],"collection":[{"href":"https:\/\/suzisantiagoctw.com\/cl\/wp-json\/wp\/v2\/product"}],"about":[{"href":"https:\/\/suzisantiagoctw.com\/cl\/wp-json\/wp\/v2\/types\/product"}],"wp:featuredmedia":[{"embeddable":true,"href":"https:\/\/suzisantiagoctw.com\/cl\/wp-json\/wp\/v2\/media\/914"}],"wp:attachment":[{"href":"https:\/\/suzisantiagoctw.com\/cl\/wp-json\/wp\/v2\/media?parent=4782"}],"wp:term":[{"taxonomy":"product_brand","embeddable":true,"href":"https:\/\/suzisantiagoctw.com\/cl\/wp-json\/wp\/v2\/product_brand?post=4782"},{"taxonomy":"product_cat","embeddable":true,"href":"https:\/\/suzisantiagoctw.com\/cl\/wp-json\/wp\/v2\/product_cat?post=4782"},{"taxonomy":"product_tag","embeddable":true,"href":"https:\/\/suzisantiagoctw.com\/cl\/wp-json\/wp\/v2\/product_tag?post=4782"}],"curies":[{"name":"wp","href":"https:\/\/api.w.org\/{rel}","templated":true}]}}