{"id":4780,"date":"2022-08-31T05:38:49","date_gmt":"2022-08-31T05:38:49","guid":{"rendered":"http:\/\/suzisantiagoctw.com\/?post_type=product&#038;p=4780"},"modified":"2025-09-01T04:22:21","modified_gmt":"2025-09-01T04:22:21","slug":"full-service-comprar-un-auto-en-chile","status":"publish","type":"product","link":"https:\/\/suzisantiagoctw.com\/cl\/producto\/full-service-comprar-un-auto-en-chile\/","title":{"rendered":"Full service comprar un auto en Chile"},"content":{"rendered":"","protected":false},"excerpt":{"rendered":"<p>\u00danase a la familia y disfrute de una experiencia de viaje tranquila y sin preocupaciones.<\/p>\n<p>Este servicio incluye un RUT, b\u00fasqueda de autom\u00f3vil: Se le enviar\u00e1n opciones diarias de autom\u00f3vil, 3 inspecciones mec\u00e1nicas gratuitas en nuestra ubicaci\u00f3n, 3 informes de matr\u00edculas, asesoramiento ilimitado de nuestros expertos en autom\u00f3viles, negociaci\u00f3n de precios, transferencia de t\u00edtulo, seguro internacional, planificaci\u00f3n de viajes, listado de fronteras y documentaci\u00f3n e informaci\u00f3n necesaria, asesor\u00eda y menores comisiones de venta.<\/p>\n","protected":false},"featured_media":900,"template":"","meta":{"_joinchat":[]},"product_brand":[],"product_cat":[49],"product_tag":[],"class_list":{"0":"post-4780","1":"product","2":"type-product","3":"status-publish","4":"has-post-thumbnail","6":"product_cat-servicios","8":"first","9":"instock","10":"taxable","11":"shipping-taxable","12":"purchasable","13":"product-type-simple"},"_links":{"self":[{"href":"https:\/\/suzisantiagoctw.com\/cl\/wp-json\/wp\/v2\/product\/4780","targetHints":{"allow":["GET"]}}],"collection":[{"href":"https:\/\/suzisantiagoctw.com\/cl\/wp-json\/wp\/v2\/product"}],"about":[{"href":"https:\/\/suzisantiagoctw.com\/cl\/wp-json\/wp\/v2\/types\/product"}],"wp:featuredmedia":[{"embeddable":true,"href":"https:\/\/suzisantiagoctw.com\/cl\/wp-json\/wp\/v2\/media\/900"}],"wp:attachment":[{"href":"https:\/\/suzisantiagoctw.com\/cl\/wp-json\/wp\/v2\/media?parent=4780"}],"wp:term":[{"taxonomy":"product_brand","embeddable":true,"href":"https:\/\/suzisantiagoctw.com\/cl\/wp-json\/wp\/v2\/product_brand?post=4780"},{"taxonomy":"product_cat","embeddable":true,"href":"https:\/\/suzisantiagoctw.com\/cl\/wp-json\/wp\/v2\/product_cat?post=4780"},{"taxonomy":"product_tag","embeddable":true,"href":"https:\/\/suzisantiagoctw.com\/cl\/wp-json\/wp\/v2\/product_tag?post=4780"}],"curies":[{"name":"wp","href":"https:\/\/api.w.org\/{rel}","templated":true}]}}