{"id":2822,"date":"2022-03-29T18:25:44","date_gmt":"2022-03-29T18:25:44","guid":{"rendered":"http:\/\/suzisantiagoctw.com\/?post_type=product&#038;p=2822"},"modified":"2024-01-17T02:14:52","modified_gmt":"2024-01-17T02:14:52","slug":"carpa-de-techo-c-luz-led-18-mt-modelo-2021","status":"publish","type":"product","link":"https:\/\/suzisantiagoctw.com\/cl\/producto\/carpa-de-techo-c-luz-led-18-mt-modelo-2021\/","title":{"rendered":"Carpa de Techo C\/Luz LED 1,8 MT Modelo 2024"},"content":{"rendered":"","protected":false},"excerpt":{"rendered":"<p>Carpa de techo con capacidad hasta para 4 personas. Para ser instalada en jeeps, camionetas, campers, 4\u00d74 y en todo tipo de veh\u00edculo que cuente con barras porta equipaje, armado en s\u00f3lo 3 minutos, resistente a la lluvia y al viento.<\/p>\n<p>Dimensiones 1,8 x 2,4mt (cama), 1,8 x 3,2mt(carpa total), altura 1,3mt.<br \/>\nBase de material compuesto, m\u00e1s liviana, resistente a la humedad.<br \/>\nDoble SkyView ( Techo Panoramico con apertura interior )<br \/>\nTerminales de aluminio.<br \/>\nTela RipstopCanvas (50% algod\u00f3n, 50% poli\u00e9ster ) 320Gr\/m2.<br \/>\nColch\u00f3n integrado 6cms espuma alta densidad.<br \/>\nColchon 3D Anticondensacion<br \/>\nCierres alta calidad YKK.<br \/>\nCosturas termo-selladas.<br \/>\nEscala Telesc\u00f3pica con 6 regulaciones.<br \/>\nLuz Led<br \/>\nEstructura Aluminio 25mm.<br \/>\nFunda de viaje ultra resistente.<br \/>\nIncluye kit de instalaci\u00f3n soportes, ferreter\u00eda y herramientas.<\/p>\n<p><strong>*Instalaci\u00f3n gratis.<\/strong><\/p>\n","protected":false},"featured_media":2823,"template":"","meta":{"_joinchat":{"view":"no"}},"product_brand":[],"product_cat":[44,20,48],"product_tag":[],"class_list":{"0":"post-2822","1":"product","2":"type-product","3":"status-publish","4":"has-post-thumbnail","6":"product_cat-carpas","7":"product_cat-destacados","8":"product_cat-todos","10":"first","11":"instock","12":"taxable","13":"shipping-taxable","14":"purchasable","15":"product-type-simple"},"_links":{"self":[{"href":"https:\/\/suzisantiagoctw.com\/cl\/wp-json\/wp\/v2\/product\/2822","targetHints":{"allow":["GET"]}}],"collection":[{"href":"https:\/\/suzisantiagoctw.com\/cl\/wp-json\/wp\/v2\/product"}],"about":[{"href":"https:\/\/suzisantiagoctw.com\/cl\/wp-json\/wp\/v2\/types\/product"}],"wp:featuredmedia":[{"embeddable":true,"href":"https:\/\/suzisantiagoctw.com\/cl\/wp-json\/wp\/v2\/media\/2823"}],"wp:attachment":[{"href":"https:\/\/suzisantiagoctw.com\/cl\/wp-json\/wp\/v2\/media?parent=2822"}],"wp:term":[{"taxonomy":"product_brand","embeddable":true,"href":"https:\/\/suzisantiagoctw.com\/cl\/wp-json\/wp\/v2\/product_brand?post=2822"},{"taxonomy":"product_cat","embeddable":true,"href":"https:\/\/suzisantiagoctw.com\/cl\/wp-json\/wp\/v2\/product_cat?post=2822"},{"taxonomy":"product_tag","embeddable":true,"href":"https:\/\/suzisantiagoctw.com\/cl\/wp-json\/wp\/v2\/product_tag?post=2822"}],"curies":[{"name":"wp","href":"https:\/\/api.w.org\/{rel}","templated":true}]}}