{"id":17197,"date":"2025-11-17T22:46:55","date_gmt":"2025-11-17T22:46:55","guid":{"rendered":"https:\/\/suzisantiagoctw.com\/?post_type=product&#038;p=17197"},"modified":"2025-11-17T22:56:00","modified_gmt":"2025-11-17T22:56:00","slug":"alpicool-t50","status":"publish","type":"product","link":"https:\/\/suzisantiagoctw.com\/cl\/producto\/alpicool-t50\/","title":{"rendered":"ALPICOOL T50"},"content":{"rendered":"","protected":false},"excerpt":{"rendered":"<p><b>Descripci\u00f3n.<\/b><\/p>\n<div class=\"tab-panels\">\n<div id=\"tab-description\" class=\"woocommerce-Tabs-panel woocommerce-Tabs-panel--description panel entry-content active\" role=\"tabpanel\" aria-labelledby=\"tab-title-description\">\n<p><strong>CON GARANT\u00cdA DE 1 A\u00d1O, SERVICIO T\u00c9CNICO ESPECIALIZADO CON TALLER PROPIO Y ASISTENCIA T\u00c9CNICA PERSONALIZADA.<\/strong><\/p>\n<p><strong>Caracter\u00edsticas Principales<\/strong><\/p>\n<ul>\n<li>Dimensiones (Cm): 73 Largo x 36 Ancho x 46 Alto<\/li>\n<li>App Bluetooth: Si<\/li>\n<li>Puerto USB: Si<\/li>\n<li>Performance de Fr\u00edo: Hasta -20\u00b0 C<\/li>\n<li>Control de temperatura independiente por cada zona<\/li>\n<li>Zonas separada para refrigerar y congelador.<\/li>\n<\/ul>\n<\/div>\n<\/div>\n","protected":false},"featured_media":17199,"template":"","meta":{"_joinchat":[]},"product_brand":[],"product_cat":[20,47,48],"product_tag":[51,50,52],"class_list":{"0":"post-17197","1":"product","2":"type-product","3":"status-publish","4":"has-post-thumbnail","6":"product_cat-destacados","7":"product_cat-equipo-de-camping","8":"product_cat-todos","9":"product_tag-camping","10":"product_tag-nevera","11":"product_tag-todos","13":"first","14":"instock","15":"featured","16":"purchasable","17":"product-type-simple"},"_links":{"self":[{"href":"https:\/\/suzisantiagoctw.com\/cl\/wp-json\/wp\/v2\/product\/17197","targetHints":{"allow":["GET"]}}],"collection":[{"href":"https:\/\/suzisantiagoctw.com\/cl\/wp-json\/wp\/v2\/product"}],"about":[{"href":"https:\/\/suzisantiagoctw.com\/cl\/wp-json\/wp\/v2\/types\/product"}],"wp:featuredmedia":[{"embeddable":true,"href":"https:\/\/suzisantiagoctw.com\/cl\/wp-json\/wp\/v2\/media\/17199"}],"wp:attachment":[{"href":"https:\/\/suzisantiagoctw.com\/cl\/wp-json\/wp\/v2\/media?parent=17197"}],"wp:term":[{"taxonomy":"product_brand","embeddable":true,"href":"https:\/\/suzisantiagoctw.com\/cl\/wp-json\/wp\/v2\/product_brand?post=17197"},{"taxonomy":"product_cat","embeddable":true,"href":"https:\/\/suzisantiagoctw.com\/cl\/wp-json\/wp\/v2\/product_cat?post=17197"},{"taxonomy":"product_tag","embeddable":true,"href":"https:\/\/suzisantiagoctw.com\/cl\/wp-json\/wp\/v2\/product_tag?post=17197"}],"curies":[{"name":"wp","href":"https:\/\/api.w.org\/{rel}","templated":true}]}}