{"id":12419,"date":"2024-10-10T02:36:01","date_gmt":"2024-10-10T02:36:01","guid":{"rendered":"https:\/\/suzisantiagoctw.com\/?post_type=product&#038;p=12419"},"modified":"2024-10-10T02:47:45","modified_gmt":"2024-10-10T02:47:45","slug":"carpa-de-techo-rigida-kalbarri-space-san-hima-2-personas","status":"publish","type":"product","link":"https:\/\/suzisantiagoctw.com\/cl\/producto\/carpa-de-techo-rigida-kalbarri-space-san-hima-2-personas\/","title":{"rendered":"Carpa de Techo R\u00edgida Kalbarri Space San Hima (2 personas)"},"content":{"rendered":"","protected":false},"excerpt":{"rendered":"<p><b>Descripci\u00f3n.<\/b><\/p>\n<div class=\"tab-panels\">\n<div id=\"tab-description\" class=\"woocommerce-Tabs-panel woocommerce-Tabs-panel--description panel entry-content active\" role=\"tabpanel\" aria-labelledby=\"tab-title-description\">\n<p>Ya sea que se embarque en una aventura por tierra o en una escapada de fin de semana, nuestra carpa de techo Kalbarri Space San Hima, est\u00e1 dise\u00f1ada para mejorar su experiencia de viaje con mayor comodidad y conveniencia. Esta carpa de techo est\u00e1 construida para resistir cualquier estaci\u00f3n o condici\u00f3n, lo que garantiza que pueda disfrutar al m\u00e1ximo de su experiencia de campamento. La sala interior ampliada y una ventana con cremallera para observar las estrellas ofrecen impresionantes vistas del cielo nocturno estrellado. Fabricada con una estructura s\u00f3lida de panel de aluminio alveolar y marco de aluminio, nuestra carpa de techo es liviana pero est\u00e1 dise\u00f1ada para durar. La tela es tela Oxford 420D y poli\u00e9ster-algod\u00f3n 280GT, con una clasificaci\u00f3n de impermeabilidad de 3000 mm y protecci\u00f3n UV 50+ para resistencia a la intemperie durante todo el a\u00f1o. Una alfombra anticondensaci\u00f3n garantiza un sue\u00f1o reparador. Los travesa\u00f1os pueden soportar hasta 30 kg de equipo adicional. Montar un campamento nunca ha sido tan f\u00e1cil, ya que nuestra tienda de campa\u00f1a en la azotea se puede montar en solo 30 segundos.<\/p>\n<p><strong>Caracter\u00edsticas.<\/strong><br \/>\nGran espacio interior: la carpa de techo Kalbarri Space San Hima ofrece un espacio interior un 30 % m\u00e1s grande que la Kalbarri, lo que garantiza que te mantengas relajado y fresco mientras contemplas las estrellas a trav\u00e9s de la ventana con cremallera.<br \/>\nDuerma c\u00f3modamente: nuestra tienda de campa\u00f1a est\u00e1 dise\u00f1ada para brindar una experiencia de sue\u00f1o espaciosa para una familia de 3 personas y hemos agregado una alfombra anticondensaci\u00f3n para mantenerlo c\u00f3modo.<br \/>\nProtecci\u00f3n superior contra el agua: con un sello de goma de grado automotriz, nuestra carpa de techo de aluminio garantiza una experiencia de campamento seca y c\u00f3moda, sin importar el clima.<br \/>\nRefugio de los elementos: nuestra espaciosa mosca para la lluvia proporciona una excelente protecci\u00f3n contra el sol y la lluvia. Tambi\u00e9n se pueden abrir dos ventanas de malla para un flujo de aire adicional.<br \/>\nConstrucci\u00f3n liviana: nuestra carpa para techo est\u00e1 dise\u00f1ada para ser liviana, con un peso de solo 70 kg, incluidos todos los accesorios y barras transversales que pueden soportar hasta 30 kg.<br \/>\nMant\u00e9ngase aislado: nuestra carpa r\u00edgida para techo cuenta con una estructura de panel de panal de aluminio s\u00f3lido que proporciona un excelente aislamiento tanto en temperaturas fr\u00edas como calientes.<br \/>\nResistente a la intemperie y duradera: la carpa para techo est\u00e1 construida para resistir los elementos, con 420D Oxford y polialgod\u00f3n 280GT que cuentan con una clasificaci\u00f3n de impermeabilidad de 3000 mm y protecci\u00f3n UV 50+.<br \/>\nIlumina la noche: la carpa de techo viene con una barra de luces LED de dos colores para iluminaci\u00f3n interior. Los LED naranjas mantienen a raya a los insectos para disfrutar de una agradable experiencia de acampada.<br \/>\nAmplio almacenamiento: con ocho bolsillos interiores y dos bolsas para zapatos, tendr\u00e1 muchas opciones de almacenamiento para mantener su equipo organizado y su \u00e1rea para dormir ordenada.<br \/>\nSegura y resistente: nuestra escalera telesc\u00f3pica se extiende hasta 2,3 m con una capacidad de carga de 150 kg y se puede enganchar en tres lados para mayor flexibilidad. *NOTA: Siempre seque completamente su la carpa de techo despu\u00e9s de cada uso, evite guardarla en un ambiente h\u00famedo y ventile regularmente si no la usa durante per\u00edodos prolongados.<\/p>\n<p><strong>ESPECIFICACIONES.<\/strong><br \/>\nImpermeable: Poliuretano 3.000 mm<br \/>\nProtecci\u00f3n UV: 50+<br \/>\nCuerpo: Tela Oxford 420D y poli\u00e9ster-algod\u00f3n 280GT.<br \/>\nEscalera telesc\u00f3pica: Aluminio<br \/>\nMaterial de base: Panel de nido de abeja de aluminio<br \/>\nBastidor de base: Aluminio<br \/>\nColch\u00f3n de espuma de alta densidad: 2000x1260x65mm<br \/>\nTama\u00f1o de la tienda (plegada): 2100x1350x200mm<br \/>\nTama\u00f1o de la tienda (desplegada): 2100 x 1350 x 1520 mm<br \/>\nTama\u00f1o interno: 2000 x 1260 x 1480 mm<br \/>\nClasificaci\u00f3n de carga m\u00e1xima de la tienda: 350 kilos<br \/>\nCapacidad y longitud m\u00e1ximas (escalera): 150 kg; 2,3 m (completamente extendido)<br \/>\nClasificaci\u00f3n de carga m\u00e1xima de la barra transversal: 30kg<br \/>\nColor: Negro<br \/>\nPeso del Producto: 88kg<br \/>\nTama\u00f1o del paquete: 2220 x 1460 x 220 mm<\/p>\n<\/div>\n<\/div>\n","protected":false},"featured_media":12430,"template":"","meta":{"_joinchat":[]},"product_brand":[],"product_cat":[20,47,48],"product_tag":[51,50,52],"class_list":{"0":"post-12419","1":"product","2":"type-product","3":"status-publish","4":"has-post-thumbnail","6":"product_cat-destacados","7":"product_cat-equipo-de-camping","8":"product_cat-todos","9":"product_tag-camping","10":"product_tag-nevera","11":"product_tag-todos","13":"first","14":"instock","15":"featured","16":"purchasable","17":"product-type-simple"},"_links":{"self":[{"href":"https:\/\/suzisantiagoctw.com\/cl\/wp-json\/wp\/v2\/product\/12419","targetHints":{"allow":["GET"]}}],"collection":[{"href":"https:\/\/suzisantiagoctw.com\/cl\/wp-json\/wp\/v2\/product"}],"about":[{"href":"https:\/\/suzisantiagoctw.com\/cl\/wp-json\/wp\/v2\/types\/product"}],"wp:featuredmedia":[{"embeddable":true,"href":"https:\/\/suzisantiagoctw.com\/cl\/wp-json\/wp\/v2\/media\/12430"}],"wp:attachment":[{"href":"https:\/\/suzisantiagoctw.com\/cl\/wp-json\/wp\/v2\/media?parent=12419"}],"wp:term":[{"taxonomy":"product_brand","embeddable":true,"href":"https:\/\/suzisantiagoctw.com\/cl\/wp-json\/wp\/v2\/product_brand?post=12419"},{"taxonomy":"product_cat","embeddable":true,"href":"https:\/\/suzisantiagoctw.com\/cl\/wp-json\/wp\/v2\/product_cat?post=12419"},{"taxonomy":"product_tag","embeddable":true,"href":"https:\/\/suzisantiagoctw.com\/cl\/wp-json\/wp\/v2\/product_tag?post=12419"}],"curies":[{"name":"wp","href":"https:\/\/api.w.org\/{rel}","templated":true}]}}