{"id":4046,"date":"2022-07-03T13:42:05","date_gmt":"2022-07-03T13:42:05","guid":{"rendered":"http:\/\/suzisantiagoctw.com\/?page_id=4046"},"modified":"2026-04-01T20:52:50","modified_gmt":"2026-04-01T20:52:50","slug":"camionetas","status":"publish","type":"page","link":"https:\/\/suzisantiagoctw.com\/cl\/camionetas\/","title":{"rendered":"Camionetas y Autos"},"content":{"rendered":"\t\t<div data-elementor-type=\"wp-page\" data-elementor-id=\"4046\" class=\"elementor elementor-4046\" data-elementor-post-type=\"page\">\n\t\t\t\t\t\t<section class=\"elementor-section elementor-top-section elementor-element elementor-element-973a90d elementor-section-boxed elementor-section-height-default elementor-section-height-default\" data-id=\"973a90d\" data-element_type=\"section\" data-e-type=\"section\">\n\t\t\t\t\t\t<div class=\"elementor-container elementor-column-gap-default\">\n\t\t\t\t\t<div class=\"elementor-column elementor-col-100 elementor-top-column elementor-element elementor-element-9541897\" data-id=\"9541897\" data-element_type=\"column\" data-e-type=\"column\">\n\t\t\t<div class=\"elementor-widget-wrap elementor-element-populated\">\n\t\t\t\t\t\t<div class=\"elementor-element elementor-element-e4b491c elementor-widget-divider--view-line elementor-widget elementor-widget-divider\" data-id=\"e4b491c\" data-element_type=\"widget\" data-e-type=\"widget\" data-widget_type=\"divider.default\">\n\t\t\t\t<div class=\"elementor-widget-container\">\n\t\t\t\t\t\t\t<div class=\"elementor-divider\">\n\t\t\t<span class=\"elementor-divider-separator\">\n\t\t\t\t\t\t<\/span>\n\t\t<\/div>\n\t\t\t\t\t\t<\/div>\n\t\t\t\t<\/div>\n\t\t\t\t<div class=\"elementor-element elementor-element-f557d0b elementor-widget elementor-widget-heading\" data-id=\"f557d0b\" data-element_type=\"widget\" data-e-type=\"widget\" data-widget_type=\"heading.default\">\n\t\t\t\t<div class=\"elementor-widget-container\">\n\t\t\t\t\t<h2 class=\"elementor-heading-title elementor-size-default\">Camionetas y autos en venta<\/h2>\t\t\t\t<\/div>\n\t\t\t\t<\/div>\n\t\t\t\t<div class=\"elementor-element elementor-element-0c2107c elementor-widget-divider--view-line elementor-widget elementor-widget-divider\" data-id=\"0c2107c\" data-element_type=\"widget\" data-e-type=\"widget\" data-widget_type=\"divider.default\">\n\t\t\t\t<div class=\"elementor-widget-container\">\n\t\t\t\t\t\t\t<div class=\"elementor-divider\">\n\t\t\t<span class=\"elementor-divider-separator\">\n\t\t\t\t\t\t<\/span>\n\t\t<\/div>\n\t\t\t\t\t\t<\/div>\n\t\t\t\t<\/div>\n\t\t\t\t\t<\/div>\n\t\t<\/div>\n\t\t\t\t\t<\/div>\n\t\t<\/section>\n\t\t\t\t<section class=\"elementor-section elementor-top-section elementor-element elementor-element-e2d605b elementor-section-boxed elementor-section-height-default elementor-section-height-default\" data-id=\"e2d605b\" data-element_type=\"section\" data-e-type=\"section\">\n\t\t\t\t\t\t<div class=\"elementor-container elementor-column-gap-default\">\n\t\t\t\t\t<div class=\"elementor-column elementor-col-50 elementor-top-column elementor-element elementor-element-a19a401\" data-id=\"a19a401\" data-element_type=\"column\" data-e-type=\"column\">\n\t\t\t<div class=\"elementor-widget-wrap elementor-element-populated\">\n\t\t\t\t\t\t<div class=\"elementor-element elementor-element-b74edba elementor-cta--skin-classic elementor-animated-content elementor-bg-transform elementor-bg-transform-zoom-in elementor-widget elementor-widget-call-to-action\" data-id=\"b74edba\" data-element_type=\"widget\" data-e-type=\"widget\" data-widget_type=\"call-to-action.default\">\n\t\t\t\t<div class=\"elementor-widget-container\">\n\t\t\t\t\t\t\t<div class=\"elementor-cta\">\n\t\t\t\t\t<div class=\"elementor-cta__bg-wrapper\">\n\t\t\t\t<div class=\"elementor-cta__bg elementor-bg\" style=\"background-image: url(https:\/\/suzisantiagoctw.com\/wp-content\/uploads\/2025\/12\/suzi.jpg);\" role=\"img\" aria-label=\"suzi\"><\/div>\n\t\t\t\t<div class=\"elementor-cta__bg-overlay\"><\/div>\n\t\t\t<\/div>\n\t\t\t\t\t\t\t<div class=\"elementor-cta__content\">\n\t\t\t\t\n\t\t\t\t\t\t\t\t\t<h2 class=\"elementor-cta__title elementor-cta__content-item elementor-content-item\">\n\t\t\t\t\t\tHONDA PILOT EX 3.5 AUT\t\t\t\t\t<\/h2>\n\t\t\t\t\n\t\t\t\t\t\t\t\t\t<div class=\"elementor-cta__description elementor-cta__content-item elementor-content-item\">\n\t\t\t\t\t\t<TABLE BORDER>\n\t<TR>\n\t    <TH>Precio<\/TH>\n\t    <TH>A\u00f1o<\/TH>\n\t    <TH>Kil\u00f3metros<\/TH>\n\t<\/TR>\n\t<TR ALIGN=\"center\">\n\t    <TD>$5.900.000<\/TD>\n\t    <TD>2006<\/TD>\n\t    <TD>283.359<\/TD>\n\t<\/TR>\n\t\n<\/TABLE>\t\t\t\t\t<\/div>\n\t\t\t\t\n\t\t\t\t\t\t\t\t\t<div class=\"elementor-cta__button-wrapper elementor-cta__content-item elementor-content-item \">\n\t\t\t\t\t<a class=\"elementor-cta__button elementor-button elementor-size-\" href=\"https:\/\/suzisantiagoctw.com\/cl\/honda-pilot-ex-3-5-aut\/\">\n\t\t\t\t\t\tCONOCE M\u00c1S\t\t\t\t\t<\/a>\n\t\t\t\t\t<\/div>\n\t\t\t\t\t\t\t<\/div>\n\t\t\t\t\t\t<\/div>\n\t\t\t\t\t\t<\/div>\n\t\t\t\t<\/div>\n\t\t\t\t\t<\/div>\n\t\t<\/div>\n\t\t\t\t<div class=\"elementor-column elementor-col-50 elementor-top-column elementor-element elementor-element-eefea3a\" data-id=\"eefea3a\" data-element_type=\"column\" data-e-type=\"column\">\n\t\t\t<div class=\"elementor-widget-wrap elementor-element-populated\">\n\t\t\t\t\t\t<div class=\"elementor-element elementor-element-10d6500 elementor-cta--skin-classic elementor-animated-content elementor-bg-transform elementor-bg-transform-zoom-in elementor-widget elementor-widget-call-to-action\" data-id=\"10d6500\" data-element_type=\"widget\" data-e-type=\"widget\" data-widget_type=\"call-to-action.default\">\n\t\t\t\t<div class=\"elementor-widget-container\">\n\t\t\t\t\t\t\t<div class=\"elementor-cta\">\n\t\t\t\t\t<div class=\"elementor-cta__bg-wrapper\">\n\t\t\t\t<div class=\"elementor-cta__bg elementor-bg\" style=\"background-image: url(https:\/\/suzisantiagoctw.com\/wp-content\/uploads\/2025\/11\/10-3.jpg);\" role=\"img\" aria-label=\"10\"><\/div>\n\t\t\t\t<div class=\"elementor-cta__bg-overlay\"><\/div>\n\t\t\t<\/div>\n\t\t\t\t\t\t\t<div class=\"elementor-cta__content\">\n\t\t\t\t\n\t\t\t\t\t\t\t\t\t<h2 class=\"elementor-cta__title elementor-cta__content-item elementor-content-item\">\n\t\t\t\t\t\tTOYOTA LAND CRUISER PRADO 4X4 4.0 AUT\t\t\t\t\t<\/h2>\n\t\t\t\t\n\t\t\t\t\t\t\t\t\t<div class=\"elementor-cta__description elementor-cta__content-item elementor-content-item\">\n\t\t\t\t\t\t<TABLE BORDER>\n\t<TR>\n\t    <TH>Precio<\/TH>\n\t    <TH>A\u00f1o<\/TH>\n\t    <TH>Kil\u00f3metros<\/TH>\n\t<\/TR>\n\t<TR ALIGN=\"center\">\n\t    <TD>$19.000.000<\/TD>\n\t    <TD>2014<\/TD>\n\t    <TD>130.000<\/TD>\n\t<\/TR>\n\t\n<\/TABLE>\t\t\t\t\t<\/div>\n\t\t\t\t\n\t\t\t\t\t\t\t\t\t<div class=\"elementor-cta__button-wrapper elementor-cta__content-item elementor-content-item \">\n\t\t\t\t\t<a class=\"elementor-cta__button elementor-button elementor-size-\" href=\"https:\/\/suzisantiagoctw.com\/cl\/toyota-land-cruiser-prado-4x44-0-aut\/\">\n\t\t\t\t\t\tCONOCE M\u00c1S\t\t\t\t\t<\/a>\n\t\t\t\t\t<\/div>\n\t\t\t\t\t\t\t<\/div>\n\t\t\t\t\t\t<\/div>\n\t\t\t\t\t\t<\/div>\n\t\t\t\t<\/div>\n\t\t\t\t\t<\/div>\n\t\t<\/div>\n\t\t\t\t\t<\/div>\n\t\t<\/section>\n\t\t\t\t<section class=\"elementor-section elementor-top-section elementor-element elementor-element-0ccce6a elementor-section-boxed elementor-section-height-default elementor-section-height-default\" data-id=\"0ccce6a\" data-element_type=\"section\" data-e-type=\"section\">\n\t\t\t\t\t\t<div class=\"elementor-container elementor-column-gap-default\">\n\t\t\t\t\t<div class=\"elementor-column elementor-col-50 elementor-top-column elementor-element elementor-element-f2c4dd4\" data-id=\"f2c4dd4\" data-element_type=\"column\" data-e-type=\"column\">\n\t\t\t<div class=\"elementor-widget-wrap elementor-element-populated\">\n\t\t\t\t\t\t<div class=\"elementor-element elementor-element-ee37546 elementor-cta--skin-classic elementor-animated-content elementor-bg-transform elementor-bg-transform-zoom-in elementor-widget elementor-widget-call-to-action\" data-id=\"ee37546\" data-element_type=\"widget\" data-e-type=\"widget\" data-widget_type=\"call-to-action.default\">\n\t\t\t\t<div class=\"elementor-widget-container\">\n\t\t\t\t\t\t\t<div class=\"elementor-cta\">\n\t\t\t\t\t<div class=\"elementor-cta__bg-wrapper\">\n\t\t\t\t<div class=\"elementor-cta__bg elementor-bg\" style=\"background-image: url(https:\/\/suzisantiagoctw.com\/wp-content\/uploads\/2025\/11\/suzi-1.jpg);\" role=\"img\" aria-label=\"suzi\"><\/div>\n\t\t\t\t<div class=\"elementor-cta__bg-overlay\"><\/div>\n\t\t\t<\/div>\n\t\t\t\t\t\t\t<div class=\"elementor-cta__content\">\n\t\t\t\t\n\t\t\t\t\t\t\t\t\t<h2 class=\"elementor-cta__title elementor-cta__content-item elementor-content-item\">\n\t\t\t\t\t\tPEUGEOT RIFTER PURETECH 130 1.2 AUT\t\t\t\t\t<\/h2>\n\t\t\t\t\n\t\t\t\t\t\t\t\t\t<div class=\"elementor-cta__description elementor-cta__content-item elementor-content-item\">\n\t\t\t\t\t\t<TABLE BORDER>\n\t<TR>\n\t    <TH>Precio<\/TH>\n\t    <TH>A\u00f1o<\/TH>\n\t    <TH>Kil\u00f3metros<\/TH>\n\t<\/TR>\n\t<TR ALIGN=\"center\">\n\t    <TD>$12.900.000<\/TD>\n\t    <TD>2021<\/TD>\n\t    <TD>42.000<\/TD>\n\t<\/TR>\n\t\n<\/TABLE>\t\t\t\t\t<\/div>\n\t\t\t\t\n\t\t\t\t\t\t\t\t\t<div class=\"elementor-cta__button-wrapper elementor-cta__content-item elementor-content-item \">\n\t\t\t\t\t<a class=\"elementor-cta__button elementor-button elementor-size-\" href=\"https:\/\/suzisantiagoctw.com\/cl\/peugeot-rifter-puretech-130-1-2-aut\/\">\n\t\t\t\t\t\tCONOCE M\u00c1S\t\t\t\t\t<\/a>\n\t\t\t\t\t<\/div>\n\t\t\t\t\t\t\t<\/div>\n\t\t\t\t\t\t<\/div>\n\t\t\t\t\t\t<\/div>\n\t\t\t\t<\/div>\n\t\t\t\t\t<\/div>\n\t\t<\/div>\n\t\t\t\t<div class=\"elementor-column elementor-col-50 elementor-top-column elementor-element elementor-element-be99ea9\" data-id=\"be99ea9\" data-element_type=\"column\" data-e-type=\"column\">\n\t\t\t<div class=\"elementor-widget-wrap elementor-element-populated\">\n\t\t\t\t\t\t<div class=\"elementor-element elementor-element-75d6a1b elementor-cta--skin-classic elementor-animated-content elementor-bg-transform elementor-bg-transform-zoom-in elementor-widget elementor-widget-call-to-action\" data-id=\"75d6a1b\" data-element_type=\"widget\" data-e-type=\"widget\" data-widget_type=\"call-to-action.default\">\n\t\t\t\t<div class=\"elementor-widget-container\">\n\t\t\t\t\t\t\t<div class=\"elementor-cta\">\n\t\t\t\t\t<div class=\"elementor-cta__bg-wrapper\">\n\t\t\t\t<div class=\"elementor-cta__bg elementor-bg\" style=\"background-image: url(https:\/\/suzisantiagoctw.com\/wp-content\/uploads\/2026\/03\/3-2.jpg);\" role=\"img\" aria-label=\"3\"><\/div>\n\t\t\t\t<div class=\"elementor-cta__bg-overlay\"><\/div>\n\t\t\t<\/div>\n\t\t\t\t\t\t\t<div class=\"elementor-cta__content\">\n\t\t\t\t\n\t\t\t\t\t\t\t\t\t<h2 class=\"elementor-cta__title elementor-cta__content-item elementor-content-item\">\n\t\t\t\t\t\tHONDA PILOT 4X4 3.5 AUT \t\t\t\t\t<\/h2>\n\t\t\t\t\n\t\t\t\t\t\t\t\t\t<div class=\"elementor-cta__description elementor-cta__content-item elementor-content-item\">\n\t\t\t\t\t\t<TABLE BORDER>\n\t<TR>\n\t    <TH>Precio<\/TH>\n\t    <TH>A\u00f1o<\/TH>\n\t    <TH>Kil\u00f3metros<\/TH>\n\t<\/TR>\n\t<TR ALIGN=\"center\">\n\t    <TD>$6.000.000<\/TD>\n\t    <TD>2007<\/TD>\n\t    <TD>271.000 <\/TD>\n\t<\/TR>\n\t\n<\/TABLE>\t\t\t\t\t<\/div>\n\t\t\t\t\n\t\t\t\t\t\t\t\t\t<div class=\"elementor-cta__button-wrapper elementor-cta__content-item elementor-content-item \">\n\t\t\t\t\t<a class=\"elementor-cta__button elementor-button elementor-size-\" href=\"https:\/\/suzisantiagoctw.com\/cl\/honda-pilot-4x4-3-5-aut\/\">\n\t\t\t\t\t\tCONOCE M\u00c1S\t\t\t\t\t<\/a>\n\t\t\t\t\t<\/div>\n\t\t\t\t\t\t\t<\/div>\n\t\t\t\t\t\t<\/div>\n\t\t\t\t\t\t<\/div>\n\t\t\t\t<\/div>\n\t\t\t\t\t<\/div>\n\t\t<\/div>\n\t\t\t\t\t<\/div>\n\t\t<\/section>\n\t\t\t\t<section class=\"elementor-section elementor-top-section elementor-element elementor-element-5520271 elementor-section-boxed elementor-section-height-default elementor-section-height-default\" data-id=\"5520271\" data-element_type=\"section\" data-e-type=\"section\">\n\t\t\t\t\t\t<div class=\"elementor-container elementor-column-gap-default\">\n\t\t\t\t\t<div class=\"elementor-column elementor-col-50 elementor-top-column elementor-element elementor-element-890e29c\" data-id=\"890e29c\" data-element_type=\"column\" data-e-type=\"column\">\n\t\t\t<div class=\"elementor-widget-wrap elementor-element-populated\">\n\t\t\t\t\t\t<div class=\"elementor-element elementor-element-ade12ff elementor-cta--skin-classic elementor-animated-content elementor-bg-transform elementor-bg-transform-zoom-in elementor-widget elementor-widget-call-to-action\" data-id=\"ade12ff\" data-element_type=\"widget\" data-e-type=\"widget\" data-widget_type=\"call-to-action.default\">\n\t\t\t\t<div class=\"elementor-widget-container\">\n\t\t\t\t\t\t\t<div class=\"elementor-cta\">\n\t\t\t\t\t<div class=\"elementor-cta__bg-wrapper\">\n\t\t\t\t<div class=\"elementor-cta__bg elementor-bg\" style=\"background-image: url(https:\/\/suzisantiagoctw.com\/wp-content\/uploads\/2026\/01\/3.jpg);\" role=\"img\" aria-label=\"3\"><\/div>\n\t\t\t\t<div class=\"elementor-cta__bg-overlay\"><\/div>\n\t\t\t<\/div>\n\t\t\t\t\t\t\t<div class=\"elementor-cta__content\">\n\t\t\t\t\n\t\t\t\t\t\t\t\t\t<h2 class=\"elementor-cta__title elementor-cta__content-item elementor-content-item\">\n\t\t\t\t\t\tJEEP GRAND CHEROKEE LAREDO 4X4 3.6 AT\t\t\t\t\t<\/h2>\n\t\t\t\t\n\t\t\t\t\t\t\t\t\t<div class=\"elementor-cta__description elementor-cta__content-item elementor-content-item\">\n\t\t\t\t\t\t<TABLE BORDER>\n\t<TR>\n\t    <TH>Precio<\/TH>\n\t    <TH>A\u00f1o<\/TH>\n\t    <TH>Kil\u00f3metros<\/TH>\n\t<\/TR>\n\t<TR ALIGN=\"center\">\n\t    <TD>$8.800.000<\/TD>\n\t    <TD>2013<\/TD>\n\t    <TD>132.595 <\/TD>\n\t<\/TR>\n\t\n<\/TABLE>\t\t\t\t\t<\/div>\n\t\t\t\t\n\t\t\t\t\t\t\t\t\t<div class=\"elementor-cta__button-wrapper elementor-cta__content-item elementor-content-item \">\n\t\t\t\t\t<a class=\"elementor-cta__button elementor-button elementor-size-\" href=\"https:\/\/suzisantiagoctw.com\/cl\/jeep-grand-cherokee-laredo-4x4-3-6-at\/\">\n\t\t\t\t\t\tCONOCE M\u00c1S\t\t\t\t\t<\/a>\n\t\t\t\t\t<\/div>\n\t\t\t\t\t\t\t<\/div>\n\t\t\t\t\t\t<\/div>\n\t\t\t\t\t\t<\/div>\n\t\t\t\t<\/div>\n\t\t\t\t\t<\/div>\n\t\t<\/div>\n\t\t\t\t<div class=\"elementor-column elementor-col-50 elementor-top-column elementor-element elementor-element-89de46d\" data-id=\"89de46d\" data-element_type=\"column\" data-e-type=\"column\">\n\t\t\t<div class=\"elementor-widget-wrap elementor-element-populated\">\n\t\t\t\t\t\t<div class=\"elementor-element elementor-element-bc97f61 elementor-cta--skin-classic elementor-animated-content elementor-bg-transform elementor-bg-transform-zoom-in elementor-widget elementor-widget-call-to-action\" data-id=\"bc97f61\" data-element_type=\"widget\" data-e-type=\"widget\" data-widget_type=\"call-to-action.default\">\n\t\t\t\t<div class=\"elementor-widget-container\">\n\t\t\t\t\t\t\t<div class=\"elementor-cta\">\n\t\t\t\t\t<div class=\"elementor-cta__bg-wrapper\">\n\t\t\t\t<div class=\"elementor-cta__bg elementor-bg\" style=\"background-image: url(https:\/\/suzisantiagoctw.com\/wp-content\/uploads\/2026\/02\/1.jpg);\" role=\"img\" aria-label=\"1\"><\/div>\n\t\t\t\t<div class=\"elementor-cta__bg-overlay\"><\/div>\n\t\t\t<\/div>\n\t\t\t\t\t\t\t<div class=\"elementor-cta__content\">\n\t\t\t\t\n\t\t\t\t\t\t\t\t\t<h2 class=\"elementor-cta__title elementor-cta__content-item elementor-content-item\">\n\t\t\t\t\t\tVOLKSWAGEN GOL POWER 1.6\t\t\t\t\t<\/h2>\n\t\t\t\t\n\t\t\t\t\t\t\t\t\t<div class=\"elementor-cta__description elementor-cta__content-item elementor-content-item\">\n\t\t\t\t\t\t<TABLE BORDER>\n\t<TR>\n\t    <TH>Precio<\/TH>\n\t    <TH>A\u00f1o<\/TH>\n\t    <TH>Kil\u00f3metros<\/TH>\n\t<\/TR>\n\t<TR ALIGN=\"center\">\n\t    <TD>$5.600.000<\/TD>\n\t    <TD>2018<\/TD>\n\t    <TD>211.000<\/TD>\n\t<\/TR>\n\t\n<\/TABLE>\t\t\t\t\t<\/div>\n\t\t\t\t\n\t\t\t\t\t\t\t\t\t<div class=\"elementor-cta__button-wrapper elementor-cta__content-item elementor-content-item \">\n\t\t\t\t\t<a class=\"elementor-cta__button elementor-button elementor-size-\" href=\"https:\/\/suzisantiagoctw.com\/cl\/volkswagen-golf-1-6\/\">\n\t\t\t\t\t\tCONOCE M\u00c1S\t\t\t\t\t<\/a>\n\t\t\t\t\t<\/div>\n\t\t\t\t\t\t\t<\/div>\n\t\t\t\t\t\t<\/div>\n\t\t\t\t\t\t<\/div>\n\t\t\t\t<\/div>\n\t\t\t\t\t<\/div>\n\t\t<\/div>\n\t\t\t\t\t<\/div>\n\t\t<\/section>\n\t\t\t\t<section class=\"elementor-section elementor-top-section elementor-element elementor-element-d271ee6 elementor-section-boxed elementor-section-height-default elementor-section-height-default\" data-id=\"d271ee6\" data-element_type=\"section\" data-e-type=\"section\">\n\t\t\t\t\t\t<div class=\"elementor-container elementor-column-gap-default\">\n\t\t\t\t\t<div class=\"elementor-column elementor-col-50 elementor-top-column elementor-element elementor-element-5bf392a\" data-id=\"5bf392a\" data-element_type=\"column\" data-e-type=\"column\">\n\t\t\t<div class=\"elementor-widget-wrap elementor-element-populated\">\n\t\t\t\t\t\t<div class=\"elementor-element elementor-element-1aafb40 elementor-cta--skin-classic elementor-animated-content elementor-bg-transform elementor-bg-transform-zoom-in elementor-widget elementor-widget-call-to-action\" data-id=\"1aafb40\" data-element_type=\"widget\" data-e-type=\"widget\" data-widget_type=\"call-to-action.default\">\n\t\t\t\t<div class=\"elementor-widget-container\">\n\t\t\t\t\t\t\t<div class=\"elementor-cta\">\n\t\t\t\t\t<div class=\"elementor-cta__bg-wrapper\">\n\t\t\t\t<div class=\"elementor-cta__bg elementor-bg\" style=\"background-image: url(https:\/\/suzisantiagoctw.com\/wp-content\/uploads\/2025\/05\/7-1.jpg);\" role=\"img\" aria-label=\"7\"><\/div>\n\t\t\t\t<div class=\"elementor-cta__bg-overlay\"><\/div>\n\t\t\t<\/div>\n\t\t\t\t\t\t\t<div class=\"elementor-cta__content\">\n\t\t\t\t\n\t\t\t\t\t\t\t\t\t<h2 class=\"elementor-cta__title elementor-cta__content-item elementor-content-item\">\n\t\t\t\t\t\tTOYOTA RAV4 2.4 AUT 4X4 2012\t\t\t\t\t<\/h2>\n\t\t\t\t\n\t\t\t\t\t\t\t\t\t<div class=\"elementor-cta__description elementor-cta__content-item elementor-content-item\">\n\t\t\t\t\t\t<TABLE BORDER>\n\t<TR>\n\t    <TH>Precio<\/TH>\n\t    <TH>A\u00f1o<\/TH>\n\t    <TH>Kil\u00f3metros<\/TH>\n\t<\/TR>\n\t<TR ALIGN=\"center\">\n\t    <TD>$9.000.000<\/TD>\n\t    <TD>2012<\/TD>\n\t    <TD>142.000<\/TD>\n\t<\/TR>\n\t\n<\/TABLE>\t\t\t\t\t<\/div>\n\t\t\t\t\n\t\t\t\t\t\t\t\t\t<div class=\"elementor-cta__button-wrapper elementor-cta__content-item elementor-content-item \">\n\t\t\t\t\t<a class=\"elementor-cta__button elementor-button elementor-size-\" href=\"https:\/\/suzisantiagoctw.com\/cl\/toyota-rav4-2-4-aut-4x4-2012\/\">\n\t\t\t\t\t\tCONOCE M\u00c1S\t\t\t\t\t<\/a>\n\t\t\t\t\t<\/div>\n\t\t\t\t\t\t\t<\/div>\n\t\t\t\t\t\t<\/div>\n\t\t\t\t\t\t<\/div>\n\t\t\t\t<\/div>\n\t\t\t\t\t<\/div>\n\t\t<\/div>\n\t\t\t\t<div class=\"elementor-column elementor-col-50 elementor-top-column elementor-element elementor-element-a5e7e14\" data-id=\"a5e7e14\" data-element_type=\"column\" data-e-type=\"column\">\n\t\t\t<div class=\"elementor-widget-wrap\">\n\t\t\t\t\t\t\t<\/div>\n\t\t<\/div>\n\t\t\t\t\t<\/div>\n\t\t<\/section>\n\t\t\t\t<\/div>\n\t\t","protected":false},"excerpt":{"rendered":"<p>Camionetas y autos en venta HONDA PILOT EX 3.5 AUT Precio A\u00f1o Kil\u00f3metros $5.900.000 2006 283.359 CONOCE M\u00c1S TOYOTA LAND CRUISER PRADO 4X4 4.0 AUT Precio A\u00f1o Kil\u00f3metros $19.000.000 2014 130.000 CONOCE M\u00c1S PEUGEOT RIFTER PURETECH 130 1.2 AUT Precio A\u00f1o Kil\u00f3metros $12.900.000 2021 42.000 CONOCE M\u00c1S HONDA PILOT 4X4 3.5 AUT Precio A\u00f1o Kil\u00f3metros [&hellip;]<\/p>\n","protected":false},"author":1,"featured_media":0,"parent":0,"menu_order":0,"comment_status":"closed","ping_status":"closed","template":"","meta":{"_joinchat":[],"footnotes":""},"class_list":["post-4046","page","type-page","status-publish","hentry"],"_links":{"self":[{"href":"https:\/\/suzisantiagoctw.com\/cl\/wp-json\/wp\/v2\/pages\/4046","targetHints":{"allow":["GET"]}}],"collection":[{"href":"https:\/\/suzisantiagoctw.com\/cl\/wp-json\/wp\/v2\/pages"}],"about":[{"href":"https:\/\/suzisantiagoctw.com\/cl\/wp-json\/wp\/v2\/types\/page"}],"author":[{"embeddable":true,"href":"https:\/\/suzisantiagoctw.com\/cl\/wp-json\/wp\/v2\/users\/1"}],"replies":[{"embeddable":true,"href":"https:\/\/suzisantiagoctw.com\/cl\/wp-json\/wp\/v2\/comments?post=4046"}],"version-history":[{"count":3089,"href":"https:\/\/suzisantiagoctw.com\/cl\/wp-json\/wp\/v2\/pages\/4046\/revisions"}],"predecessor-version":[{"id":19343,"href":"https:\/\/suzisantiagoctw.com\/cl\/wp-json\/wp\/v2\/pages\/4046\/revisions\/19343"}],"wp:attachment":[{"href":"https:\/\/suzisantiagoctw.com\/cl\/wp-json\/wp\/v2\/media?parent=4046"}],"curies":[{"name":"wp","href":"https:\/\/api.w.org\/{rel}","templated":true}]}}