{"id":19933,"date":"2026-05-08T06:30:36","date_gmt":"2026-05-08T06:30:36","guid":{"rendered":"https:\/\/suzisantiagoctw.com\/?page_id=19933"},"modified":"2026-05-08T06:55:38","modified_gmt":"2026-05-08T06:55:38","slug":"mitsubishi-l300-camper-van","status":"publish","type":"page","link":"https:\/\/suzisantiagoctw.com\/cl\/mitsubishi-l300-camper-van\/","title":{"rendered":"MITSUBISHI L300 CAMPER VAN"},"content":{"rendered":"\t\t<div data-elementor-type=\"wp-page\" data-elementor-id=\"19933\" class=\"elementor elementor-19933\" data-elementor-post-type=\"page\">\n\t\t\t\t\t\t<section class=\"elementor-section elementor-top-section elementor-element elementor-element-f5151e5 elementor-section-boxed elementor-section-height-default elementor-section-height-default\" data-id=\"f5151e5\" data-element_type=\"section\" data-e-type=\"section\">\n\t\t\t\t\t\t<div class=\"elementor-container elementor-column-gap-default\">\n\t\t\t\t\t<div class=\"elementor-column elementor-col-100 elementor-top-column elementor-element elementor-element-b5bb01c\" data-id=\"b5bb01c\" data-element_type=\"column\" data-e-type=\"column\">\n\t\t\t<div class=\"elementor-widget-wrap elementor-element-populated\">\n\t\t\t\t\t\t<div class=\"elementor-element elementor-element-b91635f elementor-widget elementor-widget-spacer\" data-id=\"b91635f\" data-element_type=\"widget\" data-e-type=\"widget\" data-widget_type=\"spacer.default\">\n\t\t\t\t<div class=\"elementor-widget-container\">\n\t\t\t\t\t\t\t<div class=\"elementor-spacer\">\n\t\t\t<div class=\"elementor-spacer-inner\"><\/div>\n\t\t<\/div>\n\t\t\t\t\t\t<\/div>\n\t\t\t\t<\/div>\n\t\t\t\t\t<\/div>\n\t\t<\/div>\n\t\t\t\t\t<\/div>\n\t\t<\/section>\n\t\t\t\t<section class=\"elementor-section elementor-top-section elementor-element elementor-element-d4978e6 elementor-section-boxed elementor-section-height-default elementor-section-height-default\" data-id=\"d4978e6\" data-element_type=\"section\" data-e-type=\"section\">\n\t\t\t\t\t\t<div class=\"elementor-container elementor-column-gap-default\">\n\t\t\t\t\t<div class=\"elementor-column elementor-col-50 elementor-top-column elementor-element elementor-element-8f21d0d\" data-id=\"8f21d0d\" data-element_type=\"column\" data-e-type=\"column\">\n\t\t\t<div class=\"elementor-widget-wrap elementor-element-populated\">\n\t\t\t\t\t\t<div class=\"elementor-element elementor-element-4b4e471 elementor-widget elementor-widget-heading\" data-id=\"4b4e471\" data-element_type=\"widget\" data-e-type=\"widget\" data-widget_type=\"heading.default\">\n\t\t\t\t<div class=\"elementor-widget-container\">\n\t\t\t\t\t<h2 class=\"elementor-heading-title elementor-size-default\">MITSUBISHI L300 CAMPER VAN<\/h2>\t\t\t\t<\/div>\n\t\t\t\t<\/div>\n\t\t\t\t<div class=\"elementor-element elementor-element-bdda9e0 elementor-widget elementor-widget-text-editor\" data-id=\"bdda9e0\" data-element_type=\"widget\" data-e-type=\"widget\" data-widget_type=\"text-editor.default\">\n\t\t\t\t<div class=\"elementor-widget-container\">\n\t\t\t\t\t\t\t\t\t<p><strong>Especificaciones:<\/strong><\/p><p>El motor fue reconstruido profesionalmente a los 201.000 km, y la van funciona fuerte y de manera confiable. Sumado a un sistema el\u00e9ctrico s\u00f3lido y una conversi\u00f3n camper bien pensada, es el equilibrio perfecto entre aventura y practicidad.\u00a0<\/p><p><strong>Mantenci\u00f3n y mec\u00e1nica<\/strong><\/p><ul><li>Reconstrucci\u00f3n de motor a los 201.000 km<\/li><li>Cambio de aceite y filtro a los 207.000 km<\/li><li>Frenos con servicio y componentes nuevos a los 195.000 km<\/li><li>Bomba de combustible (192.000 km) + filtro de combustible (196.000 km)<\/li><li>Neum\u00e1ticos traseros nuevos a los 200.000 km<\/li><li>Bater\u00eda reemplazada a los 186.000 km<\/li><li>Luces delanteras y traseras reemplazadas a los 190.000 km<\/li><li>Sistema el\u00e9ctrico off-grid<\/li><li>Trabaja de forma remota y vive c\u00f3modamente en cualquier lugar. Tendr\u00e1s energ\u00eda para laptop, Starlink, luces, refrigerador y m\u00e1s, sin necesidad de depender de campings.<\/li><li>Bater\u00eda de ciclo profundo AGM de 150Ah<\/li><li>2 paneles solares de 100W<\/li><li>Controlador de carga Victron<\/li><li>Carga mientras conduces (sistema conectado al alternador)<\/li><li>Inversor de 1500W<\/li><li>Camper y comodidad<\/li><li>Cama c\u00f3moda (1,80 m x 1,45 m)<\/li><li>Toldillo \/ toldo lateral<\/li><li>Plataforma en el techo \/ terraza superior<\/li><li>Ducha exterior<\/li><li>Refrigerador de 20L<\/li><li>Cocina completamente equipada (cocina de 2 quemadores + cocina port\u00e1til adicional + utensilios de cocina)<\/li><li>Iluminaci\u00f3n interior LED + luces decorativas tipo fairy lights<\/li><\/ul><p><strong>Extras incluidos<\/strong><\/p><ul><li>Starlink Mini (ideal para streaming y trabajo en ruta, adem\u00e1s aporta seguridad en caso de fallas en lugares remotos)<\/li><li>Mesa plegable + 2 sillas<\/li><li>Bid\u00f3n de agua de 20L<\/li><li>Ventiladores USB<\/li><li>Ca\u00f1a de pescar<\/li><li>Herramientas + gata<\/li><li>Compresor de aire<\/li><li>Extintor de incendios<\/li><li>Neum\u00e1tico de repuesto<\/li><\/ul><p>\u00a0<\/p><p><strong>Caracter\u00edsticas:<\/strong><\/p><table><tbody><tr><th><span style=\"font-weight: 400;\">Precio<\/span><\/th><td>$9.800.000<\/td><\/tr><tr><th><span style=\"font-weight: 400;\">A\u00f1o<\/span><\/th><td>2011<\/td><\/tr><tr><th><span style=\"font-weight: 400;\">Kil\u00f3metros<\/span><\/th><td>209.000<\/td><\/tr><tr><th><span style=\"font-weight: 400;\">Combustible<\/span><\/th><td>Gasolina<\/td><\/tr><tr><th><span style=\"font-weight: 400;\">Transmisi\u00f3n (cambio)<\/span><\/th><td>Manual<\/td><\/tr><\/tbody><\/table>\t\t\t\t\t\t\t\t<\/div>\n\t\t\t\t<\/div>\n\t\t\t\t\t<\/div>\n\t\t<\/div>\n\t\t\t\t<div class=\"elementor-column elementor-col-50 elementor-top-column elementor-element elementor-element-2fa93f7\" data-id=\"2fa93f7\" data-element_type=\"column\" data-e-type=\"column\">\n\t\t\t<div class=\"elementor-widget-wrap elementor-element-populated\">\n\t\t\t\t\t\t<div class=\"elementor-element elementor-element-699bca5 elementor-arrows-position-inside elementor-pagination-position-outside elementor-widget elementor-widget-image-carousel\" data-id=\"699bca5\" data-element_type=\"widget\" data-e-type=\"widget\" data-settings=\"{&quot;slides_to_show&quot;:&quot;1&quot;,&quot;navigation&quot;:&quot;both&quot;,&quot;autoplay&quot;:&quot;yes&quot;,&quot;pause_on_hover&quot;:&quot;yes&quot;,&quot;pause_on_interaction&quot;:&quot;yes&quot;,&quot;autoplay_speed&quot;:5000,&quot;infinite&quot;:&quot;yes&quot;,&quot;effect&quot;:&quot;slide&quot;,&quot;speed&quot;:500}\" data-widget_type=\"image-carousel.default\">\n\t\t\t\t<div class=\"elementor-widget-container\">\n\t\t\t\t\t\t\t<div class=\"elementor-image-carousel-wrapper swiper\" role=\"region\" aria-roledescription=\"carousel\" aria-label=\"Carrusel de im\u00e1genes\" dir=\"ltr\">\n\t\t\t<div class=\"elementor-image-carousel swiper-wrapper\" aria-live=\"off\">\n\t\t\t\t\t\t\t\t<div class=\"swiper-slide\" role=\"group\" aria-roledescription=\"slide\" aria-label=\"1 de 16\"><figure class=\"swiper-slide-inner\"><img decoding=\"async\" class=\"swiper-slide-image\" src=\"https:\/\/suzisantiagoctw.com\/wp-content\/uploads\/2026\/05\/1-4.jpg\" alt=\"1\" \/><\/figure><\/div><div class=\"swiper-slide\" role=\"group\" aria-roledescription=\"slide\" aria-label=\"2 de 16\"><figure class=\"swiper-slide-inner\"><img decoding=\"async\" class=\"swiper-slide-image\" src=\"https:\/\/suzisantiagoctw.com\/wp-content\/uploads\/2026\/05\/4-3.jpg\" alt=\"4\" \/><\/figure><\/div><div class=\"swiper-slide\" role=\"group\" aria-roledescription=\"slide\" aria-label=\"3 de 16\"><figure class=\"swiper-slide-inner\"><img decoding=\"async\" class=\"swiper-slide-image\" src=\"https:\/\/suzisantiagoctw.com\/wp-content\/uploads\/2026\/05\/5-3.jpg\" alt=\"5\" \/><\/figure><\/div><div class=\"swiper-slide\" role=\"group\" aria-roledescription=\"slide\" aria-label=\"4 de 16\"><figure class=\"swiper-slide-inner\"><img decoding=\"async\" class=\"swiper-slide-image\" src=\"https:\/\/suzisantiagoctw.com\/wp-content\/uploads\/2026\/05\/3-3.jpg\" alt=\"3\" \/><\/figure><\/div><div class=\"swiper-slide\" role=\"group\" aria-roledescription=\"slide\" aria-label=\"5 de 16\"><figure class=\"swiper-slide-inner\"><img decoding=\"async\" class=\"swiper-slide-image\" src=\"https:\/\/suzisantiagoctw.com\/wp-content\/uploads\/2026\/05\/2-3.jpg\" alt=\"2\" \/><\/figure><\/div><div class=\"swiper-slide\" role=\"group\" aria-roledescription=\"slide\" aria-label=\"6 de 16\"><figure class=\"swiper-slide-inner\"><img decoding=\"async\" class=\"swiper-slide-image\" src=\"https:\/\/suzisantiagoctw.com\/wp-content\/uploads\/2026\/05\/9-3.jpg\" alt=\"9\" \/><\/figure><\/div><div class=\"swiper-slide\" role=\"group\" aria-roledescription=\"slide\" aria-label=\"7 de 16\"><figure class=\"swiper-slide-inner\"><img decoding=\"async\" class=\"swiper-slide-image\" src=\"https:\/\/suzisantiagoctw.com\/wp-content\/uploads\/2026\/05\/10-2.jpg\" alt=\"10\" \/><\/figure><\/div><div class=\"swiper-slide\" role=\"group\" aria-roledescription=\"slide\" aria-label=\"8 de 16\"><figure class=\"swiper-slide-inner\"><img decoding=\"async\" class=\"swiper-slide-image\" src=\"https:\/\/suzisantiagoctw.com\/wp-content\/uploads\/2026\/05\/7-3.jpg\" alt=\"7\" \/><\/figure><\/div><div class=\"swiper-slide\" role=\"group\" aria-roledescription=\"slide\" aria-label=\"9 de 16\"><figure class=\"swiper-slide-inner\"><img decoding=\"async\" class=\"swiper-slide-image\" src=\"https:\/\/suzisantiagoctw.com\/wp-content\/uploads\/2026\/05\/6-3.jpg\" alt=\"6\" \/><\/figure><\/div><div class=\"swiper-slide\" role=\"group\" aria-roledescription=\"slide\" aria-label=\"10 de 16\"><figure class=\"swiper-slide-inner\"><img decoding=\"async\" class=\"swiper-slide-image\" src=\"https:\/\/suzisantiagoctw.com\/wp-content\/uploads\/2026\/05\/11-2.jpg\" alt=\"11\" \/><\/figure><\/div><div class=\"swiper-slide\" role=\"group\" aria-roledescription=\"slide\" aria-label=\"11 de 16\"><figure class=\"swiper-slide-inner\"><img decoding=\"async\" class=\"swiper-slide-image\" src=\"https:\/\/suzisantiagoctw.com\/wp-content\/uploads\/2026\/05\/12-2.jpg\" alt=\"12\" \/><\/figure><\/div><div class=\"swiper-slide\" role=\"group\" aria-roledescription=\"slide\" aria-label=\"12 de 16\"><figure class=\"swiper-slide-inner\"><img decoding=\"async\" class=\"swiper-slide-image\" src=\"https:\/\/suzisantiagoctw.com\/wp-content\/uploads\/2026\/05\/13-2.jpg\" alt=\"13\" \/><\/figure><\/div><div class=\"swiper-slide\" role=\"group\" aria-roledescription=\"slide\" aria-label=\"13 de 16\"><figure class=\"swiper-slide-inner\"><img decoding=\"async\" class=\"swiper-slide-image\" src=\"https:\/\/suzisantiagoctw.com\/wp-content\/uploads\/2026\/05\/14-2.jpg\" alt=\"14\" \/><\/figure><\/div><div class=\"swiper-slide\" role=\"group\" aria-roledescription=\"slide\" aria-label=\"14 de 16\"><figure class=\"swiper-slide-inner\"><img decoding=\"async\" class=\"swiper-slide-image\" src=\"https:\/\/suzisantiagoctw.com\/wp-content\/uploads\/2026\/05\/16-1.jpg\" alt=\"16\" \/><\/figure><\/div><div class=\"swiper-slide\" role=\"group\" aria-roledescription=\"slide\" aria-label=\"15 de 16\"><figure class=\"swiper-slide-inner\"><img decoding=\"async\" class=\"swiper-slide-image\" src=\"https:\/\/suzisantiagoctw.com\/wp-content\/uploads\/2026\/05\/15-2.jpg\" alt=\"15\" \/><\/figure><\/div><div class=\"swiper-slide\" role=\"group\" aria-roledescription=\"slide\" aria-label=\"16 de 16\"><figure class=\"swiper-slide-inner\"><img decoding=\"async\" class=\"swiper-slide-image\" src=\"https:\/\/suzisantiagoctw.com\/wp-content\/uploads\/2026\/05\/8-3.jpg\" alt=\"8\" \/><\/figure><\/div>\t\t\t<\/div>\n\t\t\t\t\t\t\t\t\t\t\t\t<div class=\"elementor-swiper-button elementor-swiper-button-prev\" role=\"button\" tabindex=\"0\">\n\t\t\t\t\t\t<i aria-hidden=\"true\" class=\"eicon-chevron-left\"><\/i>\t\t\t\t\t<\/div>\n\t\t\t\t\t<div class=\"elementor-swiper-button elementor-swiper-button-next\" role=\"button\" tabindex=\"0\">\n\t\t\t\t\t\t<i aria-hidden=\"true\" class=\"eicon-chevron-right\"><\/i>\t\t\t\t\t<\/div>\n\t\t\t\t\n\t\t\t\t\t\t\t\t\t<div class=\"swiper-pagination\"><\/div>\n\t\t\t\t\t\t\t\t\t<\/div>\n\t\t\t\t\t\t<\/div>\n\t\t\t\t<\/div>\n\t\t\t\t<div class=\"elementor-element elementor-element-9c0247b elementor-align-center elementor-widget elementor-widget-button\" data-id=\"9c0247b\" data-element_type=\"widget\" data-e-type=\"widget\" data-widget_type=\"button.default\">\n\t\t\t\t<div class=\"elementor-widget-container\">\n\t\t\t\t\t\t\t\t\t<div class=\"elementor-button-wrapper\">\n\t\t\t\t\t<a class=\"elementor-button elementor-button-link elementor-size-sm\" href=\"https:\/\/suzisantiagoctw.com\/cl\/contacto\/\">\n\t\t\t\t\t\t<span class=\"elementor-button-content-wrapper\">\n\t\t\t\t\t\t\t\t\t<span class=\"elementor-button-text\">M\u00e1s Info aqu\u00ed<\/span>\n\t\t\t\t\t<\/span>\n\t\t\t\t\t<\/a>\n\t\t\t\t<\/div>\n\t\t\t\t\t\t\t\t<\/div>\n\t\t\t\t<\/div>\n\t\t\t\t\t<\/div>\n\t\t<\/div>\n\t\t\t\t\t<\/div>\n\t\t<\/section>\n\t\t\t\t<\/div>\n\t\t","protected":false},"excerpt":{"rendered":"<p>MITSUBISHI L300 CAMPER VAN Especificaciones: El motor fue reconstruido profesionalmente a los 201.000 km, y la van funciona fuerte y de manera confiable. Sumado a un sistema el\u00e9ctrico s\u00f3lido y una conversi\u00f3n camper bien pensada, es el equilibrio perfecto entre aventura y practicidad.\u00a0 Mantenci\u00f3n y mec\u00e1nica Reconstrucci\u00f3n de motor a los 201.000 km Cambio de [&hellip;]<\/p>\n","protected":false},"author":1,"featured_media":0,"parent":0,"menu_order":0,"comment_status":"closed","ping_status":"closed","template":"","meta":{"_joinchat":[],"footnotes":""},"class_list":["post-19933","page","type-page","status-publish","hentry"],"_links":{"self":[{"href":"https:\/\/suzisantiagoctw.com\/cl\/wp-json\/wp\/v2\/pages\/19933","targetHints":{"allow":["GET"]}}],"collection":[{"href":"https:\/\/suzisantiagoctw.com\/cl\/wp-json\/wp\/v2\/pages"}],"about":[{"href":"https:\/\/suzisantiagoctw.com\/cl\/wp-json\/wp\/v2\/types\/page"}],"author":[{"embeddable":true,"href":"https:\/\/suzisantiagoctw.com\/cl\/wp-json\/wp\/v2\/users\/1"}],"replies":[{"embeddable":true,"href":"https:\/\/suzisantiagoctw.com\/cl\/wp-json\/wp\/v2\/comments?post=19933"}],"version-history":[{"count":16,"href":"https:\/\/suzisantiagoctw.com\/cl\/wp-json\/wp\/v2\/pages\/19933\/revisions"}],"predecessor-version":[{"id":19973,"href":"https:\/\/suzisantiagoctw.com\/cl\/wp-json\/wp\/v2\/pages\/19933\/revisions\/19973"}],"wp:attachment":[{"href":"https:\/\/suzisantiagoctw.com\/cl\/wp-json\/wp\/v2\/media?parent=19933"}],"curies":[{"name":"wp","href":"https:\/\/api.w.org\/{rel}","templated":true}]}}