{"id":19711,"date":"2026-04-29T20:40:14","date_gmt":"2026-04-29T20:40:14","guid":{"rendered":"https:\/\/suzisantiagoctw.com\/?page_id=19711"},"modified":"2026-04-29T23:02:13","modified_gmt":"2026-04-29T23:02:13","slug":"hyundai-new-h1-gl-tci-2-5-camper-van","status":"publish","type":"page","link":"https:\/\/suzisantiagoctw.com\/cl\/hyundai-new-h1-gl-tci-2-5-camper-van\/","title":{"rendered":"HYUNDAI NEW H1 GL TCI 2.5 CAMPER VAN"},"content":{"rendered":"\t\t<div data-elementor-type=\"wp-page\" data-elementor-id=\"19711\" class=\"elementor elementor-19711\" data-elementor-post-type=\"page\">\n\t\t\t\t\t\t<section class=\"elementor-section elementor-top-section elementor-element elementor-element-ad38e23 elementor-section-boxed elementor-section-height-default elementor-section-height-default\" data-id=\"ad38e23\" data-element_type=\"section\" data-e-type=\"section\">\n\t\t\t\t\t\t<div class=\"elementor-container elementor-column-gap-default\">\n\t\t\t\t\t<div class=\"elementor-column elementor-col-50 elementor-top-column elementor-element elementor-element-9f4a210\" data-id=\"9f4a210\" data-element_type=\"column\" data-e-type=\"column\">\n\t\t\t<div class=\"elementor-widget-wrap elementor-element-populated\">\n\t\t\t\t\t\t<div class=\"elementor-element elementor-element-28bf900 elementor-widget elementor-widget-heading\" data-id=\"28bf900\" data-element_type=\"widget\" data-e-type=\"widget\" data-widget_type=\"heading.default\">\n\t\t\t\t<div class=\"elementor-widget-container\">\n\t\t\t\t\t<h2 class=\"elementor-heading-title elementor-size-default\">HYUNDAI NEW H1 GL TCI 2.5 CAMPER VAN<\/h2>\t\t\t\t<\/div>\n\t\t\t\t<\/div>\n\t\t\t\t<div class=\"elementor-element elementor-element-27a6502 elementor-widget elementor-widget-text-editor\" data-id=\"27a6502\" data-element_type=\"widget\" data-e-type=\"widget\" data-widget_type=\"text-editor.default\">\n\t\t\t\t<div class=\"elementor-widget-container\">\n\t\t\t\t\t\t\t\t\t<p><strong>Especificaciones:<\/strong><\/p><ul><li>Motor di\u00e9sel 2.5L, confiable y potente<\/li><li>Consumo de combustible: aprox. 8\u201310 L\/100 km (dependiendo del camino, viento y altitud)<\/li><li>Transmisi\u00f3n manual de 5 velocidades<\/li><li>Bien mantenida<\/li><li>3 asientos delanteros con cintur\u00f3n de seguridad<\/li><li>Tracci\u00f3n 2WD (trasera)<\/li><li>Altura media, ideal para caminos irregulares o con calamina<\/li><\/ul><p>\u00a0<\/p><p><strong>Mantenimiento:<\/strong><\/p><ul><li>4 neum\u00e1ticos nuevos (septiembre 2025)<\/li><li>Revisi\u00f3n t\u00e9cnica obligatoria (noviembre 2025)<\/li><li>Grabado de la patente en todos los vidrios seg\u00fan la ley chilena (noviembre 2025)<\/li><li>Filtro de aire nuevo (enero 2026)<\/li><li>Filtro de combustible nuevo (enero 2026)<\/li><li>Correas en V nuevas (febrero 2026)<\/li><li>Filtro de ventilaci\u00f3n del motor nuevo (febrero 2026)<\/li><li>Luces delanteras nuevas (abril 2026)<\/li><li>Cambio de aceite completo a los 56.600 km (abril 2026)<\/li><li>Discos delanteros nuevos a los 56.600 km (abril 2026)<\/li><\/ul><p>\u00a0<\/p><p><strong>Electricidad:<\/strong><\/p><ul><li>Puertos USB-A (x3)<\/li><li>Puertos USB-C (x5), incluyendo carga r\u00e1pida (Power Delivery \/ PD)<\/li><li>Encendedor de cigarrillos (x6)<\/li><li>Dos enchufes normales (tipo L) para cargar afeitadora, laptop, etc.<\/li><li>Inversor de corriente 220V<\/li><li>Panel solar de 200W en el techo<\/li><li>Bater\u00eda auxiliar de 100 Ah, cargada por el panel solar<\/li><li>Luces LED y guirnaldas de luces para un ambiente acogedor<\/li><\/ul><p>\u00a0<\/p><p><strong>Equipamiento:<\/strong><\/p><ul><li>Hermoso interior de madera con pinturas art\u00edsticas<\/li><li>Mes\u00f3n de cocina con amplio espacio de almacenamiento inferior<\/li><li>Cubierta abatible de cocina que crea un amplio espacio de comedor<\/li><li>F\u00e1cil y r\u00e1pida conversi\u00f3n de modo d\u00eda (sof\u00e1) a modo noche (cama). Desde la cama se puede acceder a la cocina para preparar caf\u00e9 o el desayuno\/cena<\/li><li>Cama c\u00f3moda (190 x 125 cm) con ropa de cama, f\u00e1cilmente convertible en sof\u00e1<\/li><li>2 plumones IKEA (comprados en septiembre 2025) para las noches fr\u00edas, s\u00e1banas, 4 almohadas y fundas<\/li><li>Amplios compartimentos de almacenamiento bajo la cama y en el mueble, ideales para equipo de camping, zapatos y ropa<\/li><li>Dep\u00f3sito de agua de 70L con bomba el\u00e9ctrica para la ducha exterior. Manguera externa para llenar el estanque f\u00e1cilmente<\/li><li>Cocina a gas para noches fr\u00edas en los Andes<\/li><li>Cortinas en todas las ventanas para privacidad y oscuridad total<\/li><li>Parasol plegable para el parabrisas<\/li><\/ul><p>\u00a0<\/p><p><strong>Cocina:<\/strong><\/p><ul><li>Refrigerador Alpicool de 18L<\/li><li>Botella de gas recargable de 5 kg (Chile)<\/li><li>Cocina y hornillo dentro de la van (muy \u00fatil en caso de lluvia o viento, para no tener que cocinar afuera)<\/li><li>Cocina completa: sartenes, ollas, cubiertos, platos, bowls, vasos, utensilios y mucho m\u00e1s<\/li><li>1 cafetera italiana Bialetti para los amantes del caf\u00e9<\/li><li>2 sillas de camping y 1 mesa resistente<\/li><li>Pa\u00f1o de cocina<\/li><li>Lavaplatos\/fregadero<\/li><\/ul><p>\u00a0<\/p><p><strong>Seguridad:<\/strong><\/p><ul><li>2 juegos de llaves, incluyendo cierre centralizado<\/li><li>2 gatos hidr\u00e1ulicos<\/li><li>Extintor de incendios<\/li><li>Chaleco reflectante de emergencia<\/li><li>Rueda de repuesto nueva<\/li><li>Tuercas antirrobo para las ruedas y barra antirrobo para el volante<\/li><li>Cables de bater\u00eda (pinzas)<\/li><li>Cuerda de remolque<\/li><li>Compresor de aire 12V para inflar neum\u00e1ticos<\/li><li>Amplio kit de repuestos (cables, tornillos, destornilladores, taladro inal\u00e1mbrico, alicates)<\/li><li>Cruz de ruedas y palanca<\/li><li>2 bidones de 20L para di\u00e9sel adicional<\/li><li>Refrigerante del motor nuevo (cambio de l\u00edquido de enfriamiento)<\/li><\/ul><p>\u00a0<\/p><p><strong>Extras:<\/strong><\/p><ul><li>Juegos de mesa y de cartas, frisbee<\/li><li>2 ventiladores<\/li><li>Soporte para celular para una navegaci\u00f3n f\u00e1cil<\/li><\/ul><p>\u00a0<\/p><p><strong>Caracter\u00edsticas:<\/strong><\/p><table><tbody><tr><th><span style=\"font-weight: 400;\">Precio<\/span><\/th><td>$12.900.000<\/td><\/tr><tr><th><span style=\"font-weight: 400;\">A\u00f1o<\/span><\/th><td>2011<\/td><\/tr><tr><th><span style=\"font-weight: 400;\">Kil\u00f3metros<\/span><\/th><td>156.000<\/td><\/tr><tr><th><span style=\"font-weight: 400;\">Combustible<\/span><\/th><td>Diesel<\/td><\/tr><tr><th><span style=\"font-weight: 400;\">Transmisi\u00f3n (cambio)<\/span><\/th><td>Manual<\/td><\/tr><\/tbody><\/table>\t\t\t\t\t\t\t\t<\/div>\n\t\t\t\t<\/div>\n\t\t\t\t\t<\/div>\n\t\t<\/div>\n\t\t\t\t<div class=\"elementor-column elementor-col-50 elementor-top-column elementor-element elementor-element-cb2d19f\" data-id=\"cb2d19f\" data-element_type=\"column\" data-e-type=\"column\">\n\t\t\t<div class=\"elementor-widget-wrap elementor-element-populated\">\n\t\t\t\t\t\t<div class=\"elementor-element elementor-element-ba46083 elementor-arrows-position-inside elementor-pagination-position-outside elementor-widget elementor-widget-image-carousel\" data-id=\"ba46083\" data-element_type=\"widget\" data-e-type=\"widget\" data-settings=\"{&quot;slides_to_show&quot;:&quot;1&quot;,&quot;navigation&quot;:&quot;both&quot;,&quot;autoplay&quot;:&quot;yes&quot;,&quot;pause_on_hover&quot;:&quot;yes&quot;,&quot;pause_on_interaction&quot;:&quot;yes&quot;,&quot;autoplay_speed&quot;:5000,&quot;infinite&quot;:&quot;yes&quot;,&quot;effect&quot;:&quot;slide&quot;,&quot;speed&quot;:500}\" data-widget_type=\"image-carousel.default\">\n\t\t\t\t<div class=\"elementor-widget-container\">\n\t\t\t\t\t\t\t<div class=\"elementor-image-carousel-wrapper swiper\" role=\"region\" aria-roledescription=\"carousel\" aria-label=\"Carrusel de im\u00e1genes\" dir=\"ltr\">\n\t\t\t<div class=\"elementor-image-carousel swiper-wrapper\" aria-live=\"off\">\n\t\t\t\t\t\t\t\t<div class=\"swiper-slide\" role=\"group\" aria-roledescription=\"slide\" aria-label=\"1 de 15\"><figure class=\"swiper-slide-inner\"><img decoding=\"async\" class=\"swiper-slide-image\" src=\"https:\/\/suzisantiagoctw.com\/wp-content\/uploads\/2026\/04\/2-5.jpg\" alt=\"2\" \/><\/figure><\/div><div class=\"swiper-slide\" role=\"group\" aria-roledescription=\"slide\" aria-label=\"2 de 15\"><figure class=\"swiper-slide-inner\"><img decoding=\"async\" class=\"swiper-slide-image\" src=\"https:\/\/suzisantiagoctw.com\/wp-content\/uploads\/2026\/04\/1-5.jpg\" alt=\"1\" \/><\/figure><\/div><div class=\"swiper-slide\" role=\"group\" aria-roledescription=\"slide\" aria-label=\"3 de 15\"><figure class=\"swiper-slide-inner\"><img decoding=\"async\" class=\"swiper-slide-image\" src=\"https:\/\/suzisantiagoctw.com\/wp-content\/uploads\/2026\/04\/3-4.jpg\" alt=\"3\" \/><\/figure><\/div><div class=\"swiper-slide\" role=\"group\" aria-roledescription=\"slide\" aria-label=\"4 de 15\"><figure class=\"swiper-slide-inner\"><img decoding=\"async\" class=\"swiper-slide-image\" src=\"https:\/\/suzisantiagoctw.com\/wp-content\/uploads\/2026\/04\/15.jpg\" alt=\"15\" \/><\/figure><\/div><div class=\"swiper-slide\" role=\"group\" aria-roledescription=\"slide\" aria-label=\"5 de 15\"><figure class=\"swiper-slide-inner\"><img decoding=\"async\" class=\"swiper-slide-image\" src=\"https:\/\/suzisantiagoctw.com\/wp-content\/uploads\/2026\/04\/8-1.jpg\" alt=\"8\" \/><\/figure><\/div><div class=\"swiper-slide\" role=\"group\" aria-roledescription=\"slide\" aria-label=\"6 de 15\"><figure class=\"swiper-slide-inner\"><img decoding=\"async\" class=\"swiper-slide-image\" src=\"https:\/\/suzisantiagoctw.com\/wp-content\/uploads\/2026\/04\/7-2.jpg\" alt=\"7\" \/><\/figure><\/div><div class=\"swiper-slide\" role=\"group\" aria-roledescription=\"slide\" aria-label=\"7 de 15\"><figure class=\"swiper-slide-inner\"><img decoding=\"async\" class=\"swiper-slide-image\" src=\"https:\/\/suzisantiagoctw.com\/wp-content\/uploads\/2026\/04\/14.jpg\" alt=\"14\" \/><\/figure><\/div><div class=\"swiper-slide\" role=\"group\" aria-roledescription=\"slide\" aria-label=\"8 de 15\"><figure class=\"swiper-slide-inner\"><img decoding=\"async\" class=\"swiper-slide-image\" src=\"https:\/\/suzisantiagoctw.com\/wp-content\/uploads\/2026\/04\/10-1.jpg\" alt=\"10\" \/><\/figure><\/div><div class=\"swiper-slide\" role=\"group\" aria-roledescription=\"slide\" aria-label=\"9 de 15\"><figure class=\"swiper-slide-inner\"><img decoding=\"async\" class=\"swiper-slide-image\" src=\"https:\/\/suzisantiagoctw.com\/wp-content\/uploads\/2026\/04\/5-3.jpg\" alt=\"5\" \/><\/figure><\/div><div class=\"swiper-slide\" role=\"group\" aria-roledescription=\"slide\" aria-label=\"10 de 15\"><figure class=\"swiper-slide-inner\"><img decoding=\"async\" class=\"swiper-slide-image\" src=\"https:\/\/suzisantiagoctw.com\/wp-content\/uploads\/2026\/04\/11-1.jpg\" alt=\"11\" \/><\/figure><\/div><div class=\"swiper-slide\" role=\"group\" aria-roledescription=\"slide\" aria-label=\"11 de 15\"><figure class=\"swiper-slide-inner\"><img decoding=\"async\" class=\"swiper-slide-image\" src=\"https:\/\/suzisantiagoctw.com\/wp-content\/uploads\/2026\/04\/4-5.jpg\" alt=\"4\" \/><\/figure><\/div><div class=\"swiper-slide\" role=\"group\" aria-roledescription=\"slide\" aria-label=\"12 de 15\"><figure class=\"swiper-slide-inner\"><img decoding=\"async\" class=\"swiper-slide-image\" src=\"https:\/\/suzisantiagoctw.com\/wp-content\/uploads\/2026\/04\/9-1.jpg\" alt=\"9\" \/><\/figure><\/div><div class=\"swiper-slide\" role=\"group\" aria-roledescription=\"slide\" aria-label=\"13 de 15\"><figure class=\"swiper-slide-inner\"><img decoding=\"async\" class=\"swiper-slide-image\" src=\"https:\/\/suzisantiagoctw.com\/wp-content\/uploads\/2026\/04\/13.jpg\" alt=\"13\" \/><\/figure><\/div><div class=\"swiper-slide\" role=\"group\" aria-roledescription=\"slide\" aria-label=\"14 de 15\"><figure class=\"swiper-slide-inner\"><img decoding=\"async\" class=\"swiper-slide-image\" src=\"https:\/\/suzisantiagoctw.com\/wp-content\/uploads\/2026\/04\/12-1.jpg\" alt=\"12\" \/><\/figure><\/div><div class=\"swiper-slide\" role=\"group\" aria-roledescription=\"slide\" aria-label=\"15 de 15\"><figure class=\"swiper-slide-inner\"><img decoding=\"async\" class=\"swiper-slide-image\" src=\"https:\/\/suzisantiagoctw.com\/wp-content\/uploads\/2026\/04\/6-4.jpg\" alt=\"6\" \/><\/figure><\/div>\t\t\t<\/div>\n\t\t\t\t\t\t\t\t\t\t\t\t<div class=\"elementor-swiper-button elementor-swiper-button-prev\" role=\"button\" tabindex=\"0\">\n\t\t\t\t\t\t<i aria-hidden=\"true\" class=\"eicon-chevron-left\"><\/i>\t\t\t\t\t<\/div>\n\t\t\t\t\t<div class=\"elementor-swiper-button elementor-swiper-button-next\" role=\"button\" tabindex=\"0\">\n\t\t\t\t\t\t<i aria-hidden=\"true\" class=\"eicon-chevron-right\"><\/i>\t\t\t\t\t<\/div>\n\t\t\t\t\n\t\t\t\t\t\t\t\t\t<div class=\"swiper-pagination\"><\/div>\n\t\t\t\t\t\t\t\t\t<\/div>\n\t\t\t\t\t\t<\/div>\n\t\t\t\t<\/div>\n\t\t\t\t<div class=\"elementor-element elementor-element-2d8eee7 elementor-align-center elementor-widget elementor-widget-button\" data-id=\"2d8eee7\" data-element_type=\"widget\" data-e-type=\"widget\" data-widget_type=\"button.default\">\n\t\t\t\t<div class=\"elementor-widget-container\">\n\t\t\t\t\t\t\t\t\t<div class=\"elementor-button-wrapper\">\n\t\t\t\t\t<a class=\"elementor-button elementor-button-link elementor-size-sm\" href=\"https:\/\/suzisantiagoctw.com\/cl\/contacto\/\">\n\t\t\t\t\t\t<span class=\"elementor-button-content-wrapper\">\n\t\t\t\t\t\t\t\t\t<span class=\"elementor-button-text\">M\u00e1s Info aqu\u00ed<\/span>\n\t\t\t\t\t<\/span>\n\t\t\t\t\t<\/a>\n\t\t\t\t<\/div>\n\t\t\t\t\t\t\t\t<\/div>\n\t\t\t\t<\/div>\n\t\t\t\t\t<\/div>\n\t\t<\/div>\n\t\t\t\t\t<\/div>\n\t\t<\/section>\n\t\t\t\t<\/div>\n\t\t","protected":false},"excerpt":{"rendered":"<p>HYUNDAI NEW H1 GL TCI 2.5 CAMPER VAN Especificaciones: Motor di\u00e9sel 2.5L, confiable y potente Consumo de combustible: aprox. 8\u201310 L\/100 km (dependiendo del camino, viento y altitud) Transmisi\u00f3n manual de 5 velocidades Bien mantenida 3 asientos delanteros con cintur\u00f3n de seguridad Tracci\u00f3n 2WD (trasera) Altura media, ideal para caminos irregulares o con calamina \u00a0 [&hellip;]<\/p>\n","protected":false},"author":1,"featured_media":0,"parent":0,"menu_order":0,"comment_status":"closed","ping_status":"closed","template":"","meta":{"_joinchat":[],"footnotes":""},"class_list":["post-19711","page","type-page","status-publish","hentry"],"_links":{"self":[{"href":"https:\/\/suzisantiagoctw.com\/cl\/wp-json\/wp\/v2\/pages\/19711","targetHints":{"allow":["GET"]}}],"collection":[{"href":"https:\/\/suzisantiagoctw.com\/cl\/wp-json\/wp\/v2\/pages"}],"about":[{"href":"https:\/\/suzisantiagoctw.com\/cl\/wp-json\/wp\/v2\/types\/page"}],"author":[{"embeddable":true,"href":"https:\/\/suzisantiagoctw.com\/cl\/wp-json\/wp\/v2\/users\/1"}],"replies":[{"embeddable":true,"href":"https:\/\/suzisantiagoctw.com\/cl\/wp-json\/wp\/v2\/comments?post=19711"}],"version-history":[{"count":19,"href":"https:\/\/suzisantiagoctw.com\/cl\/wp-json\/wp\/v2\/pages\/19711\/revisions"}],"predecessor-version":[{"id":19748,"href":"https:\/\/suzisantiagoctw.com\/cl\/wp-json\/wp\/v2\/pages\/19711\/revisions\/19748"}],"wp:attachment":[{"href":"https:\/\/suzisantiagoctw.com\/cl\/wp-json\/wp\/v2\/media?parent=19711"}],"curies":[{"name":"wp","href":"https:\/\/api.w.org\/{rel}","templated":true}]}}