{"id":19162,"date":"2026-04-10T01:42:17","date_gmt":"2026-04-10T01:42:17","guid":{"rendered":"https:\/\/suzisantiagoctw.com\/?page_id=19162"},"modified":"2026-04-10T03:22:11","modified_gmt":"2026-04-10T03:22:11","slug":"brilliance-x-30-campervan","status":"publish","type":"page","link":"https:\/\/suzisantiagoctw.com\/cl\/brilliance-x-30-campervan\/","title":{"rendered":"BRILLIANCE X-30 CAMPERVAN"},"content":{"rendered":"\t\t<div data-elementor-type=\"wp-page\" data-elementor-id=\"19162\" class=\"elementor elementor-19162\" data-elementor-post-type=\"page\">\n\t\t\t\t\t\t<section class=\"elementor-section elementor-top-section elementor-element elementor-element-8c936cd elementor-section-boxed elementor-section-height-default elementor-section-height-default\" data-id=\"8c936cd\" data-element_type=\"section\" data-e-type=\"section\">\n\t\t\t\t\t\t<div class=\"elementor-container elementor-column-gap-default\">\n\t\t\t\t\t<div class=\"elementor-column elementor-col-100 elementor-top-column elementor-element elementor-element-d2294f1\" data-id=\"d2294f1\" data-element_type=\"column\" data-e-type=\"column\">\n\t\t\t<div class=\"elementor-widget-wrap elementor-element-populated\">\n\t\t\t\t\t\t<div class=\"elementor-element elementor-element-331f719 elementor-widget elementor-widget-spacer\" data-id=\"331f719\" data-element_type=\"widget\" data-e-type=\"widget\" data-widget_type=\"spacer.default\">\n\t\t\t\t<div class=\"elementor-widget-container\">\n\t\t\t\t\t\t\t<div class=\"elementor-spacer\">\n\t\t\t<div class=\"elementor-spacer-inner\"><\/div>\n\t\t<\/div>\n\t\t\t\t\t\t<\/div>\n\t\t\t\t<\/div>\n\t\t\t\t\t<\/div>\n\t\t<\/div>\n\t\t\t\t\t<\/div>\n\t\t<\/section>\n\t\t\t\t<section class=\"elementor-section elementor-top-section elementor-element elementor-element-b16db35 elementor-section-boxed elementor-section-height-default elementor-section-height-default\" data-id=\"b16db35\" data-element_type=\"section\" data-e-type=\"section\">\n\t\t\t\t\t\t<div class=\"elementor-container elementor-column-gap-default\">\n\t\t\t\t\t<div class=\"elementor-column elementor-col-50 elementor-top-column elementor-element elementor-element-f6a562b\" data-id=\"f6a562b\" data-element_type=\"column\" data-e-type=\"column\">\n\t\t\t<div class=\"elementor-widget-wrap elementor-element-populated\">\n\t\t\t\t\t\t<div class=\"elementor-element elementor-element-4c7c438 elementor-widget elementor-widget-heading\" data-id=\"4c7c438\" data-element_type=\"widget\" data-e-type=\"widget\" data-widget_type=\"heading.default\">\n\t\t\t\t<div class=\"elementor-widget-container\">\n\t\t\t\t\t<h2 class=\"elementor-heading-title elementor-size-default\">BRILLIANCE X-30 CAMPERVAN<\/h2>\t\t\t\t<\/div>\n\t\t\t\t<\/div>\n\t\t\t\t<div class=\"elementor-element elementor-element-c77d2a2 elementor-widget elementor-widget-text-editor\" data-id=\"c77d2a2\" data-element_type=\"widget\" data-e-type=\"widget\" data-widget_type=\"text-editor.default\">\n\t\t\t\t<div class=\"elementor-widget-container\">\n\t\t\t\t\t\t\t\t\t<p><strong>Especificaciones:<\/strong><\/p><p><strong>CAMPERVAN\u00a0<\/strong><\/p><p>MOTOR Y MEC\u00c1NICA \u2013 EXCELENTE ESTADO<\/p><ul><li>Motor 1.5L bencina \u2013 4 cilindros<\/li><li>108 hp (80 kW)<\/li><li>Tracci\u00f3n trasera (ideal para caminos m\u00e1s exigentes)<\/li><li>Transmisi\u00f3n manual (5 velocidades)<\/li><li>Aire acondicionado<\/li><li>Direcci\u00f3n asistida<\/li><li>Radio con USB<\/li><\/ul><p>MANTENIMIENTO MAYOR A LOS 85.000 KM<\/p><ul><li>Alternador nuevo<\/li><li>Sensor lambda nuevo<\/li><li>Plumillas limpiaparabrisas nuevas<\/li><li>Revisi\u00f3n completa:<\/li><li>Aceite de motor y filtro de aceite<\/li><li>Filtro de aire<\/li><\/ul><p>MANTENIMIENTO PREVIO<\/p><ul><li>Cambio de aceite y filtro cada 5.000 \u2013 10.000 km<\/li><li>A los 70.000 km:<\/li><li>Discos y pastillas de freno<\/li><li>Buj\u00edas<\/li><li>Filtro de combustible<\/li><\/ul><p>VALOR EXTRA<\/p><ul><li>4 neum\u00e1ticos all-terrain NUEVOS<\/li><li>Repuestos incluidos:<\/li><li>Pastillas de freno nuevas<\/li><li>Filtro de aceite<\/li><li>Filtro de aire<\/li><li>Filtro de combustible<\/li><li>Refrigerante<\/li><\/ul><p>EQUIPAMIENTO CAMPER COMPLETO<\/p><ul><li>Dormir<\/li><li>Cama: 2.20 x 1.40 m<\/li><li>Incluye ropa de cama completa (2 plumones dobles + fundas, 4 almohadas)<\/li><\/ul><p>Electricidad<\/p><ul><li>Panel solar<\/li><li>Bater\u00eda auxiliar<\/li><li>Inversor 1200 VA<\/li><\/ul><p>Agua y ducha<\/p><ul><li>Sistema interno de 20L + lavaplatos + bomba<\/li><li>Ducha solar en el techo (60L)<\/li><li>Carpa de ducha<\/li><\/ul><p>Comodidad y vida<\/p><ul><li>Aire acondicionado funcionando perfectamente<\/li><li>Parasoles para conducci\u00f3n<\/li><li>Cortinas blackout completas \u2192 dormir en cualquier lugar<\/li><\/ul><p>COCINA EXTERIOR INTELIGENTE<\/p><ul><li>Sistema de cocina extra\u00edble (3+2 cajones):<\/li><li>Refrigerador (compresor 18L \u2013 siempre comida y bebidas fr\u00edas) + tabla de cortar<\/li><li>Cocina de 2 quemadores + lavaplatos<\/li><li>Espacio de almacenamiento<\/li><li>Cocina completamente equipada incluida<\/li><\/ul><p>INTERIOR Y ALMACENAMIENTO<\/p><ul><li>Distribuci\u00f3n inteligente<\/li><li>Compartimento oculto (para objetos de valor)<\/li><li>Asientos convertibles + mesa<\/li><li>Ventana trasera despejada \u2192 excelente visibilidad al manejar<\/li><\/ul><p>EXTRAS<\/p><ul><li>Parrilla de techo<\/li><li>Bid\u00f3n extra de combustible 20L<\/li><li>Mesa exterior + sillas<\/li><li>2 sacos de dormir + carpa para 2 personas<\/li><li>Ba\u00f1o port\u00e1til (simple y pr\u00e1ctico)<\/li><\/ul><p>\u00a0<\/p><p>BONUS<\/p><ul><li>Bicicleta de monta\u00f1a INCLUIDA en la venta<\/li><\/ul><p><strong>Pr\u00f3xima revisi\u00f3n t\u00e9cnica: septiembre 2027<\/strong><\/p><p>\u00a0<\/p><p><strong>Caracter\u00edsticas:<\/strong><\/p><table><tbody><tr><th><span style=\"font-weight: 400;\">Precio<\/span><\/th><td>$11.900.000<\/td><\/tr><tr><th><span style=\"font-weight: 400;\">A\u00f1o<\/span><\/th><td>2023<\/td><\/tr><tr><th><span style=\"font-weight: 400;\">Kil\u00f3metros<\/span><\/th><td>86.666<\/td><\/tr><tr><th><span style=\"font-weight: 400;\">Combustible<\/span><\/th><td>Gasolina<\/td><\/tr><tr><th><span style=\"font-weight: 400;\">Transmisi\u00f3n (cambio)<\/span><\/th><td>Manual<\/td><\/tr><\/tbody><\/table>\t\t\t\t\t\t\t\t<\/div>\n\t\t\t\t<\/div>\n\t\t\t\t\t<\/div>\n\t\t<\/div>\n\t\t\t\t<div class=\"elementor-column elementor-col-50 elementor-top-column elementor-element elementor-element-f6127c6\" data-id=\"f6127c6\" data-element_type=\"column\" data-e-type=\"column\">\n\t\t\t<div class=\"elementor-widget-wrap elementor-element-populated\">\n\t\t\t\t\t\t<div class=\"elementor-element elementor-element-d76403a elementor-arrows-position-inside elementor-pagination-position-outside elementor-widget elementor-widget-image-carousel\" data-id=\"d76403a\" data-element_type=\"widget\" data-e-type=\"widget\" data-settings=\"{&quot;slides_to_show&quot;:&quot;1&quot;,&quot;navigation&quot;:&quot;both&quot;,&quot;autoplay&quot;:&quot;yes&quot;,&quot;pause_on_hover&quot;:&quot;yes&quot;,&quot;pause_on_interaction&quot;:&quot;yes&quot;,&quot;autoplay_speed&quot;:5000,&quot;infinite&quot;:&quot;yes&quot;,&quot;effect&quot;:&quot;slide&quot;,&quot;speed&quot;:500}\" data-widget_type=\"image-carousel.default\">\n\t\t\t\t<div class=\"elementor-widget-container\">\n\t\t\t\t\t\t\t<div class=\"elementor-image-carousel-wrapper swiper\" role=\"region\" aria-roledescription=\"carousel\" aria-label=\"Carrusel de im\u00e1genes\" dir=\"ltr\">\n\t\t\t<div class=\"elementor-image-carousel swiper-wrapper\" aria-live=\"off\">\n\t\t\t\t\t\t\t\t<div class=\"swiper-slide\" role=\"group\" aria-roledescription=\"slide\" aria-label=\"1 de 6\"><figure class=\"swiper-slide-inner\"><img decoding=\"async\" class=\"swiper-slide-image\" src=\"https:\/\/suzisantiagoctw.com\/wp-content\/uploads\/2026\/04\/6-2.jpg\" alt=\"6\" \/><\/figure><\/div><div class=\"swiper-slide\" role=\"group\" aria-roledescription=\"slide\" aria-label=\"2 de 6\"><figure class=\"swiper-slide-inner\"><img decoding=\"async\" class=\"swiper-slide-image\" src=\"https:\/\/suzisantiagoctw.com\/wp-content\/uploads\/2026\/04\/5-1.jpg\" alt=\"5\" \/><\/figure><\/div><div class=\"swiper-slide\" role=\"group\" aria-roledescription=\"slide\" aria-label=\"3 de 6\"><figure class=\"swiper-slide-inner\"><img decoding=\"async\" class=\"swiper-slide-image\" src=\"https:\/\/suzisantiagoctw.com\/wp-content\/uploads\/2026\/04\/1-2.jpg\" alt=\"1\" \/><\/figure><\/div><div class=\"swiper-slide\" role=\"group\" aria-roledescription=\"slide\" aria-label=\"4 de 6\"><figure class=\"swiper-slide-inner\"><img decoding=\"async\" class=\"swiper-slide-image\" src=\"https:\/\/suzisantiagoctw.com\/wp-content\/uploads\/2026\/04\/3-1.jpg\" alt=\"3\" \/><\/figure><\/div><div class=\"swiper-slide\" role=\"group\" aria-roledescription=\"slide\" aria-label=\"5 de 6\"><figure class=\"swiper-slide-inner\"><img decoding=\"async\" class=\"swiper-slide-image\" src=\"https:\/\/suzisantiagoctw.com\/wp-content\/uploads\/2026\/04\/4-1.jpg\" alt=\"4\" \/><\/figure><\/div><div class=\"swiper-slide\" role=\"group\" aria-roledescription=\"slide\" aria-label=\"6 de 6\"><figure class=\"swiper-slide-inner\"><img decoding=\"async\" class=\"swiper-slide-image\" src=\"https:\/\/suzisantiagoctw.com\/wp-content\/uploads\/2026\/04\/2-2.jpg\" alt=\"2\" \/><\/figure><\/div>\t\t\t<\/div>\n\t\t\t\t\t\t\t\t\t\t\t\t<div class=\"elementor-swiper-button elementor-swiper-button-prev\" role=\"button\" tabindex=\"0\">\n\t\t\t\t\t\t<i aria-hidden=\"true\" class=\"eicon-chevron-left\"><\/i>\t\t\t\t\t<\/div>\n\t\t\t\t\t<div class=\"elementor-swiper-button elementor-swiper-button-next\" role=\"button\" tabindex=\"0\">\n\t\t\t\t\t\t<i aria-hidden=\"true\" class=\"eicon-chevron-right\"><\/i>\t\t\t\t\t<\/div>\n\t\t\t\t\n\t\t\t\t\t\t\t\t\t<div class=\"swiper-pagination\"><\/div>\n\t\t\t\t\t\t\t\t\t<\/div>\n\t\t\t\t\t\t<\/div>\n\t\t\t\t<\/div>\n\t\t\t\t<div class=\"elementor-element elementor-element-d552755 elementor-align-center elementor-widget elementor-widget-button\" data-id=\"d552755\" data-element_type=\"widget\" data-e-type=\"widget\" data-widget_type=\"button.default\">\n\t\t\t\t<div class=\"elementor-widget-container\">\n\t\t\t\t\t\t\t\t\t<div class=\"elementor-button-wrapper\">\n\t\t\t\t\t<a class=\"elementor-button elementor-button-link elementor-size-sm\" href=\"https:\/\/suzisantiagoctw.com\/cl\/contacto\/\">\n\t\t\t\t\t\t<span class=\"elementor-button-content-wrapper\">\n\t\t\t\t\t\t\t\t\t<span class=\"elementor-button-text\">M\u00e1s Info aqu\u00ed<\/span>\n\t\t\t\t\t<\/span>\n\t\t\t\t\t<\/a>\n\t\t\t\t<\/div>\n\t\t\t\t\t\t\t\t<\/div>\n\t\t\t\t<\/div>\n\t\t\t\t\t<\/div>\n\t\t<\/div>\n\t\t\t\t\t<\/div>\n\t\t<\/section>\n\t\t\t\t<\/div>\n\t\t","protected":false},"excerpt":{"rendered":"<p>BRILLIANCE X-30 CAMPERVAN Especificaciones: CAMPERVAN\u00a0 MOTOR Y MEC\u00c1NICA \u2013 EXCELENTE ESTADO Motor 1.5L bencina \u2013 4 cilindros 108 hp (80 kW) Tracci\u00f3n trasera (ideal para caminos m\u00e1s exigentes) Transmisi\u00f3n manual (5 velocidades) Aire acondicionado Direcci\u00f3n asistida Radio con USB MANTENIMIENTO MAYOR A LOS 85.000 KM Alternador nuevo Sensor lambda nuevo Plumillas limpiaparabrisas nuevas Revisi\u00f3n completa: [&hellip;]<\/p>\n","protected":false},"author":1,"featured_media":0,"parent":0,"menu_order":0,"comment_status":"closed","ping_status":"closed","template":"","meta":{"_joinchat":[],"footnotes":""},"class_list":["post-19162","page","type-page","status-publish","hentry"],"_links":{"self":[{"href":"https:\/\/suzisantiagoctw.com\/cl\/wp-json\/wp\/v2\/pages\/19162","targetHints":{"allow":["GET"]}}],"collection":[{"href":"https:\/\/suzisantiagoctw.com\/cl\/wp-json\/wp\/v2\/pages"}],"about":[{"href":"https:\/\/suzisantiagoctw.com\/cl\/wp-json\/wp\/v2\/types\/page"}],"author":[{"embeddable":true,"href":"https:\/\/suzisantiagoctw.com\/cl\/wp-json\/wp\/v2\/users\/1"}],"replies":[{"embeddable":true,"href":"https:\/\/suzisantiagoctw.com\/cl\/wp-json\/wp\/v2\/comments?post=19162"}],"version-history":[{"count":13,"href":"https:\/\/suzisantiagoctw.com\/cl\/wp-json\/wp\/v2\/pages\/19162\/revisions"}],"predecessor-version":[{"id":19510,"href":"https:\/\/suzisantiagoctw.com\/cl\/wp-json\/wp\/v2\/pages\/19162\/revisions\/19510"}],"wp:attachment":[{"href":"https:\/\/suzisantiagoctw.com\/cl\/wp-json\/wp\/v2\/media?parent=19162"}],"curies":[{"name":"wp","href":"https:\/\/api.w.org\/{rel}","templated":true}]}}