{"id":19065,"date":"2026-03-13T16:11:15","date_gmt":"2026-03-13T16:11:15","guid":{"rendered":"https:\/\/suzisantiagoctw.com\/?page_id=19065"},"modified":"2026-03-13T16:56:30","modified_gmt":"2026-03-13T16:56:30","slug":"toyota-hiace-2-0-camper-van","status":"publish","type":"page","link":"https:\/\/suzisantiagoctw.com\/cl\/toyota-hiace-2-0-camper-van\/","title":{"rendered":"TOYOTA HIACE 2.0 CAMPER VAN"},"content":{"rendered":"\t\t<div data-elementor-type=\"wp-page\" data-elementor-id=\"19065\" class=\"elementor elementor-19065\" data-elementor-post-type=\"page\">\n\t\t\t\t\t\t<section class=\"elementor-section elementor-top-section elementor-element elementor-element-8c936cd elementor-section-boxed elementor-section-height-default elementor-section-height-default\" data-id=\"8c936cd\" data-element_type=\"section\" data-e-type=\"section\">\n\t\t\t\t\t\t<div class=\"elementor-container elementor-column-gap-default\">\n\t\t\t\t\t<div class=\"elementor-column elementor-col-100 elementor-top-column elementor-element elementor-element-d2294f1\" data-id=\"d2294f1\" data-element_type=\"column\" data-e-type=\"column\">\n\t\t\t<div class=\"elementor-widget-wrap elementor-element-populated\">\n\t\t\t\t\t\t<div class=\"elementor-element elementor-element-331f719 elementor-widget elementor-widget-spacer\" data-id=\"331f719\" data-element_type=\"widget\" data-e-type=\"widget\" data-widget_type=\"spacer.default\">\n\t\t\t\t<div class=\"elementor-widget-container\">\n\t\t\t\t\t\t\t<div class=\"elementor-spacer\">\n\t\t\t<div class=\"elementor-spacer-inner\"><\/div>\n\t\t<\/div>\n\t\t\t\t\t\t<\/div>\n\t\t\t\t<\/div>\n\t\t\t\t\t<\/div>\n\t\t<\/div>\n\t\t\t\t\t<\/div>\n\t\t<\/section>\n\t\t\t\t<section class=\"elementor-section elementor-top-section elementor-element elementor-element-b16db35 elementor-section-boxed elementor-section-height-default elementor-section-height-default\" data-id=\"b16db35\" data-element_type=\"section\" data-e-type=\"section\">\n\t\t\t\t\t\t<div class=\"elementor-container elementor-column-gap-default\">\n\t\t\t\t\t<div class=\"elementor-column elementor-col-50 elementor-top-column elementor-element elementor-element-f6a562b\" data-id=\"f6a562b\" data-element_type=\"column\" data-e-type=\"column\">\n\t\t\t<div class=\"elementor-widget-wrap elementor-element-populated\">\n\t\t\t\t\t\t<div class=\"elementor-element elementor-element-4c7c438 elementor-widget elementor-widget-heading\" data-id=\"4c7c438\" data-element_type=\"widget\" data-e-type=\"widget\" data-widget_type=\"heading.default\">\n\t\t\t\t<div class=\"elementor-widget-container\">\n\t\t\t\t\t<h2 class=\"elementor-heading-title elementor-size-default\">TOYOTA HIACE 2.0 CAMPER VAN<\/h2>\t\t\t\t<\/div>\n\t\t\t\t<\/div>\n\t\t\t\t<div class=\"elementor-element elementor-element-c77d2a2 elementor-widget elementor-widget-text-editor\" data-id=\"c77d2a2\" data-element_type=\"widget\" data-e-type=\"widget\" data-widget_type=\"text-editor.default\">\n\t\t\t\t<div class=\"elementor-widget-container\">\n\t\t\t\t\t\t\t\t\t<p><strong>Especificaciones:<\/strong><\/p><ul><li>Toyota Hiace 1994<\/li><li>Versi\u00f3n larga\/liviana<\/li><li>Tracci\u00f3n trasera<\/li><li>Motor bencinero 2.0 L<\/li><li>Estanque de combustible: 60 L<\/li><li>Consumo aprox.: 9 L\/100 km<\/li><li>2 asientos (con posibilidad de apernar un tercer asiento)<\/li><li>Motor muy confiable, con mec\u00e1nica simple y f\u00e1cil de reparar en cualquier parte de Sudam\u00e9rica<\/li><\/ul><p><strong>Mantenimiento:<\/strong><\/p><ul><li>El mantenimiento est\u00e1 completamente documentado en el libro de servicio.<\/li><\/ul><p>Trabajos recientes incluyen:<\/p><ul><li>Cambio de aceite de motor y filtro cada 8\u201310.000 km (\u00faltimo a los 335.000 km)<\/li><li>Aceite de transmisi\u00f3n cambiado a los 330.000 km<\/li><li>Aceite del diferencial cambiado a los 335.000 km<\/li><li>Mantenci\u00f3n del diferencial<\/li><li>Manguera de freno nueva + cambio de l\u00edquido de frenos<\/li><li>Mantenci\u00f3n de rodamientos a los 324.000 km<\/li><li>Frenos en buen estado para aprox. 20.000 km m\u00e1s (seg\u00fan mec\u00e1nico)<\/li><li>Revisi\u00f3n del motor en abril de 2025<\/li><li>Test de compresi\u00f3n de cilindros<\/li><li>Revisi\u00f3n del ajuste de v\u00e1lvulas<\/li><li>Endoscop\u00eda del motor<\/li><\/ul><p><strong>\u00c1rea para dormir<\/strong><\/p><ul><li>Cama c\u00f3moda de 150\u00d7200 cm<\/li><li>Ropa de cama incluida (s\u00e1banas de algod\u00f3n, frazadas, almohadas y mantas de lana)<\/li><li>Mucho espacio de almacenamiento debajo de la cama<br \/>No es necesario convertir la cama para poder usar la cocina<\/li><li>Mosquiteros magn\u00e9ticos hechos a medida para ambas puertas<\/li><\/ul><p><strong>Cocina<\/strong><\/p><p>Cocina completamente equipada:<\/p><ul><li>Ollas, tazas, platos y cubiertos<\/li><li>Refrigerador con congelador<\/li><li>Cafetera espresso<\/li><li>Cocina a gas grande de 2 quemadores con paraviento<\/li><li>Bal\u00f3n de gas chileno de 5 kg (vac\u00edo)<\/li><li>Lavaplatos con grifo<\/li><li>10 L de agua limpia<\/li><li>10 L de aguas grises<\/li><li>La cocina se puede usar desde dentro o desde fuera de la van.<\/li><\/ul><p><strong>Sistema el\u00e9trico<\/strong><br \/>Perfecto para viajes off-grid:<\/p><ul><li>Panel solar de 350 W<\/li><li>Inversor\/cargador MPPT de 2000 W<\/li><li>Bater\u00eda de ciclo profundo de 120 Ah<\/li><li>4 enchufes de 220 V<\/li><li>4 puertos USB<\/li><\/ul><p><strong>Equipamiento adicional<\/strong><\/p><ul><li>Ducha exterior presurizada de 30 L con manguera y cortina<\/li><li>Ba\u00f1o camping (balde con sistema separador)<\/li><li>Mesa de camping + dos sillas<\/li><li>Herramientas b\u00e1sicas y repuestos<\/li><li>Compresor para inflar neum\u00e1ticos<\/li><li>Equipo de seguridad<\/li><li>Kit de correa de distribuci\u00f3n de repuesto<\/li><li>Repuestos interiores<\/li><li>Buj\u00edas de repuesto<\/li><li>Calefactor el\u00e9ctrico port\u00e1til<\/li><li>Ventilador el\u00e9ctrico port\u00e1til<\/li><li>Bid\u00f3n de bencina de repuesto<\/li><li>Traba volante<\/li><\/ul><p><strong>Problema conocido<\/strong><\/p><ul><li>La bater\u00eda de la casa actualmente tiene alrededor de un 60 % de su capacidad.<\/li><li>Igual funciona bien para cargar dispositivos, usar el refrigerador durante la noche y ocupar las luces y m\u00fasica en la tarde\/noche.<\/li><\/ul><p>\u00a0<\/p><p><strong>Caracter\u00edsticas:<\/strong><\/p><table><tbody><tr><th><span style=\"font-weight: 400;\">Precio<\/span><\/th><td>$5.000.000<\/td><\/tr><tr><th><span style=\"font-weight: 400;\">A\u00f1o<\/span><\/th><td>1994<\/td><\/tr><tr><th><span style=\"font-weight: 400;\">Kil\u00f3metros<\/span><\/th><td>341.000<\/td><\/tr><tr><th><span style=\"font-weight: 400;\">Combustible<\/span><\/th><td>Gasolina<\/td><\/tr><tr><th><span style=\"font-weight: 400;\">Transmisi\u00f3n (cambio)<\/span><\/th><td>Manual<\/td><\/tr><\/tbody><\/table>\t\t\t\t\t\t\t\t<\/div>\n\t\t\t\t<\/div>\n\t\t\t\t\t<\/div>\n\t\t<\/div>\n\t\t\t\t<div class=\"elementor-column elementor-col-50 elementor-top-column elementor-element elementor-element-f6127c6\" data-id=\"f6127c6\" data-element_type=\"column\" data-e-type=\"column\">\n\t\t\t<div class=\"elementor-widget-wrap elementor-element-populated\">\n\t\t\t\t\t\t<div class=\"elementor-element elementor-element-d76403a elementor-arrows-position-inside elementor-pagination-position-outside elementor-widget elementor-widget-image-carousel\" data-id=\"d76403a\" data-element_type=\"widget\" data-e-type=\"widget\" data-settings=\"{&quot;slides_to_show&quot;:&quot;1&quot;,&quot;navigation&quot;:&quot;both&quot;,&quot;autoplay&quot;:&quot;yes&quot;,&quot;pause_on_hover&quot;:&quot;yes&quot;,&quot;pause_on_interaction&quot;:&quot;yes&quot;,&quot;autoplay_speed&quot;:5000,&quot;infinite&quot;:&quot;yes&quot;,&quot;effect&quot;:&quot;slide&quot;,&quot;speed&quot;:500}\" data-widget_type=\"image-carousel.default\">\n\t\t\t\t<div class=\"elementor-widget-container\">\n\t\t\t\t\t\t\t<div class=\"elementor-image-carousel-wrapper swiper\" role=\"region\" aria-roledescription=\"carousel\" aria-label=\"Carrusel de im\u00e1genes\" dir=\"ltr\">\n\t\t\t<div class=\"elementor-image-carousel swiper-wrapper\" aria-live=\"off\">\n\t\t\t\t\t\t\t\t<div class=\"swiper-slide\" role=\"group\" aria-roledescription=\"slide\" aria-label=\"1 de 5\"><figure class=\"swiper-slide-inner\"><img decoding=\"async\" class=\"swiper-slide-image\" src=\"https:\/\/suzisantiagoctw.com\/wp-content\/uploads\/2026\/03\/3-1.jpg\" alt=\"3\" \/><\/figure><\/div><div class=\"swiper-slide\" role=\"group\" aria-roledescription=\"slide\" aria-label=\"2 de 5\"><figure class=\"swiper-slide-inner\"><img decoding=\"async\" class=\"swiper-slide-image\" src=\"https:\/\/suzisantiagoctw.com\/wp-content\/uploads\/2026\/03\/4.jpg\" alt=\"4\" \/><\/figure><\/div><div class=\"swiper-slide\" role=\"group\" aria-roledescription=\"slide\" aria-label=\"3 de 5\"><figure class=\"swiper-slide-inner\"><img decoding=\"async\" class=\"swiper-slide-image\" src=\"https:\/\/suzisantiagoctw.com\/wp-content\/uploads\/2026\/03\/2-1.jpg\" alt=\"2\" \/><\/figure><\/div><div class=\"swiper-slide\" role=\"group\" aria-roledescription=\"slide\" aria-label=\"4 de 5\"><figure class=\"swiper-slide-inner\"><img decoding=\"async\" class=\"swiper-slide-image\" src=\"https:\/\/suzisantiagoctw.com\/wp-content\/uploads\/2026\/03\/1-1.jpg\" alt=\"1\" \/><\/figure><\/div><div class=\"swiper-slide\" role=\"group\" aria-roledescription=\"slide\" aria-label=\"5 de 5\"><figure class=\"swiper-slide-inner\"><img decoding=\"async\" class=\"swiper-slide-image\" src=\"https:\/\/suzisantiagoctw.com\/wp-content\/uploads\/2026\/03\/suzi.jpg\" alt=\"suzi\" \/><\/figure><\/div>\t\t\t<\/div>\n\t\t\t\t\t\t\t\t\t\t\t\t<div class=\"elementor-swiper-button elementor-swiper-button-prev\" role=\"button\" tabindex=\"0\">\n\t\t\t\t\t\t<i aria-hidden=\"true\" class=\"eicon-chevron-left\"><\/i>\t\t\t\t\t<\/div>\n\t\t\t\t\t<div class=\"elementor-swiper-button elementor-swiper-button-next\" role=\"button\" tabindex=\"0\">\n\t\t\t\t\t\t<i aria-hidden=\"true\" class=\"eicon-chevron-right\"><\/i>\t\t\t\t\t<\/div>\n\t\t\t\t\n\t\t\t\t\t\t\t\t\t<div class=\"swiper-pagination\"><\/div>\n\t\t\t\t\t\t\t\t\t<\/div>\n\t\t\t\t\t\t<\/div>\n\t\t\t\t<\/div>\n\t\t\t\t<div class=\"elementor-element elementor-element-d552755 elementor-align-center elementor-widget elementor-widget-button\" data-id=\"d552755\" data-element_type=\"widget\" data-e-type=\"widget\" data-widget_type=\"button.default\">\n\t\t\t\t<div class=\"elementor-widget-container\">\n\t\t\t\t\t\t\t\t\t<div class=\"elementor-button-wrapper\">\n\t\t\t\t\t<a class=\"elementor-button elementor-button-link elementor-size-sm\" href=\"https:\/\/suzisantiagoctw.com\/cl\/contacto\/\">\n\t\t\t\t\t\t<span class=\"elementor-button-content-wrapper\">\n\t\t\t\t\t\t\t\t\t<span class=\"elementor-button-text\">M\u00e1s Info aqu\u00ed<\/span>\n\t\t\t\t\t<\/span>\n\t\t\t\t\t<\/a>\n\t\t\t\t<\/div>\n\t\t\t\t\t\t\t\t<\/div>\n\t\t\t\t<\/div>\n\t\t\t\t\t<\/div>\n\t\t<\/div>\n\t\t\t\t\t<\/div>\n\t\t<\/section>\n\t\t\t\t<\/div>\n\t\t","protected":false},"excerpt":{"rendered":"<p>TOYOTA HIACE 2.0 CAMPER VAN Especificaciones: Toyota Hiace 1994 Versi\u00f3n larga\/liviana Tracci\u00f3n trasera Motor bencinero 2.0 L Estanque de combustible: 60 L Consumo aprox.: 9 L\/100 km 2 asientos (con posibilidad de apernar un tercer asiento) Motor muy confiable, con mec\u00e1nica simple y f\u00e1cil de reparar en cualquier parte de Sudam\u00e9rica Mantenimiento: El mantenimiento est\u00e1 [&hellip;]<\/p>\n","protected":false},"author":1,"featured_media":0,"parent":0,"menu_order":0,"comment_status":"closed","ping_status":"closed","template":"","meta":{"_joinchat":[],"footnotes":""},"class_list":["post-19065","page","type-page","status-publish","hentry"],"_links":{"self":[{"href":"https:\/\/suzisantiagoctw.com\/cl\/wp-json\/wp\/v2\/pages\/19065","targetHints":{"allow":["GET"]}}],"collection":[{"href":"https:\/\/suzisantiagoctw.com\/cl\/wp-json\/wp\/v2\/pages"}],"about":[{"href":"https:\/\/suzisantiagoctw.com\/cl\/wp-json\/wp\/v2\/types\/page"}],"author":[{"embeddable":true,"href":"https:\/\/suzisantiagoctw.com\/cl\/wp-json\/wp\/v2\/users\/1"}],"replies":[{"embeddable":true,"href":"https:\/\/suzisantiagoctw.com\/cl\/wp-json\/wp\/v2\/comments?post=19065"}],"version-history":[{"count":13,"href":"https:\/\/suzisantiagoctw.com\/cl\/wp-json\/wp\/v2\/pages\/19065\/revisions"}],"predecessor-version":[{"id":19086,"href":"https:\/\/suzisantiagoctw.com\/cl\/wp-json\/wp\/v2\/pages\/19065\/revisions\/19086"}],"wp:attachment":[{"href":"https:\/\/suzisantiagoctw.com\/cl\/wp-json\/wp\/v2\/media?parent=19065"}],"curies":[{"name":"wp","href":"https:\/\/api.w.org\/{rel}","templated":true}]}}