{"id":18513,"date":"2026-02-17T00:32:22","date_gmt":"2026-02-17T00:32:22","guid":{"rendered":"https:\/\/suzisantiagoctw.com\/?page_id=18513"},"modified":"2026-04-06T15:26:17","modified_gmt":"2026-04-06T15:26:17","slug":"boxer-hdi-2-2-2","status":"publish","type":"page","link":"https:\/\/suzisantiagoctw.com\/cl\/boxer-hdi-2-2-2\/","title":{"rendered":"BOXER HDI 2.2"},"content":{"rendered":"\t\t<div data-elementor-type=\"wp-page\" data-elementor-id=\"18513\" class=\"elementor elementor-18513\" data-elementor-post-type=\"page\">\n\t\t\t\t\t\t<section class=\"elementor-section elementor-top-section elementor-element elementor-element-8c936cd elementor-section-boxed elementor-section-height-default elementor-section-height-default\" data-id=\"8c936cd\" data-element_type=\"section\" data-e-type=\"section\">\n\t\t\t\t\t\t<div class=\"elementor-container elementor-column-gap-default\">\n\t\t\t\t\t<div class=\"elementor-column elementor-col-100 elementor-top-column elementor-element elementor-element-d2294f1\" data-id=\"d2294f1\" data-element_type=\"column\" data-e-type=\"column\">\n\t\t\t<div class=\"elementor-widget-wrap elementor-element-populated\">\n\t\t\t\t\t\t<div class=\"elementor-element elementor-element-331f719 elementor-widget elementor-widget-spacer\" data-id=\"331f719\" data-element_type=\"widget\" data-e-type=\"widget\" data-widget_type=\"spacer.default\">\n\t\t\t\t<div class=\"elementor-widget-container\">\n\t\t\t\t\t\t\t<div class=\"elementor-spacer\">\n\t\t\t<div class=\"elementor-spacer-inner\"><\/div>\n\t\t<\/div>\n\t\t\t\t\t\t<\/div>\n\t\t\t\t<\/div>\n\t\t\t\t\t<\/div>\n\t\t<\/div>\n\t\t\t\t\t<\/div>\n\t\t<\/section>\n\t\t\t\t<section class=\"elementor-section elementor-top-section elementor-element elementor-element-b16db35 elementor-section-boxed elementor-section-height-default elementor-section-height-default\" data-id=\"b16db35\" data-element_type=\"section\" data-e-type=\"section\">\n\t\t\t\t\t\t<div class=\"elementor-container elementor-column-gap-default\">\n\t\t\t\t\t<div class=\"elementor-column elementor-col-50 elementor-top-column elementor-element elementor-element-f6a562b\" data-id=\"f6a562b\" data-element_type=\"column\" data-e-type=\"column\">\n\t\t\t<div class=\"elementor-widget-wrap elementor-element-populated\">\n\t\t\t\t\t\t<div class=\"elementor-element elementor-element-4c7c438 elementor-widget elementor-widget-heading\" data-id=\"4c7c438\" data-element_type=\"widget\" data-e-type=\"widget\" data-widget_type=\"heading.default\">\n\t\t\t\t<div class=\"elementor-widget-container\">\n\t\t\t\t\t<h2 class=\"elementor-heading-title elementor-size-default\">Fiat Ducato Maxi 2.3 CAMPER VAN\n<\/h2>\t\t\t\t<\/div>\n\t\t\t\t<\/div>\n\t\t\t\t<div class=\"elementor-element elementor-element-c77d2a2 elementor-widget elementor-widget-text-editor\" data-id=\"c77d2a2\" data-element_type=\"widget\" data-e-type=\"widget\" data-widget_type=\"text-editor.default\">\n\t\t\t\t<div class=\"elementor-widget-container\">\n\t\t\t\t\t\t\t\t\t<p><strong>Especificaciones:<\/strong><\/p><p><b>Caracter\u00edsticas de la camperizaci\u00f3n<\/b><\/p><ul><li>Asientos giratorios del conductor y pasajero<\/li><li>Suelo aislado<\/li><li>Piso de vinilo<\/li><li>Aislamiento en techo y paredes (manta Armacell)<\/li><li>Techo y paredes revestidos en madera<\/li><li>Sistema de cama el\u00e9ctrica elevable Smart Bed - Lippett<\/li><li>Colch\u00f3n h\u00edbrido Emma original v2 completo (135 cm x 190 cm) comprado en octubre de 2025 \u2013 con 10 cm adicionales de ancho de coj\u00edn a cada lado, haciendo un ancho total de 155 cm<\/li><li>4 cojines personalizados y \u00e1rea de asiento tipo banco<\/li><li>Encimera de cocina en madera de casta\u00f1o<\/li><li>Cocina a gas Neu 2G de 2 quemadores, 35 cm Kubli<\/li><li>Botella de gas de 5 kg y jaula de almacenamiento externa<\/li><li>Grifo Tohlar + barra de ducha Barrock para ducha interna<\/li><li>Fregadero bajo encimera<\/li><li>2 x bidones de agua de 150 L<\/li><li>Bomba de agua 12V + caja de aluminio sellada<\/li><li>Extensi\u00f3n removible para manguera de extracci\u00f3n de aguas grises<\/li><li>Refrigerador\/congelador RCN 90 12V compresor, 90 litros<\/li><li>Calefont a gas para agua caliente<\/li><li>Base de ducha oculta 65 x 65 cm<\/li><li>Hardware Starlink<\/li><\/ul><p><b>Sistema de energ\u00eda solar<\/b><\/p><ul><li>2 x paneles solares de 430 W<\/li><li>4 x bater\u00edas GEL Kaise 12V 100Ah KBG121000<\/li><li>Victron BlueSolar MPPT 150\/100-Tr VE.Can<\/li><li>Inversor\/cargador Multiplus 2000 W<\/li><li>Rel\u00e9<\/li><li>2 x tomas 220V<\/li><li>Torre de enchufes retr\u00e1ctil (POP UP)<\/li><li>1 x toma 12V<\/li><li>4 focos empotrados (interior)<\/li><li>Tira LED + carcasa<\/li><li>Ventana 900 x 500 mm con cortina blackout y mosquitero<\/li><li>Extractor de aire en cocina<\/li><li>Adaptador Starlink 12V + caja protectora<\/li><li>Claraboya 400 x 600 mm con mosquitera y cortina blackout<\/li><li>Par de patas de mesa tipo laguna + postes de soporte<\/li><li>Mesa de casta\u00f1o personalizada, removible y divisible, con tableros de conversi\u00f3n a cama adicional<\/li><li>9 cajones bajo el banco con sistema de rieles de alta resistencia<\/li><li>1 despensa delgada<\/li><li>3 gabinetes superiores<\/li><li>1 \u00e1rea de almacenamiento sobre la cabina con luz<\/li><li>1 caj\u00f3n peque\u00f1o bajo el piso<\/li><li>1 caj\u00f3n mediano bajo el piso<\/li><li>2 cajones extra grandes personalizados para tablas de surf \/ almacenamiento bajo el piso<\/li><li>Portaequipajes en el techo<\/li><li>Toldo (200 x 250 cm) con luz LED<\/li><li>Grifo\/ducha exterior<\/li><li>Caja fuerte digital LCD grande, oculta, con alarma y cerradura<\/li><li>Wild Rover Portable Dry Bath (inodoro seco\/compostable) incluyendo 3 bolsas de n\u00facleo de coco<\/li><li>Estructura de ducha exterior + cortina<\/li><li>Conexi\u00f3n de cortina magn\u00e9tica interna detr\u00e1s del techo<\/li><\/ul><p><b>Accesorios<\/b><\/p><p><b>Cocina<\/b><\/p><ul><li>1 x cuchillo de chef<\/li><li>1 x cuchillo multiuso<\/li><li>1 x afilador de cuchillos<\/li><li>1 x peque\u00f1a tabla de cortar de madera<\/li><li>4 x tenedores, cuchillos, cucharas y cucharitas<\/li><li>1 x tijeras<\/li><li>2 x cucharas de madera<\/li><li>1 x esp\u00e1tula<\/li><li>1 x abridor de botellas<\/li><li>1 x pelador de vegetales<\/li><li>1 x peque\u00f1o rallador de queso<\/li><li>1 x tapa de silicona peque\u00f1a para olla<\/li><li>1 x tapa de silicona grande para olla<\/li><li>4 x posavasos<\/li><li>4 x manteles individuales de bamb\u00fa<\/li><li>Film transparente<\/li><li>Clips<\/li><li>1 x cazo para bebidas<\/li><li>2 x tazas met\u00e1licas<\/li><li>1 x organizador de caj\u00f3n de cocina<\/li><li>1 x sart\u00e9n grande de acero inoxidable<\/li><li>1 x cazo peque\u00f1o<\/li><li>2 x copas de vino de pl\u00e1stico<\/li><li>2 x platos de comida<\/li><li>2 x tazones para desayuno<\/li><li>4 x platos peque\u00f1os<\/li><li>1 x bol grande para servir<\/li><li>1 x juego de jarra y vaso medidor<\/li><\/ul><p><b>Otros art\u00edculos<\/b><\/p><ul><li>2 x sillas de camping con asiento tipo cubo<\/li><li>1 x alfombra exterior (con alg\u00fan da\u00f1o)<\/li><li>1 x sombrilla de playa<\/li><li>1 x juego de cuadrados de decking para ducha exterior (0,81 m\u00b2)<\/li><li>1 x escalera port\u00e1til<\/li><li>1 x tendedero de ropa<\/li><li>10 x perchas<\/li><li>Pinzas para ropa<\/li><li>1 x peque\u00f1o fog\u00f3n port\u00e1til<\/li><li>1 x pala<\/li><li>1 x manguera para llenar los tanques de agua<\/li><li>4 x cojines peque\u00f1os de sof\u00e1 de carb\u00f3n<\/li><li>1 x alfombra blanca decorativa<\/li><li>1 x alfombra de piso rosa (con alg\u00fan da\u00f1o)<\/li><li>Cubiertas magn\u00e9ticas blackout para todas las ventanas, marca <b>Living in a Bubble<\/b> (fabricadas en Australia)<\/li><li>Mosquiteros magn\u00e9ticos para puertas traseras y laterales, marca <b>Living in a Bubble<\/b> (fabricados en Australia)<\/li><li>Ventilador port\u00e1til 220V de 3 velocidades<\/li><li>4 x almohadas<\/li><li>1 x edred\u00f3n verano\/invierno<\/li><li>2 x juegos de s\u00e1banas (1 blanca, 1 carb\u00f3n)<\/li><li>2 x c\u00e1maras de seguridad<\/li><li>1 x tabla de surf<\/li><\/ul><p><b>Limpieza<\/b><\/p><ul><li>1 x escoba extensible<\/li><li>1 x recogedor con cepillo<\/li><li>1 x fregona\/extensible tipo \u201csquidgy\u201d<\/li><li>Varios productos de limpieza<\/li><li>1 x aspiradora de coche 12V Black &amp; Decker<\/li><\/ul><p><b>Garage<\/b><\/p><p><b>Lubricantes y fluidos del motor<\/b><\/p><ul><li>Aceite de motor<\/li><li>Refrigerante<\/li><li>L\u00edquido de transmisi\u00f3n<\/li><li>L\u00edquido de frenos<\/li><li>1 x juego de cables de arranque<\/li><li>4 x correas de trinquete<\/li><li>2 x juegos de correas el\u00e1sticas<\/li><li>Kit de herramientas manuales de 125 piezas<\/li><li>Varias herramientas<\/li><li>Bolsa de herramientas<\/li><li>Cerradura para volante<\/li><\/ul><p><b>Especificaciones y caracter\u00edsticas del Fiat Ducato<\/b><b><br \/><\/b><b><br \/><\/b><b>Transmisi\u00f3n y confort<\/b><\/p><ul><li>Caja manual de 6 velocidades<\/li><li>Aire acondicionado<\/li><li>Cierre centralizado con alarma<\/li><\/ul><p><b>Mantenimiento<\/b><\/p><ul><li>Servicio de 20,000 km realizado en concesionaria Fiat en Foz do Igua\u00e7u. Libro de servicio sellado.<\/li><li>Revisiones mensuales de l\u00edquidos y neum\u00e1ticos realizadas.<\/li><\/ul><p><b>Kit de emergencia original Fiat<\/b><\/p><ul><li>Tri\u00e1ngulo de advertencia peque\u00f1o<\/li><li>Extintor de incendios<\/li><li>Peque\u00f1o juego de herramientas<\/li><li>Rueda de repuesto<\/li><li>Gato y kit de extracci\u00f3n de neum\u00e1ticos originales Fiat<\/li><\/ul><p><strong>Caracter\u00edsticas:<\/strong><\/p><table><tbody><tr><th><span style=\"font-weight: 400;\">Precio<\/span><\/th><td>$53.200.000<\/td><\/tr><tr><th><span style=\"font-weight: 400;\">A\u00f1o<\/span><\/th><td>2023<\/td><\/tr><tr><th><span style=\"font-weight: 400;\">Kil\u00f3metros<\/span><\/th><td>26.000<\/td><\/tr><tr><th><span style=\"font-weight: 400;\">Combustible<\/span><\/th><td>Diesel<\/td><\/tr><tr><th><span style=\"font-weight: 400;\">Transmisi\u00f3n (cambio)<\/span><\/th><td>Manual<\/td><\/tr><\/tbody><\/table>\t\t\t\t\t\t\t\t<\/div>\n\t\t\t\t<\/div>\n\t\t\t\t\t<\/div>\n\t\t<\/div>\n\t\t\t\t<div class=\"elementor-column elementor-col-50 elementor-top-column elementor-element elementor-element-f6127c6\" data-id=\"f6127c6\" data-element_type=\"column\" data-e-type=\"column\">\n\t\t\t<div class=\"elementor-widget-wrap elementor-element-populated\">\n\t\t\t\t\t\t<div class=\"elementor-element elementor-element-d76403a elementor-arrows-position-inside elementor-pagination-position-outside elementor-widget elementor-widget-image-carousel\" data-id=\"d76403a\" data-element_type=\"widget\" data-e-type=\"widget\" data-settings=\"{&quot;slides_to_show&quot;:&quot;1&quot;,&quot;navigation&quot;:&quot;both&quot;,&quot;autoplay&quot;:&quot;yes&quot;,&quot;pause_on_hover&quot;:&quot;yes&quot;,&quot;pause_on_interaction&quot;:&quot;yes&quot;,&quot;autoplay_speed&quot;:5000,&quot;infinite&quot;:&quot;yes&quot;,&quot;effect&quot;:&quot;slide&quot;,&quot;speed&quot;:500}\" data-widget_type=\"image-carousel.default\">\n\t\t\t\t<div class=\"elementor-widget-container\">\n\t\t\t\t\t\t\t<div class=\"elementor-image-carousel-wrapper swiper\" role=\"region\" aria-roledescription=\"carousel\" aria-label=\"Carrusel de im\u00e1genes\" dir=\"ltr\">\n\t\t\t<div class=\"elementor-image-carousel swiper-wrapper\" aria-live=\"off\">\n\t\t\t\t\t\t\t\t<div class=\"swiper-slide\" role=\"group\" aria-roledescription=\"slide\" aria-label=\"1 de 15\"><figure class=\"swiper-slide-inner\"><img decoding=\"async\" class=\"swiper-slide-image\" src=\"https:\/\/suzisantiagoctw.com\/wp-content\/uploads\/2026\/02\/11-1.jpg\" alt=\"11\" \/><\/figure><\/div><div class=\"swiper-slide\" role=\"group\" aria-roledescription=\"slide\" aria-label=\"2 de 15\"><figure class=\"swiper-slide-inner\"><img decoding=\"async\" class=\"swiper-slide-image\" src=\"https:\/\/suzisantiagoctw.com\/wp-content\/uploads\/2026\/02\/12-1.jpg\" alt=\"12\" \/><\/figure><\/div><div class=\"swiper-slide\" role=\"group\" aria-roledescription=\"slide\" aria-label=\"3 de 15\"><figure class=\"swiper-slide-inner\"><img decoding=\"async\" class=\"swiper-slide-image\" src=\"https:\/\/suzisantiagoctw.com\/wp-content\/uploads\/2026\/02\/13-1.jpg\" alt=\"13\" \/><\/figure><\/div><div class=\"swiper-slide\" role=\"group\" aria-roledescription=\"slide\" aria-label=\"4 de 15\"><figure class=\"swiper-slide-inner\"><img decoding=\"async\" class=\"swiper-slide-image\" src=\"https:\/\/suzisantiagoctw.com\/wp-content\/uploads\/2026\/02\/14-1.jpg\" alt=\"14\" \/><\/figure><\/div><div class=\"swiper-slide\" role=\"group\" aria-roledescription=\"slide\" aria-label=\"5 de 15\"><figure class=\"swiper-slide-inner\"><img decoding=\"async\" class=\"swiper-slide-image\" src=\"https:\/\/suzisantiagoctw.com\/wp-content\/uploads\/2026\/02\/15-1.jpg\" alt=\"15\" \/><\/figure><\/div><div class=\"swiper-slide\" role=\"group\" aria-roledescription=\"slide\" aria-label=\"6 de 15\"><figure class=\"swiper-slide-inner\"><img decoding=\"async\" class=\"swiper-slide-image\" src=\"https:\/\/suzisantiagoctw.com\/wp-content\/uploads\/2026\/02\/16-1.jpg\" alt=\"16\" \/><\/figure><\/div><div class=\"swiper-slide\" role=\"group\" aria-roledescription=\"slide\" aria-label=\"7 de 15\"><figure class=\"swiper-slide-inner\"><img decoding=\"async\" class=\"swiper-slide-image\" src=\"https:\/\/suzisantiagoctw.com\/wp-content\/uploads\/2026\/02\/1-5.jpg\" alt=\"1\" \/><\/figure><\/div><div class=\"swiper-slide\" role=\"group\" aria-roledescription=\"slide\" aria-label=\"8 de 15\"><figure class=\"swiper-slide-inner\"><img decoding=\"async\" class=\"swiper-slide-image\" src=\"https:\/\/suzisantiagoctw.com\/wp-content\/uploads\/2026\/02\/2-6.jpg\" alt=\"2\" \/><\/figure><\/div><div class=\"swiper-slide\" role=\"group\" aria-roledescription=\"slide\" aria-label=\"9 de 15\"><figure class=\"swiper-slide-inner\"><img decoding=\"async\" class=\"swiper-slide-image\" src=\"https:\/\/suzisantiagoctw.com\/wp-content\/uploads\/2026\/02\/10-1.jpg\" alt=\"10\" \/><\/figure><\/div><div class=\"swiper-slide\" role=\"group\" aria-roledescription=\"slide\" aria-label=\"10 de 15\"><figure class=\"swiper-slide-inner\"><img decoding=\"async\" class=\"swiper-slide-image\" src=\"https:\/\/suzisantiagoctw.com\/wp-content\/uploads\/2026\/02\/9-1.jpg\" alt=\"9\" \/><\/figure><\/div><div class=\"swiper-slide\" role=\"group\" aria-roledescription=\"slide\" aria-label=\"11 de 15\"><figure class=\"swiper-slide-inner\"><img decoding=\"async\" class=\"swiper-slide-image\" src=\"https:\/\/suzisantiagoctw.com\/wp-content\/uploads\/2026\/02\/8-2.jpg\" alt=\"8\" \/><\/figure><\/div><div class=\"swiper-slide\" role=\"group\" aria-roledescription=\"slide\" aria-label=\"12 de 15\"><figure class=\"swiper-slide-inner\"><img decoding=\"async\" class=\"swiper-slide-image\" src=\"https:\/\/suzisantiagoctw.com\/wp-content\/uploads\/2026\/02\/7-2.jpg\" alt=\"7\" \/><\/figure><\/div><div class=\"swiper-slide\" role=\"group\" aria-roledescription=\"slide\" aria-label=\"13 de 15\"><figure class=\"swiper-slide-inner\"><img decoding=\"async\" class=\"swiper-slide-image\" src=\"https:\/\/suzisantiagoctw.com\/wp-content\/uploads\/2026\/02\/6-4.jpg\" alt=\"6\" \/><\/figure><\/div><div class=\"swiper-slide\" role=\"group\" aria-roledescription=\"slide\" aria-label=\"14 de 15\"><figure class=\"swiper-slide-inner\"><img decoding=\"async\" class=\"swiper-slide-image\" src=\"https:\/\/suzisantiagoctw.com\/wp-content\/uploads\/2026\/02\/5-4.jpg\" alt=\"5\" \/><\/figure><\/div><div class=\"swiper-slide\" role=\"group\" aria-roledescription=\"slide\" aria-label=\"15 de 15\"><figure class=\"swiper-slide-inner\"><img decoding=\"async\" class=\"swiper-slide-image\" src=\"https:\/\/suzisantiagoctw.com\/wp-content\/uploads\/2026\/02\/4-4.jpg\" alt=\"4\" \/><\/figure><\/div>\t\t\t<\/div>\n\t\t\t\t\t\t\t\t\t\t\t\t<div class=\"elementor-swiper-button elementor-swiper-button-prev\" role=\"button\" tabindex=\"0\">\n\t\t\t\t\t\t<i aria-hidden=\"true\" class=\"eicon-chevron-left\"><\/i>\t\t\t\t\t<\/div>\n\t\t\t\t\t<div class=\"elementor-swiper-button elementor-swiper-button-next\" role=\"button\" tabindex=\"0\">\n\t\t\t\t\t\t<i aria-hidden=\"true\" class=\"eicon-chevron-right\"><\/i>\t\t\t\t\t<\/div>\n\t\t\t\t\n\t\t\t\t\t\t\t\t\t<div class=\"swiper-pagination\"><\/div>\n\t\t\t\t\t\t\t\t\t<\/div>\n\t\t\t\t\t\t<\/div>\n\t\t\t\t<\/div>\n\t\t\t\t<div class=\"elementor-element elementor-element-d552755 elementor-align-center elementor-widget elementor-widget-button\" data-id=\"d552755\" data-element_type=\"widget\" data-e-type=\"widget\" data-widget_type=\"button.default\">\n\t\t\t\t<div class=\"elementor-widget-container\">\n\t\t\t\t\t\t\t\t\t<div class=\"elementor-button-wrapper\">\n\t\t\t\t\t<a class=\"elementor-button elementor-button-link elementor-size-sm\" href=\"https:\/\/suzisantiagoctw.com\/cl\/contacto\/\">\n\t\t\t\t\t\t<span class=\"elementor-button-content-wrapper\">\n\t\t\t\t\t\t\t\t\t<span class=\"elementor-button-text\">M\u00e1s Info aqu\u00ed<\/span>\n\t\t\t\t\t<\/span>\n\t\t\t\t\t<\/a>\n\t\t\t\t<\/div>\n\t\t\t\t\t\t\t\t<\/div>\n\t\t\t\t<\/div>\n\t\t\t\t\t<\/div>\n\t\t<\/div>\n\t\t\t\t\t<\/div>\n\t\t<\/section>\n\t\t\t\t<\/div>\n\t\t","protected":false},"excerpt":{"rendered":"<p>Fiat Ducato Maxi 2.3 CAMPER VAN Especificaciones: Caracter\u00edsticas de la camperizaci\u00f3n Asientos giratorios del conductor y pasajero Suelo aislado Piso de vinilo Aislamiento en techo y paredes (manta Armacell) Techo y paredes revestidos en madera Sistema de cama el\u00e9ctrica elevable Smart Bed - Lippett Colch\u00f3n h\u00edbrido Emma original v2 completo (135 cm x 190 cm) [&hellip;]<\/p>\n","protected":false},"author":1,"featured_media":0,"parent":0,"menu_order":0,"comment_status":"closed","ping_status":"closed","template":"","meta":{"_joinchat":[],"footnotes":""},"class_list":["post-18513","page","type-page","status-publish","hentry"],"_links":{"self":[{"href":"https:\/\/suzisantiagoctw.com\/cl\/wp-json\/wp\/v2\/pages\/18513","targetHints":{"allow":["GET"]}}],"collection":[{"href":"https:\/\/suzisantiagoctw.com\/cl\/wp-json\/wp\/v2\/pages"}],"about":[{"href":"https:\/\/suzisantiagoctw.com\/cl\/wp-json\/wp\/v2\/types\/page"}],"author":[{"embeddable":true,"href":"https:\/\/suzisantiagoctw.com\/cl\/wp-json\/wp\/v2\/users\/1"}],"replies":[{"embeddable":true,"href":"https:\/\/suzisantiagoctw.com\/cl\/wp-json\/wp\/v2\/comments?post=18513"}],"version-history":[{"count":21,"href":"https:\/\/suzisantiagoctw.com\/cl\/wp-json\/wp\/v2\/pages\/18513\/revisions"}],"predecessor-version":[{"id":19433,"href":"https:\/\/suzisantiagoctw.com\/cl\/wp-json\/wp\/v2\/pages\/18513\/revisions\/19433"}],"wp:attachment":[{"href":"https:\/\/suzisantiagoctw.com\/cl\/wp-json\/wp\/v2\/media?parent=18513"}],"curies":[{"name":"wp","href":"https:\/\/api.w.org\/{rel}","templated":true}]}}