{"id":18274,"date":"2026-02-04T03:47:35","date_gmt":"2026-02-04T03:47:35","guid":{"rendered":"https:\/\/suzisantiagoctw.com\/?page_id=18274"},"modified":"2026-03-16T18:08:04","modified_gmt":"2026-03-16T18:08:04","slug":"toyota-hilux-camper","status":"publish","type":"page","link":"https:\/\/suzisantiagoctw.com\/cl\/toyota-hilux-camper\/","title":{"rendered":"TOYOTA HILUX + CAMPER"},"content":{"rendered":"\t\t<div data-elementor-type=\"wp-page\" data-elementor-id=\"18274\" class=\"elementor elementor-18274\" data-elementor-post-type=\"page\">\n\t\t\t\t\t\t<section class=\"elementor-section elementor-top-section elementor-element elementor-element-8c936cd elementor-section-boxed elementor-section-height-default elementor-section-height-default\" data-id=\"8c936cd\" data-element_type=\"section\" data-e-type=\"section\">\n\t\t\t\t\t\t<div class=\"elementor-container elementor-column-gap-default\">\n\t\t\t\t\t<div class=\"elementor-column elementor-col-100 elementor-top-column elementor-element elementor-element-d2294f1\" data-id=\"d2294f1\" data-element_type=\"column\" data-e-type=\"column\">\n\t\t\t<div class=\"elementor-widget-wrap elementor-element-populated\">\n\t\t\t\t\t\t<div class=\"elementor-element elementor-element-331f719 elementor-widget elementor-widget-spacer\" data-id=\"331f719\" data-element_type=\"widget\" data-e-type=\"widget\" data-widget_type=\"spacer.default\">\n\t\t\t\t<div class=\"elementor-widget-container\">\n\t\t\t\t\t\t\t<div class=\"elementor-spacer\">\n\t\t\t<div class=\"elementor-spacer-inner\"><\/div>\n\t\t<\/div>\n\t\t\t\t\t\t<\/div>\n\t\t\t\t<\/div>\n\t\t\t\t\t<\/div>\n\t\t<\/div>\n\t\t\t\t\t<\/div>\n\t\t<\/section>\n\t\t\t\t<section class=\"elementor-section elementor-top-section elementor-element elementor-element-b16db35 elementor-section-boxed elementor-section-height-default elementor-section-height-default\" data-id=\"b16db35\" data-element_type=\"section\" data-e-type=\"section\">\n\t\t\t\t\t\t<div class=\"elementor-container elementor-column-gap-default\">\n\t\t\t\t\t<div class=\"elementor-column elementor-col-50 elementor-top-column elementor-element elementor-element-f6a562b\" data-id=\"f6a562b\" data-element_type=\"column\" data-e-type=\"column\">\n\t\t\t<div class=\"elementor-widget-wrap elementor-element-populated\">\n\t\t\t\t\t\t<div class=\"elementor-element elementor-element-4c7c438 elementor-widget elementor-widget-heading\" data-id=\"4c7c438\" data-element_type=\"widget\" data-e-type=\"widget\" data-widget_type=\"heading.default\">\n\t\t\t\t<div class=\"elementor-widget-container\">\n\t\t\t\t\t<h2 class=\"elementor-heading-title elementor-size-default\">TOYOTA HILUX + CAMPER VAN<\/h2>\t\t\t\t<\/div>\n\t\t\t\t<\/div>\n\t\t\t\t<div class=\"elementor-element elementor-element-c77d2a2 elementor-widget elementor-widget-text-editor\" data-id=\"c77d2a2\" data-element_type=\"widget\" data-e-type=\"widget\" data-widget_type=\"text-editor.default\">\n\t\t\t\t<div class=\"elementor-widget-container\">\n\t\t\t\t\t\t\t\t\t<p><strong>Especificaciones:<\/strong><\/p><ul><li>Motor: 2,4 litros di\u00e9sel<\/li><li>Revisi\u00f3n T\u00e9cnica: hasta noviembre de 2026<\/li><li>Caja manual de 6 velocidades<\/li><li>4WD \u2013 capacidad total off-road<\/li><li>C\u00e1mara de retroceso<\/li><li>Apple CarPlay\/Android Auto<\/li><li>Bluetooth<\/li><\/ul><p><strong>Historial de mantenimiento<\/strong><\/p><p><strong>131.000 km (01-06-2025)<\/strong><\/p><ul><li>Revisi\u00f3n t\u00e9cnica completa<\/li><li>Cambio de l\u00edquido de direcci\u00f3n hidr\u00e1ulica<\/li><li>Ajuste del freno de mano<\/li><li>Reemplazo de discos de freno y rectificado de tambores<\/li><li>Neum\u00e1ticos delanteros nuevos<\/li><\/ul><p><strong>135.000 km (10-12-2025)<\/strong><\/p><ul><li>Neum\u00e1ticos traseros y de repuesto nuevos<\/li><\/ul><p><strong>137.000 km (17-12-2025)<\/strong><\/p><ul><li>Nuevo regulador de carga solar<\/li><\/ul><p><strong>140.000 km (05-01-2026)<\/strong><\/p><ul><li>Recarga de aire acondicionado<\/li><\/ul><p><strong>143.000 km (28-01-2026)<\/strong><\/p><ul><li>Nuevo inversor y reparaci\u00f3n de fuente de carga de bater\u00eda<\/li><li>Cambio de aceite y filtros<\/li><\/ul><p><strong>Camper<\/strong><\/p><ul><li>Cabina para 2-3 personas<\/li><li>Compartimento de cocina, living y dormitorio<\/li><li>Toldillo extensible<\/li><\/ul><p><strong>Dimensiones internas<\/strong><\/p><ul><li>Altura: 195 cm<\/li><li>Ancho: 200 cm<\/li><li>Largo: 220 cm (estar) + 140 cm (dormir)<\/li><\/ul><p><strong>Electricidad, agua y calefacci\u00f3n<\/strong><\/p><p><strong>Electricidad y carga<\/strong><\/p><ul><li>Paneles solares: 2<\/li><li>Toma de corriente externa + cable de alimentaci\u00f3n<\/li><li>Carga con motor del veh\u00edculo mientras se conduce<\/li><li>Bater\u00eda de plomo: 170 Ah<\/li><li>Convertidor: At Empower 1500<\/li><li>Circuitos: 12V y 220V<\/li><li>Tomas: 8 de 220V y 4 USB<\/li><li>Luces LED: 8 internas, 1 externa<\/li><\/ul><p><strong>Agua<\/strong><\/p><ul><li>Tanque de agua potable: 90 litros<\/li><li>Calentador de agua a gas<\/li><li>Lavaplatos en cocina<\/li><li>Ducha exterior<\/li><\/ul><p><strong>Calefacci\u00f3n<\/strong><\/p><ul><li>Calefacci\u00f3n de cabina a di\u00e9sel<\/li><\/ul><p><strong>Living, cocina y dormitorio<\/strong><\/p><p>Living<\/p><ul><li>Mesa removible (puede usarse para crear una 3\u00aa cama)<\/li><li>2 bancos<\/li><li>2 x 3 cojines suaves<\/li><\/ul><p>Cocina<\/p><ul><li>Cocina de 2 platos<\/li><li>Lavaplatos con grifo flexible, agua fr\u00eda y caliente<\/li><li>2 cajones + 1 mueble bajo lavaplatos<\/li><li>Refrigerador de 40 litros<\/li><\/ul><p>Dormitorio<\/p><ul><li>Cama doble<\/li><li>Largo: 200 cm<\/li><li>Ancho: 140 cm<\/li><li>2 almohadas de plumas<\/li><li>1 manta polar<\/li><\/ul><p><strong>Almacenamiento<\/strong><\/p><ul><li>2 repisas de ancho completo para ropa<\/li><li>Espacio de almacenamiento extra oculto<\/li><\/ul><p><strong>Utensilios de cocina<\/strong><\/p><ul><li>4 platos<\/li><li>4 platos hondos peque\u00f1os<\/li><li>2 platos hondos grandes<\/li><li>4 vasos grandes<\/li><li>4 vasos peque\u00f1os<\/li><li>2 tazas de caf\u00e9<\/li><li>4 juegos de cubiertos<\/li><li>3 cucharas de servir<\/li><li>1 cuchara de madera<\/li><li>1 ensaladera de bamb\u00fa con cubiertos<\/li><li>1 sart\u00e9n<\/li><li>3 ollas: peque\u00f1a, mediana y grande<\/li><li>1 hervidor<\/li><li>1 termo<\/li><li>1 colador<\/li><li>3 tablas de cortar: 1 de madera + 2 de pl\u00e1stico<\/li><li>1 exprimidor de c\u00edtricos<\/li><li>1 sacacorchos\/abridor de botellas<\/li><\/ul><p><strong>Interior y almacenamiento<\/strong><\/p><p>Interior<\/p><ul><li>Iluminaci\u00f3n acogedora, alimentada por bater\u00edas recargables<\/li><li>Cortinas<\/li><li>Mantel para la mesa<\/li><li>Plantas decorativas<\/li><li>Todas las ventanas se pueden abrir y cuentan con cortinas y mosquiteros integrados<\/li><\/ul><p><strong>Almacenamiento<\/strong><\/p><ul><li>Armarios por toda la caba\u00f1a para todas tus cosas<\/li><li>Organizadores de IKEA para mantener todo ordenado<\/li><li>Espacio secreto de almacenamiento bajo el piso y en el dormitorio<\/li><li>Compartimento exterior para la manguera de agua, cables de electricidad y bid\u00f3n 7<\/li><\/ul><p><strong>Herramientas y seguridad\u00a0<\/strong><\/p><p>Herramientas b\u00e1sicas<\/p><ul><li>Martillo, destornilladores, llave inglesa, alicates<\/li><li>Kit, bridas, cinta aislante y WD40 para reparaciones de emergencia<\/li><li>Pala<\/li><li>2 baldes flexibles<\/li><li>Recogedor + escobilla<\/li><\/ul><p><strong>Extensiones<\/strong><\/p><ul><li>Cables de extensi\u00f3n de 10\u202fm y 20\u202fm<\/li><li>Manguera de agua de 10\u202fm con conector<\/li><\/ul><p><strong>Seguridad<\/strong><\/p><ul><li>Detectores de humo y mon\u00f3xido de carbono<\/li><li>Extintor de incendio<\/li><\/ul><p><strong>Relacionado con el auto<\/strong><\/p><ul><li>Tri\u00e1ngulos de emergencia + chalecos reflectantes<\/li><li>Cable de remolque<\/li><li>Cables de arranque<\/li><li>Gato + neum\u00e1tico de repuesto nuevo<\/li><li>Compresor 12\u202fV<\/li><li>2 niveladores para terreno irregular<\/li><li>Bid\u00f3n de di\u00e9sel de 20\u202fL<\/li><\/ul><p><strong>Exterior<\/strong><\/p><ul><li>Mesa plegable y 2 sillas<\/li><\/ul><p><em>Precio por separado:<\/em><\/p><p>Camper: 16.000.000 CLP <br \/>Vehiculo: 16.000.000 CLP<\/p><p><strong>Caracter\u00edsticas:<\/strong><\/p><table><tbody><tr><th><span style=\"font-weight: 400;\">Precio Completo<\/span><\/th><td>$29.500.000<\/td><\/tr><tr><th><span style=\"font-weight: 400;\">A\u00f1o<\/span><\/th><td>2020<\/td><\/tr><tr><th><span style=\"font-weight: 400;\">Kil\u00f3metros<\/span><\/th><td>150.000<\/td><\/tr><tr><th><span style=\"font-weight: 400;\">Combustible<\/span><\/th><td>Diesel<\/td><\/tr><tr><th><span style=\"font-weight: 400;\">Transmisi\u00f3n (cambio)<\/span><\/th><td>Manual<\/td><\/tr><\/tbody><\/table>\t\t\t\t\t\t\t\t<\/div>\n\t\t\t\t<\/div>\n\t\t\t\t\t<\/div>\n\t\t<\/div>\n\t\t\t\t<div class=\"elementor-column elementor-col-50 elementor-top-column elementor-element elementor-element-f6127c6\" data-id=\"f6127c6\" data-element_type=\"column\" data-e-type=\"column\">\n\t\t\t<div class=\"elementor-widget-wrap elementor-element-populated\">\n\t\t\t\t\t\t<div class=\"elementor-element elementor-element-d76403a elementor-arrows-position-inside elementor-pagination-position-outside elementor-widget elementor-widget-image-carousel\" data-id=\"d76403a\" data-element_type=\"widget\" data-e-type=\"widget\" data-settings=\"{&quot;slides_to_show&quot;:&quot;1&quot;,&quot;navigation&quot;:&quot;both&quot;,&quot;autoplay&quot;:&quot;yes&quot;,&quot;pause_on_hover&quot;:&quot;yes&quot;,&quot;pause_on_interaction&quot;:&quot;yes&quot;,&quot;autoplay_speed&quot;:5000,&quot;infinite&quot;:&quot;yes&quot;,&quot;effect&quot;:&quot;slide&quot;,&quot;speed&quot;:500}\" data-widget_type=\"image-carousel.default\">\n\t\t\t\t<div class=\"elementor-widget-container\">\n\t\t\t\t\t\t\t<div class=\"elementor-image-carousel-wrapper swiper\" role=\"region\" aria-roledescription=\"carousel\" aria-label=\"Carrusel de im\u00e1genes\" dir=\"ltr\">\n\t\t\t<div class=\"elementor-image-carousel swiper-wrapper\" aria-live=\"off\">\n\t\t\t\t\t\t\t\t<div class=\"swiper-slide\" role=\"group\" aria-roledescription=\"slide\" aria-label=\"1 de 19\"><figure class=\"swiper-slide-inner\"><img decoding=\"async\" class=\"swiper-slide-image\" src=\"https:\/\/suzisantiagoctw.com\/wp-content\/uploads\/2026\/02\/3-1.jpg\" alt=\"3\" \/><\/figure><\/div><div class=\"swiper-slide\" role=\"group\" aria-roledescription=\"slide\" aria-label=\"2 de 19\"><figure class=\"swiper-slide-inner\"><img decoding=\"async\" class=\"swiper-slide-image\" src=\"https:\/\/suzisantiagoctw.com\/wp-content\/uploads\/2026\/02\/8.jpg\" alt=\"8\" \/><\/figure><\/div><div class=\"swiper-slide\" role=\"group\" aria-roledescription=\"slide\" aria-label=\"3 de 19\"><figure class=\"swiper-slide-inner\"><img decoding=\"async\" class=\"swiper-slide-image\" src=\"https:\/\/suzisantiagoctw.com\/wp-content\/uploads\/2026\/02\/7.jpg\" alt=\"7\" \/><\/figure><\/div><div class=\"swiper-slide\" role=\"group\" aria-roledescription=\"slide\" aria-label=\"4 de 19\"><figure class=\"swiper-slide-inner\"><img decoding=\"async\" class=\"swiper-slide-image\" src=\"https:\/\/suzisantiagoctw.com\/wp-content\/uploads\/2026\/02\/6-1.jpg\" alt=\"6\" \/><\/figure><\/div><div class=\"swiper-slide\" role=\"group\" aria-roledescription=\"slide\" aria-label=\"5 de 19\"><figure class=\"swiper-slide-inner\"><img decoding=\"async\" class=\"swiper-slide-image\" src=\"https:\/\/suzisantiagoctw.com\/wp-content\/uploads\/2026\/02\/5-1.jpg\" alt=\"5\" \/><\/figure><\/div><div class=\"swiper-slide\" role=\"group\" aria-roledescription=\"slide\" aria-label=\"6 de 19\"><figure class=\"swiper-slide-inner\"><img decoding=\"async\" class=\"swiper-slide-image\" src=\"https:\/\/suzisantiagoctw.com\/wp-content\/uploads\/2026\/02\/13.jpg\" alt=\"13\" \/><\/figure><\/div><div class=\"swiper-slide\" role=\"group\" aria-roledescription=\"slide\" aria-label=\"7 de 19\"><figure class=\"swiper-slide-inner\"><img decoding=\"async\" class=\"swiper-slide-image\" src=\"https:\/\/suzisantiagoctw.com\/wp-content\/uploads\/2026\/02\/14.jpg\" alt=\"14\" \/><\/figure><\/div><div class=\"swiper-slide\" role=\"group\" aria-roledescription=\"slide\" aria-label=\"8 de 19\"><figure class=\"swiper-slide-inner\"><img decoding=\"async\" class=\"swiper-slide-image\" src=\"https:\/\/suzisantiagoctw.com\/wp-content\/uploads\/2026\/02\/15.jpg\" alt=\"15\" \/><\/figure><\/div><div class=\"swiper-slide\" role=\"group\" aria-roledescription=\"slide\" aria-label=\"9 de 19\"><figure class=\"swiper-slide-inner\"><img decoding=\"async\" class=\"swiper-slide-image\" src=\"https:\/\/suzisantiagoctw.com\/wp-content\/uploads\/2026\/02\/16.jpg\" alt=\"16\" \/><\/figure><\/div><div class=\"swiper-slide\" role=\"group\" aria-roledescription=\"slide\" aria-label=\"10 de 19\"><figure class=\"swiper-slide-inner\"><img decoding=\"async\" class=\"swiper-slide-image\" src=\"https:\/\/suzisantiagoctw.com\/wp-content\/uploads\/2026\/02\/4-1.jpg\" alt=\"4\" \/><\/figure><\/div><div class=\"swiper-slide\" role=\"group\" aria-roledescription=\"slide\" aria-label=\"11 de 19\"><figure class=\"swiper-slide-inner\"><img decoding=\"async\" class=\"swiper-slide-image\" src=\"https:\/\/suzisantiagoctw.com\/wp-content\/uploads\/2026\/02\/12.jpg\" alt=\"12\" \/><\/figure><\/div><div class=\"swiper-slide\" role=\"group\" aria-roledescription=\"slide\" aria-label=\"12 de 19\"><figure class=\"swiper-slide-inner\"><img decoding=\"async\" class=\"swiper-slide-image\" src=\"https:\/\/suzisantiagoctw.com\/wp-content\/uploads\/2026\/02\/3-2.jpg\" alt=\"3\" \/><\/figure><\/div><div class=\"swiper-slide\" role=\"group\" aria-roledescription=\"slide\" aria-label=\"13 de 19\"><figure class=\"swiper-slide-inner\"><img decoding=\"async\" class=\"swiper-slide-image\" src=\"https:\/\/suzisantiagoctw.com\/wp-content\/uploads\/2026\/02\/11.jpg\" alt=\"11\" \/><\/figure><\/div><div class=\"swiper-slide\" role=\"group\" aria-roledescription=\"slide\" aria-label=\"14 de 19\"><figure class=\"swiper-slide-inner\"><img decoding=\"async\" class=\"swiper-slide-image\" src=\"https:\/\/suzisantiagoctw.com\/wp-content\/uploads\/2026\/02\/2-1.jpg\" alt=\"2\" \/><\/figure><\/div><div class=\"swiper-slide\" role=\"group\" aria-roledescription=\"slide\" aria-label=\"15 de 19\"><figure class=\"swiper-slide-inner\"><img decoding=\"async\" class=\"swiper-slide-image\" src=\"https:\/\/suzisantiagoctw.com\/wp-content\/uploads\/2026\/02\/10.jpg\" alt=\"10\" \/><\/figure><\/div><div class=\"swiper-slide\" role=\"group\" aria-roledescription=\"slide\" aria-label=\"16 de 19\"><figure class=\"swiper-slide-inner\"><img decoding=\"async\" class=\"swiper-slide-image\" src=\"https:\/\/suzisantiagoctw.com\/wp-content\/uploads\/2026\/02\/1-1.jpg\" alt=\"1\" \/><\/figure><\/div><div class=\"swiper-slide\" role=\"group\" aria-roledescription=\"slide\" aria-label=\"17 de 19\"><figure class=\"swiper-slide-inner\"><img decoding=\"async\" class=\"swiper-slide-image\" src=\"https:\/\/suzisantiagoctw.com\/wp-content\/uploads\/2026\/02\/9.jpg\" alt=\"9\" \/><\/figure><\/div><div class=\"swiper-slide\" role=\"group\" aria-roledescription=\"slide\" aria-label=\"18 de 19\"><figure class=\"swiper-slide-inner\"><img decoding=\"async\" class=\"swiper-slide-image\" src=\"https:\/\/suzisantiagoctw.com\/wp-content\/uploads\/2026\/02\/17.jpg\" alt=\"17\" \/><\/figure><\/div><div class=\"swiper-slide\" role=\"group\" aria-roledescription=\"slide\" aria-label=\"19 de 19\"><figure class=\"swiper-slide-inner\"><img decoding=\"async\" class=\"swiper-slide-image\" src=\"https:\/\/suzisantiagoctw.com\/wp-content\/uploads\/2026\/02\/18.jpg\" alt=\"18\" \/><\/figure><\/div>\t\t\t<\/div>\n\t\t\t\t\t\t\t\t\t\t\t\t<div class=\"elementor-swiper-button elementor-swiper-button-prev\" role=\"button\" tabindex=\"0\">\n\t\t\t\t\t\t<i aria-hidden=\"true\" class=\"eicon-chevron-left\"><\/i>\t\t\t\t\t<\/div>\n\t\t\t\t\t<div class=\"elementor-swiper-button elementor-swiper-button-next\" role=\"button\" tabindex=\"0\">\n\t\t\t\t\t\t<i aria-hidden=\"true\" class=\"eicon-chevron-right\"><\/i>\t\t\t\t\t<\/div>\n\t\t\t\t\n\t\t\t\t\t\t\t\t\t<div class=\"swiper-pagination\"><\/div>\n\t\t\t\t\t\t\t\t\t<\/div>\n\t\t\t\t\t\t<\/div>\n\t\t\t\t<\/div>\n\t\t\t\t<div class=\"elementor-element elementor-element-d552755 elementor-align-center elementor-button-info elementor-widget elementor-widget-button\" data-id=\"d552755\" data-element_type=\"widget\" data-e-type=\"widget\" data-widget_type=\"button.default\">\n\t\t\t\t<div class=\"elementor-widget-container\">\n\t\t\t\t\t\t\t\t\t<div class=\"elementor-button-wrapper\">\n\t\t\t\t\t<a class=\"elementor-button elementor-button-link elementor-size-sm\" href=\"https:\/\/docs.google.com\/presentation\/d\/1F8qKZBdxLIH1GC_JmBwqK9Xa25ExFqt5\/edit?usp=drivesdk&#038;ouid=113424188705583820566&#038;rtpof=true&#038;sd=true\">\n\t\t\t\t\t\t<span class=\"elementor-button-content-wrapper\">\n\t\t\t\t\t\t\t\t\t<span class=\"elementor-button-text\">Descarga su ficha aqu\u00ed<\/span>\n\t\t\t\t\t<\/span>\n\t\t\t\t\t<\/a>\n\t\t\t\t<\/div>\n\t\t\t\t\t\t\t\t<\/div>\n\t\t\t\t<\/div>\n\t\t\t\t<div class=\"elementor-element elementor-element-f1c26f1 elementor-align-center elementor-widget elementor-widget-button\" data-id=\"f1c26f1\" data-element_type=\"widget\" data-e-type=\"widget\" data-widget_type=\"button.default\">\n\t\t\t\t<div class=\"elementor-widget-container\">\n\t\t\t\t\t\t\t\t\t<div class=\"elementor-button-wrapper\">\n\t\t\t\t\t<a class=\"elementor-button elementor-button-link elementor-size-sm\" href=\"https:\/\/suzisantiagoctw.com\/cl\/contacto\/\">\n\t\t\t\t\t\t<span class=\"elementor-button-content-wrapper\">\n\t\t\t\t\t\t\t\t\t<span class=\"elementor-button-text\">M\u00e1s Info aqu\u00ed<\/span>\n\t\t\t\t\t<\/span>\n\t\t\t\t\t<\/a>\n\t\t\t\t<\/div>\n\t\t\t\t\t\t\t\t<\/div>\n\t\t\t\t<\/div>\n\t\t\t\t\t<\/div>\n\t\t<\/div>\n\t\t\t\t\t<\/div>\n\t\t<\/section>\n\t\t\t\t<\/div>\n\t\t","protected":false},"excerpt":{"rendered":"<p>TOYOTA HILUX + CAMPER VAN Especificaciones: Motor: 2,4 litros di\u00e9sel Revisi\u00f3n T\u00e9cnica: hasta noviembre de 2026 Caja manual de 6 velocidades 4WD \u2013 capacidad total off-road C\u00e1mara de retroceso Apple CarPlay\/Android Auto Bluetooth Historial de mantenimiento 131.000 km (01-06-2025) Revisi\u00f3n t\u00e9cnica completa Cambio de l\u00edquido de direcci\u00f3n hidr\u00e1ulica Ajuste del freno de mano Reemplazo de [&hellip;]<\/p>\n","protected":false},"author":1,"featured_media":0,"parent":0,"menu_order":0,"comment_status":"closed","ping_status":"closed","template":"","meta":{"_joinchat":[],"footnotes":""},"class_list":["post-18274","page","type-page","status-publish","hentry"],"_links":{"self":[{"href":"https:\/\/suzisantiagoctw.com\/cl\/wp-json\/wp\/v2\/pages\/18274","targetHints":{"allow":["GET"]}}],"collection":[{"href":"https:\/\/suzisantiagoctw.com\/cl\/wp-json\/wp\/v2\/pages"}],"about":[{"href":"https:\/\/suzisantiagoctw.com\/cl\/wp-json\/wp\/v2\/types\/page"}],"author":[{"embeddable":true,"href":"https:\/\/suzisantiagoctw.com\/cl\/wp-json\/wp\/v2\/users\/1"}],"replies":[{"embeddable":true,"href":"https:\/\/suzisantiagoctw.com\/cl\/wp-json\/wp\/v2\/comments?post=18274"}],"version-history":[{"count":55,"href":"https:\/\/suzisantiagoctw.com\/cl\/wp-json\/wp\/v2\/pages\/18274\/revisions"}],"predecessor-version":[{"id":19131,"href":"https:\/\/suzisantiagoctw.com\/cl\/wp-json\/wp\/v2\/pages\/18274\/revisions\/19131"}],"wp:attachment":[{"href":"https:\/\/suzisantiagoctw.com\/cl\/wp-json\/wp\/v2\/media?parent=18274"}],"curies":[{"name":"wp","href":"https:\/\/api.w.org\/{rel}","templated":true}]}}