{"id":18031,"date":"2026-01-16T11:04:08","date_gmt":"2026-01-16T11:04:08","guid":{"rendered":"https:\/\/suzisantiagoctw.com\/?page_id=18031"},"modified":"2026-04-06T15:23:49","modified_gmt":"2026-04-06T15:23:49","slug":"mitsubishi-l300-2-0-3","status":"publish","type":"page","link":"https:\/\/suzisantiagoctw.com\/cl\/mitsubishi-l300-2-0-3\/","title":{"rendered":"MITSUBISHI L300 2.0"},"content":{"rendered":"\t\t<div data-elementor-type=\"wp-page\" data-elementor-id=\"18031\" class=\"elementor elementor-18031\" data-elementor-post-type=\"page\">\n\t\t\t\t\t\t<section class=\"elementor-section elementor-top-section elementor-element elementor-element-8c936cd elementor-section-boxed elementor-section-height-default elementor-section-height-default\" data-id=\"8c936cd\" data-element_type=\"section\" data-e-type=\"section\">\n\t\t\t\t\t\t<div class=\"elementor-container elementor-column-gap-default\">\n\t\t\t\t\t<div class=\"elementor-column elementor-col-100 elementor-top-column elementor-element elementor-element-d2294f1\" data-id=\"d2294f1\" data-element_type=\"column\" data-e-type=\"column\">\n\t\t\t<div class=\"elementor-widget-wrap elementor-element-populated\">\n\t\t\t\t\t\t<div class=\"elementor-element elementor-element-331f719 elementor-widget elementor-widget-spacer\" data-id=\"331f719\" data-element_type=\"widget\" data-e-type=\"widget\" data-widget_type=\"spacer.default\">\n\t\t\t\t<div class=\"elementor-widget-container\">\n\t\t\t\t\t\t\t<div class=\"elementor-spacer\">\n\t\t\t<div class=\"elementor-spacer-inner\"><\/div>\n\t\t<\/div>\n\t\t\t\t\t\t<\/div>\n\t\t\t\t<\/div>\n\t\t\t\t\t<\/div>\n\t\t<\/div>\n\t\t\t\t\t<\/div>\n\t\t<\/section>\n\t\t\t\t<section class=\"elementor-section elementor-top-section elementor-element elementor-element-b16db35 elementor-section-boxed elementor-section-height-default elementor-section-height-default\" data-id=\"b16db35\" data-element_type=\"section\" data-e-type=\"section\">\n\t\t\t\t\t\t<div class=\"elementor-container elementor-column-gap-default\">\n\t\t\t\t\t<div class=\"elementor-column elementor-col-50 elementor-top-column elementor-element elementor-element-f6a562b\" data-id=\"f6a562b\" data-element_type=\"column\" data-e-type=\"column\">\n\t\t\t<div class=\"elementor-widget-wrap elementor-element-populated\">\n\t\t\t\t\t\t<div class=\"elementor-element elementor-element-4c7c438 elementor-widget elementor-widget-heading\" data-id=\"4c7c438\" data-element_type=\"widget\" data-e-type=\"widget\" data-widget_type=\"heading.default\">\n\t\t\t\t<div class=\"elementor-widget-container\">\n\t\t\t\t\t<h2 class=\"elementor-heading-title elementor-size-default\">MITSUBISHI L300 2.0 CAMPER VAN<\/h2>\t\t\t\t<\/div>\n\t\t\t\t<\/div>\n\t\t\t\t<div class=\"elementor-element elementor-element-c77d2a2 elementor-widget elementor-widget-text-editor\" data-id=\"c77d2a2\" data-element_type=\"widget\" data-e-type=\"widget\" data-widget_type=\"text-editor.default\">\n\t\t\t\t<div class=\"elementor-widget-container\">\n\t\t\t\t\t\t\t\t\t<p><strong>Especificaciones:<\/strong><\/p><ul><li>Motor bencinero 2.0L, con mantenciones y revisiones al d\u00eda<\/li><li>3 asientos delanteros con cintur\u00f3n de seguridad<\/li><li>Consumo aproximado de 10L cada 100 km<\/li><li>Estanque de combustible de 50L<\/li><li>Sistema de sonido Blaupunkt con Bluetooth, USB, entrada AUX 3,5 mm y radio FM<\/li><li>Parlante del lado del conductor nuevo<\/li><\/ul><p><strong>Sistema el\u00e9ctrico<\/strong><\/p><ul><li>Panel solar de 150 W<\/li><li>Bater\u00eda auxiliar nueva de 200 Ah (reemplazada en enero 2026)<br \/>Inversor Victron con tres enchufes 230 V en el sector de dormir<br \/>Toma 12V en el sector de la cocina<br \/>Regulador de carga solar<\/li><\/ul><p><strong>Interior<\/strong><\/p><ul><li>Totalmente aislado, con revestimiento de madera en paredes y techo<\/li><li>Cama de 200 cm \u00d7 140 cm con colch\u00f3n de espuma y fundas removibles<\/li><li>Convertible en zona de living con mesa<\/li><li>Mesa colgante para desayunos en el interior (ideal para d\u00edas con viento o lluvia)<\/li><li>Almacenamiento bajo la cama y en la cocina, adem\u00e1s de compartimentos en la pared<\/li><li>S\u00e1banas y almohadas incluidas<\/li><li>Cortinas<\/li><li>2 luces interiores de 12V<\/li><li>Caja de seguridad peque\u00f1a<\/li><\/ul><p><strong>Cocina<\/strong><\/p><ul><li>Refrigerador Alpicool de 220 L (incluye adaptador a corriente AC)<\/li><li>Lavaplatos con grifer\u00eda nueva y bomba de agua 12V<\/li><li>Estanque grande de agua limpia y estanque de aguas grises<\/li><li>Cocina a gas<\/li><li>Cocina completamente equipada: ollas, utensilios, cubiertos, platos y vasos, cafetera y tostador, bowls, tablas de picar y contenedores para alimentos<\/li><\/ul><p><strong>Equipamiento de camping incluido<\/strong><\/p><ul><li>2 sillas de camping y mesa plegable<\/li><li>Ducha solar<\/li><li>Carpa plegable<\/li><li>Silla ba\u00f1o y pala<\/li><li>Bolsas de agua caliente<\/li><li>Cajas de almacenamiento y lona grande<\/li><\/ul><p><strong>Herramientas y equipamiento de seguridad<\/strong><\/p><ul><li>Traba volante y traba rueda<\/li><li>Gata hidr\u00e1ulica nueva de 4 toneladas y llave cruz<\/li><li>Compresor de aire 12V<\/li><li>Extintor nuevo<\/li><li>Tri\u00e1ngulo reflectante de emergencia y chaleco de seguridad<\/li><li>Juego completo de herramientas (llaves, alicates, destornilladores, tornillos, tuercas y pernos)<\/li><li>WD-40, grasa, agua desmineralizada y refrigerante para radiador<\/li><li>Correas de amarre (ratchet)<\/li><li>Rueda de repuesto (usada, en buen estado)<\/li><\/ul><p><strong>Historial de mantenciones<\/strong><\/p><ul><li>Mantenciones realizadas cada 5.000 km (cambio de aceite, filtros, fluidos y revisi\u00f3n general)<\/li><li>Enero 2026 \u2013 Santiago (inspecci\u00f3n independiente):<\/li><\/ul><p><strong>Veh\u00edculo confirmado en buen estado mec\u00e1nico<\/strong><br \/><strong>Tirantes de suspensi\u00f3n delantera y bandejas nuevos (mantenci\u00f3n por desgaste normal)<\/strong><\/p><p><strong>Diciembre 2025 (262.582 km):<\/strong><\/p><ul><li>Cambio de aceite y filtro<\/li><li>Servicio de frenos y alineaci\u00f3n<\/li><li>Neum\u00e1ticos delanteros y traseros nuevos (aprox. 1.500 km de uso)<\/li><li>Bater\u00eda principal del veh\u00edculo nueva<\/li><li>Electricista automotriz revis\u00f3 y corrigi\u00f3 el sistema de doble bater\u00eda (alimentado por energ\u00eda solar)<\/li><\/ul><p><strong>Mantenciones del due\u00f1o anterior:<\/strong><\/p><ul><li>Abril 2025: Revisi\u00f3n de frenos<\/li><li>Marzo 2025: Refrigerador conectado directamente a la caja de fusibles con cable de mayor calibre para evitar ca\u00eddas de voltaje (problema com\u00fan en Alpicool)<\/li><li>Enero 2025: Revisi\u00f3n completa del furg\u00f3n \u2013 buen estado mec\u00e1nico<\/li><\/ul><p><strong>Se recomend\u00f3 control regular de aceite (motor 10W-40)<\/strong><br \/><strong>Solo fue necesario un relleno m\u00ednimo de aceite durante viajes largos<\/strong><\/p><p><strong>Caracter\u00edsticas:<\/strong><\/p><table><tbody><tr><th><span style=\"font-weight: 400;\">Precio<\/span><\/th><td>$ 7.650.000<\/td><\/tr><tr><th><span style=\"font-weight: 400;\">A\u00f1o<\/span><\/th><td>2011<\/td><\/tr><tr><th><span style=\"font-weight: 400;\">Kil\u00f3metros<\/span><\/th><td>265.596<\/td><\/tr><tr><th><span style=\"font-weight: 400;\">Combustible<\/span><\/th><td>Gasolina<\/td><\/tr><tr><th><span style=\"font-weight: 400;\">Transmisi\u00f3n (cambio)<\/span><\/th><td>Manual<\/td><\/tr><\/tbody><\/table>\t\t\t\t\t\t\t\t<\/div>\n\t\t\t\t<\/div>\n\t\t\t\t\t<\/div>\n\t\t<\/div>\n\t\t\t\t<div class=\"elementor-column elementor-col-50 elementor-top-column elementor-element elementor-element-f6127c6\" data-id=\"f6127c6\" data-element_type=\"column\" data-e-type=\"column\">\n\t\t\t<div class=\"elementor-widget-wrap elementor-element-populated\">\n\t\t\t\t\t\t<div class=\"elementor-element elementor-element-d76403a elementor-arrows-position-inside elementor-pagination-position-outside elementor-widget elementor-widget-image-carousel\" data-id=\"d76403a\" data-element_type=\"widget\" data-e-type=\"widget\" data-settings=\"{&quot;slides_to_show&quot;:&quot;1&quot;,&quot;navigation&quot;:&quot;both&quot;,&quot;autoplay&quot;:&quot;yes&quot;,&quot;pause_on_hover&quot;:&quot;yes&quot;,&quot;pause_on_interaction&quot;:&quot;yes&quot;,&quot;autoplay_speed&quot;:5000,&quot;infinite&quot;:&quot;yes&quot;,&quot;effect&quot;:&quot;slide&quot;,&quot;speed&quot;:500}\" data-widget_type=\"image-carousel.default\">\n\t\t\t\t<div class=\"elementor-widget-container\">\n\t\t\t\t\t\t\t<div class=\"elementor-image-carousel-wrapper swiper\" role=\"region\" aria-roledescription=\"carousel\" aria-label=\"Carrusel de im\u00e1genes\" dir=\"ltr\">\n\t\t\t<div class=\"elementor-image-carousel swiper-wrapper\" aria-live=\"off\">\n\t\t\t\t\t\t\t\t<div class=\"swiper-slide\" role=\"group\" aria-roledescription=\"slide\" aria-label=\"1 de 9\"><figure class=\"swiper-slide-inner\"><img decoding=\"async\" class=\"swiper-slide-image\" src=\"https:\/\/suzisantiagoctw.com\/wp-content\/uploads\/2026\/01\/suzi-1.jpg\" alt=\"suzi\" \/><\/figure><\/div><div class=\"swiper-slide\" role=\"group\" aria-roledescription=\"slide\" aria-label=\"2 de 9\"><figure class=\"swiper-slide-inner\"><img decoding=\"async\" class=\"swiper-slide-image\" src=\"https:\/\/suzisantiagoctw.com\/wp-content\/uploads\/2026\/01\/6-1.jpg\" alt=\"6\" \/><\/figure><\/div><div class=\"swiper-slide\" role=\"group\" aria-roledescription=\"slide\" aria-label=\"3 de 9\"><figure class=\"swiper-slide-inner\"><img decoding=\"async\" class=\"swiper-slide-image\" src=\"https:\/\/suzisantiagoctw.com\/wp-content\/uploads\/2026\/01\/5-2.jpg\" alt=\"5\" \/><\/figure><\/div><div class=\"swiper-slide\" role=\"group\" aria-roledescription=\"slide\" aria-label=\"4 de 9\"><figure class=\"swiper-slide-inner\"><img decoding=\"async\" class=\"swiper-slide-image\" src=\"https:\/\/suzisantiagoctw.com\/wp-content\/uploads\/2026\/01\/8-1.jpg\" alt=\"8\" \/><\/figure><\/div><div class=\"swiper-slide\" role=\"group\" aria-roledescription=\"slide\" aria-label=\"5 de 9\"><figure class=\"swiper-slide-inner\"><img decoding=\"async\" class=\"swiper-slide-image\" src=\"https:\/\/suzisantiagoctw.com\/wp-content\/uploads\/2026\/01\/1-2.jpg\" alt=\"1\" \/><\/figure><\/div><div class=\"swiper-slide\" role=\"group\" aria-roledescription=\"slide\" aria-label=\"6 de 9\"><figure class=\"swiper-slide-inner\"><img decoding=\"async\" class=\"swiper-slide-image\" src=\"https:\/\/suzisantiagoctw.com\/wp-content\/uploads\/2026\/01\/2-3.jpg\" alt=\"2\" \/><\/figure><\/div><div class=\"swiper-slide\" role=\"group\" aria-roledescription=\"slide\" aria-label=\"7 de 9\"><figure class=\"swiper-slide-inner\"><img decoding=\"async\" class=\"swiper-slide-image\" src=\"https:\/\/suzisantiagoctw.com\/wp-content\/uploads\/2026\/01\/3-2.jpg\" alt=\"3\" \/><\/figure><\/div><div class=\"swiper-slide\" role=\"group\" aria-roledescription=\"slide\" aria-label=\"8 de 9\"><figure class=\"swiper-slide-inner\"><img decoding=\"async\" class=\"swiper-slide-image\" src=\"https:\/\/suzisantiagoctw.com\/wp-content\/uploads\/2026\/01\/4-2.jpg\" alt=\"4\" \/><\/figure><\/div><div class=\"swiper-slide\" role=\"group\" aria-roledescription=\"slide\" aria-label=\"9 de 9\"><figure class=\"swiper-slide-inner\"><img decoding=\"async\" class=\"swiper-slide-image\" src=\"https:\/\/suzisantiagoctw.com\/wp-content\/uploads\/2026\/01\/7-1.jpg\" alt=\"7\" \/><\/figure><\/div>\t\t\t<\/div>\n\t\t\t\t\t\t\t\t\t\t\t\t<div class=\"elementor-swiper-button elementor-swiper-button-prev\" role=\"button\" tabindex=\"0\">\n\t\t\t\t\t\t<i aria-hidden=\"true\" class=\"eicon-chevron-left\"><\/i>\t\t\t\t\t<\/div>\n\t\t\t\t\t<div class=\"elementor-swiper-button elementor-swiper-button-next\" role=\"button\" tabindex=\"0\">\n\t\t\t\t\t\t<i aria-hidden=\"true\" class=\"eicon-chevron-right\"><\/i>\t\t\t\t\t<\/div>\n\t\t\t\t\n\t\t\t\t\t\t\t\t\t<div class=\"swiper-pagination\"><\/div>\n\t\t\t\t\t\t\t\t\t<\/div>\n\t\t\t\t\t\t<\/div>\n\t\t\t\t<\/div>\n\t\t\t\t<div class=\"elementor-element elementor-element-d552755 elementor-align-center elementor-widget elementor-widget-button\" data-id=\"d552755\" data-element_type=\"widget\" data-e-type=\"widget\" data-widget_type=\"button.default\">\n\t\t\t\t<div class=\"elementor-widget-container\">\n\t\t\t\t\t\t\t\t\t<div class=\"elementor-button-wrapper\">\n\t\t\t\t\t<a class=\"elementor-button elementor-button-link elementor-size-sm\" href=\"https:\/\/suzisantiagoctw.com\/cl\/contacto\/\">\n\t\t\t\t\t\t<span class=\"elementor-button-content-wrapper\">\n\t\t\t\t\t\t\t\t\t<span class=\"elementor-button-text\">M\u00e1s Info aqu\u00ed<\/span>\n\t\t\t\t\t<\/span>\n\t\t\t\t\t<\/a>\n\t\t\t\t<\/div>\n\t\t\t\t\t\t\t\t<\/div>\n\t\t\t\t<\/div>\n\t\t\t\t\t<\/div>\n\t\t<\/div>\n\t\t\t\t\t<\/div>\n\t\t<\/section>\n\t\t\t\t<\/div>\n\t\t","protected":false},"excerpt":{"rendered":"<p>MITSUBISHI L300 2.0 CAMPER VAN Especificaciones: Motor bencinero 2.0L, con mantenciones y revisiones al d\u00eda 3 asientos delanteros con cintur\u00f3n de seguridad Consumo aproximado de 10L cada 100 km Estanque de combustible de 50L Sistema de sonido Blaupunkt con Bluetooth, USB, entrada AUX 3,5 mm y radio FM Parlante del lado del conductor nuevo Sistema [&hellip;]<\/p>\n","protected":false},"author":1,"featured_media":0,"parent":0,"menu_order":0,"comment_status":"closed","ping_status":"closed","template":"","meta":{"_joinchat":[],"footnotes":""},"class_list":["post-18031","page","type-page","status-publish","hentry"],"_links":{"self":[{"href":"https:\/\/suzisantiagoctw.com\/cl\/wp-json\/wp\/v2\/pages\/18031","targetHints":{"allow":["GET"]}}],"collection":[{"href":"https:\/\/suzisantiagoctw.com\/cl\/wp-json\/wp\/v2\/pages"}],"about":[{"href":"https:\/\/suzisantiagoctw.com\/cl\/wp-json\/wp\/v2\/types\/page"}],"author":[{"embeddable":true,"href":"https:\/\/suzisantiagoctw.com\/cl\/wp-json\/wp\/v2\/users\/1"}],"replies":[{"embeddable":true,"href":"https:\/\/suzisantiagoctw.com\/cl\/wp-json\/wp\/v2\/comments?post=18031"}],"version-history":[{"count":19,"href":"https:\/\/suzisantiagoctw.com\/cl\/wp-json\/wp\/v2\/pages\/18031\/revisions"}],"predecessor-version":[{"id":19421,"href":"https:\/\/suzisantiagoctw.com\/cl\/wp-json\/wp\/v2\/pages\/18031\/revisions\/19421"}],"wp:attachment":[{"href":"https:\/\/suzisantiagoctw.com\/cl\/wp-json\/wp\/v2\/media?parent=18031"}],"curies":[{"name":"wp","href":"https:\/\/api.w.org\/{rel}","templated":true}]}}