{"id":17931,"date":"2026-02-04T02:04:46","date_gmt":"2026-02-04T02:04:46","guid":{"rendered":"https:\/\/suzisantiagoctw.com\/?page_id=17931"},"modified":"2026-03-10T14:07:59","modified_gmt":"2026-03-10T14:07:59","slug":"volkswagen-golf-1-6","status":"publish","type":"page","link":"https:\/\/suzisantiagoctw.com\/cl\/volkswagen-golf-1-6\/","title":{"rendered":"VOLKSWAGEN GOLF 1.6"},"content":{"rendered":"\t\t<div data-elementor-type=\"wp-page\" data-elementor-id=\"17931\" class=\"elementor elementor-17931\" data-elementor-post-type=\"page\">\n\t\t\t\t\t\t<section class=\"elementor-section elementor-top-section elementor-element elementor-element-8c936cd elementor-section-boxed elementor-section-height-default elementor-section-height-default\" data-id=\"8c936cd\" data-element_type=\"section\" data-e-type=\"section\">\n\t\t\t\t\t\t<div class=\"elementor-container elementor-column-gap-default\">\n\t\t\t\t\t<div class=\"elementor-column elementor-col-100 elementor-top-column elementor-element elementor-element-d2294f1\" data-id=\"d2294f1\" data-element_type=\"column\" data-e-type=\"column\">\n\t\t\t<div class=\"elementor-widget-wrap elementor-element-populated\">\n\t\t\t\t\t\t<div class=\"elementor-element elementor-element-331f719 elementor-widget elementor-widget-spacer\" data-id=\"331f719\" data-element_type=\"widget\" data-e-type=\"widget\" data-widget_type=\"spacer.default\">\n\t\t\t\t<div class=\"elementor-widget-container\">\n\t\t\t\t\t\t\t<div class=\"elementor-spacer\">\n\t\t\t<div class=\"elementor-spacer-inner\"><\/div>\n\t\t<\/div>\n\t\t\t\t\t\t<\/div>\n\t\t\t\t<\/div>\n\t\t\t\t\t<\/div>\n\t\t<\/div>\n\t\t\t\t\t<\/div>\n\t\t<\/section>\n\t\t\t\t<section class=\"elementor-section elementor-top-section elementor-element elementor-element-b16db35 elementor-section-boxed elementor-section-height-default elementor-section-height-default\" data-id=\"b16db35\" data-element_type=\"section\" data-e-type=\"section\">\n\t\t\t\t\t\t<div class=\"elementor-container elementor-column-gap-default\">\n\t\t\t\t\t<div class=\"elementor-column elementor-col-50 elementor-top-column elementor-element elementor-element-f6a562b\" data-id=\"f6a562b\" data-element_type=\"column\" data-e-type=\"column\">\n\t\t\t<div class=\"elementor-widget-wrap elementor-element-populated\">\n\t\t\t\t\t\t<div class=\"elementor-element elementor-element-4c7c438 elementor-widget elementor-widget-heading\" data-id=\"4c7c438\" data-element_type=\"widget\" data-e-type=\"widget\" data-widget_type=\"heading.default\">\n\t\t\t\t<div class=\"elementor-widget-container\">\n\t\t\t\t\t<h2 class=\"elementor-heading-title elementor-size-default\">VOLKSWAGEN GOL POWER 1.6<\/h2>\t\t\t\t<\/div>\n\t\t\t\t<\/div>\n\t\t\t\t<div class=\"elementor-element elementor-element-c77d2a2 elementor-widget elementor-widget-text-editor\" data-id=\"c77d2a2\" data-element_type=\"widget\" data-e-type=\"widget\" data-widget_type=\"text-editor.default\">\n\t\t\t\t<div class=\"elementor-widget-container\">\n\t\t\t\t\t\t\t\t\t<p><strong>Especificaciones:<\/strong><\/p><p>Dos propietarios, tracci\u00f3n 2WD<br \/>Modelo: 1.6 Power HB AC 2AB MT 5P<\/p><p>Este auto ofrece un gran equilibrio entre potencia y excelente consumo de combustible<\/p><p><strong>Caracter\u00edsticas:<\/strong><\/p><ul><li>Confort: Asientos de tela, calefacci\u00f3n y aire acondicionado funcionan muy bien, ventanas polarizadas.<\/li><li>Tecnolog\u00eda: Bluetooth, USB.<\/li><\/ul><p><strong>Condici\u00f3n y mantenimiento:<\/strong><\/p><ul><li>Dos propietarios anteriores; t\u00edtulo limpio.<\/li><li>Sin infracciones.<\/li><li>Mantenido regularmente; cambio de aceite reciente a los 78,000 km.<\/li><li>Neum\u00e1ticos nuevos en los \u00faltimos 5,000 km.<\/li><li>Frenos y discos nuevos en los \u00faltimos 5,000 km.<\/li><li>Amortiguadores y resortes nuevos en los \u00faltimos 6 meses.<\/li><\/ul><p>Presenta algunos detalles est\u00e9ticos menores, como una peque\u00f1a grieta en el parachoques delantero por pasar sobre un hoyo (ver fotos), pero no hay luces de advertencia en el tablero ni problemas mec\u00e1nicos con el motor o la transmisi\u00f3n.<\/p><p><strong>Caracter\u00edsticas:<\/strong><\/p><table><tbody><tr><th><span style=\"font-weight: 400;\">Precio<\/span><\/th><td>$5.600.000<\/td><\/tr><tr><th><span style=\"font-weight: 400;\">A\u00f1o<\/span><\/th><td>2018<\/td><\/tr><tr><th><span style=\"font-weight: 400;\">Kil\u00f3metros<\/span><\/th><td>79,500<\/td><\/tr><tr><th><span style=\"font-weight: 400;\">Combustible<\/span><\/th><td>Gasolina<\/td><\/tr><tr><th><span style=\"font-weight: 400;\">Transmisi\u00f3n (cambio)<\/span><\/th><td>Manual<\/td><\/tr><\/tbody><\/table>\t\t\t\t\t\t\t\t<\/div>\n\t\t\t\t<\/div>\n\t\t\t\t\t<\/div>\n\t\t<\/div>\n\t\t\t\t<div class=\"elementor-column elementor-col-50 elementor-top-column elementor-element elementor-element-f6127c6\" data-id=\"f6127c6\" data-element_type=\"column\" data-e-type=\"column\">\n\t\t\t<div class=\"elementor-widget-wrap elementor-element-populated\">\n\t\t\t\t\t\t<div class=\"elementor-element elementor-element-d76403a elementor-arrows-position-inside elementor-pagination-position-outside elementor-widget elementor-widget-image-carousel\" data-id=\"d76403a\" data-element_type=\"widget\" data-e-type=\"widget\" data-settings=\"{&quot;slides_to_show&quot;:&quot;1&quot;,&quot;navigation&quot;:&quot;both&quot;,&quot;autoplay&quot;:&quot;yes&quot;,&quot;pause_on_hover&quot;:&quot;yes&quot;,&quot;pause_on_interaction&quot;:&quot;yes&quot;,&quot;autoplay_speed&quot;:5000,&quot;infinite&quot;:&quot;yes&quot;,&quot;effect&quot;:&quot;slide&quot;,&quot;speed&quot;:500}\" data-widget_type=\"image-carousel.default\">\n\t\t\t\t<div class=\"elementor-widget-container\">\n\t\t\t\t\t\t\t<div class=\"elementor-image-carousel-wrapper swiper\" role=\"region\" aria-roledescription=\"carousel\" aria-label=\"Carrusel de im\u00e1genes\" dir=\"ltr\">\n\t\t\t<div class=\"elementor-image-carousel swiper-wrapper\" aria-live=\"off\">\n\t\t\t\t\t\t\t\t<div class=\"swiper-slide\" role=\"group\" aria-roledescription=\"slide\" aria-label=\"1 de 6\"><figure class=\"swiper-slide-inner\"><img decoding=\"async\" class=\"swiper-slide-image\" src=\"https:\/\/suzisantiagoctw.com\/wp-content\/uploads\/2026\/02\/6.jpg\" alt=\"6\" \/><\/figure><\/div><div class=\"swiper-slide\" role=\"group\" aria-roledescription=\"slide\" aria-label=\"2 de 6\"><figure class=\"swiper-slide-inner\"><img decoding=\"async\" class=\"swiper-slide-image\" src=\"https:\/\/suzisantiagoctw.com\/wp-content\/uploads\/2026\/02\/5.jpg\" alt=\"5\" \/><\/figure><\/div><div class=\"swiper-slide\" role=\"group\" aria-roledescription=\"slide\" aria-label=\"3 de 6\"><figure class=\"swiper-slide-inner\"><img decoding=\"async\" class=\"swiper-slide-image\" src=\"https:\/\/suzisantiagoctw.com\/wp-content\/uploads\/2026\/02\/4.jpg\" alt=\"4\" \/><\/figure><\/div><div class=\"swiper-slide\" role=\"group\" aria-roledescription=\"slide\" aria-label=\"4 de 6\"><figure class=\"swiper-slide-inner\"><img decoding=\"async\" class=\"swiper-slide-image\" src=\"https:\/\/suzisantiagoctw.com\/wp-content\/uploads\/2026\/02\/3.jpg\" alt=\"3\" \/><\/figure><\/div><div class=\"swiper-slide\" role=\"group\" aria-roledescription=\"slide\" aria-label=\"5 de 6\"><figure class=\"swiper-slide-inner\"><img decoding=\"async\" class=\"swiper-slide-image\" src=\"https:\/\/suzisantiagoctw.com\/wp-content\/uploads\/2026\/02\/2.jpg\" alt=\"2\" \/><\/figure><\/div><div class=\"swiper-slide\" role=\"group\" aria-roledescription=\"slide\" aria-label=\"6 de 6\"><figure class=\"swiper-slide-inner\"><img decoding=\"async\" class=\"swiper-slide-image\" src=\"https:\/\/suzisantiagoctw.com\/wp-content\/uploads\/2026\/02\/1.jpg\" alt=\"1\" \/><\/figure><\/div>\t\t\t<\/div>\n\t\t\t\t\t\t\t\t\t\t\t\t<div class=\"elementor-swiper-button elementor-swiper-button-prev\" role=\"button\" tabindex=\"0\">\n\t\t\t\t\t\t<i aria-hidden=\"true\" class=\"eicon-chevron-left\"><\/i>\t\t\t\t\t<\/div>\n\t\t\t\t\t<div class=\"elementor-swiper-button elementor-swiper-button-next\" role=\"button\" tabindex=\"0\">\n\t\t\t\t\t\t<i aria-hidden=\"true\" class=\"eicon-chevron-right\"><\/i>\t\t\t\t\t<\/div>\n\t\t\t\t\n\t\t\t\t\t\t\t\t\t<div class=\"swiper-pagination\"><\/div>\n\t\t\t\t\t\t\t\t\t<\/div>\n\t\t\t\t\t\t<\/div>\n\t\t\t\t<\/div>\n\t\t\t\t<div class=\"elementor-element elementor-element-d552755 elementor-align-center elementor-widget elementor-widget-button\" data-id=\"d552755\" data-element_type=\"widget\" data-e-type=\"widget\" data-widget_type=\"button.default\">\n\t\t\t\t<div class=\"elementor-widget-container\">\n\t\t\t\t\t\t\t\t\t<div class=\"elementor-button-wrapper\">\n\t\t\t\t\t<a class=\"elementor-button elementor-button-link elementor-size-sm\" href=\"https:\/\/suzisantiagoctw.com\/cl\/contacto\/\">\n\t\t\t\t\t\t<span class=\"elementor-button-content-wrapper\">\n\t\t\t\t\t\t\t\t\t<span class=\"elementor-button-text\">M\u00e1s Info aqu\u00ed<\/span>\n\t\t\t\t\t<\/span>\n\t\t\t\t\t<\/a>\n\t\t\t\t<\/div>\n\t\t\t\t\t\t\t\t<\/div>\n\t\t\t\t<\/div>\n\t\t\t\t\t<\/div>\n\t\t<\/div>\n\t\t\t\t\t<\/div>\n\t\t<\/section>\n\t\t\t\t<\/div>\n\t\t","protected":false},"excerpt":{"rendered":"<p>VOLKSWAGEN GOL POWER 1.6 Especificaciones: Dos propietarios, tracci\u00f3n 2WDModelo: 1.6 Power HB AC 2AB MT 5P Este auto ofrece un gran equilibrio entre potencia y excelente consumo de combustible Caracter\u00edsticas: Confort: Asientos de tela, calefacci\u00f3n y aire acondicionado funcionan muy bien, ventanas polarizadas. Tecnolog\u00eda: Bluetooth, USB. Condici\u00f3n y mantenimiento: Dos propietarios anteriores; t\u00edtulo limpio. Sin [&hellip;]<\/p>\n","protected":false},"author":1,"featured_media":0,"parent":0,"menu_order":0,"comment_status":"closed","ping_status":"closed","template":"","meta":{"_joinchat":[],"footnotes":""},"class_list":["post-17931","page","type-page","status-publish","hentry"],"_links":{"self":[{"href":"https:\/\/suzisantiagoctw.com\/cl\/wp-json\/wp\/v2\/pages\/17931","targetHints":{"allow":["GET"]}}],"collection":[{"href":"https:\/\/suzisantiagoctw.com\/cl\/wp-json\/wp\/v2\/pages"}],"about":[{"href":"https:\/\/suzisantiagoctw.com\/cl\/wp-json\/wp\/v2\/types\/page"}],"author":[{"embeddable":true,"href":"https:\/\/suzisantiagoctw.com\/cl\/wp-json\/wp\/v2\/users\/1"}],"replies":[{"embeddable":true,"href":"https:\/\/suzisantiagoctw.com\/cl\/wp-json\/wp\/v2\/comments?post=17931"}],"version-history":[{"count":19,"href":"https:\/\/suzisantiagoctw.com\/cl\/wp-json\/wp\/v2\/pages\/17931\/revisions"}],"predecessor-version":[{"id":19024,"href":"https:\/\/suzisantiagoctw.com\/cl\/wp-json\/wp\/v2\/pages\/17931\/revisions\/19024"}],"wp:attachment":[{"href":"https:\/\/suzisantiagoctw.com\/cl\/wp-json\/wp\/v2\/media?parent=17931"}],"curies":[{"name":"wp","href":"https:\/\/api.w.org\/{rel}","templated":true}]}}