{"id":16560,"date":"2025-09-12T00:01:36","date_gmt":"2025-09-12T00:01:36","guid":{"rendered":"https:\/\/suzisantiagoctw.com\/?page_id=16560"},"modified":"2026-02-26T18:42:42","modified_gmt":"2026-02-26T18:42:42","slug":"brilliance-x30-elite-1-5","status":"publish","type":"page","link":"https:\/\/suzisantiagoctw.com\/cl\/brilliance-x30-elite-1-5\/","title":{"rendered":"BRILLIANCE X30 ELITE 1.5"},"content":{"rendered":"\t\t<div data-elementor-type=\"wp-page\" data-elementor-id=\"16560\" class=\"elementor elementor-16560\" data-elementor-post-type=\"page\">\n\t\t\t\t\t\t<section class=\"elementor-section elementor-top-section elementor-element elementor-element-8c936cd elementor-section-boxed elementor-section-height-default elementor-section-height-default\" data-id=\"8c936cd\" data-element_type=\"section\" data-e-type=\"section\">\n\t\t\t\t\t\t<div class=\"elementor-container elementor-column-gap-default\">\n\t\t\t\t\t<div class=\"elementor-column elementor-col-100 elementor-top-column elementor-element elementor-element-d2294f1\" data-id=\"d2294f1\" data-element_type=\"column\" data-e-type=\"column\">\n\t\t\t<div class=\"elementor-widget-wrap elementor-element-populated\">\n\t\t\t\t\t\t<div class=\"elementor-element elementor-element-331f719 elementor-widget elementor-widget-spacer\" data-id=\"331f719\" data-element_type=\"widget\" data-e-type=\"widget\" data-widget_type=\"spacer.default\">\n\t\t\t\t<div class=\"elementor-widget-container\">\n\t\t\t\t\t\t\t<div class=\"elementor-spacer\">\n\t\t\t<div class=\"elementor-spacer-inner\"><\/div>\n\t\t<\/div>\n\t\t\t\t\t\t<\/div>\n\t\t\t\t<\/div>\n\t\t\t\t\t<\/div>\n\t\t<\/div>\n\t\t\t\t\t<\/div>\n\t\t<\/section>\n\t\t\t\t<section class=\"elementor-section elementor-top-section elementor-element elementor-element-b16db35 elementor-section-boxed elementor-section-height-default elementor-section-height-default\" data-id=\"b16db35\" data-element_type=\"section\" data-e-type=\"section\">\n\t\t\t\t\t\t<div class=\"elementor-container elementor-column-gap-default\">\n\t\t\t\t\t<div class=\"elementor-column elementor-col-50 elementor-top-column elementor-element elementor-element-f6a562b\" data-id=\"f6a562b\" data-element_type=\"column\" data-e-type=\"column\">\n\t\t\t<div class=\"elementor-widget-wrap elementor-element-populated\">\n\t\t\t\t\t\t<div class=\"elementor-element elementor-element-4c7c438 elementor-widget elementor-widget-heading\" data-id=\"4c7c438\" data-element_type=\"widget\" data-e-type=\"widget\" data-widget_type=\"heading.default\">\n\t\t\t\t<div class=\"elementor-widget-container\">\n\t\t\t\t\t<h2 class=\"elementor-heading-title elementor-size-default\">BRILLIANCE X30 ELITE 1.5 CAMPER VAN<\/h2>\t\t\t\t<\/div>\n\t\t\t\t<\/div>\n\t\t\t\t<div class=\"elementor-element elementor-element-c77d2a2 elementor-widget elementor-widget-text-editor\" data-id=\"c77d2a2\" data-element_type=\"widget\" data-e-type=\"widget\" data-widget_type=\"text-editor.default\">\n\t\t\t\t<div class=\"elementor-widget-container\">\n\t\t\t\t\t\t\t\t\t<p><strong>Especificaciones:<\/strong><\/p><p><strong>El veh\u00edculo<\/strong><\/p><ul><li>Gasolina, 9L \/ 100 km<\/li><li>Estanque de 40L<\/li><li>5 velocidades.<\/li><li>Aire acondicionado en excelente estado.<\/li><li>Sistema solar<\/li><li>Revisi\u00f3n t\u00e9cnica v\u00e1lida hasta el 31\/07\/2026.<\/li><\/ul><p><strong>Condici\u00f3n mec\u00e1nica<\/strong><\/p><ul><li>5 neum\u00e1ticos nuevos adaptados para conducci\u00f3n off-road.<\/li><li>Bater\u00eda nueva.<\/li><li>El veh\u00edculo ha recibido mantenimiento cada 10.000 km. El \u00faltimo se realiz\u00f3 a los 63.200 km, al final de nuestro viaje y justo antes de la venta: cambio de aceite, filtros y correa de distribuci\u00f3n nueva.<\/li><\/ul><p><strong>Espacio<\/strong><\/p><ul><li>Plataforma de madera con gran capacidad de almacenamiento debajo (una parte se puede retirar para poder sentarse dentro).<\/li><li>3 colchones separados que permiten crear distintas opciones para sentarse o acostarse: cama 140\u00d7200, sof\u00e1, chaise longue y m\u00e1s.<\/li><li>Espacio para accesorios de uso diario en el compartimento lateral de la van y bolsillos dedicados.<\/li><li>2 almohadas, s\u00e1banas, manta y 2 plumones.<\/li><\/ul><p><strong>Cocina<\/strong><\/p><ul><li>Cocina port\u00e1til a gas de dos quemadores para cocinar al aire libre en buen clima o en el interior cuando hay viento.<\/li><li>Bal\u00f3n de gas nuevo de 5 kg.<\/li><li>Refrigerador de 50L a 12V (funciona con la bater\u00eda del panel solar).<\/li><li>Dos estanques de agua de 20L cada uno (suficiente para 6\u20137 d\u00edas de camping en la naturaleza).<\/li><li>Bomba de agua.<\/li><li>Mesa plegable + 2 sillas de camping.<\/li><li>Menaje de cocina completo, incluyendo copas para vino y un buen cuchillo.<\/li><li>Dos contenedores para loza y lavander\u00eda + jab\u00f3n ecol\u00f3gico.<\/li><\/ul><p><strong>Otro Equipamiento Importante<\/strong><\/p><ul><li>Ca\u00f1a de pescar con equipo completo para lagos y r\u00edos.<\/li><li>Parrilla de techo grande + correas y cuerdas.<\/li><li>Toldo contra la lluvia, cuerdas largas, estacas de anclaje y un martillo si es necesario.<\/li><li>Sistema solar que incluye panel solar, bater\u00eda de gel nueva, puertos USB, convertidor el\u00e9ctrico de 220V para cargar laptop, etc.<\/li><li>Tanque extra de gasolina de 20L.<\/li><li>Neum\u00e1tico de repuesto y kit de reparaci\u00f3n + bomba de aire 12V + arrancador de bater\u00eda + traba para el volante.<\/li><\/ul><p><strong>Caracter\u00edsticas:<\/strong><\/p><table><tbody><tr><th><span style=\"font-weight: 400;\">Precio<\/span><\/th><td>$8.000.000<\/td><\/tr><tr><th><span style=\"font-weight: 400;\">A\u00f1o<\/span><\/th><td>2022<\/td><\/tr><tr><th><span style=\"font-weight: 400;\">Kil\u00f3metros<\/span><\/th><td>66.100<\/td><\/tr><tr><th><span style=\"font-weight: 400;\">Combustible<\/span><\/th><td>Gasolina<\/td><\/tr><tr><th><span style=\"font-weight: 400;\">Transmisi\u00f3n (cambio)<\/span><\/th><td>Manual<\/td><\/tr><\/tbody><\/table>\t\t\t\t\t\t\t\t<\/div>\n\t\t\t\t<\/div>\n\t\t\t\t\t<\/div>\n\t\t<\/div>\n\t\t\t\t<div class=\"elementor-column elementor-col-50 elementor-top-column elementor-element elementor-element-f6127c6\" data-id=\"f6127c6\" data-element_type=\"column\" data-e-type=\"column\">\n\t\t\t<div class=\"elementor-widget-wrap elementor-element-populated\">\n\t\t\t\t\t\t<div class=\"elementor-element elementor-element-d76403a elementor-arrows-position-inside elementor-pagination-position-outside elementor-widget elementor-widget-image-carousel\" data-id=\"d76403a\" data-element_type=\"widget\" data-e-type=\"widget\" data-settings=\"{&quot;slides_to_show&quot;:&quot;1&quot;,&quot;navigation&quot;:&quot;both&quot;,&quot;autoplay&quot;:&quot;yes&quot;,&quot;pause_on_hover&quot;:&quot;yes&quot;,&quot;pause_on_interaction&quot;:&quot;yes&quot;,&quot;autoplay_speed&quot;:5000,&quot;infinite&quot;:&quot;yes&quot;,&quot;effect&quot;:&quot;slide&quot;,&quot;speed&quot;:500}\" data-widget_type=\"image-carousel.default\">\n\t\t\t\t<div class=\"elementor-widget-container\">\n\t\t\t\t\t\t\t<div class=\"elementor-image-carousel-wrapper swiper\" role=\"region\" aria-roledescription=\"carousel\" aria-label=\"Carrusel de im\u00e1genes\" dir=\"ltr\">\n\t\t\t<div class=\"elementor-image-carousel swiper-wrapper\" aria-live=\"off\">\n\t\t\t\t\t\t\t\t<div class=\"swiper-slide\" role=\"group\" aria-roledescription=\"slide\" aria-label=\"1 de 5\"><figure class=\"swiper-slide-inner\"><img decoding=\"async\" class=\"swiper-slide-image\" src=\"https:\/\/suzisantiagoctw.com\/wp-content\/uploads\/2025\/09\/1-6.jpg\" alt=\"1\" \/><\/figure><\/div><div class=\"swiper-slide\" role=\"group\" aria-roledescription=\"slide\" aria-label=\"2 de 5\"><figure class=\"swiper-slide-inner\"><img decoding=\"async\" class=\"swiper-slide-image\" src=\"https:\/\/suzisantiagoctw.com\/wp-content\/uploads\/2025\/09\/2-6.jpg\" alt=\"2\" \/><\/figure><\/div><div class=\"swiper-slide\" role=\"group\" aria-roledescription=\"slide\" aria-label=\"3 de 5\"><figure class=\"swiper-slide-inner\"><img decoding=\"async\" class=\"swiper-slide-image\" src=\"https:\/\/suzisantiagoctw.com\/wp-content\/uploads\/2025\/09\/3-5.jpg\" alt=\"3\" \/><\/figure><\/div><div class=\"swiper-slide\" role=\"group\" aria-roledescription=\"slide\" aria-label=\"4 de 5\"><figure class=\"swiper-slide-inner\"><img decoding=\"async\" class=\"swiper-slide-image\" src=\"https:\/\/suzisantiagoctw.com\/wp-content\/uploads\/2025\/09\/4-5.jpg\" alt=\"4\" \/><\/figure><\/div><div class=\"swiper-slide\" role=\"group\" aria-roledescription=\"slide\" aria-label=\"5 de 5\"><figure class=\"swiper-slide-inner\"><img decoding=\"async\" class=\"swiper-slide-image\" src=\"https:\/\/suzisantiagoctw.com\/wp-content\/uploads\/2025\/09\/5-4.jpg\" alt=\"5\" \/><\/figure><\/div>\t\t\t<\/div>\n\t\t\t\t\t\t\t\t\t\t\t\t<div class=\"elementor-swiper-button elementor-swiper-button-prev\" role=\"button\" tabindex=\"0\">\n\t\t\t\t\t\t<i aria-hidden=\"true\" class=\"eicon-chevron-left\"><\/i>\t\t\t\t\t<\/div>\n\t\t\t\t\t<div class=\"elementor-swiper-button elementor-swiper-button-next\" role=\"button\" tabindex=\"0\">\n\t\t\t\t\t\t<i aria-hidden=\"true\" class=\"eicon-chevron-right\"><\/i>\t\t\t\t\t<\/div>\n\t\t\t\t\n\t\t\t\t\t\t\t\t\t<div class=\"swiper-pagination\"><\/div>\n\t\t\t\t\t\t\t\t\t<\/div>\n\t\t\t\t\t\t<\/div>\n\t\t\t\t<\/div>\n\t\t\t\t<div class=\"elementor-element elementor-element-d552755 elementor-align-center elementor-widget elementor-widget-button\" data-id=\"d552755\" data-element_type=\"widget\" data-e-type=\"widget\" data-widget_type=\"button.default\">\n\t\t\t\t<div class=\"elementor-widget-container\">\n\t\t\t\t\t\t\t\t\t<div class=\"elementor-button-wrapper\">\n\t\t\t\t\t<a class=\"elementor-button elementor-button-link elementor-size-sm\" href=\"https:\/\/suzisantiagoctw.com\/cl\/contacto\/\">\n\t\t\t\t\t\t<span class=\"elementor-button-content-wrapper\">\n\t\t\t\t\t\t\t\t\t<span class=\"elementor-button-text\">M\u00e1s Info aqu\u00ed<\/span>\n\t\t\t\t\t<\/span>\n\t\t\t\t\t<\/a>\n\t\t\t\t<\/div>\n\t\t\t\t\t\t\t\t<\/div>\n\t\t\t\t<\/div>\n\t\t\t\t\t<\/div>\n\t\t<\/div>\n\t\t\t\t\t<\/div>\n\t\t<\/section>\n\t\t\t\t<\/div>\n\t\t","protected":false},"excerpt":{"rendered":"<p>BRILLIANCE X30 ELITE 1.5 CAMPER VAN Especificaciones: El veh\u00edculo Gasolina, 9L \/ 100 km Estanque de 40L 5 velocidades. Aire acondicionado en excelente estado. Sistema solar Revisi\u00f3n t\u00e9cnica v\u00e1lida hasta el 31\/07\/2026. Condici\u00f3n mec\u00e1nica 5 neum\u00e1ticos nuevos adaptados para conducci\u00f3n off-road. Bater\u00eda nueva. El veh\u00edculo ha recibido mantenimiento cada 10.000 km. El \u00faltimo se realiz\u00f3 [&hellip;]<\/p>\n","protected":false},"author":1,"featured_media":0,"parent":0,"menu_order":0,"comment_status":"closed","ping_status":"closed","template":"","meta":{"_joinchat":[],"footnotes":""},"class_list":["post-16560","page","type-page","status-publish","hentry"],"_links":{"self":[{"href":"https:\/\/suzisantiagoctw.com\/cl\/wp-json\/wp\/v2\/pages\/16560","targetHints":{"allow":["GET"]}}],"collection":[{"href":"https:\/\/suzisantiagoctw.com\/cl\/wp-json\/wp\/v2\/pages"}],"about":[{"href":"https:\/\/suzisantiagoctw.com\/cl\/wp-json\/wp\/v2\/types\/page"}],"author":[{"embeddable":true,"href":"https:\/\/suzisantiagoctw.com\/cl\/wp-json\/wp\/v2\/users\/1"}],"replies":[{"embeddable":true,"href":"https:\/\/suzisantiagoctw.com\/cl\/wp-json\/wp\/v2\/comments?post=16560"}],"version-history":[{"count":34,"href":"https:\/\/suzisantiagoctw.com\/cl\/wp-json\/wp\/v2\/pages\/16560\/revisions"}],"predecessor-version":[{"id":18861,"href":"https:\/\/suzisantiagoctw.com\/cl\/wp-json\/wp\/v2\/pages\/16560\/revisions\/18861"}],"wp:attachment":[{"href":"https:\/\/suzisantiagoctw.com\/cl\/wp-json\/wp\/v2\/media?parent=16560"}],"curies":[{"name":"wp","href":"https:\/\/api.w.org\/{rel}","templated":true}]}}