{"id":16501,"date":"2025-09-09T02:39:19","date_gmt":"2025-09-09T02:39:19","guid":{"rendered":"https:\/\/suzisantiagoctw.com\/?page_id=16501"},"modified":"2026-03-11T15:37:53","modified_gmt":"2026-03-11T15:37:53","slug":"mitsubishi-l300-2-0","status":"publish","type":"page","link":"https:\/\/suzisantiagoctw.com\/cl\/mitsubishi-l300-2-0\/","title":{"rendered":"MITSUBISHI L300 2.0"},"content":{"rendered":"\t\t<div data-elementor-type=\"wp-page\" data-elementor-id=\"16501\" class=\"elementor elementor-16501\" data-elementor-post-type=\"page\">\n\t\t\t\t\t\t<section class=\"elementor-section elementor-top-section elementor-element elementor-element-8c936cd elementor-section-boxed elementor-section-height-default elementor-section-height-default\" data-id=\"8c936cd\" data-element_type=\"section\" data-e-type=\"section\">\n\t\t\t\t\t\t<div class=\"elementor-container elementor-column-gap-default\">\n\t\t\t\t\t<div class=\"elementor-column elementor-col-100 elementor-top-column elementor-element elementor-element-d2294f1\" data-id=\"d2294f1\" data-element_type=\"column\" data-e-type=\"column\">\n\t\t\t<div class=\"elementor-widget-wrap elementor-element-populated\">\n\t\t\t\t\t\t<div class=\"elementor-element elementor-element-331f719 elementor-widget elementor-widget-spacer\" data-id=\"331f719\" data-element_type=\"widget\" data-e-type=\"widget\" data-widget_type=\"spacer.default\">\n\t\t\t\t<div class=\"elementor-widget-container\">\n\t\t\t\t\t\t\t<div class=\"elementor-spacer\">\n\t\t\t<div class=\"elementor-spacer-inner\"><\/div>\n\t\t<\/div>\n\t\t\t\t\t\t<\/div>\n\t\t\t\t<\/div>\n\t\t\t\t\t<\/div>\n\t\t<\/div>\n\t\t\t\t\t<\/div>\n\t\t<\/section>\n\t\t\t\t<section class=\"elementor-section elementor-top-section elementor-element elementor-element-b16db35 elementor-section-boxed elementor-section-height-default elementor-section-height-default\" data-id=\"b16db35\" data-element_type=\"section\" data-e-type=\"section\">\n\t\t\t\t\t\t<div class=\"elementor-container elementor-column-gap-default\">\n\t\t\t\t\t<div class=\"elementor-column elementor-col-50 elementor-top-column elementor-element elementor-element-f6a562b\" data-id=\"f6a562b\" data-element_type=\"column\" data-e-type=\"column\">\n\t\t\t<div class=\"elementor-widget-wrap elementor-element-populated\">\n\t\t\t\t\t\t<div class=\"elementor-element elementor-element-4c7c438 elementor-widget elementor-widget-heading\" data-id=\"4c7c438\" data-element_type=\"widget\" data-e-type=\"widget\" data-widget_type=\"heading.default\">\n\t\t\t\t<div class=\"elementor-widget-container\">\n\t\t\t\t\t<h2 class=\"elementor-heading-title elementor-size-default\">MITSUBISHI L300 2.0. CAMPER VAN<\/h2>\t\t\t\t<\/div>\n\t\t\t\t<\/div>\n\t\t\t\t<div class=\"elementor-element elementor-element-c77d2a2 elementor-widget elementor-widget-text-editor\" data-id=\"c77d2a2\" data-element_type=\"widget\" data-e-type=\"widget\" data-widget_type=\"text-editor.default\">\n\t\t\t\t<div class=\"elementor-widget-container\">\n\t\t\t\t\t\t\t\t\t<p><strong>Especificaciones:<\/strong><\/p><p><strong>Especificaciones del veh\u00edculo: <\/strong><\/p><ul><li>Patente chilena.<\/li><li>2 puertas corredizas.<\/li><\/ul><p><strong>Documentaci\u00f3n del veh\u00edculo:<\/strong><\/p><ul><li>Padr\u00f3n (certificado de inscripci\u00f3n del veh\u00edculo).<\/li><li>Permiso de circulaci\u00f3n vigente hasta marzo de 2026.<\/li><li>Certificado de revisi\u00f3n t\u00e9cnica vigente hasta abril de 2026.<\/li><li>Seguro obligatorio (SOAP) vigente hasta abril de 2025.<\/li><\/ul><p><strong>Sistema el\u00e9ctrico:<\/strong><\/p><ul><li>Panel solar conectado a una bater\u00eda de ciclo profundo de 100Ah con controlador de carga.<\/li><li>Interruptor para conectar la segunda bater\u00eda con la bater\u00eda principal y as\u00ed cargar mientras se maneja (\u00a1s\u00faper \u00fatil en semanas nubladas!).<\/li><li>Inversor de 375W con alargador para cargar celulares y notebook.<\/li><li>L\u00e1mpara en el techo y luces decorativas (\"fairy lights\").<\/li><\/ul><p><strong>Cocina, camping y ropa de cama: <\/strong><\/p><ul><li>Cocina a gas de 2 quemadores + bal\u00f3n de gas de 11 kg.<\/li><li>Cooler el\u00e9ctrico grande.<\/li><li>Utensilios de cocina (ollas, sart\u00e9n, platos, cubiertos, contenedores para comida, etc.)<\/li><li>Prensa francesa para caf\u00e9.<\/li><li>Bid\u00f3n de agua potable de 20L.<\/li><li>Bid\u00f3n extra de agua para lavar loza (20L).<\/li><li>Colch\u00f3n c\u00f3modo para 2 personas (120x200 cm) + topper suave.<\/li><li>1 plum\u00f3n + funda.<\/li><li>1 frazada grande y abrigadora para noches fr\u00edas.<\/li><li>2 almohadas + 4 fundas de almohada y 2 cubrecolchones.<\/li><li>Cortinas para todas las ventanas con malla mosquitera.<\/li><li>Mesa grande + 2 sillas de camping + alfombra exterior.<\/li><li>Toldo exterior (protecci\u00f3n solar).<\/li><\/ul><p><strong>Almacenamiento:<\/strong><\/p><ul><li>7 cajas organizadoras (caben bajo la cama).<\/li><li>Espacio extra para 2 mochilas bajo la cama.<\/li><li>Estante grande al lado de la cama y espacio adicional sobre la cama para ropa\/toallas.<\/li><li>4 estantes peque\u00f1os.<\/li><li>Parrilla en el techo con caja met\u00e1lica con llave (para herramientas, repuestos, etc.) + 2 bidones de combustible de repuesto de 20L cada uno.<\/li><\/ul><p><strong>Seguridad:<\/strong><\/p><ul><li>Inmovilizador (no se puede encender el veh\u00edculo sin \u00e9l) + repuesto.<\/li><li>Traba volante.<\/li><li>Cierres externos con cadenas para todas las puertas, para mayor seguridad.<\/li><li>Cadenas para la nieve.<\/li><\/ul><p><strong>Equipamiento extra:<\/strong><\/p><ul><li>Herramientas, aceite, l\u00edquido para el radiador, repuestos.<\/li><li>Cables para pasar corriente.<\/li><li>Rueda de repuesto con gata.<\/li><li>Cinta de remolque, tri\u00e1ngulo, chalecos reflectantes, extintor.<\/li><li>Pala y serrucho.<\/li><li>Libros Lonely Planet (Per\u00fa, Argentina) + juego de mesa.<\/li><\/ul><p><strong>Detalles mec\u00e1nicos:<\/strong><\/p><ul><li>Pastillas de freno traseras nuevas (09\/23)<\/li><li>Escape nuevo (09\/23)<\/li><li>Correa de accesorios y buj\u00edas nuevas (09\/23)<\/li><li>Brazos de control inferiores delanteros + bujes nuevos (09\/23)<\/li><li>Reparaci\u00f3n parcial del motor, v\u00e1lvulas y gu\u00edas nuevas, correas de distribuci\u00f3n, junta de culata (11\/23 a los 226.000 km)<\/li><li>Radio Bluetooth y parlantes nuevos (12\/23)<\/li><li>Bieletas de barra estabilizadora delantera nuevos (01\/23)<\/li><li>2 neum\u00e1ticos delanteros nuevos (02\/24)<\/li><li>Parabrisas nuevo (03\/24)<\/li><li>Revisi\u00f3n t\u00e9cnica sin problemas detectados (03\/24)<\/li><li>Segunda bater\u00eda nueva (04\/24)<\/li><li>Cambio de aceite, filtro de aceite y filtro de aire cada 10.000 km.<\/li><li>Balanceo y alineaci\u00f3n de neum\u00e1ticos (05\/25).<\/li><li>Cambio de veloc\u00edmetro (08\/25).<\/li><\/ul><p><strong>Recomendaciones y consejos<\/strong><\/p><ul><li>El c\u00f3digo del Bluetooth es 8888.<\/li><li>Recomendamos pagar los peajes en efectivo cada vez; de lo contrario, hay cargos adicionales<\/li><li>Cuando el indicador de combustible marca vac\u00edo, a\u00fan quedan varios kil\u00f3metros antes de que se acabe.<\/li><\/ul><p><strong>Si la bater\u00eda del motor se descarga, puedes conectarla a la segunda bater\u00eda para arrancar el veh\u00edculo, pero solo si es necesario.<\/strong><\/p><p><strong>Caracter\u00edsticas:<\/strong><\/p><table><tbody><tr><th><span style=\"font-weight: 400;\">Precio<\/span><\/th><td>$4.100.000<\/td><\/tr><tr><th><span style=\"font-weight: 400;\">A\u00f1o<\/span><\/th><td>2009<\/td><\/tr><tr><th><span style=\"font-weight: 400;\">Kil\u00f3metros<\/span><\/th><td>256.000<\/td><\/tr><tr><th><span style=\"font-weight: 400;\">Combustible<\/span><\/th><td>Gasolina<\/td><\/tr><tr><th><span style=\"font-weight: 400;\">Transmisi\u00f3n (cambio)<\/span><\/th><td>Manual<\/td><\/tr><\/tbody><\/table>\t\t\t\t\t\t\t\t<\/div>\n\t\t\t\t<\/div>\n\t\t\t\t\t<\/div>\n\t\t<\/div>\n\t\t\t\t<div class=\"elementor-column elementor-col-50 elementor-top-column elementor-element elementor-element-f6127c6\" data-id=\"f6127c6\" data-element_type=\"column\" data-e-type=\"column\">\n\t\t\t<div class=\"elementor-widget-wrap elementor-element-populated\">\n\t\t\t\t\t\t<div class=\"elementor-element elementor-element-d76403a elementor-arrows-position-inside elementor-pagination-position-outside elementor-widget elementor-widget-image-carousel\" data-id=\"d76403a\" data-element_type=\"widget\" data-e-type=\"widget\" data-settings=\"{&quot;slides_to_show&quot;:&quot;1&quot;,&quot;navigation&quot;:&quot;both&quot;,&quot;autoplay&quot;:&quot;yes&quot;,&quot;pause_on_hover&quot;:&quot;yes&quot;,&quot;pause_on_interaction&quot;:&quot;yes&quot;,&quot;autoplay_speed&quot;:5000,&quot;infinite&quot;:&quot;yes&quot;,&quot;effect&quot;:&quot;slide&quot;,&quot;speed&quot;:500}\" data-widget_type=\"image-carousel.default\">\n\t\t\t\t<div class=\"elementor-widget-container\">\n\t\t\t\t\t\t\t<div class=\"elementor-image-carousel-wrapper swiper\" role=\"region\" aria-roledescription=\"carousel\" aria-label=\"Carrusel de im\u00e1genes\" dir=\"ltr\">\n\t\t\t<div class=\"elementor-image-carousel swiper-wrapper\" aria-live=\"off\">\n\t\t\t\t\t\t\t\t<div class=\"swiper-slide\" role=\"group\" aria-roledescription=\"slide\" aria-label=\"1 de 5\"><figure class=\"swiper-slide-inner\"><img decoding=\"async\" class=\"swiper-slide-image\" src=\"https:\/\/suzisantiagoctw.com\/wp-content\/uploads\/2025\/09\/1-4.jpg\" alt=\"1\" \/><\/figure><\/div><div class=\"swiper-slide\" role=\"group\" aria-roledescription=\"slide\" aria-label=\"2 de 5\"><figure class=\"swiper-slide-inner\"><img decoding=\"async\" class=\"swiper-slide-image\" src=\"https:\/\/suzisantiagoctw.com\/wp-content\/uploads\/2025\/09\/2-4.jpg\" alt=\"2\" \/><\/figure><\/div><div class=\"swiper-slide\" role=\"group\" aria-roledescription=\"slide\" aria-label=\"3 de 5\"><figure class=\"swiper-slide-inner\"><img decoding=\"async\" class=\"swiper-slide-image\" src=\"https:\/\/suzisantiagoctw.com\/wp-content\/uploads\/2025\/09\/3-4.jpg\" alt=\"3\" \/><\/figure><\/div><div class=\"swiper-slide\" role=\"group\" aria-roledescription=\"slide\" aria-label=\"4 de 5\"><figure class=\"swiper-slide-inner\"><img decoding=\"async\" class=\"swiper-slide-image\" src=\"https:\/\/suzisantiagoctw.com\/wp-content\/uploads\/2025\/09\/4-4.jpg\" alt=\"4\" \/><\/figure><\/div><div class=\"swiper-slide\" role=\"group\" aria-roledescription=\"slide\" aria-label=\"5 de 5\"><figure class=\"swiper-slide-inner\"><img decoding=\"async\" class=\"swiper-slide-image\" src=\"https:\/\/suzisantiagoctw.com\/wp-content\/uploads\/2025\/09\/5-3.jpg\" alt=\"5\" \/><\/figure><\/div>\t\t\t<\/div>\n\t\t\t\t\t\t\t\t\t\t\t\t<div class=\"elementor-swiper-button elementor-swiper-button-prev\" role=\"button\" tabindex=\"0\">\n\t\t\t\t\t\t<i aria-hidden=\"true\" class=\"eicon-chevron-left\"><\/i>\t\t\t\t\t<\/div>\n\t\t\t\t\t<div class=\"elementor-swiper-button elementor-swiper-button-next\" role=\"button\" tabindex=\"0\">\n\t\t\t\t\t\t<i aria-hidden=\"true\" class=\"eicon-chevron-right\"><\/i>\t\t\t\t\t<\/div>\n\t\t\t\t\n\t\t\t\t\t\t\t\t\t<div class=\"swiper-pagination\"><\/div>\n\t\t\t\t\t\t\t\t\t<\/div>\n\t\t\t\t\t\t<\/div>\n\t\t\t\t<\/div>\n\t\t\t\t<div class=\"elementor-element elementor-element-d552755 elementor-align-center elementor-widget elementor-widget-button\" data-id=\"d552755\" data-element_type=\"widget\" data-e-type=\"widget\" data-widget_type=\"button.default\">\n\t\t\t\t<div class=\"elementor-widget-container\">\n\t\t\t\t\t\t\t\t\t<div class=\"elementor-button-wrapper\">\n\t\t\t\t\t<a class=\"elementor-button elementor-button-link elementor-size-sm\" href=\"https:\/\/suzisantiagoctw.com\/cl\/contacto\/\">\n\t\t\t\t\t\t<span class=\"elementor-button-content-wrapper\">\n\t\t\t\t\t\t\t\t\t<span class=\"elementor-button-text\">M\u00e1s Info aqu\u00ed<\/span>\n\t\t\t\t\t<\/span>\n\t\t\t\t\t<\/a>\n\t\t\t\t<\/div>\n\t\t\t\t\t\t\t\t<\/div>\n\t\t\t\t<\/div>\n\t\t\t\t\t<\/div>\n\t\t<\/div>\n\t\t\t\t\t<\/div>\n\t\t<\/section>\n\t\t\t\t<\/div>\n\t\t","protected":false},"excerpt":{"rendered":"<p>MITSUBISHI L300 2.0. CAMPER VAN Especificaciones: Especificaciones del veh\u00edculo: Patente chilena. 2 puertas corredizas. Documentaci\u00f3n del veh\u00edculo: Padr\u00f3n (certificado de inscripci\u00f3n del veh\u00edculo). Permiso de circulaci\u00f3n vigente hasta marzo de 2026. Certificado de revisi\u00f3n t\u00e9cnica vigente hasta abril de 2026. Seguro obligatorio (SOAP) vigente hasta abril de 2025. Sistema el\u00e9ctrico: Panel solar conectado a una [&hellip;]<\/p>\n","protected":false},"author":1,"featured_media":0,"parent":0,"menu_order":0,"comment_status":"closed","ping_status":"closed","template":"","meta":{"_joinchat":[],"footnotes":""},"class_list":["post-16501","page","type-page","status-publish","hentry"],"_links":{"self":[{"href":"https:\/\/suzisantiagoctw.com\/cl\/wp-json\/wp\/v2\/pages\/16501","targetHints":{"allow":["GET"]}}],"collection":[{"href":"https:\/\/suzisantiagoctw.com\/cl\/wp-json\/wp\/v2\/pages"}],"about":[{"href":"https:\/\/suzisantiagoctw.com\/cl\/wp-json\/wp\/v2\/types\/page"}],"author":[{"embeddable":true,"href":"https:\/\/suzisantiagoctw.com\/cl\/wp-json\/wp\/v2\/users\/1"}],"replies":[{"embeddable":true,"href":"https:\/\/suzisantiagoctw.com\/cl\/wp-json\/wp\/v2\/comments?post=16501"}],"version-history":[{"count":40,"href":"https:\/\/suzisantiagoctw.com\/cl\/wp-json\/wp\/v2\/pages\/16501\/revisions"}],"predecessor-version":[{"id":19063,"href":"https:\/\/suzisantiagoctw.com\/cl\/wp-json\/wp\/v2\/pages\/16501\/revisions\/19063"}],"wp:attachment":[{"href":"https:\/\/suzisantiagoctw.com\/cl\/wp-json\/wp\/v2\/media?parent=16501"}],"curies":[{"name":"wp","href":"https:\/\/api.w.org\/{rel}","templated":true}]}}