{"id":16472,"date":"2025-09-09T01:22:31","date_gmt":"2025-09-09T01:22:31","guid":{"rendered":"https:\/\/suzisantiagoctw.com\/?page_id=16472"},"modified":"2026-02-26T18:41:48","modified_gmt":"2026-02-26T18:41:48","slug":"chevrolet-silverado-v6-camper","status":"publish","type":"page","link":"https:\/\/suzisantiagoctw.com\/cl\/chevrolet-silverado-v6-camper\/","title":{"rendered":"CHEVROLET SILVERADO V6 + CAMPER"},"content":{"rendered":"\t\t<div data-elementor-type=\"wp-page\" data-elementor-id=\"16472\" class=\"elementor elementor-16472\" data-elementor-post-type=\"page\">\n\t\t\t\t\t\t<section class=\"elementor-section elementor-top-section elementor-element elementor-element-8c936cd elementor-section-boxed elementor-section-height-default elementor-section-height-default\" data-id=\"8c936cd\" data-element_type=\"section\" data-e-type=\"section\">\n\t\t\t\t\t\t<div class=\"elementor-container elementor-column-gap-default\">\n\t\t\t\t\t<div class=\"elementor-column elementor-col-100 elementor-top-column elementor-element elementor-element-d2294f1\" data-id=\"d2294f1\" data-element_type=\"column\" data-e-type=\"column\">\n\t\t\t<div class=\"elementor-widget-wrap elementor-element-populated\">\n\t\t\t\t\t\t<div class=\"elementor-element elementor-element-331f719 elementor-widget elementor-widget-spacer\" data-id=\"331f719\" data-element_type=\"widget\" data-e-type=\"widget\" data-widget_type=\"spacer.default\">\n\t\t\t\t<div class=\"elementor-widget-container\">\n\t\t\t\t\t\t\t<div class=\"elementor-spacer\">\n\t\t\t<div class=\"elementor-spacer-inner\"><\/div>\n\t\t<\/div>\n\t\t\t\t\t\t<\/div>\n\t\t\t\t<\/div>\n\t\t\t\t\t<\/div>\n\t\t<\/div>\n\t\t\t\t\t<\/div>\n\t\t<\/section>\n\t\t\t\t<section class=\"elementor-section elementor-top-section elementor-element elementor-element-b16db35 elementor-section-boxed elementor-section-height-default elementor-section-height-default\" data-id=\"b16db35\" data-element_type=\"section\" data-e-type=\"section\">\n\t\t\t\t\t\t<div class=\"elementor-container elementor-column-gap-default\">\n\t\t\t\t\t<div class=\"elementor-column elementor-col-50 elementor-top-column elementor-element elementor-element-f6a562b\" data-id=\"f6a562b\" data-element_type=\"column\" data-e-type=\"column\">\n\t\t\t<div class=\"elementor-widget-wrap elementor-element-populated\">\n\t\t\t\t\t\t<div class=\"elementor-element elementor-element-4c7c438 elementor-widget elementor-widget-heading\" data-id=\"4c7c438\" data-element_type=\"widget\" data-e-type=\"widget\" data-widget_type=\"heading.default\">\n\t\t\t\t<div class=\"elementor-widget-container\">\n\t\t\t\t\t<h2 class=\"elementor-heading-title elementor-size-default\">CHEVROLET SILVERADO V6 + CAMPER VAN<\/h2>\t\t\t\t<\/div>\n\t\t\t\t<\/div>\n\t\t\t\t<div class=\"elementor-element elementor-element-c77d2a2 elementor-widget elementor-widget-text-editor\" data-id=\"c77d2a2\" data-element_type=\"widget\" data-e-type=\"widget\" data-widget_type=\"text-editor.default\">\n\t\t\t\t<div class=\"elementor-widget-container\">\n\t\t\t\t\t\t\t\t\t<p>Consumo promedio 1L\/8km<\/p><p>\u00a1La oportunidad perfecta para comenzar tu viaje, ya sea con buen o mal tiempo!<\/p><p>El auto es muy popular en Sudam\u00e9rica. Como resultado, hay mucho conocimiento en el pa\u00eds y hay muchas piezas de autom\u00f3vil disponibles. Esto puede resultar \u00fatil durante un problema con el auto. <strong>Consumo promedio 1L\/8km<\/strong><\/p><p>El dise\u00f1o es s\u00faper bonito y la madera muy pr\u00e1ctica. En el interior se puede cocinar, comer y relajarse, lo que te salva en caso de fuertes lluvias o viento. Adem\u00e1s, nunca te sientes apretado. El aislamiento significa que nunca sentimos fr\u00edo, \u00a1incluso en las profundidades de la Patagonia! Nunca tuvimos problemas con las carreteras porque los neum\u00e1ticos son todoterreno. No tuvimos que limitarnos a ning\u00fan destino y pudimos disfrutar de docenas de lugares maravillosos rodeados solo de naturaleza. \u00a1El auto tiene una cama de 2 m de largo! Tiene varios armarios con mucho espacio de almacenamiento, algunos de los cuales se pueden cerrar con llave. Es un auto 2WD, pero se siente como un 4x4 con un potente motor V6, tiene un nuevo panel solar con bater\u00eda. Con un consumo de energ\u00eda normal, no dependes de la electricidad, \u00a1incluso en d\u00edas de lluvia!<\/p><p><strong>Equipamiento:<\/strong><\/p><ul><li>Panel solar de 150w<\/li><li>2 sillas de camping<\/li><li>1 mesa<\/li><li>Herramientas (destornillador, alicates, etc.)<\/li><li>1 bid\u00f3n de gasolina de 20 L<\/li><li>1 manta grande<\/li><li>3 almohadas que usamos<\/li><li>Luces LED<\/li><li>Nevera nueva de 20 litros con bater\u00eda<\/li><li>Grifo el\u00e9ctrico<\/li><li>Dep\u00f3sito de agua de 50 l<\/li><li>Dep\u00f3sito de aguas grises<\/li><li>Parasol para parabrisas<\/li><li>Colch\u00f3n 200 x 140\/120<\/li><li>Cocina de gas de 2 fogones + paravientos<\/li><li>3 cacerolas + tapas<\/li><li>Sart\u00e9n + tapa<\/li><li>4 juegos de cubiertos, 4 platos, 4 cuencos, 4 vasos, 2 Puffs<\/li><li>Utensilios de cocina (cuchar\u00f3n, pelador de verduras, etc.)<\/li><li>2 pa\u00f1os de cocina, 1 toalla, pa\u00f1os de cocina<\/li><li>1 esterilla de yoga<\/li><li>Tendederos y pinzas<\/li><li>Esterilla de paseo<\/li><li>Extintor de incendios<\/li><li>Chaleco amarillo<\/li><li>Tri\u00e1ngulo<\/li><li>Rueda de repuesto + jack<\/li><li>Radio FM-Aux-USB-Bluetooth<\/li><li>Soporte para tel\u00e9fono<\/li><li>C\u00e1mara de marcha atr\u00e1s<\/li><li>Juego de llaves extra<\/li><li>Hamaca<\/li><li>Rejillas para las ventanas<\/li><li>L\u00edquido limpiaparabrisas, aceite, refrigerante<\/li><\/ul><p><strong>Tenga en cuenta que el coche ha sido usado y, por lo tanto, contiene rastros de uso.\u00a0<\/strong><\/p><p><strong>Especificaciones:<\/strong><\/p><p><strong>Caracter\u00edsticas:<\/strong><\/p><table><tbody><tr><th><span style=\"font-weight: 400;\">Precio<\/span><\/th><td>$9.200.000<\/td><\/tr><tr><th><span style=\"font-weight: 400;\">A\u00f1o<\/span><\/th><td>2005\u00a0<\/td><\/tr><tr><th><span style=\"font-weight: 400;\">Kil\u00f3metros<\/span><\/th><td>182.000<\/td><\/tr><tr><th><span style=\"font-weight: 400;\">Combustible<\/span><\/th><td>Gasolina<\/td><\/tr><tr><th><span style=\"font-weight: 400;\">Transmisi\u00f3n (cambio)<\/span><\/th><td>Autom\u00e1tico<\/td><\/tr><\/tbody><\/table>\t\t\t\t\t\t\t\t<\/div>\n\t\t\t\t<\/div>\n\t\t\t\t\t<\/div>\n\t\t<\/div>\n\t\t\t\t<div class=\"elementor-column elementor-col-50 elementor-top-column elementor-element elementor-element-f6127c6\" data-id=\"f6127c6\" data-element_type=\"column\" data-e-type=\"column\">\n\t\t\t<div class=\"elementor-widget-wrap elementor-element-populated\">\n\t\t\t\t\t\t<div class=\"elementor-element elementor-element-d76403a elementor-arrows-position-inside elementor-pagination-position-outside elementor-widget elementor-widget-image-carousel\" data-id=\"d76403a\" data-element_type=\"widget\" data-e-type=\"widget\" data-settings=\"{&quot;slides_to_show&quot;:&quot;1&quot;,&quot;navigation&quot;:&quot;both&quot;,&quot;autoplay&quot;:&quot;yes&quot;,&quot;pause_on_hover&quot;:&quot;yes&quot;,&quot;pause_on_interaction&quot;:&quot;yes&quot;,&quot;autoplay_speed&quot;:5000,&quot;infinite&quot;:&quot;yes&quot;,&quot;effect&quot;:&quot;slide&quot;,&quot;speed&quot;:500}\" data-widget_type=\"image-carousel.default\">\n\t\t\t\t<div class=\"elementor-widget-container\">\n\t\t\t\t\t\t\t<div class=\"elementor-image-carousel-wrapper swiper\" role=\"region\" aria-roledescription=\"carousel\" aria-label=\"Carrusel de im\u00e1genes\" dir=\"ltr\">\n\t\t\t<div class=\"elementor-image-carousel swiper-wrapper\" aria-live=\"off\">\n\t\t\t\t\t\t\t\t<div class=\"swiper-slide\" role=\"group\" aria-roledescription=\"slide\" aria-label=\"1 de 9\"><figure class=\"swiper-slide-inner\"><img decoding=\"async\" class=\"swiper-slide-image\" src=\"https:\/\/suzisantiagoctw.com\/wp-content\/uploads\/2025\/09\/1-3.jpg\" alt=\"1\" \/><\/figure><\/div><div class=\"swiper-slide\" role=\"group\" aria-roledescription=\"slide\" aria-label=\"2 de 9\"><figure class=\"swiper-slide-inner\"><img decoding=\"async\" class=\"swiper-slide-image\" src=\"https:\/\/suzisantiagoctw.com\/wp-content\/uploads\/2025\/09\/2-3.jpg\" alt=\"2\" \/><\/figure><\/div><div class=\"swiper-slide\" role=\"group\" aria-roledescription=\"slide\" aria-label=\"3 de 9\"><figure class=\"swiper-slide-inner\"><img decoding=\"async\" class=\"swiper-slide-image\" src=\"https:\/\/suzisantiagoctw.com\/wp-content\/uploads\/2025\/09\/3-3.jpg\" alt=\"3\" \/><\/figure><\/div><div class=\"swiper-slide\" role=\"group\" aria-roledescription=\"slide\" aria-label=\"4 de 9\"><figure class=\"swiper-slide-inner\"><img decoding=\"async\" class=\"swiper-slide-image\" src=\"https:\/\/suzisantiagoctw.com\/wp-content\/uploads\/2025\/09\/4-3.jpg\" alt=\"4\" \/><\/figure><\/div><div class=\"swiper-slide\" role=\"group\" aria-roledescription=\"slide\" aria-label=\"5 de 9\"><figure class=\"swiper-slide-inner\"><img decoding=\"async\" class=\"swiper-slide-image\" src=\"https:\/\/suzisantiagoctw.com\/wp-content\/uploads\/2025\/09\/5-2.jpg\" alt=\"5\" \/><\/figure><\/div><div class=\"swiper-slide\" role=\"group\" aria-roledescription=\"slide\" aria-label=\"6 de 9\"><figure class=\"swiper-slide-inner\"><img decoding=\"async\" class=\"swiper-slide-image\" src=\"https:\/\/suzisantiagoctw.com\/wp-content\/uploads\/2025\/09\/6-2.jpg\" alt=\"6\" \/><\/figure><\/div><div class=\"swiper-slide\" role=\"group\" aria-roledescription=\"slide\" aria-label=\"7 de 9\"><figure class=\"swiper-slide-inner\"><img decoding=\"async\" class=\"swiper-slide-image\" src=\"https:\/\/suzisantiagoctw.com\/wp-content\/uploads\/2025\/09\/7-2.jpg\" alt=\"7\" \/><\/figure><\/div><div class=\"swiper-slide\" role=\"group\" aria-roledescription=\"slide\" aria-label=\"8 de 9\"><figure class=\"swiper-slide-inner\"><img decoding=\"async\" class=\"swiper-slide-image\" src=\"https:\/\/suzisantiagoctw.com\/wp-content\/uploads\/2025\/09\/8-3.jpg\" alt=\"8\" \/><\/figure><\/div><div class=\"swiper-slide\" role=\"group\" aria-roledescription=\"slide\" aria-label=\"9 de 9\"><figure class=\"swiper-slide-inner\"><img decoding=\"async\" class=\"swiper-slide-image\" src=\"https:\/\/suzisantiagoctw.com\/wp-content\/uploads\/2025\/09\/9-1.jpg\" alt=\"9\" \/><\/figure><\/div>\t\t\t<\/div>\n\t\t\t\t\t\t\t\t\t\t\t\t<div class=\"elementor-swiper-button elementor-swiper-button-prev\" role=\"button\" tabindex=\"0\">\n\t\t\t\t\t\t<i aria-hidden=\"true\" class=\"eicon-chevron-left\"><\/i>\t\t\t\t\t<\/div>\n\t\t\t\t\t<div class=\"elementor-swiper-button elementor-swiper-button-next\" role=\"button\" tabindex=\"0\">\n\t\t\t\t\t\t<i aria-hidden=\"true\" class=\"eicon-chevron-right\"><\/i>\t\t\t\t\t<\/div>\n\t\t\t\t\n\t\t\t\t\t\t\t\t\t<div class=\"swiper-pagination\"><\/div>\n\t\t\t\t\t\t\t\t\t<\/div>\n\t\t\t\t\t\t<\/div>\n\t\t\t\t<\/div>\n\t\t\t\t<div class=\"elementor-element elementor-element-d552755 elementor-align-center elementor-widget elementor-widget-button\" data-id=\"d552755\" data-element_type=\"widget\" data-e-type=\"widget\" data-widget_type=\"button.default\">\n\t\t\t\t<div class=\"elementor-widget-container\">\n\t\t\t\t\t\t\t\t\t<div class=\"elementor-button-wrapper\">\n\t\t\t\t\t<a class=\"elementor-button elementor-button-link elementor-size-sm\" href=\"https:\/\/suzisantiagoctw.com\/cl\/contacto\/\">\n\t\t\t\t\t\t<span class=\"elementor-button-content-wrapper\">\n\t\t\t\t\t\t\t\t\t<span class=\"elementor-button-text\">M\u00e1s Info aqu\u00ed<\/span>\n\t\t\t\t\t<\/span>\n\t\t\t\t\t<\/a>\n\t\t\t\t<\/div>\n\t\t\t\t\t\t\t\t<\/div>\n\t\t\t\t<\/div>\n\t\t\t\t\t<\/div>\n\t\t<\/div>\n\t\t\t\t\t<\/div>\n\t\t<\/section>\n\t\t\t\t<\/div>\n\t\t","protected":false},"excerpt":{"rendered":"<p>CHEVROLET SILVERADO V6 + CAMPER VAN Consumo promedio 1L\/8km \u00a1La oportunidad perfecta para comenzar tu viaje, ya sea con buen o mal tiempo! El auto es muy popular en Sudam\u00e9rica. Como resultado, hay mucho conocimiento en el pa\u00eds y hay muchas piezas de autom\u00f3vil disponibles. Esto puede resultar \u00fatil durante un problema con el auto. [&hellip;]<\/p>\n","protected":false},"author":1,"featured_media":0,"parent":0,"menu_order":0,"comment_status":"closed","ping_status":"closed","template":"","meta":{"_joinchat":[],"footnotes":""},"class_list":["post-16472","page","type-page","status-publish","hentry"],"_links":{"self":[{"href":"https:\/\/suzisantiagoctw.com\/cl\/wp-json\/wp\/v2\/pages\/16472","targetHints":{"allow":["GET"]}}],"collection":[{"href":"https:\/\/suzisantiagoctw.com\/cl\/wp-json\/wp\/v2\/pages"}],"about":[{"href":"https:\/\/suzisantiagoctw.com\/cl\/wp-json\/wp\/v2\/types\/page"}],"author":[{"embeddable":true,"href":"https:\/\/suzisantiagoctw.com\/cl\/wp-json\/wp\/v2\/users\/1"}],"replies":[{"embeddable":true,"href":"https:\/\/suzisantiagoctw.com\/cl\/wp-json\/wp\/v2\/comments?post=16472"}],"version-history":[{"count":25,"href":"https:\/\/suzisantiagoctw.com\/cl\/wp-json\/wp\/v2\/pages\/16472\/revisions"}],"predecessor-version":[{"id":18855,"href":"https:\/\/suzisantiagoctw.com\/cl\/wp-json\/wp\/v2\/pages\/16472\/revisions\/18855"}],"wp:attachment":[{"href":"https:\/\/suzisantiagoctw.com\/cl\/wp-json\/wp\/v2\/media?parent=16472"}],"curies":[{"name":"wp","href":"https:\/\/api.w.org\/{rel}","templated":true}]}}