{"id":15788,"date":"2025-07-27T01:13:45","date_gmt":"2025-07-27T01:13:45","guid":{"rendered":"https:\/\/suzisantiagoctw.com\/?page_id=15788"},"modified":"2026-02-26T18:29:32","modified_gmt":"2026-02-26T18:29:32","slug":"peugeot-boxer-hdi-2-2","status":"publish","type":"page","link":"https:\/\/suzisantiagoctw.com\/cl\/peugeot-boxer-hdi-2-2\/","title":{"rendered":"PEUGEOT BOXER HDI 2.2"},"content":{"rendered":"\t\t<div data-elementor-type=\"wp-page\" data-elementor-id=\"15788\" class=\"elementor elementor-15788\" data-elementor-post-type=\"page\">\n\t\t\t\t\t\t<section class=\"elementor-section elementor-top-section elementor-element elementor-element-8c936cd elementor-section-boxed elementor-section-height-default elementor-section-height-default\" data-id=\"8c936cd\" data-element_type=\"section\" data-e-type=\"section\">\n\t\t\t\t\t\t<div class=\"elementor-container elementor-column-gap-default\">\n\t\t\t\t\t<div class=\"elementor-column elementor-col-100 elementor-top-column elementor-element elementor-element-d2294f1\" data-id=\"d2294f1\" data-element_type=\"column\" data-e-type=\"column\">\n\t\t\t<div class=\"elementor-widget-wrap elementor-element-populated\">\n\t\t\t\t\t\t<div class=\"elementor-element elementor-element-331f719 elementor-widget elementor-widget-spacer\" data-id=\"331f719\" data-element_type=\"widget\" data-e-type=\"widget\" data-widget_type=\"spacer.default\">\n\t\t\t\t<div class=\"elementor-widget-container\">\n\t\t\t\t\t\t\t<div class=\"elementor-spacer\">\n\t\t\t<div class=\"elementor-spacer-inner\"><\/div>\n\t\t<\/div>\n\t\t\t\t\t\t<\/div>\n\t\t\t\t<\/div>\n\t\t\t\t\t<\/div>\n\t\t<\/div>\n\t\t\t\t\t<\/div>\n\t\t<\/section>\n\t\t\t\t<section class=\"elementor-section elementor-top-section elementor-element elementor-element-b16db35 elementor-section-boxed elementor-section-height-default elementor-section-height-default\" data-id=\"b16db35\" data-element_type=\"section\" data-e-type=\"section\">\n\t\t\t\t\t\t<div class=\"elementor-container elementor-column-gap-default\">\n\t\t\t\t\t<div class=\"elementor-column elementor-col-50 elementor-top-column elementor-element elementor-element-f6a562b\" data-id=\"f6a562b\" data-element_type=\"column\" data-e-type=\"column\">\n\t\t\t<div class=\"elementor-widget-wrap elementor-element-populated\">\n\t\t\t\t\t\t<div class=\"elementor-element elementor-element-4c7c438 elementor-widget elementor-widget-heading\" data-id=\"4c7c438\" data-element_type=\"widget\" data-e-type=\"widget\" data-widget_type=\"heading.default\">\n\t\t\t\t<div class=\"elementor-widget-container\">\n\t\t\t\t\t<h2 class=\"elementor-heading-title elementor-size-default\">PEUGEOT BOXER HDI 2.2 CAMPER VAN<\/h2>\t\t\t\t<\/div>\n\t\t\t\t<\/div>\n\t\t\t\t<div class=\"elementor-element elementor-element-c77d2a2 elementor-widget elementor-widget-text-editor\" data-id=\"c77d2a2\" data-element_type=\"widget\" data-e-type=\"widget\" data-widget_type=\"text-editor.default\">\n\t\t\t\t<div class=\"elementor-widget-container\">\n\t\t\t\t\t\t\t\t\t<p><strong>Especificaciones:<\/strong><\/p><p><strong>General:<\/strong><br \/>1. Totalmente equipado para acampar en la naturaleza<br \/>2. Ducha, ba\u00f1o qu\u00edmico (con qu\u00edmicos), cocina de 2 quemadores, lavaplatos, refrigerador 12v, asientos, mesa, cama.<br \/>3. 60 litros de agua, m\u00e1s 2 bidones extra de 20 litros cada uno<br \/>4. Bal\u00f3n de gas (propano)<br \/>5. Calef\u00f3n de demanda a gas<br \/>6. Potente motor di\u00e9sel HDI 2.2 litros DOHC turboalimentado (con intercooler) de 120 HP (4 v\u00e1lvulas por cilindro)<br \/>7. Promedio de 9.5 Km\/litro (22 mpg)<br \/>8. Tanque de di\u00e9sel de 90 litros (m\u00e1s repuesto de 20 litros) para casi 1.000 Km deautonom\u00eda<br \/>9. Caja de cambios de 6 velocidades<br \/>10. C\u00f3moda posici\u00f3n de conducci\u00f3n elevada<br \/>11. Asientos comodos con apoyabrazos<br \/>12. Asiento del pasajero gira hacia atr\u00e1s (cuando est\u00e1 estacionado)<br \/>13. Buen sistema de sonido, con m\u00faltiples entradas (incluido Bluetooth)<br \/>14. Soporte para celular (para mapas y m\u00fasica)<br \/>15. Mapas<br \/>16. Ventilaci\u00f3n en el techo<br \/>17. 4 tiras largas de luz LED<br \/>18. Gabinete largo sobre la cama para ropa<br \/>19. Mucho espacio para almacenamiento de comida y utensilios de cocina<br \/>20. Soporte magn\u00e9tico fuerte para cubiertos<br \/>21. Almacenamiento grande debajo de la cama<br \/>22. Amplio espacio de almacenamiento bajo los asientos traseros<\/p><p><strong>Electricidad:<\/strong><br \/>1. Bater\u00eda de arranque de 100Ah<br \/>2. 2 bater\u00edas auxiliares de ciclo profundo de 100Ah cada una<br \/>3. Panel solar con controlador de carga PWM<br \/>4. Inversor de onda sinusoidal Victron de 500W, con 3 enchufes<br \/>5. Circuito para cargar las bater\u00edas auxiliares desde el alternador, con Smart Switch<br \/>6. Refrigerador el\u00e9ctrico Alpicool de 12v (20 litros)<br \/>7. Mult\u00edmetro digital<br \/>8. 3 tomas de 12v (tipo encendedor) al frente, con medidor de voltaje.<br \/>9. 3 tomas de 12v junto a la mesa del comedor, aptas para computadores port\u00e1tiles<br \/>10. Enchufes USB adelante y atr\u00e1s<br \/>11. Cargador de bater\u00edas AC (5A)<br \/>12. Excelente iluminaci\u00f3n LED en todo el veh\u00edculo, incluyendo luz de lectura LED sobre la cama (y 3 adicionales como repuesto)<br \/>13. Inflador de neum\u00e1ticos 12v para poder desinflar en caminos dif\u00edciles y mejorar el andar<br \/>14. Cables de repuesto y amarras pl\u00e1sticas<br \/>15. Spray limpiador de contactos el\u00e9ctricos<br \/>16. Bombas el\u00e9ctricas separadas para agua caliente y fr\u00eda<br \/>17. Encendido el\u00e9ctrico (220v) para la cocina<br \/>18. Conectores el\u00e9ctricos de repuesto (atornillables y de crimpado), cinta el\u00e9ctrica, termo-retr\u00e1ctil, terminales tipo anillo, etc.<\/p><p><strong>Herramientas:<\/strong><br \/>1. Juego de dados completo, en mm y pulgadas, con rachets de \u00bc\u201d y 3\/8\u201d llaves Allen, m\u00e1s de 100 piezas, en estuche personalizado<br \/>2. Destornillador con trinquete y muchas puntas<br \/>3. Juego de mini-destornilladores (6 piezas)<br \/>4. Alicates: de punta fina, de electricista, cortacables, tipo \"vice-grip\", \"channellok\"llave inglesa, pelacables\/crimpadora<br \/>5. Martillo peque\u00f1o<br \/>6. Barra de epoxi, spray WD-40<br \/>7. Varios adhesivos, tornillos, etc<br \/>8. Caja de herramientas grande con varios compartimentos<br \/>9. Limpiaparabrisas de mango largo (detr\u00e1s del asiento del conductor)<br \/>10. Escobas de mango largo y corto, y recogedor<\/p><p><strong>Equipamiento de cocina incluido:<\/strong><br \/>1. Ollas grandes y peque\u00f1as, con tapas<br \/>2. Sartenes grandes y peque\u00f1as<br \/>3. Filtro de agua Brita<br \/>4. Cubiertos para 4 personas<br \/>5. Platos, bowls, tazas, etc. para 4 personas<\/p><p><strong>Ropa de cama y otros equipos incluidos:<\/strong><br \/>1. Mesa plegable para exterior<br \/>2. 2 sillas de camping plegables (con apoyabrazos y portavasos)<br \/>3. Frazada gruesa de poli\u00e9ster tama\u00f1o completo (215 x 220 cm)<br \/>4. Duvet tama\u00f1o queen (EE.UU) con plum\u00f3n de ganso (85% plumas blancas, 15% plum\u00f3n blanco)<\/p><p><strong>Caracter\u00edsticas:<\/strong><\/p><table><tbody><tr><th><span style=\"font-weight: 400;\">Precio<\/span><\/th><td>$22.750.000<\/td><\/tr><tr><th><span style=\"font-weight: 400;\">A\u00f1o<\/span><\/th><td>2015<\/td><\/tr><tr><th><span style=\"font-weight: 400;\">Kil\u00f3metros<\/span><\/th><td>256.000<\/td><\/tr><tr><th><span style=\"font-weight: 400;\">Combustible<\/span><\/th><td>Diesel<\/td><\/tr><tr><th><span style=\"font-weight: 400;\">Transmisi\u00f3n (cambio)<\/span><\/th><td>Manual<\/td><\/tr><\/tbody><\/table>\t\t\t\t\t\t\t\t<\/div>\n\t\t\t\t<\/div>\n\t\t\t\t\t<\/div>\n\t\t<\/div>\n\t\t\t\t<div class=\"elementor-column elementor-col-50 elementor-top-column elementor-element elementor-element-f6127c6\" data-id=\"f6127c6\" data-element_type=\"column\" data-e-type=\"column\">\n\t\t\t<div class=\"elementor-widget-wrap elementor-element-populated\">\n\t\t\t\t\t\t<div class=\"elementor-element elementor-element-d76403a elementor-arrows-position-inside elementor-pagination-position-outside elementor-widget elementor-widget-image-carousel\" data-id=\"d76403a\" data-element_type=\"widget\" data-e-type=\"widget\" data-settings=\"{&quot;slides_to_show&quot;:&quot;1&quot;,&quot;navigation&quot;:&quot;both&quot;,&quot;autoplay&quot;:&quot;yes&quot;,&quot;pause_on_hover&quot;:&quot;yes&quot;,&quot;pause_on_interaction&quot;:&quot;yes&quot;,&quot;autoplay_speed&quot;:5000,&quot;infinite&quot;:&quot;yes&quot;,&quot;effect&quot;:&quot;slide&quot;,&quot;speed&quot;:500}\" data-widget_type=\"image-carousel.default\">\n\t\t\t\t<div class=\"elementor-widget-container\">\n\t\t\t\t\t\t\t<div class=\"elementor-image-carousel-wrapper swiper\" role=\"region\" aria-roledescription=\"carousel\" aria-label=\"Carrusel de im\u00e1genes\" dir=\"ltr\">\n\t\t\t<div class=\"elementor-image-carousel swiper-wrapper\" aria-live=\"off\">\n\t\t\t\t\t\t\t\t<div class=\"swiper-slide\" role=\"group\" aria-roledescription=\"slide\" aria-label=\"1 de 15\"><figure class=\"swiper-slide-inner\"><img decoding=\"async\" class=\"swiper-slide-image\" src=\"https:\/\/suzisantiagoctw.com\/wp-content\/uploads\/2025\/07\/9-3.jpg\" alt=\"9\" \/><\/figure><\/div><div class=\"swiper-slide\" role=\"group\" aria-roledescription=\"slide\" aria-label=\"2 de 15\"><figure class=\"swiper-slide-inner\"><img decoding=\"async\" class=\"swiper-slide-image\" src=\"https:\/\/suzisantiagoctw.com\/wp-content\/uploads\/2025\/07\/1-4.jpg\" alt=\"1\" \/><\/figure><\/div><div class=\"swiper-slide\" role=\"group\" aria-roledescription=\"slide\" aria-label=\"3 de 15\"><figure class=\"swiper-slide-inner\"><img decoding=\"async\" class=\"swiper-slide-image\" src=\"https:\/\/suzisantiagoctw.com\/wp-content\/uploads\/2025\/07\/2-4.jpg\" alt=\"2\" \/><\/figure><\/div><div class=\"swiper-slide\" role=\"group\" aria-roledescription=\"slide\" aria-label=\"4 de 15\"><figure class=\"swiper-slide-inner\"><img decoding=\"async\" class=\"swiper-slide-image\" src=\"https:\/\/suzisantiagoctw.com\/wp-content\/uploads\/2025\/07\/3-5.jpg\" alt=\"3\" \/><\/figure><\/div><div class=\"swiper-slide\" role=\"group\" aria-roledescription=\"slide\" aria-label=\"5 de 15\"><figure class=\"swiper-slide-inner\"><img decoding=\"async\" class=\"swiper-slide-image\" src=\"https:\/\/suzisantiagoctw.com\/wp-content\/uploads\/2025\/07\/4-4.jpg\" alt=\"4\" \/><\/figure><\/div><div class=\"swiper-slide\" role=\"group\" aria-roledescription=\"slide\" aria-label=\"6 de 15\"><figure class=\"swiper-slide-inner\"><img decoding=\"async\" class=\"swiper-slide-image\" src=\"https:\/\/suzisantiagoctw.com\/wp-content\/uploads\/2025\/07\/5-3.jpg\" alt=\"5\" \/><\/figure><\/div><div class=\"swiper-slide\" role=\"group\" aria-roledescription=\"slide\" aria-label=\"7 de 15\"><figure class=\"swiper-slide-inner\"><img decoding=\"async\" class=\"swiper-slide-image\" src=\"https:\/\/suzisantiagoctw.com\/wp-content\/uploads\/2025\/07\/6-3.jpg\" alt=\"6\" \/><\/figure><\/div><div class=\"swiper-slide\" role=\"group\" aria-roledescription=\"slide\" aria-label=\"8 de 15\"><figure class=\"swiper-slide-inner\"><img decoding=\"async\" class=\"swiper-slide-image\" src=\"https:\/\/suzisantiagoctw.com\/wp-content\/uploads\/2025\/07\/7-3.jpg\" alt=\"7\" \/><\/figure><\/div><div class=\"swiper-slide\" role=\"group\" aria-roledescription=\"slide\" aria-label=\"9 de 15\"><figure class=\"swiper-slide-inner\"><img decoding=\"async\" class=\"swiper-slide-image\" src=\"https:\/\/suzisantiagoctw.com\/wp-content\/uploads\/2025\/07\/8-3.jpg\" alt=\"8\" \/><\/figure><\/div><div class=\"swiper-slide\" role=\"group\" aria-roledescription=\"slide\" aria-label=\"10 de 15\"><figure class=\"swiper-slide-inner\"><img decoding=\"async\" class=\"swiper-slide-image\" src=\"https:\/\/suzisantiagoctw.com\/wp-content\/uploads\/2025\/07\/10-3.jpg\" alt=\"10\" \/><\/figure><\/div><div class=\"swiper-slide\" role=\"group\" aria-roledescription=\"slide\" aria-label=\"11 de 15\"><figure class=\"swiper-slide-inner\"><img decoding=\"async\" class=\"swiper-slide-image\" src=\"https:\/\/suzisantiagoctw.com\/wp-content\/uploads\/2025\/07\/11-2.jpg\" alt=\"11\" \/><\/figure><\/div><div class=\"swiper-slide\" role=\"group\" aria-roledescription=\"slide\" aria-label=\"12 de 15\"><figure class=\"swiper-slide-inner\"><img decoding=\"async\" class=\"swiper-slide-image\" src=\"https:\/\/suzisantiagoctw.com\/wp-content\/uploads\/2025\/07\/12-2.jpg\" alt=\"12\" \/><\/figure><\/div><div class=\"swiper-slide\" role=\"group\" aria-roledescription=\"slide\" aria-label=\"13 de 15\"><figure class=\"swiper-slide-inner\"><img decoding=\"async\" class=\"swiper-slide-image\" src=\"https:\/\/suzisantiagoctw.com\/wp-content\/uploads\/2025\/07\/13-2.jpg\" alt=\"13\" \/><\/figure><\/div><div class=\"swiper-slide\" role=\"group\" aria-roledescription=\"slide\" aria-label=\"14 de 15\"><figure class=\"swiper-slide-inner\"><img decoding=\"async\" class=\"swiper-slide-image\" src=\"https:\/\/suzisantiagoctw.com\/wp-content\/uploads\/2025\/07\/14.jpg\" alt=\"14\" \/><\/figure><\/div><div class=\"swiper-slide\" role=\"group\" aria-roledescription=\"slide\" aria-label=\"15 de 15\"><figure class=\"swiper-slide-inner\"><img decoding=\"async\" class=\"swiper-slide-image\" src=\"https:\/\/suzisantiagoctw.com\/wp-content\/uploads\/2025\/07\/suzi-4.jpg\" alt=\"suzi\" \/><\/figure><\/div>\t\t\t<\/div>\n\t\t\t\t\t\t\t\t\t\t\t\t<div class=\"elementor-swiper-button elementor-swiper-button-prev\" role=\"button\" tabindex=\"0\">\n\t\t\t\t\t\t<i aria-hidden=\"true\" class=\"eicon-chevron-left\"><\/i>\t\t\t\t\t<\/div>\n\t\t\t\t\t<div class=\"elementor-swiper-button elementor-swiper-button-next\" role=\"button\" tabindex=\"0\">\n\t\t\t\t\t\t<i aria-hidden=\"true\" class=\"eicon-chevron-right\"><\/i>\t\t\t\t\t<\/div>\n\t\t\t\t\n\t\t\t\t\t\t\t\t\t<div class=\"swiper-pagination\"><\/div>\n\t\t\t\t\t\t\t\t\t<\/div>\n\t\t\t\t\t\t<\/div>\n\t\t\t\t<\/div>\n\t\t\t\t<div class=\"elementor-element elementor-element-d552755 elementor-align-center elementor-widget elementor-widget-button\" data-id=\"d552755\" data-element_type=\"widget\" data-e-type=\"widget\" data-widget_type=\"button.default\">\n\t\t\t\t<div class=\"elementor-widget-container\">\n\t\t\t\t\t\t\t\t\t<div class=\"elementor-button-wrapper\">\n\t\t\t\t\t<a class=\"elementor-button elementor-button-link elementor-size-sm\" href=\"https:\/\/suzisantiagoctw.com\/cl\/contacto\/\">\n\t\t\t\t\t\t<span class=\"elementor-button-content-wrapper\">\n\t\t\t\t\t\t\t\t\t<span class=\"elementor-button-text\">M\u00e1s Info aqu\u00ed<\/span>\n\t\t\t\t\t<\/span>\n\t\t\t\t\t<\/a>\n\t\t\t\t<\/div>\n\t\t\t\t\t\t\t\t<\/div>\n\t\t\t\t<\/div>\n\t\t\t\t\t<\/div>\n\t\t<\/div>\n\t\t\t\t\t<\/div>\n\t\t<\/section>\n\t\t\t\t<\/div>\n\t\t","protected":false},"excerpt":{"rendered":"<p>PEUGEOT BOXER HDI 2.2 CAMPER VAN Especificaciones: General:1. Totalmente equipado para acampar en la naturaleza2. Ducha, ba\u00f1o qu\u00edmico (con qu\u00edmicos), cocina de 2 quemadores, lavaplatos, refrigerador 12v, asientos, mesa, cama.3. 60 litros de agua, m\u00e1s 2 bidones extra de 20 litros cada uno4. Bal\u00f3n de gas (propano)5. Calef\u00f3n de demanda a gas6. Potente motor di\u00e9sel [&hellip;]<\/p>\n","protected":false},"author":2,"featured_media":0,"parent":0,"menu_order":0,"comment_status":"closed","ping_status":"closed","template":"","meta":{"_joinchat":[],"footnotes":""},"class_list":["post-15788","page","type-page","status-publish","hentry"],"_links":{"self":[{"href":"https:\/\/suzisantiagoctw.com\/cl\/wp-json\/wp\/v2\/pages\/15788","targetHints":{"allow":["GET"]}}],"collection":[{"href":"https:\/\/suzisantiagoctw.com\/cl\/wp-json\/wp\/v2\/pages"}],"about":[{"href":"https:\/\/suzisantiagoctw.com\/cl\/wp-json\/wp\/v2\/types\/page"}],"author":[{"embeddable":true,"href":"https:\/\/suzisantiagoctw.com\/cl\/wp-json\/wp\/v2\/users\/2"}],"replies":[{"embeddable":true,"href":"https:\/\/suzisantiagoctw.com\/cl\/wp-json\/wp\/v2\/comments?post=15788"}],"version-history":[{"count":40,"href":"https:\/\/suzisantiagoctw.com\/cl\/wp-json\/wp\/v2\/pages\/15788\/revisions"}],"predecessor-version":[{"id":18819,"href":"https:\/\/suzisantiagoctw.com\/cl\/wp-json\/wp\/v2\/pages\/15788\/revisions\/18819"}],"wp:attachment":[{"href":"https:\/\/suzisantiagoctw.com\/cl\/wp-json\/wp\/v2\/media?parent=15788"}],"curies":[{"name":"wp","href":"https:\/\/api.w.org\/{rel}","templated":true}]}}