{"id":13967,"date":"2025-03-17T20:42:34","date_gmt":"2025-03-17T20:42:34","guid":{"rendered":"https:\/\/suzisantiagoctw.com\/?page_id=13967"},"modified":"2026-02-26T18:46:33","modified_gmt":"2026-02-26T18:46:33","slug":"chevroletn300-max-van-1-2","status":"publish","type":"page","link":"https:\/\/suzisantiagoctw.com\/cl\/chevroletn300-max-van-1-2\/","title":{"rendered":"CHEVROLETN300 MAX VAN 1.2"},"content":{"rendered":"\t\t<div data-elementor-type=\"wp-page\" data-elementor-id=\"13967\" class=\"elementor elementor-13967\" data-elementor-post-type=\"page\">\n\t\t\t\t\t\t<section class=\"elementor-section elementor-top-section elementor-element elementor-element-8c936cd elementor-section-boxed elementor-section-height-default elementor-section-height-default\" data-id=\"8c936cd\" data-element_type=\"section\" data-e-type=\"section\">\n\t\t\t\t\t\t<div class=\"elementor-container elementor-column-gap-default\">\n\t\t\t\t\t<div class=\"elementor-column elementor-col-100 elementor-top-column elementor-element elementor-element-d2294f1\" data-id=\"d2294f1\" data-element_type=\"column\" data-e-type=\"column\">\n\t\t\t<div class=\"elementor-widget-wrap elementor-element-populated\">\n\t\t\t\t\t\t<div class=\"elementor-element elementor-element-331f719 elementor-widget elementor-widget-spacer\" data-id=\"331f719\" data-element_type=\"widget\" data-e-type=\"widget\" data-widget_type=\"spacer.default\">\n\t\t\t\t<div class=\"elementor-widget-container\">\n\t\t\t\t\t\t\t<div class=\"elementor-spacer\">\n\t\t\t<div class=\"elementor-spacer-inner\"><\/div>\n\t\t<\/div>\n\t\t\t\t\t\t<\/div>\n\t\t\t\t<\/div>\n\t\t\t\t\t<\/div>\n\t\t<\/div>\n\t\t\t\t\t<\/div>\n\t\t<\/section>\n\t\t\t\t<section class=\"elementor-section elementor-top-section elementor-element elementor-element-b16db35 elementor-section-boxed elementor-section-height-default elementor-section-height-default\" data-id=\"b16db35\" data-element_type=\"section\" data-e-type=\"section\">\n\t\t\t\t\t\t<div class=\"elementor-container elementor-column-gap-default\">\n\t\t\t\t\t<div class=\"elementor-column elementor-col-50 elementor-top-column elementor-element elementor-element-f6a562b\" data-id=\"f6a562b\" data-element_type=\"column\" data-e-type=\"column\">\n\t\t\t<div class=\"elementor-widget-wrap elementor-element-populated\">\n\t\t\t\t\t\t<div class=\"elementor-element elementor-element-4c7c438 elementor-widget elementor-widget-heading\" data-id=\"4c7c438\" data-element_type=\"widget\" data-e-type=\"widget\" data-widget_type=\"heading.default\">\n\t\t\t\t<div class=\"elementor-widget-container\">\n\t\t\t\t\t<h2 class=\"elementor-heading-title elementor-size-default\">CHEVROLET N300 MAX VAN 1.2 CAMPER VAN<\/h2>\t\t\t\t<\/div>\n\t\t\t\t<\/div>\n\t\t\t\t<div class=\"elementor-element elementor-element-c77d2a2 elementor-widget elementor-widget-text-editor\" data-id=\"c77d2a2\" data-element_type=\"widget\" data-e-type=\"widget\" data-widget_type=\"text-editor.default\">\n\t\t\t\t<div class=\"elementor-widget-container\">\n\t\t\t\t\t\t\t\t\t<p><strong>Especificaciones:<\/strong><\/p><p>- Tanque de gasolina de 45 L, consumo promedio de gasolina de (8-10 L\/100 km), alimentado por gasolina (\u00a1una ventaja para la altitud!)<\/p><p>- Neum\u00e1ticos todo terreno y kit de elevaci\u00f3n para una gran distancia al suelo y diversi\u00f3n todoterreno<\/p><p>\u00a0- Sistema de sonido completamente nuevo para que disfrutes de tu m\u00fasica a todo volumen<\/p><p>- Mecanismo de apertura del maletero para que puedas abrir, bloquear y desbloquear la puerta del maletero desde el interior (\u00a1caracter\u00edstica adicional!)<\/p><p><strong>Totalmente equipado (Informaci\u00f3n general):<\/strong><\/p><p>- Paneles de madera y aislamiento<\/p><p>- Plataforma de cama extra\u00edble que se puede reorganizar en mesa y asientos<\/p><p>- Panel solar de 130 W<\/p><p>- Nevera de 20 L<\/p><p>- Baca y cofre de techo<\/p><p>- Bid\u00f3n de 20 L<\/p><p><strong>Sistema el\u00e9ctrico:<\/strong><\/p><p>- Panel solar de 130 W para el techo que nos permite ser autosuficientes energ\u00e9ticamente<\/p><p>- Inversor de 500 W, perfecto para cargar dispositivos electr\u00f3nicos grandes como port\u00e1tiles sin da\u00f1ar el interior (tambi\u00e9n dispositivos electr\u00f3nicos peque\u00f1os, por supuesto)<\/p><p>- 2 enchufes alimentados por la bater\u00eda<\/p><p>- Puertos USB alimentados por la energ\u00eda del panel solar<\/p><p>- Peque\u00f1o \u00a1L\u00e1mpara con luz blanca y luz roja para mantener alejados a los insectos! - Calefactor de pie para los d\u00edas fr\u00edos<\/p><p><strong>Espacio para dormir:<\/strong><\/p><p>- 4 colchones que se convierten en una c\u00f3moda cama para 2<\/p><p>- 3 almohadas (una peque\u00f1a y dos para dormir) y fundas<\/p><p>- 1 s\u00e1bana blanca sencilla, 1 edred\u00f3n para noches c\u00e1lidas y 1 manta gruesa para cuando haga fr\u00edo<\/p><p>- Cortinas para un sue\u00f1o reparador y para protegerse del fr\u00edo\/calor<\/p><p><strong>Almacenamiento:<\/strong><\/p><p>- 4 espacios de almacenamiento, 1 caja<\/p><p>- 1 espacio de almacenamiento para mantas y edredones<\/p><p>- 1 espacio de almacenamiento para el refrigerador<\/p><p>- 1 compartimento de tela con 6 bolsillos en la parte trasera de los asientos<\/p><p>- Bolsillos el\u00e1sticos junto a los enchufes para guardar cables y dispositivos<\/p><p><strong>Espacio de cocina<\/strong><\/p><p>- Mesa convertible y espacio para sentarse<\/p><p>- Mesa de camping grande adicional y 2 sillas de camping<\/p><p>- Hornillo de gas de 2 quemadores, 1 hornillo de gas de camping adicional<\/p><p>- Un mont\u00f3n de bombonas de gas ya guardadas para cocinar a gusto - 2 sartenes (1 de acero inoxidable), 1 olla<\/p><p>- Cubiertos (tenedores, cuchillos, cucharillas, cucharas), 2 cuchillos de cocina afilados, una tabla de cortar, tijeras, esponjas, papel de aluminio, etc.<\/p><p>- Nevera de 20 litros<\/p><p>- 2 dep\u00f3sitos de agua para almacenar agua potable y de consumo<\/p><p><strong>Art\u00edculos de limpieza:<\/strong><\/p><p>- 1 pala multiusos para camping<\/p><p>- Productos de limpieza y esponjas<\/p><p>- Limpiacristales<\/p><p><strong>Mantenimiento realizado por nosotros:<\/strong><\/p><p>- Bater\u00eda cambiada a los 92400 km (Bosch de alta calidad)<\/p><p>- Inversor nuevo de alta calidad con todas las caracter\u00edsticas de seguridad (ambos trabajamos en l\u00ednea, \u00a1ideal si necesitas cargar port\u00e1tiles o dispositivos grandes!)<\/p><p>- Luz de freno derecha y ambas luces de posici\u00f3n delanteras cambiadas<\/p><p>- Filtro de gas\u00f3leo cambiado a los 97400<\/p><p>- Cambio de embrague, aceite y filtro de aire a los 100550<\/p><p><strong>\u00a1Adicionales!<\/strong><\/p><p>\u00a0- 2 hamacas<\/p><p>- 2 colchonetas de yoga \ud83e\uddd8\u200d\u2640\ufe0f<\/p><p>- Bid\u00f3n de 20 litros para gasolina<\/p><p>- 2 sacos de dormir<\/p><p>- Tienda de campa\u00f1a<\/p><p>- Cabezal de ducha con conexi\u00f3n al tanque de agua<\/p><p>- 3 tanques de agua<\/p><p>- Baca<\/p><p>- Herramientas, tornillos, lija, etc.<\/p><p>- Cuerdas, piquetas y martillo<\/p><p>- L\u00e1mpara LED<\/p><p>- Toldo<\/p><p>- Imanes<\/p><p><strong>Caracter\u00edsticas:<\/strong><\/p><table><tbody><tr><th><span style=\"font-weight: 400;\">Precio<\/span><\/th><td>$7.500.000<\/td><\/tr><tr><th><span style=\"font-weight: 400;\">A\u00f1o<\/span><\/th><td>2013<\/td><\/tr><tr><th><span style=\"font-weight: 400;\">Kil\u00f3metros<\/span><\/th><td>100.000<\/td><\/tr><tr><th><span style=\"font-weight: 400;\">Combustible<\/span><\/th><td>Gasolina<\/td><\/tr><tr><th><span style=\"font-weight: 400;\">Transmisi\u00f3n (cambio)<\/span><\/th><td>Manual<\/td><\/tr><\/tbody><\/table>\t\t\t\t\t\t\t\t<\/div>\n\t\t\t\t<\/div>\n\t\t\t\t\t<\/div>\n\t\t<\/div>\n\t\t\t\t<div class=\"elementor-column elementor-col-50 elementor-top-column elementor-element elementor-element-f6127c6\" data-id=\"f6127c6\" data-element_type=\"column\" data-e-type=\"column\">\n\t\t\t<div class=\"elementor-widget-wrap elementor-element-populated\">\n\t\t\t\t\t\t<div class=\"elementor-element elementor-element-d76403a elementor-arrows-position-inside elementor-pagination-position-outside elementor-widget elementor-widget-image-carousel\" data-id=\"d76403a\" data-element_type=\"widget\" data-e-type=\"widget\" data-settings=\"{&quot;slides_to_show&quot;:&quot;1&quot;,&quot;navigation&quot;:&quot;both&quot;,&quot;autoplay&quot;:&quot;yes&quot;,&quot;pause_on_hover&quot;:&quot;yes&quot;,&quot;pause_on_interaction&quot;:&quot;yes&quot;,&quot;autoplay_speed&quot;:5000,&quot;infinite&quot;:&quot;yes&quot;,&quot;effect&quot;:&quot;slide&quot;,&quot;speed&quot;:500}\" data-widget_type=\"image-carousel.default\">\n\t\t\t\t<div class=\"elementor-widget-container\">\n\t\t\t\t\t\t\t<div class=\"elementor-image-carousel-wrapper swiper\" role=\"region\" aria-roledescription=\"carousel\" aria-label=\"Carrusel de im\u00e1genes\" dir=\"ltr\">\n\t\t\t<div class=\"elementor-image-carousel swiper-wrapper\" aria-live=\"off\">\n\t\t\t\t\t\t\t\t<div class=\"swiper-slide\" role=\"group\" aria-roledescription=\"slide\" aria-label=\"1 de 13\"><figure class=\"swiper-slide-inner\"><img decoding=\"async\" class=\"swiper-slide-image\" src=\"https:\/\/suzisantiagoctw.com\/wp-content\/uploads\/2025\/03\/1-4.jpg\" alt=\"1\" \/><\/figure><\/div><div class=\"swiper-slide\" role=\"group\" aria-roledescription=\"slide\" aria-label=\"2 de 13\"><figure class=\"swiper-slide-inner\"><img decoding=\"async\" class=\"swiper-slide-image\" src=\"https:\/\/suzisantiagoctw.com\/wp-content\/uploads\/2025\/03\/2-3.jpg\" alt=\"2\" \/><\/figure><\/div><div class=\"swiper-slide\" role=\"group\" aria-roledescription=\"slide\" aria-label=\"3 de 13\"><figure class=\"swiper-slide-inner\"><img decoding=\"async\" class=\"swiper-slide-image\" src=\"https:\/\/suzisantiagoctw.com\/wp-content\/uploads\/2025\/03\/3-3.jpg\" alt=\"3\" \/><\/figure><\/div><div class=\"swiper-slide\" role=\"group\" aria-roledescription=\"slide\" aria-label=\"4 de 13\"><figure class=\"swiper-slide-inner\"><img decoding=\"async\" class=\"swiper-slide-image\" src=\"https:\/\/suzisantiagoctw.com\/wp-content\/uploads\/2025\/03\/4-3.jpg\" alt=\"4\" \/><\/figure><\/div><div class=\"swiper-slide\" role=\"group\" aria-roledescription=\"slide\" aria-label=\"5 de 13\"><figure class=\"swiper-slide-inner\"><img decoding=\"async\" class=\"swiper-slide-image\" src=\"https:\/\/suzisantiagoctw.com\/wp-content\/uploads\/2025\/03\/5-3.jpg\" alt=\"5\" \/><\/figure><\/div><div class=\"swiper-slide\" role=\"group\" aria-roledescription=\"slide\" aria-label=\"6 de 13\"><figure class=\"swiper-slide-inner\"><img decoding=\"async\" class=\"swiper-slide-image\" src=\"https:\/\/suzisantiagoctw.com\/wp-content\/uploads\/2025\/03\/6-3.jpg\" alt=\"6\" \/><\/figure><\/div><div class=\"swiper-slide\" role=\"group\" aria-roledescription=\"slide\" aria-label=\"7 de 13\"><figure class=\"swiper-slide-inner\"><img decoding=\"async\" class=\"swiper-slide-image\" src=\"https:\/\/suzisantiagoctw.com\/wp-content\/uploads\/2025\/03\/7-2.jpg\" alt=\"7\" \/><\/figure><\/div><div class=\"swiper-slide\" role=\"group\" aria-roledescription=\"slide\" aria-label=\"8 de 13\"><figure class=\"swiper-slide-inner\"><img decoding=\"async\" class=\"swiper-slide-image\" src=\"https:\/\/suzisantiagoctw.com\/wp-content\/uploads\/2025\/03\/8-1.jpg\" alt=\"8\" \/><\/figure><\/div><div class=\"swiper-slide\" role=\"group\" aria-roledescription=\"slide\" aria-label=\"9 de 13\"><figure class=\"swiper-slide-inner\"><img decoding=\"async\" class=\"swiper-slide-image\" src=\"https:\/\/suzisantiagoctw.com\/wp-content\/uploads\/2025\/03\/9-1.jpg\" alt=\"9\" \/><\/figure><\/div><div class=\"swiper-slide\" role=\"group\" aria-roledescription=\"slide\" aria-label=\"10 de 13\"><figure class=\"swiper-slide-inner\"><img decoding=\"async\" class=\"swiper-slide-image\" src=\"https:\/\/suzisantiagoctw.com\/wp-content\/uploads\/2025\/03\/10-1.jpg\" alt=\"10\" \/><\/figure><\/div><div class=\"swiper-slide\" role=\"group\" aria-roledescription=\"slide\" aria-label=\"11 de 13\"><figure class=\"swiper-slide-inner\"><img decoding=\"async\" class=\"swiper-slide-image\" src=\"https:\/\/suzisantiagoctw.com\/wp-content\/uploads\/2025\/03\/11-1.jpg\" alt=\"11\" \/><\/figure><\/div><div class=\"swiper-slide\" role=\"group\" aria-roledescription=\"slide\" aria-label=\"12 de 13\"><figure class=\"swiper-slide-inner\"><img decoding=\"async\" class=\"swiper-slide-image\" src=\"https:\/\/suzisantiagoctw.com\/wp-content\/uploads\/2025\/03\/12-1.jpg\" alt=\"12\" \/><\/figure><\/div><div class=\"swiper-slide\" role=\"group\" aria-roledescription=\"slide\" aria-label=\"13 de 13\"><figure class=\"swiper-slide-inner\"><img decoding=\"async\" class=\"swiper-slide-image\" src=\"https:\/\/suzisantiagoctw.com\/wp-content\/uploads\/2025\/03\/13-1.jpg\" alt=\"13\" \/><\/figure><\/div>\t\t\t<\/div>\n\t\t\t\t\t\t\t\t\t\t\t\t<div class=\"elementor-swiper-button elementor-swiper-button-prev\" role=\"button\" tabindex=\"0\">\n\t\t\t\t\t\t<i aria-hidden=\"true\" class=\"eicon-chevron-left\"><\/i>\t\t\t\t\t<\/div>\n\t\t\t\t\t<div class=\"elementor-swiper-button elementor-swiper-button-next\" role=\"button\" tabindex=\"0\">\n\t\t\t\t\t\t<i aria-hidden=\"true\" class=\"eicon-chevron-right\"><\/i>\t\t\t\t\t<\/div>\n\t\t\t\t\n\t\t\t\t\t\t\t\t\t<div class=\"swiper-pagination\"><\/div>\n\t\t\t\t\t\t\t\t\t<\/div>\n\t\t\t\t\t\t<\/div>\n\t\t\t\t<\/div>\n\t\t\t\t<div class=\"elementor-element elementor-element-d552755 elementor-align-center elementor-widget elementor-widget-button\" data-id=\"d552755\" data-element_type=\"widget\" data-e-type=\"widget\" data-widget_type=\"button.default\">\n\t\t\t\t<div class=\"elementor-widget-container\">\n\t\t\t\t\t\t\t\t\t<div class=\"elementor-button-wrapper\">\n\t\t\t\t\t<a class=\"elementor-button elementor-button-link elementor-size-sm\" href=\"https:\/\/suzisantiagoctw.com\/cl\/contacto\/\">\n\t\t\t\t\t\t<span class=\"elementor-button-content-wrapper\">\n\t\t\t\t\t\t\t\t\t<span class=\"elementor-button-text\">M\u00e1s Info aqu\u00ed<\/span>\n\t\t\t\t\t<\/span>\n\t\t\t\t\t<\/a>\n\t\t\t\t<\/div>\n\t\t\t\t\t\t\t\t<\/div>\n\t\t\t\t<\/div>\n\t\t\t\t\t<\/div>\n\t\t<\/div>\n\t\t\t\t\t<\/div>\n\t\t<\/section>\n\t\t\t\t<\/div>\n\t\t","protected":false},"excerpt":{"rendered":"<p>CHEVROLET N300 MAX VAN 1.2 CAMPER VAN Especificaciones: - Tanque de gasolina de 45 L, consumo promedio de gasolina de (8-10 L\/100 km), alimentado por gasolina (\u00a1una ventaja para la altitud!) - Neum\u00e1ticos todo terreno y kit de elevaci\u00f3n para una gran distancia al suelo y diversi\u00f3n todoterreno \u00a0- Sistema de sonido completamente nuevo para [&hellip;]<\/p>\n","protected":false},"author":2,"featured_media":0,"parent":0,"menu_order":0,"comment_status":"closed","ping_status":"closed","template":"","meta":{"_joinchat":[],"footnotes":""},"class_list":["post-13967","page","type-page","status-publish","hentry"],"_links":{"self":[{"href":"https:\/\/suzisantiagoctw.com\/cl\/wp-json\/wp\/v2\/pages\/13967","targetHints":{"allow":["GET"]}}],"collection":[{"href":"https:\/\/suzisantiagoctw.com\/cl\/wp-json\/wp\/v2\/pages"}],"about":[{"href":"https:\/\/suzisantiagoctw.com\/cl\/wp-json\/wp\/v2\/types\/page"}],"author":[{"embeddable":true,"href":"https:\/\/suzisantiagoctw.com\/cl\/wp-json\/wp\/v2\/users\/2"}],"replies":[{"embeddable":true,"href":"https:\/\/suzisantiagoctw.com\/cl\/wp-json\/wp\/v2\/comments?post=13967"}],"version-history":[{"count":21,"href":"https:\/\/suzisantiagoctw.com\/cl\/wp-json\/wp\/v2\/pages\/13967\/revisions"}],"predecessor-version":[{"id":18873,"href":"https:\/\/suzisantiagoctw.com\/cl\/wp-json\/wp\/v2\/pages\/13967\/revisions\/18873"}],"wp:attachment":[{"href":"https:\/\/suzisantiagoctw.com\/cl\/wp-json\/wp\/v2\/media?parent=13967"}],"curies":[{"name":"wp","href":"https:\/\/api.w.org\/{rel}","templated":true}]}}